{"id":3321,"date":"2026-03-13T03:54:55","date_gmt":"2026-03-13T03:54:55","guid":{"rendered":"https:\/\/scmlkj.com\/?page_id=3321"},"modified":"2026-03-13T06:24:03","modified_gmt":"2026-03-13T06:24:03","slug":"uber-eva","status":"publish","type":"page","link":"https:\/\/scmlkj.com\/de\/uber-eva\/","title":{"rendered":"\u00dcber Eva"},"content":{"rendered":"<div data-elementor-type=\"wp-page\" data-elementor-id=\"3321\" class=\"elementor elementor-3321\" data-elementor-settings=\"{&quot;ha_cmc_init_switcher&quot;:&quot;no&quot;}\" data-elementor-post-type=\"page\">\n\t\t\t\t\t\t<section class=\"elementor-section elementor-top-section elementor-element elementor-element-2448622a custom-ele-section-css elementor-section-boxed elementor-section-height-default elementor-section-height-default\" data-id=\"2448622a\" data-element_type=\"section\" data-e-type=\"section\" data-settings=\"{&quot;background_background&quot;:&quot;classic&quot;,&quot;_ha_eqh_enable&quot;:false,&quot;ekit_has_onepagescroll_dot&quot;:&quot;yes&quot;}\">\n\t\t\t\t\t\t\t<div class=\"elementor-background-overlay\"><\/div>\n\t\t\t\t\t\t\t<div class=\"elementor-container elementor-column-gap-default\">\n\t\t\t\t\t<div class=\"elementor-column elementor-col-100 elementor-top-column elementor-element elementor-element-4db87cb5\" data-id=\"4db87cb5\" data-element_type=\"column\" data-e-type=\"column\">\n\t\t\t<div class=\"elementor-widget-wrap elementor-element-populated\">\n\t\t\t\t\t\t<div class=\"elementor-element elementor-element-21c61a9 elementor-icon-list--layout-traditional elementor-list-item-link-full_width elementor-widget elementor-widget-icon-list\" data-id=\"21c61a9\" data-element_type=\"widget\" data-e-type=\"widget\" data-settings=\"{&quot;ekit_we_effect_on&quot;:&quot;none&quot;}\" data-widget_type=\"icon-list.default\">\n\t\t\t\t\t\t\t<ul class=\"elementor-icon-list-items\">\n\t\t\t\t\t\t\t<li class=\"elementor-icon-list-item\">\n\t\t\t\t\t\t\t\t\t\t\t<span class=\"elementor-icon-list-icon\">\n\t\t\t\t\t\t\t<svg aria-hidden=\"true\" class=\"e-font-icon-svg e-fas-circle\" viewbox=\"0 0 512 512\" xmlns=\"http:\/\/www.w3.org\/2000\/svg\"><path d=\"M256 8C119 8 8 119 8 256s111 248 248 248 248-111 248-248S393 8 256 8z\"><\/path><\/svg>\t\t\t\t\t\t<\/span>\n\t\t\t\t\t\t\t\t\t\t<span class=\"elementor-icon-list-text\">\u00dcber Eva <\/span>\n\t\t\t\t\t\t\t\t\t<\/li>\n\t\t\t\t\t\t<\/ul>\n\t\t\t\t\t\t<\/div>\n\t\t\t\t<div class=\"elementor-element elementor-element-2fdc9f1e elementor-invisible elementor-widget elementor-widget-heading\" data-id=\"2fdc9f1e\" data-element_type=\"widget\" data-e-type=\"widget\" data-settings=\"{&quot;_animation&quot;:&quot;fadeInLeft&quot;,&quot;ekit_we_effect_on&quot;:&quot;none&quot;}\" data-widget_type=\"heading.default\">\n\t\t\t\t\t<h1 class=\"elementor-heading-title elementor-size-default\">Treffen Sie Eva, Ihre Konjac-Produktentwicklungspartnerin<\/h1>\t\t\t\t<\/div>\n\t\t\t\t\t<\/div>\n\t\t<\/div>\n\t\t\t\t\t<\/div>\n\t\t<\/section>\n\t\t\t\t<section class=\"elementor-section elementor-top-section elementor-element elementor-element-79695777 elementor-section-content-middle custom-ele-section-css elementor-section-boxed elementor-section-height-default elementor-section-height-default\" data-id=\"79695777\" data-element_type=\"section\" data-e-type=\"section\" data-settings=\"{&quot;background_background&quot;:&quot;classic&quot;,&quot;_ha_eqh_enable&quot;:false,&quot;ekit_has_onepagescroll_dot&quot;:&quot;yes&quot;}\">\n\t\t\t\t\t\t\t<div class=\"elementor-background-overlay\"><\/div>\n\t\t\t\t\t\t\t<div class=\"elementor-container elementor-column-gap-default\">\n\t\t\t\t\t<div class=\"elementor-column elementor-col-50 elementor-top-column elementor-element elementor-element-214babc1 elementor-invisible\" data-id=\"214babc1\" data-element_type=\"column\" data-e-type=\"column\" data-settings=\"{&quot;animation&quot;:&quot;fadeInLeft&quot;}\">\n\t\t\t<div class=\"elementor-widget-wrap elementor-element-populated\">\n\t\t\t\t\t\t<div class=\"elementor-element elementor-element-3c9d827e elementor-widget elementor-widget-text-editor\" data-id=\"3c9d827e\" data-element_type=\"widget\" data-e-type=\"widget\" data-settings=\"{&quot;ekit_we_effect_on&quot;:&quot;none&quot;}\" data-widget_type=\"text-editor.default\">\n\t\t\t\t\t\t\t\t\t<p data-start=\"1826\" data-end=\"2207\">Eva ist Vizepr\u00e4sidentin und Vertriebsleiterin bei Eastern Morning, einem professionellen Konjak-Nahrungsmittelhersteller mit Sitz in China. Aufgrund ihrer langj\u00e4hrigen Erfahrung in der Zusammenarbeit mit globalen Marken, Importeuren, Einzelh\u00e4ndlern und Lieferkettenpartnern wei\u00df sie, worauf es internationalen Eink\u00e4ufern wirklich ankommt: stabile Qualit\u00e4t, effiziente Kommunikation, Produktinnovation und zuverl\u00e4ssige OEM\/ODM-Ausf\u00fchrung.<\/p><p data-start=\"2209\" data-end=\"2556\">Sie konzentriert sich darauf, Kunden bei der Entwicklung von Konjac-Nudeln, Konjac-Reis, Konjac-Snacks und anderen funktionellen Lebensmitteln zu helfen, die auf unterschiedliche M\u00e4rkte und Gesch\u00e4ftsmodelle zugeschnitten sind. Von der Konzeptbesprechung und Produktabstimmung bis hin zur Verpackungsanpassung und Exportkoordination unterst\u00fctzt Eva ihre Kunden w\u00e4hrend des gesamten Entwicklungsprozesses.<\/p><p data-start=\"2558\" data-end=\"2704\">Ihr Ziel ist einfach: die Produktbeschaffung f\u00fcr jeden Partner, der mit Eastern Morning zusammenarbeitet, einfacher, professioneller und vertrauensw\u00fcrdiger zu machen.<\/p>\t\t\t\t\t\t\t\t<\/div>\n\t\t\t\t<div class=\"elementor-element elementor-element-28eff2c6 elementor-widget elementor-widget-button\" data-id=\"28eff2c6\" data-element_type=\"widget\" data-e-type=\"widget\" data-settings=\"{&quot;ekit_we_effect_on&quot;:&quot;none&quot;}\" data-widget_type=\"button.default\">\n\t\t\t\t\t\t\t\t\t\t<a class=\"elementor-button elementor-button-link elementor-size-md\" href=\"https:\/\/api.whatsapp.com\/send\/?phone=8618048568621\" target=\"_blank\" rel=\"noopener\">\n\t\t\t\t\t\t<span class=\"elementor-button-content-wrapper\">\n\t\t\t\t\t\t\t\t\t<span class=\"elementor-button-text\">Ansprechpartnerin Eva<\/span>\n\t\t\t\t\t<\/span>\n\t\t\t\t\t<\/a>\n\t\t\t\t\t\t\t\t<\/div>\n\t\t\t\t\t<\/div>\n\t\t<\/div>\n\t\t\t\t<div class=\"elementor-column elementor-col-50 elementor-top-column elementor-element elementor-element-45bcc20b elementor-invisible\" data-id=\"45bcc20b\" data-element_type=\"column\" data-e-type=\"column\" data-settings=\"{&quot;animation&quot;:&quot;fadeInUp&quot;}\">\n\t\t\t<div class=\"elementor-widget-wrap elementor-element-populated\">\n\t\t\t\t\t\t<div class=\"elementor-element elementor-element-79acef78 elementor-widget elementor-widget-image\" data-id=\"79acef78\" data-element_type=\"widget\" data-e-type=\"widget\" data-settings=\"{&quot;ekit_we_effect_on&quot;:&quot;none&quot;}\" data-widget_type=\"image.default\">\n\t\t\t\t\t\t\t\t\t\t\t\t\t\t\t<img fetchpriority=\"high\" decoding=\"async\" width=\"800\" height=\"800\" src=\"https:\/\/scmlkj.com\/wp-content\/uploads\/2026\/01\/Eva-Lee.jpg\" class=\"attachment-large size-large wp-image-2840\" alt=\"Eva von Eastern Morning, Vizepr\u00e4sidentin und Verkaufsleiterin\" srcset=\"https:\/\/scmlkj.com\/wp-content\/uploads\/2026\/01\/Eva-Lee.jpg 800w, https:\/\/scmlkj.com\/wp-content\/uploads\/2026\/01\/Eva-Lee-300x300.jpg 300w, https:\/\/scmlkj.com\/wp-content\/uploads\/2026\/01\/Eva-Lee-150x150.jpg 150w, https:\/\/scmlkj.com\/wp-content\/uploads\/2026\/01\/Eva-Lee-768x768.jpg 768w, https:\/\/scmlkj.com\/wp-content\/uploads\/2026\/01\/Eva-Lee-12x12.jpg 12w, https:\/\/scmlkj.com\/wp-content\/uploads\/2026\/01\/Eva-Lee-600x600.jpg 600w, https:\/\/scmlkj.com\/wp-content\/uploads\/2026\/01\/Eva-Lee-100x100.jpg 100w\" sizes=\"(max-width: 800px) 100vw, 800px\" \/>\t\t\t\t\t\t\t\t\t\t\t\t\t\t\t<\/div>\n\t\t\t\t\t<\/div>\n\t\t<\/div>\n\t\t\t\t\t<\/div>\n\t\t<\/section>\n\t\t\t\t<section class=\"elementor-section elementor-top-section elementor-element elementor-element-650308ec custom-ele-section-css elementor-section-boxed elementor-section-height-default elementor-section-height-default\" data-id=\"650308ec\" data-element_type=\"section\" data-e-type=\"section\" data-settings=\"{&quot;background_background&quot;:&quot;classic&quot;,&quot;_ha_eqh_enable&quot;:false,&quot;ekit_has_onepagescroll_dot&quot;:&quot;yes&quot;}\">\n\t\t\t\t\t\t<div class=\"elementor-container elementor-column-gap-default\">\n\t\t\t\t\t<div class=\"elementor-column elementor-col-100 elementor-top-column elementor-element elementor-element-2ad57621\" data-id=\"2ad57621\" data-element_type=\"column\" data-e-type=\"column\">\n\t\t\t<div class=\"elementor-widget-wrap elementor-element-populated\">\n\t\t\t\t\t\t<section class=\"elementor-section elementor-inner-section elementor-element elementor-element-11cc64a2 elementor-section-boxed elementor-section-height-default elementor-section-height-default\" data-id=\"11cc64a2\" data-element_type=\"section\" data-e-type=\"section\" data-settings=\"{&quot;_ha_eqh_enable&quot;:false,&quot;ekit_has_onepagescroll_dot&quot;:&quot;yes&quot;}\">\n\t\t\t\t\t\t<div class=\"elementor-container elementor-column-gap-default\">\n\t\t\t\t\t<div class=\"elementor-column elementor-col-100 elementor-inner-column elementor-element elementor-element-104d6c71 elementor-invisible\" data-id=\"104d6c71\" data-element_type=\"column\" data-e-type=\"column\" data-settings=\"{&quot;animation&quot;:&quot;fadeInUp&quot;}\">\n\t\t\t<div class=\"elementor-widget-wrap elementor-element-populated\">\n\t\t\t\t\t\t<div class=\"elementor-element elementor-element-76cdcf29 elementor-widget elementor-widget-heading\" data-id=\"76cdcf29\" data-element_type=\"widget\" data-e-type=\"widget\" data-settings=\"{&quot;ekit_we_effect_on&quot;:&quot;none&quot;}\" data-widget_type=\"heading.default\">\n\t\t\t\t\t<h2 class=\"elementor-heading-title elementor-size-default\">Eva in Aktion<\/h2>\t\t\t\t<\/div>\n\t\t\t\t<div class=\"elementor-element elementor-element-4ac23c73 elementor-widget elementor-widget-text-editor\" data-id=\"4ac23c73\" data-element_type=\"widget\" data-e-type=\"widget\" data-settings=\"{&quot;ekit_we_effect_on&quot;:&quot;none&quot;}\" data-widget_type=\"text-editor.default\">\n\t\t\t\t\t\t\t\t\t<p>Hinter jeder erfolgreichen Zusammenarbeit steht echte Kommunikation, echte Produktarbeit und echte Partnerschaft. Hier sind einige Momente, in denen Eva mit Kunden zusammenarbeitet, an Messen teilnimmt, Produktionsbereiche besucht und Produktentwicklungsprojekte unterst\u00fctzt.<\/p>\t\t\t\t\t\t\t\t<\/div>\n\t\t\t\t\t<\/div>\n\t\t<\/div>\n\t\t\t\t\t<\/div>\n\t\t<\/section>\n\t\t\t\t<div class=\"elementor-element elementor-element-ada3ef7 elementor-widget elementor-widget-gallery\" data-id=\"ada3ef7\" data-element_type=\"widget\" data-e-type=\"widget\" data-settings=\"{&quot;columns&quot;:2,&quot;overlay_title&quot;:&quot;caption&quot;,&quot;lazyload&quot;:&quot;yes&quot;,&quot;gallery_layout&quot;:&quot;grid&quot;,&quot;columns_tablet&quot;:2,&quot;columns_mobile&quot;:1,&quot;gap&quot;:{&quot;unit&quot;:&quot;px&quot;,&quot;size&quot;:10,&quot;sizes&quot;:[]},&quot;gap_tablet&quot;:{&quot;unit&quot;:&quot;px&quot;,&quot;size&quot;:10,&quot;sizes&quot;:[]},&quot;gap_mobile&quot;:{&quot;unit&quot;:&quot;px&quot;,&quot;size&quot;:10,&quot;sizes&quot;:[]},&quot;link_to&quot;:&quot;file&quot;,&quot;aspect_ratio&quot;:&quot;3:2&quot;,&quot;overlay_background&quot;:&quot;yes&quot;,&quot;content_hover_animation&quot;:&quot;fade-in&quot;,&quot;ekit_we_effect_on&quot;:&quot;none&quot;}\" data-widget_type=\"gallery.default\">\n\t\t\t\t\t\t\t<div class=\"elementor-gallery__container\">\n\t\t\t\t\t\t\t<a class=\"e-gallery-item elementor-gallery-item elementor-animated-content\" href=\"https:\/\/scmlkj.com\/wp-content\/uploads\/2025\/11\/Eastern-Morning-Anuga-Asia-2024.jpg\" data-elementor-open-lightbox=\"yes\" data-elementor-lightbox-slideshow=\"ada3ef7\" data-elementor-lightbox-title=\"Eastern Morning Anuga Asia 2024\" data-e-action-hash=\"#elementor-action%3Aaction%3Dlightbox%26settings%3DeyJpZCI6MTcwOSwidXJsIjoiaHR0cHM6XC9cL3NjbWxrai5jb21cL3dwLWNvbnRlbnRcL3VwbG9hZHNcLzIwMjVcLzExXC9FYXN0ZXJuLU1vcm5pbmctQW51Z2EtQXNpYS0yMDI0LmpwZyIsInNsaWRlc2hvdyI6ImFkYTNlZjcifQ%3D%3D\">\n\t\t\t\t\t<div class=\"e-gallery-image elementor-gallery-item__image\" data-thumbnail=\"https:\/\/scmlkj.com\/wp-content\/uploads\/2025\/11\/Eastern-Morning-Anuga-Asia-2024.jpg\" data-width=\"2000\" data-height=\"1333\" aria-label=\"Das Team von Eastern Morning trifft sich mit Kunden auf dem Messestand der Anuga Asia 2024 und pr\u00e4sentiert verschiedene Konjakprodukte\" role=\"img\" ><\/div>\n\t\t\t\t\t\t\t\t\t\t\t<div class=\"elementor-gallery-item__overlay\"><\/div>\n\t\t\t\t\t\t\t\t\t\t\t\t\t\t\t<div class=\"elementor-gallery-item__content\">\n\t\t\t\t\t\t\t\t\t\t\t\t\t\t<div class=\"elementor-gallery-item__title\">\n\t\t\t\t\t\t\t\t\t\t\t\t\t\t\t\t\t\tBesprechung von Produktideen, Verpackungen und OEM\/ODM-Anforderungen\t\t\t\t\t\t\t\t<\/div>\n\t\t\t\t\t\t\t\t\t\t\t\t<\/div>\n\t\t\t\t\t\t\t\t\t<\/a>\n\t\t\t\t\t\t\t<a class=\"e-gallery-item elementor-gallery-item elementor-animated-content\" href=\"https:\/\/scmlkj.com\/wp-content\/uploads\/2025\/11\/Moli-Konjac-Food-Exbition-2.jpg\" data-elementor-open-lightbox=\"yes\" data-elementor-lightbox-slideshow=\"ada3ef7\" data-elementor-lightbox-title=\"Eastern Morning Facility Tour\" data-e-action-hash=\"#elementor-action%3Aaction%3Dlightbox%26settings%3DeyJpZCI6NTg4LCJ1cmwiOiJodHRwczpcL1wvc2NtbGtqLmNvbVwvd3AtY29udGVudFwvdXBsb2Fkc1wvMjAyNVwvMTFcL01vbGktS29uamFjLUZvb2QtRXhiaXRpb24tMi5qcGciLCJzbGlkZXNob3ciOiJhZGEzZWY3In0%3D\">\n\t\t\t\t\t<div class=\"e-gallery-image elementor-gallery-item__image\" data-thumbnail=\"https:\/\/scmlkj.com\/wp-content\/uploads\/2025\/11\/Moli-Konjac-Food-Exbition-2.jpg\" data-width=\"1200\" data-height=\"800\" aria-label=\"Ein Kunde besucht die Eastern Morning Konjak-Produktionsst\u00e4tte\" role=\"img\" ><\/div>\n\t\t\t\t\t\t\t\t\t\t\t<div class=\"elementor-gallery-item__overlay\"><\/div>\n\t\t\t\t\t\t\t\t\t\t\t\t\t\t\t<div class=\"elementor-gallery-item__content\">\n\t\t\t\t\t\t\t\t\t\t\t\t\t\t<div class=\"elementor-gallery-item__title\">\n\t\t\t\t\t\t\t\t\t\t\t\t\t\t\t\t\t\tUnterst\u00fctzung der Kunden bei der Bemusterung und Produktauswahl\t\t\t\t\t\t\t\t<\/div>\n\t\t\t\t\t\t\t\t\t\t\t\t<\/div>\n\t\t\t\t\t\t\t\t\t<\/a>\n\t\t\t\t\t\t\t<a class=\"e-gallery-item elementor-gallery-item elementor-animated-content\" href=\"https:\/\/scmlkj.com\/wp-content\/uploads\/2025\/11\/Oem-konjac-rice-supplier.jpg\" data-elementor-open-lightbox=\"yes\" data-elementor-lightbox-slideshow=\"ada3ef7\" data-elementor-lightbox-title=\"Oem konjac rice supplier\" data-e-action-hash=\"#elementor-action%3Aaction%3Dlightbox%26settings%3DeyJpZCI6ODIzLCJ1cmwiOiJodHRwczpcL1wvc2NtbGtqLmNvbVwvd3AtY29udGVudFwvdXBsb2Fkc1wvMjAyNVwvMTFcL09lbS1rb25qYWMtcmljZS1zdXBwbGllci5qcGciLCJzbGlkZXNob3ciOiJhZGEzZWY3In0%3D\">\n\t\t\t\t\t<div class=\"e-gallery-image elementor-gallery-item__image\" data-thumbnail=\"https:\/\/scmlkj.com\/wp-content\/uploads\/2025\/11\/Oem-konjac-rice-supplier.jpg\" data-width=\"1330\" data-height=\"2000\" aria-label=\"Ein Kunde besucht das B\u00fcro von Eastern Morning und f\u00fchrt ein Gespr\u00e4ch mit Unternehmensvertretern in einem Pr\u00e4sentationsraum.\" role=\"img\" ><\/div>\n\t\t\t\t\t\t\t\t\t\t\t<div class=\"elementor-gallery-item__overlay\"><\/div>\n\t\t\t\t\t\t\t\t\t\t\t\t\t\t\t<div class=\"elementor-gallery-item__content\">\n\t\t\t\t\t\t\t\t\t\t\t\t\t\t<div class=\"elementor-gallery-item__title\">\n\t\t\t\t\t\t\t\t\t\t\t\t\t\t\t\t\t\tBegr\u00fc\u00dfung der Partner zur Besichtigung der Produktionsanlagen von Eastern Morning\t\t\t\t\t\t\t\t<\/div>\n\t\t\t\t\t\t\t\t\t\t\t\t<\/div>\n\t\t\t\t\t\t\t\t\t<\/a>\n\t\t\t\t\t\t\t<a class=\"e-gallery-item elementor-gallery-item elementor-animated-content\" href=\"https:\/\/scmlkj.com\/wp-content\/uploads\/2026\/03\/Eva-with-customer-in-show.jpg\" data-elementor-open-lightbox=\"yes\" data-elementor-lightbox-slideshow=\"ada3ef7\" data-elementor-lightbox-title=\"Eva with customer in show\" data-e-action-hash=\"#elementor-action%3Aaction%3Dlightbox%26settings%3DeyJpZCI6MzMzMSwidXJsIjoiaHR0cHM6XC9cL3NjbWxrai5jb21cL3dwLWNvbnRlbnRcL3VwbG9hZHNcLzIwMjZcLzAzXC9FdmEtd2l0aC1jdXN0b21lci1pbi1zaG93LmpwZyIsInNsaWRlc2hvdyI6ImFkYTNlZjcifQ%3D%3D\">\n\t\t\t\t\t<div class=\"e-gallery-image elementor-gallery-item__image\" data-thumbnail=\"https:\/\/scmlkj.com\/wp-content\/uploads\/2026\/03\/Eva-with-customer-in-show.jpg\" data-width=\"2000\" data-height=\"1333\" aria-label=\"Eva trifft Eink\u00e4ufer aus aller Welt auf einer Fachmesse\" role=\"img\" ><\/div>\n\t\t\t\t\t\t\t\t\t\t\t<div class=\"elementor-gallery-item__overlay\"><\/div>\n\t\t\t\t\t\t\t\t\t\t\t\t\t\t\t<div class=\"elementor-gallery-item__content\">\n\t\t\t\t\t\t\t\t\t\t\t\t\t\t<div class=\"elementor-gallery-item__title\">\n\t\t\t\t\t\t\t\t\t\t\t\t\t\t\t\t\t\tEva trifft Eink\u00e4ufer aus aller Welt auf einer Fachmesse\t\t\t\t\t\t\t\t<\/div>\n\t\t\t\t\t\t\t\t\t\t\t\t<\/div>\n\t\t\t\t\t\t\t\t\t<\/a>\n\t\t\t\t\t\t\t<a class=\"e-gallery-item elementor-gallery-item elementor-animated-content\" href=\"https:\/\/scmlkj.com\/wp-content\/uploads\/2026\/03\/Face-to-face-communication-for-better-cooperation.jpg\" data-elementor-open-lightbox=\"yes\" data-elementor-lightbox-slideshow=\"ada3ef7\" data-elementor-lightbox-title=\"Face-to-face communication for better cooperation\" data-e-action-hash=\"#elementor-action%3Aaction%3Dlightbox%26settings%3DeyJpZCI6MzMzNCwidXJsIjoiaHR0cHM6XC9cL3NjbWxrai5jb21cL3dwLWNvbnRlbnRcL3VwbG9hZHNcLzIwMjZcLzAzXC9GYWNlLXRvLWZhY2UtY29tbXVuaWNhdGlvbi1mb3ItYmV0dGVyLWNvb3BlcmF0aW9uLmpwZyIsInNsaWRlc2hvdyI6ImFkYTNlZjcifQ%3D%3D\">\n\t\t\t\t\t<div class=\"e-gallery-image elementor-gallery-item__image\" data-thumbnail=\"https:\/\/scmlkj.com\/wp-content\/uploads\/2026\/03\/Face-to-face-communication-for-better-cooperation.jpg\" data-width=\"2000\" data-height=\"1333\" aria-label=\"Eva trifft sich mit Kunden bei Eastern Morning\" role=\"img\" ><\/div>\n\t\t\t\t\t\t\t\t\t\t\t<div class=\"elementor-gallery-item__overlay\"><\/div>\n\t\t\t\t\t\t\t\t\t\t\t\t\t\t\t<div class=\"elementor-gallery-item__content\">\n\t\t\t\t\t\t\t\t\t\t\t\t\t\t<div class=\"elementor-gallery-item__title\">\n\t\t\t\t\t\t\t\t\t\t\t\t\t\t\t\t\t\tKommunikation von Angesicht zu Angesicht f\u00fcr eine bessere Zusammenarbeit\t\t\t\t\t\t\t\t<\/div>\n\t\t\t\t\t\t\t\t\t\t\t\t<\/div>\n\t\t\t\t\t\t\t\t\t<\/a>\n\t\t\t\t\t\t\t<a class=\"e-gallery-item elementor-gallery-item elementor-animated-content\" href=\"https:\/\/scmlkj.com\/wp-content\/uploads\/2026\/03\/Talking-through-OEMODM-requirements-with-partners.jpg\" data-elementor-open-lightbox=\"yes\" data-elementor-lightbox-slideshow=\"ada3ef7\" data-elementor-lightbox-title=\"Talking through OEMODM requirements with partners\" data-e-action-hash=\"#elementor-action%3Aaction%3Dlightbox%26settings%3DeyJpZCI6MzMzNSwidXJsIjoiaHR0cHM6XC9cL3NjbWxrai5jb21cL3dwLWNvbnRlbnRcL3VwbG9hZHNcLzIwMjZcLzAzXC9UYWxraW5nLXRocm91Z2gtT0VNT0RNLXJlcXVpcmVtZW50cy13aXRoLXBhcnRuZXJzLmpwZyIsInNsaWRlc2hvdyI6ImFkYTNlZjcifQ%3D%3D\">\n\t\t\t\t\t<div class=\"e-gallery-image elementor-gallery-item__image\" data-thumbnail=\"https:\/\/scmlkj.com\/wp-content\/uploads\/2026\/03\/Talking-through-OEMODM-requirements-with-partners.jpg\" data-width=\"2000\" data-height=\"1333\" aria-label=\"Besprechung der Anforderungen an Konjak-Eigenmarkenprodukte mit Gesch\u00e4ftspartnern\" role=\"img\" ><\/div>\n\t\t\t\t\t\t\t\t\t\t\t<div class=\"elementor-gallery-item__overlay\"><\/div>\n\t\t\t\t\t\t\t\t\t\t\t\t\t\t\t<div class=\"elementor-gallery-item__content\">\n\t\t\t\t\t\t\t\t\t\t\t\t\t\t<div class=\"elementor-gallery-item__title\">\n\t\t\t\t\t\t\t\t\t\t\t\t\t\t\t\t\t\tBesprechung der OEM\/ODM-Anforderungen mit Partnern\t\t\t\t\t\t\t\t<\/div>\n\t\t\t\t\t\t\t\t\t\t\t\t<\/div>\n\t\t\t\t\t\t\t\t\t<\/a>\n\t\t\t\t\t<\/div>\n\t\t\t\t\t<\/div>\n\t\t\t\t\t<\/div>\n\t\t<\/div>\n\t\t\t\t\t<\/div>\n\t\t<\/section>\n\t\t\t\t<section class=\"elementor-section elementor-top-section elementor-element elementor-element-7fde9da5 custom-ele-section-css elementor-section-boxed elementor-section-height-default elementor-section-height-default\" data-id=\"7fde9da5\" data-element_type=\"section\" data-e-type=\"section\" data-settings=\"{&quot;background_background&quot;:&quot;classic&quot;,&quot;_ha_eqh_enable&quot;:false,&quot;ekit_has_onepagescroll_dot&quot;:&quot;yes&quot;}\">\n\t\t\t\t\t\t\t<div class=\"elementor-background-overlay\"><\/div>\n\t\t\t\t\t\t\t<div class=\"elementor-container elementor-column-gap-default\">\n\t\t\t\t\t<div class=\"elementor-column elementor-col-100 elementor-top-column elementor-element elementor-element-139718a elementor-invisible\" data-id=\"139718a\" data-element_type=\"column\" data-e-type=\"column\" data-settings=\"{&quot;animation&quot;:&quot;fadeInUp&quot;}\">\n\t\t\t<div class=\"elementor-widget-wrap elementor-element-populated\">\n\t\t\t\t\t\t<div class=\"elementor-element elementor-element-7db231c3 elementor-widget elementor-widget-heading\" data-id=\"7db231c3\" data-element_type=\"widget\" data-e-type=\"widget\" data-settings=\"{&quot;ekit_we_effect_on&quot;:&quot;none&quot;}\" data-widget_type=\"heading.default\">\n\t\t\t\t\t<h6 class=\"elementor-heading-title elementor-size-default\">Mitmachen<\/h6>\t\t\t\t<\/div>\n\t\t\t\t<div class=\"elementor-element elementor-element-5ca041de elementor-widget elementor-widget-heading\" data-id=\"5ca041de\" data-element_type=\"widget\" data-e-type=\"widget\" data-settings=\"{&quot;ekit_we_effect_on&quot;:&quot;none&quot;}\" data-widget_type=\"heading.default\">\n\t\t\t\t\t<h2 class=\"elementor-heading-title elementor-size-default\">Eva hilft Ihnen beim Aufbau Ihrer n\u00e4chsten Konjac-Produktlinie<\/h2>\t\t\t\t<\/div>\n\t\t\t\t<div class=\"elementor-element elementor-element-2bcab923 elementor-widget elementor-widget-text-editor\" data-id=\"2bcab923\" data-element_type=\"widget\" data-e-type=\"widget\" data-settings=\"{&quot;ekit_we_effect_on&quot;:&quot;none&quot;}\" data-widget_type=\"text-editor.default\">\n\t\t\t\t\t\t\t\t\t<p>Von Produktideen bis hin zu Verpackungs- und Exportunterst\u00fctzung bietet Eastern Morning praktische OEM\/ODM-L\u00f6sungen f\u00fcr Marken, Importeure und Distributoren weltweit.<\/p>\t\t\t\t\t\t\t\t<\/div>\n\t\t\t\t<div class=\"elementor-element elementor-element-f59756c elementor-align-center elementor-widget elementor-widget-button\" data-id=\"f59756c\" data-element_type=\"widget\" data-e-type=\"widget\" data-settings=\"{&quot;ekit_we_effect_on&quot;:&quot;none&quot;}\" data-widget_type=\"button.default\">\n\t\t\t\t\t\t\t\t\t\t<a class=\"elementor-button elementor-button-link elementor-size-md\" href=\"https:\/\/scmlkj.com\/de\/kontakt\/\">\n\t\t\t\t\t\t<span class=\"elementor-button-content-wrapper\">\n\t\t\t\t\t\t\t\t\t<span class=\"elementor-button-text\">Ihre Anfrage starten<\/span>\n\t\t\t\t\t<\/span>\n\t\t\t\t\t<\/a>\n\t\t\t\t\t\t\t\t<\/div>\n\t\t\t\t\t<\/div>\n\t\t<\/div>\n\t\t\t\t\t<\/div>\n\t\t<\/section>\n\t\t\t\t<\/div>","protected":false},"excerpt":{"rendered":"<p>About Eva Meet Eva, Your Konjac Product Development Partner Eva is the Vice President and Sales Director at Eastern Morning, a professional konjac food manufacturer based in China. With extensive experience working with global brands, importers, retailers, and supply chain partners, she understands what international buyers truly care about \u2014 stable quality, efficient communication, product [&hellip;]<\/p>","protected":false},"author":1,"featured_media":0,"parent":0,"menu_order":0,"comment_status":"closed","ping_status":"closed","template":"","meta":{"footnotes":""},"class_list":["post-3321","page","type-page","status-publish","hentry"],"_links":{"self":[{"href":"https:\/\/scmlkj.com\/de\/wp-json\/wp\/v2\/pages\/3321","targetHints":{"allow":["GET"]}}],"collection":[{"href":"https:\/\/scmlkj.com\/de\/wp-json\/wp\/v2\/pages"}],"about":[{"href":"https:\/\/scmlkj.com\/de\/wp-json\/wp\/v2\/types\/page"}],"author":[{"embeddable":true,"href":"https:\/\/scmlkj.com\/de\/wp-json\/wp\/v2\/users\/1"}],"replies":[{"embeddable":true,"href":"https:\/\/scmlkj.com\/de\/wp-json\/wp\/v2\/comments?post=3321"}],"version-history":[{"count":2,"href":"https:\/\/scmlkj.com\/de\/wp-json\/wp\/v2\/pages\/3321\/revisions"}],"predecessor-version":[{"id":3337,"href":"https:\/\/scmlkj.com\/de\/wp-json\/wp\/v2\/pages\/3321\/revisions\/3337"}],"wp:attachment":[{"href":"https:\/\/scmlkj.com\/de\/wp-json\/wp\/v2\/media?parent=3321"}],"curies":[{"name":"wp","href":"https:\/\/api.w.org\/{rel}","templated":true}]}}