{"id":1179,"date":"2025-11-19T13:27:58","date_gmt":"2025-11-19T13:27:58","guid":{"rendered":"https:\/\/scmlkj.com\/?post_type=product&#038;p=1179"},"modified":"2026-02-09T08:46:49","modified_gmt":"2026-02-09T08:46:49","slug":"kohlenhydratarme-keto-konjak-nudeln","status":"publish","type":"product","link":"https:\/\/scmlkj.com\/de\/produkte\/kohlenhydratarme-keto-konjak-nudeln\/","title":{"rendered":"Low Carb und Keto Shirataki-Nudeln"},"content":{"rendered":"<p>Die Lagerstabilit\u00e4t wird durch eine kontrollierte Nassverarbeitung und eine versiegelte Verpackung ohne k\u00fcnstliche Konservierungsstoffe erreicht.<\/p>\n\n\n\n<h2 class=\"wp-block-heading\">N\u00e4hrwertbezogene Informationen<\/h2>\n\n\n\n<figure class=\"wp-block-table\"><table class=\"has-fixed-layout\"><tbody><tr><td><strong>N\u00e4hrstoff<\/strong><\/td><td><strong>Einheiten<\/strong><\/td><td><strong>Wert pro 100g<\/strong><\/td><\/tr><tr><td>Energie<\/td><td>kJ \/ kcal<\/td><td>25 kJ \/ 5 kcal<\/td><\/tr><tr><td>Kohlenhydrate<\/td><td>g<\/td><td>Weniger als 0,1<\/td><\/tr><tr><td>Eiwei\u00df<\/td><td>g<\/td><td>Weniger als 0,1<\/td><\/tr><tr><td>Fett<\/td><td>g<\/td><td>0<\/td><\/tr><tr><td>Ballaststoffe<\/td><td>g<\/td><td>2.7<\/td><\/tr><tr><td>Zucker<\/td><td>g<\/td><td>0<\/td><\/tr><tr><td>Natrium<\/td><td>mg<\/td><td>0<\/td><\/tr><\/tbody><\/table><\/figure>\n\n\n\n<h2 class=\"wp-block-heading\">Grundlegende Informationen<\/h2>\n\n\n\n<figure class=\"wp-block-table\"><table class=\"has-fixed-layout\"><tbody><tr><td><strong>Artikel<\/strong><\/td><td><strong>Einzelheiten<\/strong><\/td><\/tr><tr><td>Produktname<\/td><td>Low Carb und Keto Shirataki-Nudeln<\/td><\/tr><tr><td>Produkttyp<\/td><td>Feuchte Konjac-Nudel<\/td><\/tr><tr><td>Stil<\/td><td>Sofort \u00b7 Verzehrfertig<\/td><\/tr><tr><td>Merkmal<\/td><td>Kohlenhydratarm, fettfrei<\/td><\/tr><tr><td>Art der Verarbeitung<\/td><td>Kontrollierte Wet-Process-Produktion<\/td><\/tr><tr><td>Geschmack<\/td><td>Neutral<\/td><\/tr><tr><td>Geruch<\/td><td>Geruchsneutral<\/td><\/tr><tr><td>Erscheinungsbild<\/td><td>D\u00fcnne, lange Spaghetti-Str\u00e4nge<\/td><\/tr><tr><td>Spezifikation<\/td><td>270g \/ Beutel<\/td><\/tr><tr><td>Hauptbestandteil<\/td><td><br>Konjakmehl, Wasser<\/td><\/tr><tr><td>Inhalt<\/td><td>Reines Konjakmehl<\/td><\/tr><tr><td>Kochzeit<\/td><td>2 Minuten<\/td><\/tr><tr><td>Haltbarkeitsdauer<\/td><td>18 Monate<\/td><\/tr><tr><td>Lagerung Typ<\/td><td>Raumtemperatur<\/td><\/tr><tr><td>Markenname<\/td><td>\u00d6stlicher Morgen<\/td><\/tr><\/tbody><\/table><\/figure>\n\n\n\n<p><\/p>\n\n\n\n<h2 class=\"wp-block-heading\"><strong>Verpackung und Lieferung<\/strong><\/h2>\n\n\n\n<figure class=\"wp-block-table\"><table class=\"has-fixed-layout\"><tbody><tr><td><strong>Artikel<\/strong><\/td><td><strong>Einzelheiten<\/strong><\/td><\/tr><tr><td>Verkaufende Einheit<\/td><td>Einzelnes Element<\/td><\/tr><tr><td>Packungsgr\u00f6\u00dfe<\/td><td>12 \u00d7 10 \u00d7 18 cm<\/td><\/tr><tr><td>Bruttogewicht<\/td><td>0,280 kg<\/td><\/tr><tr><td>Verpackung<\/td><td>Tasche<\/td><\/tr><tr><td>Benutzerdefiniertes Logo<\/td><td>Verf\u00fcgbar (MOQ: 10.000 Beutel)<\/td><\/tr><\/tbody><\/table><\/figure>\n\n\n\n<p><\/p>\n\n\n\n<h2 class=\"wp-block-heading\">Wie man kocht<\/h2>\n\n\n\n<p><strong>Bereit in 2 Minuten<\/strong><\/p>\n\n\n\n<ol class=\"wp-block-list\">\n<li>Abgie\u00dfen und absp\u00fclen <strong>2-3 Mal<\/strong>.<\/li>\n\n\n\n<li>Erhitzen oder blanchieren f\u00fcr <strong>1 Minute<\/strong>.<\/li>\n<\/ol>\n\n\n\n<h3 class=\"wp-block-heading\">Perfekt f\u00fcr:<\/h3>\n\n\n\n<p>Klassische Spaghettigerichte nach italienischer Art<\/p>\n\n\n\n<p>Keto und kohlenhydratarme Mahlzeitenvorbereitungsprogramme<\/p>\n\n\n\n<p>Vegane und pflanzliche Nudelschalen<\/p>\n\n\n\n<p>Proteinbetonte Fitness-Mahlzeiten<\/p>\n\n\n\n<p>Verzehrfertige L\u00f6sungen und Mahlzeitensets<\/p>\n\n\n\n<p>Gesunde Pasta-Alternativen f\u00fcr den Einzelhandel<\/p>\n\n\n\n<p>Sein neutraler Geschmack macht ihn mit jeder kohlenhydratarmen oder ketofreundlichen Sauce kompatibel.<\/p>\n\n\n\n<h2 class=\"wp-block-heading\"><strong>Zertifizierungen<\/strong><\/h2>\n\n\n\n<p>ISO - HACCP - HALAL - KOSCHER - BRC - IFS - EU BIO - USDA BIO<\/p>","protected":false},"excerpt":{"rendered":"<p data-start=\"495\" data-end=\"783\">Ein klassischer Langschnitt <strong data-start=\"514\" data-end=\"534\">Konjac Spaghetti<\/strong> entwickelt als perfekter kohlenhydrat- und kalorienarmer Ersatz f\u00fcr traditionelle Weizenspaghetti. Glatte Textur, neutraler Geschmack und hervorragende Saucenaufnahme machen ihn ideal f\u00fcr Pastagerichte, Meal-Kits, Gesundheitsmarken im Einzelhandel und Kunden mit Eigenmarken.<\/p>\n<ul>\n<li data-start=\"819\" data-end=\"906\">\n<p data-start=\"821\" data-end=\"906\"><strong data-start=\"821\" data-end=\"852\">Traditionelle Spaghetti-Form<\/strong> \u2013 Lange, d\u00fcnne Str\u00e4nge, geeignet f\u00fcr alle Pastagerichte.<\/p>\n<\/li>\n<li data-start=\"907\" data-end=\"997\">\n<p data-start=\"909\" data-end=\"997\"><strong data-start=\"909\" data-end=\"939\">Ultra-kalorienarm (5 kcal)<\/strong> \u2013 Ideal f\u00fcr Gewichtsverlust, Keto- und diabetesfreundliche Ern\u00e4hrung.<\/p>\n<\/li>\n<li data-start=\"998\" data-end=\"1078\">\n<p data-start=\"1000\" data-end=\"1078\"><strong data-start=\"1000\" data-end=\"1039\">FETTFREI - GLUTENFREI - WEIZENFREI<\/strong> \u2013 Clean-Label und allergikerfreundlich.<\/p>\n<\/li>\n<li data-start=\"1079\" data-end=\"1158\">\n<p data-start=\"1081\" data-end=\"1158\"><strong data-start=\"1081\" data-end=\"1113\">OHNE ZUSATZ VON K\u00dcNSTLICHEN AROMASTOFFEN<\/strong> \u2013 Neutraler Geschmack, der zu jeder Sauce passt.<\/p>\n<\/li>\n<li data-start=\"1159\" data-end=\"1229\">\n<p data-start=\"1161\" data-end=\"1229\"><strong data-start=\"1161\" data-end=\"1187\">OHNE ZUSATZ VON KONSERVIERUNGSSTOFFEN<\/strong> \u2013 Von Natur aus 18 Monate lang haltbar.<\/p>\n<\/li>\n<li data-start=\"1230\" data-end=\"1288\">\n<p data-start=\"1232\" data-end=\"1288\"><strong data-start=\"1232\" data-end=\"1251\">BALLASTSTOFFQUELLE<\/strong> \u2013 Unterst\u00fctzt die Verdauung und sorgt f\u00fcr ein S\u00e4ttigungsgef\u00fchl.<\/p>\n<\/li>\n<li data-start=\"1289\" data-end=\"1370\">\n<p data-start=\"1291\" data-end=\"1370\"><strong data-start=\"1291\" data-end=\"1313\">Bereit in 2 Minuten<\/strong> \u2013 Feuchtnudel, einfach zuzubereiten f\u00fcr Einzelhandel &amp; Gastronomie.<\/p>\n<\/li>\n<li data-start=\"1371\" data-end=\"1457\">\n<p data-start=\"1373\" data-end=\"1457\"><strong data-start=\"1373\" data-end=\"1396\">OEM \/ Eigenmarke<\/strong> \u2013 Individuelle Verpackung, Gestaltung und Spaghetti-Dicke verf\u00fcgbar.<\/p>\n<\/li>\n<\/ul>","protected":false},"featured_media":2762,"comment_status":"open","ping_status":"closed","template":"","meta":[],"product_brand":[],"product_cat":[49],"product_tag":[],"class_list":{"0":"post-1179","1":"product","2":"type-product","3":"status-publish","4":"has-post-thumbnail","6":"product_cat-wet-konjac-noodles","8":"first","9":"instock","10":"shipping-taxable","11":"product-type-simple"},"_links":{"self":[{"href":"https:\/\/scmlkj.com\/de\/wp-json\/wp\/v2\/product\/1179","targetHints":{"allow":["GET"]}}],"collection":[{"href":"https:\/\/scmlkj.com\/de\/wp-json\/wp\/v2\/product"}],"about":[{"href":"https:\/\/scmlkj.com\/de\/wp-json\/wp\/v2\/types\/product"}],"replies":[{"embeddable":true,"href":"https:\/\/scmlkj.com\/de\/wp-json\/wp\/v2\/comments?post=1179"}],"wp:featuredmedia":[{"embeddable":true,"href":"https:\/\/scmlkj.com\/de\/wp-json\/wp\/v2\/media\/2762"}],"wp:attachment":[{"href":"https:\/\/scmlkj.com\/de\/wp-json\/wp\/v2\/media?parent=1179"}],"wp:term":[{"taxonomy":"product_brand","embeddable":true,"href":"https:\/\/scmlkj.com\/de\/wp-json\/wp\/v2\/product_brand?post=1179"},{"taxonomy":"product_cat","embeddable":true,"href":"https:\/\/scmlkj.com\/de\/wp-json\/wp\/v2\/product_cat?post=1179"},{"taxonomy":"product_tag","embeddable":true,"href":"https:\/\/scmlkj.com\/de\/wp-json\/wp\/v2\/product_tag?post=1179"}],"curies":[{"name":"wp","href":"https:\/\/api.w.org\/{rel}","templated":true}]}}