{"id":1182,"date":"2025-11-19T13:28:36","date_gmt":"2025-11-19T13:28:36","guid":{"rendered":"https:\/\/scmlkj.com\/?post_type=product&#038;p=1182"},"modified":"2026-04-12T07:32:52","modified_gmt":"2026-04-12T07:32:52","slug":"konjac-ramen-nudel","status":"publish","type":"product","link":"https:\/\/scmlkj.com\/de\/produkte\/konjac-ramen-nudel\/","title":{"rendered":"Glutenfreie Shirataki Konjac Ramen-Nudeln"},"content":{"rendered":"<p><\/p>\n\n\n\n<h2 class=\"wp-block-heading\">N\u00e4hrwertbezogene Informationen<\/h2>\n\n\n\n<figure class=\"wp-block-table\"><table class=\"has-fixed-layout\"><tbody><tr><td><strong>N\u00e4hrstoff<\/strong><\/td><td><strong>Einheiten<\/strong><\/td><td><strong>Wert pro 100g<\/strong><\/td><\/tr><tr><td>Energie<\/td><td>kJ \/ kcal<\/td><td>25 kJ \/ 5 kcal<\/td><\/tr><tr><td>Kohlenhydrate<\/td><td>g<\/td><td>Weniger als 0,1<\/td><\/tr><tr><td>Eiwei\u00df<\/td><td>g<\/td><td>Weniger als 0,1<\/td><\/tr><tr><td>Fett<\/td><td>g<\/td><td>0<\/td><\/tr><tr><td>Ballaststoffe<\/td><td>g<\/td><td>2.7<\/td><\/tr><tr><td>Zucker<\/td><td>g<\/td><td>0<\/td><\/tr><tr><td>Natrium<\/td><td>mg<\/td><td>0<\/td><\/tr><\/tbody><\/table><\/figure>\n\n\n\n<h2 class=\"wp-block-heading\">Grundlegende Informationen<\/h2>\n\n\n\n<figure class=\"wp-block-table\"><table class=\"has-fixed-layout\"><tbody><tr><td><strong>Artikel<\/strong><\/td><td><strong>Einzelheiten<\/strong><\/td><\/tr><tr><td>Produktname<\/td><td>Glutenfreie Shirataki Konjac Ramen-Nudeln<\/td><\/tr><tr><td>Produkttyp<\/td><td>Nasse Konjak-Ramen<\/td><\/tr><tr><td>Stil<\/td><td>Sofort - Bereit nach kurzer Erw\u00e4rmung<\/td><\/tr><tr><td>Merkmal<\/td><td>Kohlenhydratarm \u00b7 Glutenfrei \u00b7 Fettfrei<\/td><\/tr><tr><td>Art der Verarbeitung<\/td><td>Handgefertigt<\/td><\/tr><tr><td>Geschmack<\/td><td>Neutral<\/td><\/tr><tr><td>Geruch<\/td><td>Kein Konjac-Geruch<\/td><\/tr><tr><td>Erscheinungsbild<\/td><td>Rund, federnd, nach Ramen-Art <a href=\"https:\/\/scmlkj.com\/de\/product-category\/feuchte-konjak-nudeln\/\">Konjaknudeln<\/a><\/td><\/tr><tr><td>Spezifikation<\/td><td>270g \/ Beutel<\/td><\/tr><tr><td>Hauptbestandteil<\/td><td><br>Wasser, Konjakmehl, Calciumhydroxid<\/td><\/tr><tr><td>Inhalt<\/td><td>Reines Konjakmehl<\/td><\/tr><tr><td>Kochzeit<\/td><td>2 Minuten<\/td><\/tr><tr><td>Haltbarkeitsdauer<\/td><td>18 Monate<\/td><\/tr><tr><td>Lagerung Typ<\/td><td>Raumtemperatur<\/td><\/tr><tr><td>Markenname<\/td><td>\u00d6stlicher Morgen<\/td><\/tr><\/tbody><\/table><\/figure>\n\n\n\n<p><\/p>\n\n\n\n<h2 class=\"wp-block-heading\">Verpackung und Lieferung<\/h2>\n\n\n\n<figure class=\"wp-block-table\"><table class=\"has-fixed-layout\"><tbody><tr><td><strong>Artikel<\/strong><\/td><td><strong>Einzelheiten<\/strong><\/td><\/tr><tr><td>Verkaufende Einheit<\/td><td>Einzelnes Element<\/td><\/tr><tr><td>Packungsgr\u00f6\u00dfe<\/td><td>12 \u00d7 10 \u00d7 18 cm<\/td><\/tr><tr><td>Bruttogewicht<\/td><td>0,280 kg<\/td><\/tr><tr><td>Verpackung<\/td><td>Tasche<\/td><\/tr><tr><td>Benutzerdefiniertes Logo<\/td><td>Verf\u00fcgbar (MOQ: 10.000 Beutel)<\/td><\/tr><\/tbody><\/table><\/figure>\n\n\n\n<p><\/p>\n\n\n\n<h2 class=\"wp-block-heading\">Wie man kocht<\/h2>\n\n\n\n<p><strong>Bereit in 2 Minuten<\/strong><\/p>\n\n\n\n<ol class=\"wp-block-list\">\n<li>Abgie\u00dfen und absp\u00fclen <strong>2-3 Mal<\/strong>.<\/li>\n\n\n\n<li>Erhitzen\/Blanchieren f\u00fcr <strong>1 Minute<\/strong>.<\/li>\n<\/ol>\n\n\n\n<h3 class=\"wp-block-heading\">Am besten geeignet f\u00fcr:<\/h3>\n\n\n\n<p>Die runden Nudeln nach Ramen-Art sorgen f\u00fcr ein ausgezeichnetes Mundgef\u00fchl und eine hervorragende Vertr\u00e4glichkeit mit der Br\u00fche, selbst in scharfen und w\u00fcrzigen Suppen.<\/p>\n\n\n\n<ul class=\"wp-block-list\">\n<li>Ramen-Sch\u00fcsseln im japanischen Stil<\/li>\n\n\n\n<li>w\u00fcrzige Br\u00fche Ramen<\/li>\n\n\n\n<li>Miso-Ramen<\/li>\n\n\n\n<li>vegane\/kohlenhydratarme Ramen-Sch\u00fcsseln<\/li>\n\n\n\n<li>Ramen-Gerichte aus der Pfanne<\/li>\n\n\n\n<li>Fertiggerichte &amp; Fertigmahlzeiten<\/li>\n<\/ul>\n\n\n\n<p>Die elastische Konsistenz und die schnelle Zubereitung machen diese Nudeln ideal f\u00fcr die Gastronomie und den Einzelhandel.<\/p>\n\n\n\n<h2 class=\"wp-block-heading\">Zertifizierungen<\/h2>\n\n\n\n<p>ISO - HACCP - HALAL - KOSCHER - BRC - IFS - EU BIO - USDA BIO<\/p>","protected":false},"excerpt":{"rendered":"<p>Weich, federnd <strong data-start=\"538\" data-end=\"571\">Konjak-Shirataki-Ramen-Nudeln<\/strong> Entwickelt, um die Textur traditioneller Ramen nachzuahmen, dabei jedoch extrem kalorienarm, glutenfrei, weizenfrei und Clean Label zu bleiben. Perfekt f\u00fcr Ramen-Restaurants, asiatische Superm\u00e4rkte, gesunde Fertiggerichte und Eigenmarken, die auf den Markt f\u00fcr kohlenhydratarme oder allergenfreie Produkte abzielen.<\/p>\n<ul>\n<li data-start=\"869\" data-end=\"935\">\n<p data-start=\"871\" data-end=\"935\"><strong data-start=\"871\" data-end=\"900\">Ramen-artige runde Nudeln<\/strong> \u2013 Elastische und schl\u00fcrfbare Konsistenz.<\/p>\n<\/li>\n<li data-start=\"936\" data-end=\"1029\">\n<p data-start=\"938\" data-end=\"1029\"><strong data-start=\"938\" data-end=\"968\">Ultra-kalorienarm (5 kcal)<\/strong> \u2013 Perfekt f\u00fcr Verbraucher, die sich ketogen ern\u00e4hren, Diabetiker sind oder eine Di\u00e4t machen.<\/p>\n<\/li>\n<li data-start=\"1030\" data-end=\"1121\">\n<p data-start=\"1032\" data-end=\"1121\"><strong data-start=\"1032\" data-end=\"1060\">GLUTENFREI \u00b7 WEIZENFREI<\/strong> \u2013 Sicher f\u00fcr Kunden mit empfindlicher Ern\u00e4hrung und Allergien.<\/p>\n<\/li>\n<li data-start=\"1122\" data-end=\"1191\">\n<p data-start=\"1124\" data-end=\"1191\"><strong data-start=\"1124\" data-end=\"1136\">NULL FETT<\/strong> \u2013 Ideal f\u00fcr Produkte zur Gewichtskontrolle und Clean-Label-Produkte.<\/p>\n<\/li>\n<li data-start=\"1192\" data-end=\"1271\">\n<p data-start=\"1194\" data-end=\"1271\"><strong data-start=\"1194\" data-end=\"1226\">OHNE ZUSATZ VON K\u00dcNSTLICHEN AROMASTOFFEN<\/strong> \u2013 Neutraler Geschmack, der den Geschmack der Br\u00fche aufnimmt.<\/p>\n<\/li>\n<li data-start=\"1272\" data-end=\"1342\">\n<p data-start=\"1274\" data-end=\"1342\"><strong data-start=\"1274\" data-end=\"1300\">OHNE ZUSATZ VON KONSERVIERUNGSSTOFFEN<\/strong> \u2013 Von Natur aus 18 Monate lang haltbar.<\/p>\n<\/li>\n<li data-start=\"1343\" data-end=\"1401\">\n<p data-start=\"1345\" data-end=\"1401\"><strong data-start=\"1345\" data-end=\"1364\">BALLASTSTOFFQUELLE<\/strong> \u2013 Unterst\u00fctzt die Verdauung und sorgt f\u00fcr ein S\u00e4ttigungsgef\u00fchl.<\/p>\n<\/li>\n<li data-start=\"1402\" data-end=\"1490\">\n<p data-start=\"1404\" data-end=\"1490\"><strong data-start=\"1404\" data-end=\"1433\">OEM-\/Eigenmarken-f\u00e4hig<\/strong> \u2013 Individuelle Verpackung, Gestaltung und Ramen-Dicke verf\u00fcgbar.<\/p>\n<\/li>\n<\/ul>","protected":false},"featured_media":711,"comment_status":"open","ping_status":"closed","template":"","meta":[],"product_brand":[],"product_cat":[49],"product_tag":[],"class_list":{"0":"post-1182","1":"product","2":"type-product","3":"status-publish","4":"has-post-thumbnail","6":"product_cat-wet-konjac-noodles","8":"first","9":"instock","10":"shipping-taxable","11":"product-type-simple"},"_links":{"self":[{"href":"https:\/\/scmlkj.com\/de\/wp-json\/wp\/v2\/product\/1182","targetHints":{"allow":["GET"]}}],"collection":[{"href":"https:\/\/scmlkj.com\/de\/wp-json\/wp\/v2\/product"}],"about":[{"href":"https:\/\/scmlkj.com\/de\/wp-json\/wp\/v2\/types\/product"}],"replies":[{"embeddable":true,"href":"https:\/\/scmlkj.com\/de\/wp-json\/wp\/v2\/comments?post=1182"}],"wp:featuredmedia":[{"embeddable":true,"href":"https:\/\/scmlkj.com\/de\/wp-json\/wp\/v2\/media\/711"}],"wp:attachment":[{"href":"https:\/\/scmlkj.com\/de\/wp-json\/wp\/v2\/media?parent=1182"}],"wp:term":[{"taxonomy":"product_brand","embeddable":true,"href":"https:\/\/scmlkj.com\/de\/wp-json\/wp\/v2\/product_brand?post=1182"},{"taxonomy":"product_cat","embeddable":true,"href":"https:\/\/scmlkj.com\/de\/wp-json\/wp\/v2\/product_cat?post=1182"},{"taxonomy":"product_tag","embeddable":true,"href":"https:\/\/scmlkj.com\/de\/wp-json\/wp\/v2\/product_tag?post=1182"}],"curies":[{"name":"wp","href":"https:\/\/api.w.org\/{rel}","templated":true}]}}