{"id":1849,"date":"2025-11-29T07:16:45","date_gmt":"2025-11-29T07:16:45","guid":{"rendered":"https:\/\/scmlkj.com\/?post_type=product&#038;p=1849"},"modified":"2026-04-12T07:31:22","modified_gmt":"2026-04-12T07:31:22","slug":"tomaten-shirataki-nudeln-lose","status":"publish","type":"product","link":"https:\/\/scmlkj.com\/de\/produkte\/tomaten-shirataki-nudeln-lose\/","title":{"rendered":"Tomaten-Shirataki-Nudeln, Gro\u00dfpackung"},"content":{"rendered":"<p>Tomatenextrakt wird in erster Linie f\u00fcr den nat\u00fcrlichen Farbaufguss verwendet, wobei ein neutrales Geschmacksprofil beibehalten wird, das f\u00fcr eine breite Palette von Rezepten geeignet ist.<\/p>\n\n\n\n<h2 class=\"wp-block-heading\">N\u00e4hrwertbezogene Informationen<\/h2>\n\n\n\n<figure class=\"wp-block-table\"><table class=\"has-fixed-layout\"><tbody><tr><td><strong>N\u00e4hrstoff<\/strong><\/td><td><strong>Einheiten<\/strong><\/td><td><strong>Wert pro 100g<\/strong><\/td><\/tr><tr><td>Energie<\/td><td>kJ \/ kcal<\/td><td>25 kJ \/ 5 kcal<\/td><\/tr><tr><td>Kohlenhydrate<\/td><td>g<\/td><td>Weniger als 0,1<\/td><\/tr><tr><td>Eiwei\u00df<\/td><td>g<\/td><td>Weniger als 0,1<\/td><\/tr><tr><td>Fett<\/td><td>g<\/td><td>0<\/td><\/tr><tr><td>Ballaststoffe<\/td><td>g<\/td><td>2.7<\/td><\/tr><tr><td>Zucker<\/td><td>g<\/td><td>0<\/td><\/tr><tr><td>Natrium<\/td><td>mg<\/td><td>0<\/td><\/tr><\/tbody><\/table><\/figure>\n\n\n\n<h2 class=\"wp-block-heading\">Grundlegende Informationen<\/h2>\n\n\n\n<figure class=\"wp-block-table\"><table class=\"has-fixed-layout\"><tbody><tr><td><strong>Artikel<\/strong><\/td><td><strong>Einzelheiten<\/strong><\/td><\/tr><tr><td>Produktname<\/td><td>Tomaten Shirataki Nudeln<\/td><\/tr><tr><td>Produkttyp<\/td><td>Instant Konjac-Nudeln<\/td><\/tr><tr><td>Stil<\/td><td>Nass, frisch<\/td><\/tr><tr><td>Merkmal<\/td><td>Kohlenhydratarm, fettfrei<\/td><\/tr><tr><td>Art der Verarbeitung<\/td><td>Kontrollierte Wet-Process-Produktion<\/td><\/tr><tr><td>Geschmack<\/td><td>Neutral<\/td><\/tr><tr><td>Geruch<\/td><td>Geruchsneutral<\/td><\/tr><tr><td>Erscheinungsbild<\/td><td>Hellrot \/ mit Tomateninfusion<\/td><\/tr><tr><td>Spezifikation<\/td><td>270g \/ Beutel<\/td><\/tr><tr><td>Hauptbestandteil<\/td><td><br>Konjakmehl, Wasser, Tomatenextrakt\/-pulver<\/td><\/tr><tr><td>Inhalt<\/td><td>Reines Konjakmehl<\/td><\/tr><tr><td>Kochzeit<\/td><td>2 Minuten<\/td><\/tr><tr><td>Haltbarkeitsdauer<\/td><td>15 Monate<\/td><\/tr><tr><td>Lagerung Typ<\/td><td>Raumtemperatur<\/td><\/tr><tr><td>Markenname<\/td><td>\u00d6stlicher Morgen<\/td><\/tr><\/tbody><\/table><\/figure>\n\n\n\n<h2 class=\"wp-block-heading\">Empfohlene Anwendungen<\/h2>\n\n\n\n<p>Herstellung von Mahlzeitenkits und verzehrfertigen Lebensmitteln<\/p>\n\n\n\n<p>Nudellinien f\u00fcr den Einzelhandel unter eigener Marke<\/p>\n\n\n\n<p>Kohlenhydratarme Pasta-Alternativen f\u00fcr die Gastronomie<\/p>\n\n\n\n<p>Nudeln auf neutraler Basis f\u00fcr Tomaten- oder herzhafte So\u00dfen<\/p>\n\n\n\n<p>Gro\u00dfmengen an Zutaten f\u00fcr gesunde Lebensmittelmarken<\/p>\n\n\n\n<h2 class=\"wp-block-heading\">Verpackung und Lieferung<\/h2>\n\n\n\n<figure class=\"wp-block-table\"><table class=\"has-fixed-layout\"><tbody><tr><td><strong>Artikel<\/strong><\/td><td><strong>Einzelheiten<\/strong><\/td><\/tr><tr><td>Verkaufende Einheit<\/td><td>Einzelnes Element<\/td><\/tr><tr><td>Packungsgr\u00f6\u00dfe<\/td><td>12 \u00d7 10 \u00d7 18 cm<\/td><\/tr><tr><td>Bruttogewicht<\/td><td>0,280 kg<\/td><\/tr><tr><td>Verpackung<\/td><td>Tasche<\/td><\/tr><tr><td>Benutzerdefiniertes Logo<\/td><td>Verf\u00fcgbar (MOQ: 10.000 Beutel)<\/td><\/tr><\/tbody><\/table><\/figure>\n\n\n\n<p><\/p>\n\n\n\n<h2 class=\"wp-block-heading\">Wie man kocht<\/h2>\n\n\n\n<p><strong>Bereit in 2 Minuten<\/strong><\/p>\n\n\n\n<ol class=\"wp-block-list\">\n<li><strong>Abfluss<\/strong> die Fl\u00fcssigkeit und <strong>2-3 Mal aussp\u00fclen<\/strong> mit sauberem Wasser.<\/li>\n\n\n\n<li><strong>Blanch<\/strong> in hei\u00dfem Wasser f\u00fcr <strong>1 Minute<\/strong>.<\/li>\n\n\n\n<li>Genie\u00dfen Sie mit <strong>Suppen, Pfannengerichte, Salate, Eint\u00f6pfe<\/strong>oder jedes andere Nudelgericht.<\/li>\n<\/ol>\n\n\n\n<p><\/p>\n\n\n\n<h2 class=\"wp-block-heading\">Zertifizierungen<\/h2>\n\n\n\n<p>ISO - HACCP - HALAL - KOSCHER - BRC - IFS - EU BIO - USDA BIO<\/p>\n\n\n\n<p><\/p>","protected":false},"excerpt":{"rendered":"<p>Nat\u00fcrlich gef\u00e4rbt <strong data-start=\"502\" data-end=\"529\">Tomaten Shirataki Nudel<\/strong> Hergestellt aus Konjakmehl mit zugesetztem Tomatenextrakt. Clean Label, kohlenhydratarm, fettfrei und ideal f\u00fcr Gesundheitsmarken, Kochboxen und Handelsmarken. Perfekt f\u00fcr Gro\u00dfmengen, OEM-Rezepturen und internationalen Vertrieb.<\/p>\n<ul>\n<li data-start=\"794\" data-end=\"869\">\n<p data-start=\"796\" data-end=\"869\"><strong data-start=\"796\" data-end=\"823\">Nat\u00fcrliche Tomateninfusion<\/strong> \u2013 Sanfte rote Farbe mit reinem, neutralem Geschmack.<\/p>\n<\/li>\n<li data-start=\"870\" data-end=\"973\">\n<p data-start=\"872\" data-end=\"973\"><strong data-start=\"872\" data-end=\"904\">Extrem kalorien- &amp; kohlenhydratarm<\/strong> - Nur <strong data-start=\"912\" data-end=\"931\">5 kcal pro 100g<\/strong>, ideal f\u00fcr Keto- und Gewichtskontroll-Mahlzeiten.<\/p>\n<\/li>\n<li data-start=\"974\" data-end=\"1040\">\n<p data-start=\"976\" data-end=\"1040\"><strong data-start=\"976\" data-end=\"998\">Bereit in 2 Minuten<\/strong> \u2013 Praktische feuchte Instantnudeln.<\/p>\n<\/li>\n<li data-start=\"1041\" data-end=\"1117\">\n<p data-start=\"1043\" data-end=\"1117\"><strong data-start=\"1043\" data-end=\"1074\">Zuckerfrei, fettfrei, glutenfrei<\/strong> \u2013 100% pflanzenbasiertes Clean-Label-Produkt.<\/p>\n<\/li>\n<li data-start=\"1118\" data-end=\"1215\">\n<p data-start=\"1120\" data-end=\"1215\"><strong data-start=\"1120\" data-end=\"1151\">Perfekt f\u00fcr B2B-Gro\u00dfmengen<\/strong> \u2013 Direkt vom Werk, stabile Lieferung, OEM-Anpassung m\u00f6glich.<\/p>\n<\/li>\n<li data-start=\"1216\" data-end=\"1310\">\n<p data-start=\"1218\" data-end=\"1310\"><strong data-start=\"1218\" data-end=\"1252\">Globale Standardzertifizierungen<\/strong> \u2013 ISO, HACCP, HALAL, KOSHER, BRC, IFS, EU &amp; USDA Bio.<\/p>\n<\/li>\n<\/ul>","protected":false},"featured_media":1852,"comment_status":"open","ping_status":"closed","template":"","meta":[],"product_brand":[],"product_cat":[48],"product_tag":[],"class_list":{"0":"post-1849","1":"product","2":"type-product","3":"status-publish","4":"has-post-thumbnail","6":"product_cat-organic-konjac-pasta","8":"first","9":"instock","10":"shipping-taxable","11":"product-type-simple"},"_links":{"self":[{"href":"https:\/\/scmlkj.com\/de\/wp-json\/wp\/v2\/product\/1849","targetHints":{"allow":["GET"]}}],"collection":[{"href":"https:\/\/scmlkj.com\/de\/wp-json\/wp\/v2\/product"}],"about":[{"href":"https:\/\/scmlkj.com\/de\/wp-json\/wp\/v2\/types\/product"}],"replies":[{"embeddable":true,"href":"https:\/\/scmlkj.com\/de\/wp-json\/wp\/v2\/comments?post=1849"}],"wp:featuredmedia":[{"embeddable":true,"href":"https:\/\/scmlkj.com\/de\/wp-json\/wp\/v2\/media\/1852"}],"wp:attachment":[{"href":"https:\/\/scmlkj.com\/de\/wp-json\/wp\/v2\/media?parent=1849"}],"wp:term":[{"taxonomy":"product_brand","embeddable":true,"href":"https:\/\/scmlkj.com\/de\/wp-json\/wp\/v2\/product_brand?post=1849"},{"taxonomy":"product_cat","embeddable":true,"href":"https:\/\/scmlkj.com\/de\/wp-json\/wp\/v2\/product_cat?post=1849"},{"taxonomy":"product_tag","embeddable":true,"href":"https:\/\/scmlkj.com\/de\/wp-json\/wp\/v2\/product_tag?post=1849"}],"curies":[{"name":"wp","href":"https:\/\/api.w.org\/{rel}","templated":true}]}}