{"id":1972,"date":"2025-12-04T05:19:18","date_gmt":"2025-12-04T05:19:18","guid":{"rendered":"https:\/\/scmlkj.com\/?post_type=product&#038;p=1972"},"modified":"2026-04-12T07:30:13","modified_gmt":"2026-04-12T07:30:13","slug":"konjak-engelshaar","status":"publish","type":"product","link":"https:\/\/scmlkj.com\/de\/produkte\/konjak-engelshaar\/","title":{"rendered":"Konjac Shirataki Engelshaar"},"content":{"rendered":"<p>Konjac Angel Hair (Shirataki Angel Hair) ist eine der d\u00fcnnsten Nudelsorten der Shirataki-Nudel-Familie.<br>Hergestellt aus <strong>nat\u00fcrliches Konjak-Glucomannan<\/strong>, es enth\u00e4lt <strong>fast null Kalorien, null Fett, null Zucker<\/strong>und eignet sich ideal f\u00fcr Marken, die gesunde Pasta-Alternativen entwickeln.<\/p>\n\n\n\n<p>Durch seine glatte, zarte Textur eignet es sich f\u00fcr:<\/p>\n\n\n\n<ul class=\"wp-block-list\">\n<li>Kohlenhydratarme Mahlzeiten<\/li>\n\n\n\n<li>Asiatische Suppen und Salate<\/li>\n\n\n\n<li>Keto-Mahlzeitensets<\/li>\n\n\n\n<li>Fertiggerichte &amp; Einzelhandelsverpackungen<\/li>\n\n\n\n<li>Vegane und glutenfreie Produktlinien<\/li>\n<\/ul>\n\n\n\n<p><\/p>\n\n\n\n<h2 class=\"wp-block-heading\">Technische Spezifikationen<\/h2>\n\n\n\n<figure class=\"wp-block-table\"><table class=\"has-fixed-layout\"><tbody><tr><td><strong>Artikel<\/strong><\/td><td><strong>Einzelheiten<\/strong><\/td><\/tr><tr><td>Produktname<\/td><td>Konjac Engelshaar (Shirataki Engelshaar)<\/td><\/tr><tr><td>Schnittart<\/td><td>Ultrad\u00fcnn \/ Engelshaar<\/td><\/tr><tr><td>Zutat<\/td><td>Wasser, Konjakmehl, Zitronens\u00e4ure<\/td><\/tr><tr><td>Nettogewicht<\/td><td>100 g \/ 200 g \/ 250 g \/ 270 g (OEM verf\u00fcgbar)<\/td><\/tr><tr><td>Textur<\/td><td>Weich, d\u00fcnn, durchscheinend<\/td><\/tr><tr><td>Haltbarkeitsdauer<\/td><td>18 Monate<\/td><\/tr><tr><td>Lagerung<\/td><td>An einem k\u00fchlen, trockenen Ort aufbewahren.<\/td><\/tr><tr><td>Zertifikate<\/td><td>BRC, HACCP, IFS<\/td><\/tr><tr><td>Mindestbestellmenge<\/td><td>2.000 St\u00fcck<\/td><\/tr><tr><td>OEM-Optionen<\/td><td>Geschmack, Beuteldesign, Kartondesign<\/td><\/tr><\/tbody><\/table><\/figure>\n\n\n\n<h2 class=\"wp-block-heading\">Zubereitungshinweise<\/h2>\n\n\n\n<ol class=\"wp-block-list\">\n<li>\u00d6ffnen und Fl\u00fcssigkeit ablassen.<\/li>\n\n\n\n<li>2\u20133 Mal mit klarem Wasser absp\u00fclen.<\/li>\n\n\n\n<li>2\u20133 Minuten kochen lassen, um die Konsistenz zu verbessern.<\/li>\n\n\n\n<li>F\u00fcgen Sie So\u00dfen hinzu oder mischen Sie sie in Ihr Rezept.<\/li>\n<\/ol>\n\n\n\n<p><strong>Tipp:<\/strong> Durch Kochen wird der nat\u00fcrliche Geruch von Konjak reduziert und die Elastizit\u00e4t verbessert.<\/p>\n\n\n\n<h2 class=\"wp-block-heading\">N\u00e4hrwertangaben (pro 100 Gramm)<\/h2>\n\n\n\n<figure class=\"wp-block-table\"><table class=\"has-fixed-layout\"><tbody><tr><td><strong>N\u00e4hrstoff<\/strong><\/td><td><strong>Einheit<\/strong><\/td><td><strong>Wert pro 100g<\/strong><\/td><\/tr><tr><td><strong>Energie<\/strong><\/td><td>kj\/kcal<\/td><td><strong>25 kJ \/ 5 kcal<\/strong><\/td><\/tr><tr><td>Kohlenhydrate<\/td><td>g<\/td><td>&lt; 0,1<\/td><\/tr><tr><td>Eiwei\u00df<\/td><td>g<\/td><td>&lt; 0,1<\/td><\/tr><tr><td>Fett<\/td><td>g<\/td><td>0<\/td><\/tr><tr><td>Ballaststoffe<\/td><td>g<\/td><td>2.7<\/td><\/tr><tr><td>Zucker<\/td><td>g<\/td><td>0<\/td><\/tr><tr><td>Natrium<\/td><td>mg<\/td><td>0<\/td><\/tr><\/tbody><\/table><\/figure>\n\n\n\n<h2 class=\"wp-block-heading\">Warum sollten Sie Eastern Morning Angel Hair f\u00fcr Ihre Marke w\u00e4hlen?<\/h2>\n\n\n\n<p>Als vertikal integriertes Unternehmen <strong><a target=\"_blank\" rel=\"noreferrer noopener\" href=\"https:\/\/scmlkj.com\/de\/\">Konjac Hersteller<\/a><\/strong>Wir kontrollieren die gesamte Lieferkette von unseren hochgelegenen Farmen in Anzhou, Sichuan, bis zu unserer automatisierten, \u00fcber 10.000 m\u00b2 gro\u00dfen Anlage. Unsere Angel Hair Nudeln sind speziell f\u00fcr:<\/p>\n\n\n\n<ul class=\"wp-block-list\">\n<li><strong>Neutrales Aroma:<\/strong> Unsere fortschrittliche Neutralisierungstechnologie entfernt 80-90% des nat\u00fcrlichen Konjakgeruchs.<\/li>\n\n\n\n<li><strong>Optimale Absorption:<\/strong> Der ultrad\u00fcnne Schnitt ist so konzipiert, dass er Saucen besser h\u00e4lt als dickere Nudeln, perfekt f\u00fcr europ\u00e4ische und nordamerikanische Gaumen.<\/li>\n\n\n\n<li><strong>Skalierbarer OEM:<\/strong> Von ma\u00dfgeschneiderten Beutelgr\u00f6\u00dfen bis hin zu <strong><a href=\"https:\/\/scmlkj.com\/de\/oem-eigenmarken-leitfaden\/\" target=\"_blank\" rel=\"noreferrer noopener\">Eigenmarke<\/a><\/strong> Branding, wir unterst\u00fctzen Ihre Produkteinf\u00fchrung von A bis Z.<\/li>\n<\/ul>\n\n\n\n<p><\/p>","protected":false},"excerpt":{"rendered":"<p>Ultrad\u00fcnne Shirataki-Nudeln (\u201eEngelshaar\u201c) aus hochreinem Konjak-Glucomannan.<br data-start=\"372\" data-end=\"375\" \/>Perfekt f\u00fcr Keto-, Gewichtsmanagement-, vegane und Low-GI-Lebensmittelmarken.<br data-start=\"443\" data-end=\"446\" \/>Erh\u00e4ltlich in 100 g \/ 200 g \/ 250 g \/ 270 g oder vollst\u00e4ndig individuell gestalteten Verpackungen.<\/p>\n<ul>\n<li data-start=\"1088\" data-end=\"1118\">\n<p data-start=\"1090\" data-end=\"1118\">Nur 5 kcal pro 100 g<\/p>\n<\/li>\n<li data-start=\"1119\" data-end=\"1162\">\n<p data-start=\"1121\" data-end=\"1162\">Niedriger GI &amp; wenig Kohlenhydrate \u2013 Keto-freundlich<\/p>\n<\/li>\n<li data-start=\"1163\" data-end=\"1200\">\n<p data-start=\"1165\" data-end=\"1200\">Glutenfrei, vegan, gentechnikfrei<\/p>\n<\/li>\n<li data-start=\"1201\" data-end=\"1237\">\n<p data-start=\"1203\" data-end=\"1237\">Hoher Ballaststoffgehalt (2,7 g pro 100 g)<\/p>\n<\/li>\n<li data-start=\"1238\" data-end=\"1278\">\n<p data-start=\"1240\" data-end=\"1278\">Neutraler Geschmack \u2013 passt zu jeder Sauce<\/p>\n<\/li>\n<li data-start=\"1279\" data-end=\"1307\">\n<p data-start=\"1281\" data-end=\"1307\">In 2\u20133 Minuten fertig<\/p>\n<\/li>\n<\/ul>","protected":false},"featured_media":2764,"comment_status":"open","ping_status":"closed","template":"","meta":[],"product_brand":[],"product_cat":[49],"product_tag":[],"class_list":{"0":"post-1972","1":"product","2":"type-product","3":"status-publish","4":"has-post-thumbnail","6":"product_cat-wet-konjac-noodles","8":"first","9":"instock","10":"shipping-taxable","11":"product-type-simple"},"_links":{"self":[{"href":"https:\/\/scmlkj.com\/de\/wp-json\/wp\/v2\/product\/1972","targetHints":{"allow":["GET"]}}],"collection":[{"href":"https:\/\/scmlkj.com\/de\/wp-json\/wp\/v2\/product"}],"about":[{"href":"https:\/\/scmlkj.com\/de\/wp-json\/wp\/v2\/types\/product"}],"replies":[{"embeddable":true,"href":"https:\/\/scmlkj.com\/de\/wp-json\/wp\/v2\/comments?post=1972"}],"wp:featuredmedia":[{"embeddable":true,"href":"https:\/\/scmlkj.com\/de\/wp-json\/wp\/v2\/media\/2764"}],"wp:attachment":[{"href":"https:\/\/scmlkj.com\/de\/wp-json\/wp\/v2\/media?parent=1972"}],"wp:term":[{"taxonomy":"product_brand","embeddable":true,"href":"https:\/\/scmlkj.com\/de\/wp-json\/wp\/v2\/product_brand?post=1972"},{"taxonomy":"product_cat","embeddable":true,"href":"https:\/\/scmlkj.com\/de\/wp-json\/wp\/v2\/product_cat?post=1972"},{"taxonomy":"product_tag","embeddable":true,"href":"https:\/\/scmlkj.com\/de\/wp-json\/wp\/v2\/product_tag?post=1972"}],"curies":[{"name":"wp","href":"https:\/\/api.w.org\/{rel}","templated":true}]}}