{"id":2039,"date":"2025-12-06T08:48:37","date_gmt":"2025-12-06T08:48:37","guid":{"rendered":"https:\/\/scmlkj.com\/?post_type=product&#038;p=2039"},"modified":"2026-04-12T07:29:35","modified_gmt":"2026-04-12T07:29:35","slug":"tom-yum-konjac-instant-tassennudeln","status":"publish","type":"product","link":"https:\/\/scmlkj.com\/de\/produkte\/tom-yum-konjac-instant-tassennudeln\/","title":{"rendered":"Tom Yum Konjac Instant Cup Nudeln"},"content":{"rendered":"<p><\/p>\n\n\n\n<h2 class=\"wp-block-heading\">Produktspezifikationen<\/h2>\n\n\n\n<figure class=\"wp-block-table\"><table class=\"has-fixed-layout\"><tbody><tr><td><strong>Artikel<\/strong><\/td><td><strong>Einzelheiten<\/strong><\/td><\/tr><tr><td>Produktname<\/td><td>Tom Yum Konjac Instant Cup Nudeln<\/td><\/tr><tr><td>Produkttyp<\/td><td><a href=\"https:\/\/scmlkj.com\/de\/product-category\/instant-konjaknudeln\/\">Instant-Konjak-Cup-Nudeln<\/a><\/td><\/tr><tr><td>Gewicht<\/td><td>90 g So\u00dfe + 120 g Konjak-Nudeln + 2 g Gem\u00fcse<\/td><\/tr><tr><td>Geschmack<\/td><td>Tom Yum (Scharf &amp; Sauer)<\/td><\/tr><tr><td>Di\u00e4t-Typ<\/td><td>Keto \u00b7 Kohlenhydratarm \u00b7 Vegan<\/td><\/tr><tr><td>Haltbarkeitsdauer<\/td><td>14 Monate<\/td><\/tr><tr><td>Zertifizierungen<\/td><td>IFS, BRC, KOSCHER, HALAL<\/td><\/tr><tr><td>GVO-Status<\/td><td>Nicht gentechnisch ver\u00e4ndert<\/td><\/tr><tr><td>Vorbereitung<\/td><td>Schnell und einfach<\/td><\/tr><\/tbody><\/table><\/figure>\n\n\n\n<h2 class=\"wp-block-heading\">Zutaten<\/h2>\n\n\n\n<p><strong>So\u00dfe (90 g)<\/strong><\/p>\n\n\n\n<p>Wasser, Zucker, Pflanzen\u00f6l, Speisesalz, Knoblauch, Kokospulver, Ingwer, Tomatensauce, gebraute Sojasauce, Zwiebel, gebrauter Essig, Hefeextrakt, Pfefferpulver, Speiseessenz, Reiswein, Paprikapulver, Zitronens\u00e4ure,<br>Gew\u00fcrze <em>(Ingwer, Zwiebel, Koriandersamen, Knoblauch)<\/em>,<br>5\u2018-Geschmacksnukleotid Dinatrium, Currypulver.<\/p>\n\n\n\n<p><strong><a href=\"https:\/\/scmlkj.com\/de\/product-category\/feuchte-konjak-nudeln\/\">Konjac-Nudeln <\/a>(120g)<\/strong><\/p>\n\n\n\n<p>Wasser, Konjakpulver, Zitronens\u00e4ure.<\/p>\n\n\n\n<p><strong>Gem\u00fcse (2 g)<\/strong><\/p>\n\n\n\n<p>Zwiebel, Karotte.<\/p>\n\n\n\n<h2 class=\"wp-block-heading\">Wie man sich vorbereitet<\/h2>\n\n\n\n<p>\u00d6ffnen Sie den Deckel und nehmen Sie alle T\u00fctchen heraus.<\/p>\n\n\n\n<p>Konjac-Nudeln und getrocknetes Gem\u00fcse in die Tasse geben.<\/p>\n\n\n\n<p>Die Tom-Yum-So\u00dfe dar\u00fcber gie\u00dfen.<\/p>\n\n\n\n<p>Hei\u00dfes Wasser bis zur angegebenen Linie einf\u00fcllen (oder 2-3 Minuten in die Mikrowelle stellen).<\/p>\n\n\n\n<p>Gut umr\u00fchren und ein w\u00fcrzig-saures Konjaknudelgericht nach thail\u00e4ndischer Art genie\u00dfen.<\/p>\n\n\n\n<h2 class=\"wp-block-heading\">Gesundheitliche und funktionelle Vorteile<\/h2>\n\n\n\n<p><strong>Erfrischendes hei\u00df-saures Profil<\/strong><br>Die f\u00fcr Tom Yum typische Ausgewogenheit von Chilisch\u00e4rfe, Zitruss\u00e4ure und Kr\u00e4uteraroma sorgt f\u00fcr einen kr\u00e4ftigen Geschmack, ohne schwer zu sein.<\/p>\n\n\n\n<p><strong>Kalorienarme &amp; kohlenhydratarme Mahlzeit<\/strong><br>Ideal f\u00fcr Verbraucher, die geschmackvolle Fertiggerichte suchen und gleichzeitig die Kalorien- und Kohlenhydratzufuhr kontrollieren wollen.<\/p>\n\n\n\n<p><strong>Blutzuckerfreundlich<\/strong><br>Konjac-Nudeln haben einen niedrigen glyk\u00e4mischen Index und helfen, Blutzuckerspitzen zu minimieren.<\/p>\n\n\n\n<p><strong>Hohe S\u00e4ttigung<\/strong><br>Konjak ist reich an l\u00f6slichen Ballaststoffen, die das S\u00e4ttigungsgef\u00fchl f\u00f6rdern und Hei\u00dfhungerattacken reduzieren.<\/p>\n\n\n\n<p><\/p>\n\n\n\n<h2 class=\"wp-block-heading\">OEM-\/Eigenmarkenoptionen<\/h2>\n\n\n\n<p>Diese Tom Yum Konjac-Instantnudel wurde f\u00fcr OEM- und Eigenmarkenprogramme entwickelt, die auf thail\u00e4ndische und s\u00fcdostasiatische Geschmacksprofile abzielen.<\/p>\n\n\n\n<p>Individuelle Geschmacksrichtungen (Rotes Curry, Marinara, Pesto, Tom Yum, Kimchi, Miso usw.)<\/p>\n\n\n\n<p>Individuelle Bechergr\u00f6\u00dfe und Verpackungsdesign<\/p>\n\n\n\n<p>Individuelles Verh\u00e4ltnis von So\u00dfe und Sch\u00e4rfegrad<\/p>\n\n\n\n<p>Natriumarme oder zuckerfreie Rezepturen<\/p>\n\n\n\n<p>Mehrsprachige Kennzeichnung und Unterst\u00fctzung bei der Einhaltung von Vorschriften<\/p>\n\n\n\n<p>M\u00f6chten Sie Ihr eigenes Unternehmen gr\u00fcnden? <strong>Gesunder Konjak <strong>Sofort <\/strong>Cup-Nudeln<\/strong> unter Ihrer Marke?<br><a href=\"https:\/\/scmlkj.com\/de\/kontakt\/\" data-type=\"link\" data-id=\"https:\/\/scmlkj.com\/contact\/\">Kontakt <strong>\u00d6stlicher Morgen<\/strong><\/a> f\u00fcr <a href=\"https:\/\/scmlkj.com\/de\/instant-konjaknudeln\/\">OEM-Anpassung<\/a>, <a href=\"https:\/\/scmlkj.com\/de\/kostenlose-proben-anfordern\/\">Proben<\/a>und Mengenrabatte.<\/p>\n\n\n\n<p><\/p>","protected":false},"excerpt":{"rendered":"<p>Die Tom Yum Konjac Instant Cup Noodles von Eastern Morning fangen den kultigen scharf-sauren Geschmack Thailands mit aromatischen Gew\u00fcrzen, Kr\u00e4utern und Kokosnussnoten ein, gepaart mit weichen, geruchsfreien Konjac-Nudeln. Jeder Becher enth\u00e4lt 120 g Konjaknudeln, 90 g Tom Yum-Sauce und 2 g Gem\u00fcse und liefert eine erfrischende, scharf-saure und schuldfreie Instant-Mahlzeit, die ideal f\u00fcr eine ketogene, kohlenhydratarme und pflanzliche Lebensweise ist.<\/p>\n<ul>\n<li data-start=\"936\" data-end=\"1013\">\n<p data-start=\"938\" data-end=\"1013\"><strong data-start=\"938\" data-end=\"966\">Authentischer Tom Yum-Geschmack<\/strong> \u2013 Scharfe, saure und aromatische thail\u00e4ndische Br\u00fche<\/p>\n<\/li>\n<li data-start=\"1014\" data-end=\"1087\">\n<p data-start=\"1016\" data-end=\"1087\"><strong data-start=\"1016\" data-end=\"1042\">Kohlenhydratarm - Kalorienarm<\/strong> \u2013 Genie\u00dfen Sie kr\u00e4ftigen Geschmack ohne viele Kalorien<\/p>\n<\/li>\n<li data-start=\"1088\" data-end=\"1153\">\n<p data-start=\"1090\" data-end=\"1153\"><strong data-start=\"1090\" data-end=\"1107\">KETO-freundlich<\/strong> \u2013 Unterst\u00fctzt ketogene und niedrig glyk\u00e4mische Di\u00e4ten<\/p>\n<\/li>\n<li data-start=\"1154\" data-end=\"1215\">\n<p data-start=\"1156\" data-end=\"1215\"><strong data-start=\"1156\" data-end=\"1171\">Glutenfrei<\/strong> \u2013 F\u00fcr glutenempfindliche Verbraucher geeignet<\/p>\n<\/li>\n<li data-start=\"1216\" data-end=\"1271\">\n<p data-start=\"1218\" data-end=\"1271\"><strong data-start=\"1218\" data-end=\"1236\">Koscher &amp; Halal<\/strong> - Internationale Konformit\u00e4t bereit<\/p>\n<\/li>\n<li data-start=\"1272\" data-end=\"1342\">\n<p data-start=\"1274\" data-end=\"1342\"><strong data-start=\"1274\" data-end=\"1305\">Nicht gentechnisch ver\u00e4ndert \u00b7 Pflanzlich vegan<\/strong> - Saubere, pflanzliche Zutaten<\/p>\n<\/li>\n<li data-start=\"1343\" data-end=\"1409\">\n<p data-start=\"1345\" data-end=\"1409\"><strong data-start=\"1345\" data-end=\"1361\">Schnell und einfach<\/strong> \u2013 In Minuten fertig, ideal f\u00fcr einen hektischen Lebensstil<\/p>\n<\/li>\n<li data-start=\"1410\" data-end=\"1472\">\n<p data-start=\"1412\" data-end=\"1472\"><strong data-start=\"1412\" data-end=\"1440\">Geruchsneutrale Konjak-Nudeln<\/strong> \u2013 Sauberer Geschmack, glatte Textur<\/p>\n<\/li>\n<\/ul>","protected":false},"featured_media":2047,"comment_status":"open","ping_status":"closed","template":"","meta":[],"product_brand":[],"product_cat":[53],"product_tag":[],"class_list":{"0":"post-2039","1":"product","2":"type-product","3":"status-publish","4":"has-post-thumbnail","6":"product_cat-instant-konjac-noodles","8":"first","9":"instock","10":"shipping-taxable","11":"product-type-simple"},"_links":{"self":[{"href":"https:\/\/scmlkj.com\/de\/wp-json\/wp\/v2\/product\/2039","targetHints":{"allow":["GET"]}}],"collection":[{"href":"https:\/\/scmlkj.com\/de\/wp-json\/wp\/v2\/product"}],"about":[{"href":"https:\/\/scmlkj.com\/de\/wp-json\/wp\/v2\/types\/product"}],"replies":[{"embeddable":true,"href":"https:\/\/scmlkj.com\/de\/wp-json\/wp\/v2\/comments?post=2039"}],"wp:featuredmedia":[{"embeddable":true,"href":"https:\/\/scmlkj.com\/de\/wp-json\/wp\/v2\/media\/2047"}],"wp:attachment":[{"href":"https:\/\/scmlkj.com\/de\/wp-json\/wp\/v2\/media?parent=2039"}],"wp:term":[{"taxonomy":"product_brand","embeddable":true,"href":"https:\/\/scmlkj.com\/de\/wp-json\/wp\/v2\/product_brand?post=2039"},{"taxonomy":"product_cat","embeddable":true,"href":"https:\/\/scmlkj.com\/de\/wp-json\/wp\/v2\/product_cat?post=2039"},{"taxonomy":"product_tag","embeddable":true,"href":"https:\/\/scmlkj.com\/de\/wp-json\/wp\/v2\/product_tag?post=2039"}],"curies":[{"name":"wp","href":"https:\/\/api.w.org\/{rel}","templated":true}]}}