{"id":2054,"date":"2025-12-06T08:53:12","date_gmt":"2025-12-06T08:53:12","guid":{"rendered":"https:\/\/scmlkj.com\/?post_type=product&#038;p=2054"},"modified":"2026-02-07T04:00:28","modified_gmt":"2026-02-07T04:00:28","slug":"kimchi-konjak-instantnudeln","status":"publish","type":"product","link":"https:\/\/scmlkj.com\/de\/produkte\/kimchi-konjak-instantnudeln\/","title":{"rendered":"Kimchi Konjac Instant Cup Nudeln"},"content":{"rendered":"<p><\/p>\n\n\n\n<h2 class=\"wp-block-heading\"><strong>Produktspezifikationen<\/strong><\/h2>\n\n\n\n<figure class=\"wp-block-table\"><table class=\"has-fixed-layout\"><tbody><tr><td><strong>Artikel<\/strong><\/td><td><strong>Einzelheiten<\/strong><\/td><\/tr><tr><td>Produktname<\/td><td>Kimchi Konjac Instant Cup Nudeln<\/td><\/tr><tr><td>Produkttyp<\/td><td><a href=\"https:\/\/scmlkj.com\/de\/product-category\/instant-konjaknudeln\/\">Instant-Konjak-Cup-Nudeln<\/a><\/td><\/tr><tr><td>Gewicht<\/td><td>90 g So\u00dfe + 120 g Konjak-Nudeln + 2 g Gem\u00fcse<\/td><\/tr><tr><td>Geschmack<\/td><td>Kimchi<\/td><\/tr><tr><td>Di\u00e4t-Typ<\/td><td>Keto \u00b7 Kohlenhydratarm \u00b7 Vegan<\/td><\/tr><tr><td>Haltbarkeitsdauer<\/td><td>14 Monate<\/td><\/tr><tr><td>Zertifizierungen<\/td><td>IFS, BRC, KOSCHER, HALAL<\/td><\/tr><tr><td>GVO-Status<\/td><td>Nicht gentechnisch ver\u00e4ndert<\/td><\/tr><tr><td>Vorbereitung<\/td><td>Schnell und einfach<\/td><\/tr><\/tbody><\/table><\/figure>\n\n\n\n<h2 class=\"wp-block-heading\"><strong>Zutaten<\/strong><\/h2>\n\n\n\n<p><strong>So\u00dfe (90 g)<\/strong><\/p>\n\n\n\n<p>Wasser, Glukosesirup, Chilisauce <em>(Pfeffer, Speisesalz)<\/em>Knoblauch, Speiseessenz, Pflanzen\u00f6l, wei\u00dfer Kristallzucker, Speisesalz, Tomatensauce, Hefeextrakt,<br>Verdickungsmittel <em>(acetyliertes Doppel-St\u00e4rkeadipat)<\/em>, Gew\u00fcrze,<br>Geschmacksverst\u00e4rker <em>(5'-aromatisiertes Dinatriumnukleotid)<\/em>,<br>S\u00e4ureregulator <em>(Zitronens\u00e4ure)<\/em>.<\/p>\n\n\n\n<p><strong>Konjak-Nudeln (120 g)<\/strong><\/p>\n\n\n\n<p>Wasser, Konjakpulver, Zitronens\u00e4ure.<\/p>\n\n\n\n<p><strong>Gem\u00fcse (2 g)<\/strong><\/p>\n\n\n\n<p>Zwiebel, Karotte.<\/p>\n\n\n\n<h2 class=\"wp-block-heading\"><strong>Zubereitung (Instant Cup)<\/strong><\/h2>\n\n\n\n<p>\u00d6ffnen Sie den Deckel und nehmen Sie alle T\u00fctchen heraus.<\/p>\n\n\n\n<p>Konjac-Nudeln und getrocknetes Gem\u00fcse in die Tasse geben.<\/p>\n\n\n\n<p>Mit der Kimchi-Sauce aufgie\u00dfen.<\/p>\n\n\n\n<p>Hei\u00dfes Wasser bis zur angegebenen Linie einf\u00fcllen (oder 2-3 Minuten in die Mikrowelle stellen).<\/p>\n\n\n\n<p>Gut umr\u00fchren und die pikanten Kimchi-Konjak-Nudeln genie\u00dfen.<\/p>\n\n\n\n<h2 class=\"wp-block-heading\"><strong>Gesundheitliche und funktionelle Vorteile von Kimchi Konjac Instantnudeln<\/strong><\/h2>\n\n\n\n<ol class=\"wp-block-list\">\n<li><strong>K\u00fchne &amp; w\u00fcrzige Befriedigung<\/strong>  Die von Kimchi inspirierten Gew\u00fcrze und die Chilisauce sorgen f\u00fcr einen kr\u00e4ftigen, appetitanregenden Geschmack und halten das Gericht gleichzeitig leicht.<\/li>\n\n\n\n<li><strong>Gewichtsmanagement-freundlich<\/strong>  Die kalorien- und kohlenhydratarme Rezeptur hilft, die t\u00e4gliche Aufnahme zu steuern, ohne dass die Zufriedenheit darunter leidet.<\/li>\n\n\n\n<li><strong>Blutzucker-Unterst\u00fctzung<\/strong> Konjac-Nudeln haben ein <strong>niedriger glyk\u00e4mischer Index<\/strong>und hilft, Blutzuckerspitzen zu reduzieren.<\/li>\n\n\n\n<li><strong>Erh\u00f6hte S\u00e4ttigung<\/strong>   Konjak-Nudeln sind reich an Ballaststoffen, sorgen f\u00fcr ein S\u00e4ttigungsgef\u00fchl, reduzieren Hei\u00dfhungerattacken und helfen, \u00fcberm\u00e4\u00dfiges Essen zu vermeiden \u2013 und unterst\u00fctzen so langfristige Gewichtsmanagementziele.<\/li>\n<\/ol>\n\n\n\n<p><\/p>\n\n\n\n<h2 class=\"wp-block-heading\"><strong>OEM-\/Eigenmarkenoptionen<\/strong><\/h2>\n\n\n\n<p>Diese Konjac-Instantnudel mit Kimchi-Geschmack wurde speziell f\u00fcr OEM- und Private-Label-Programme entwickelt und bietet flexible Formulierungs- und Verpackungsoptionen.<\/p>\n\n\n\n<p>Individuelle Geschmacksrichtungen (Rotes Curry, Marinara, Pesto, Tom Yum, Kimchi, Miso usw.)<\/p>\n\n\n\n<p>Individuelle Bechergr\u00f6\u00dfe und Verpackungsdesign<\/p>\n\n\n\n<p>Individuelles Verh\u00e4ltnis von So\u00dfe und Sch\u00e4rfegrad<\/p>\n\n\n\n<p>Natriumarme oder zuckerfreie Rezepturen<\/p>\n\n\n\n<p>Mehrsprachige Kennzeichnung und Unterst\u00fctzung bei der Einhaltung von Vorschriften<\/p>\n\n\n\n<p>M\u00f6chten Sie Ihr eigenes Unternehmen gr\u00fcnden? <strong>Gesunde Instant-Konjak-Cup-Nudeln<\/strong> unter Ihrer Marke?<br><a href=\"https:\/\/scmlkj.com\/de\/kontakt\/\" data-type=\"link\" data-id=\"https:\/\/scmlkj.com\/contact\/\">Kontakt <strong>\u00d6stlicher Morgen<\/strong><\/a> f\u00fcr <a href=\"https:\/\/scmlkj.com\/de\/instant-konjaknudeln\/\">OEM-Anpassung<\/a>, <a href=\"https:\/\/scmlkj.com\/de\/kostenlose-proben-anfordern\/\">Proben<\/a>und Mengenrabatte.<\/p>\n\n\n\n<p><\/p>","protected":false},"excerpt":{"rendered":"<p data-start=\"509\" data-end=\"870\">Die Kimchi Konjac Instant Cup Noodles von Eastern Morning liefern den kr\u00e4ftigen, w\u00fcrzigen und pikanten Geschmack des klassischen koreanischen Kimchi, gepaart mit weichen, geruchsfreien Konjac-Nudeln. Jeder Becher enth\u00e4lt 120 g Konjaknudeln, 90 g Kimchi-Sauce und 2 g Gem\u00fcse und bietet eine schnelle, s\u00e4ttigende und schuldfreie Mahlzeit f\u00fcr eine ketogene, kohlenhydratarme und pflanzliche Lebensweise.<\/p>\n<ul>\n<li data-start=\"906\" data-end=\"992\">\n<p data-start=\"908\" data-end=\"992\"><strong data-start=\"908\" data-end=\"941\">Authentischer Geschmack nach Kimchi-Art<\/strong> - Scharfer, w\u00fcrziger und pikanter koreanisch inspirierter Geschmack<\/p>\n<\/li>\n<li data-start=\"993\" data-end=\"1067\">\n<p data-start=\"995\" data-end=\"1067\"><strong data-start=\"995\" data-end=\"1021\">Kohlenhydratarm - Kalorienarm<\/strong> - Genie\u00dfen Sie kr\u00e4ftigen Geschmack ohne \u00fcberm\u00e4\u00dfige Kalorien<\/p>\n<\/li>\n<li data-start=\"1068\" data-end=\"1135\">\n<p data-start=\"1070\" data-end=\"1135\"><strong data-start=\"1070\" data-end=\"1087\">KETO-freundlich<\/strong> - Geeignet f\u00fcr ketogene und niedrig-glyk\u00e4mische Di\u00e4ten<\/p>\n<\/li>\n<li data-start=\"1136\" data-end=\"1194\">\n<p data-start=\"1138\" data-end=\"1194\"><strong data-start=\"1138\" data-end=\"1153\">Glutenfrei<\/strong> - Ideal f\u00fcr glutenempfindliche Verbraucher<\/p>\n<\/li>\n<li data-start=\"1195\" data-end=\"1250\">\n<p data-start=\"1197\" data-end=\"1250\"><strong data-start=\"1197\" data-end=\"1215\">Koscher &amp; Halal<\/strong> - Internationale Konformit\u00e4t bereit<\/p>\n<\/li>\n<li data-start=\"1251\" data-end=\"1321\">\n<p data-start=\"1253\" data-end=\"1321\"><strong data-start=\"1253\" data-end=\"1284\">Nicht gentechnisch ver\u00e4ndert \u00b7 Pflanzlich vegan<\/strong> - Saubere, pflanzliche Zutaten<\/p>\n<\/li>\n<li data-start=\"1322\" data-end=\"1380\">\n<p data-start=\"1324\" data-end=\"1380\"><strong data-start=\"1324\" data-end=\"1340\">Schnell und einfach<\/strong> - In Minutenschnelle bereit f\u00fcr volle Terminkalender<\/p>\n<\/li>\n<li data-start=\"1381\" data-end=\"1450\">\n<p data-start=\"1383\" data-end=\"1450\"><strong data-start=\"1383\" data-end=\"1411\">Geruchsneutrale Konjak-Nudeln<\/strong> - Sauberer Geschmack, weiche Nudeltextur<\/p>\n<\/li>\n<\/ul>","protected":false},"featured_media":2042,"comment_status":"open","ping_status":"closed","template":"","meta":[],"product_brand":[],"product_cat":[53],"product_tag":[],"class_list":{"0":"post-2054","1":"product","2":"type-product","3":"status-publish","4":"has-post-thumbnail","6":"product_cat-instant-konjac-noodles","8":"first","9":"instock","10":"shipping-taxable","11":"product-type-simple"},"_links":{"self":[{"href":"https:\/\/scmlkj.com\/de\/wp-json\/wp\/v2\/product\/2054","targetHints":{"allow":["GET"]}}],"collection":[{"href":"https:\/\/scmlkj.com\/de\/wp-json\/wp\/v2\/product"}],"about":[{"href":"https:\/\/scmlkj.com\/de\/wp-json\/wp\/v2\/types\/product"}],"replies":[{"embeddable":true,"href":"https:\/\/scmlkj.com\/de\/wp-json\/wp\/v2\/comments?post=2054"}],"wp:featuredmedia":[{"embeddable":true,"href":"https:\/\/scmlkj.com\/de\/wp-json\/wp\/v2\/media\/2042"}],"wp:attachment":[{"href":"https:\/\/scmlkj.com\/de\/wp-json\/wp\/v2\/media?parent=2054"}],"wp:term":[{"taxonomy":"product_brand","embeddable":true,"href":"https:\/\/scmlkj.com\/de\/wp-json\/wp\/v2\/product_brand?post=2054"},{"taxonomy":"product_cat","embeddable":true,"href":"https:\/\/scmlkj.com\/de\/wp-json\/wp\/v2\/product_cat?post=2054"},{"taxonomy":"product_tag","embeddable":true,"href":"https:\/\/scmlkj.com\/de\/wp-json\/wp\/v2\/product_tag?post=2054"}],"curies":[{"name":"wp","href":"https:\/\/api.w.org\/{rel}","templated":true}]}}