{"id":2078,"date":"2025-12-07T11:29:46","date_gmt":"2025-12-07T11:29:46","guid":{"rendered":"https:\/\/scmlkj.com\/?post_type=product&#038;p=2078"},"modified":"2026-04-12T07:25:59","modified_gmt":"2026-04-12T07:25:59","slug":"keto-freundlicher-shirataki-reis-aus-lila-suskartoffeln","status":"publish","type":"product","link":"https:\/\/scmlkj.com\/de\/produkte\/keto-freundlicher-shirataki-reis-aus-lila-suskartoffeln\/","title":{"rendered":"Keto-freundlicher Shirataki-Reis aus lila S\u00fc\u00dfkartoffeln"},"content":{"rendered":"<p><\/p>\n\n\n\n<h2 class=\"wp-block-heading\">Was ist lila S\u00fc\u00dfkartoffel-Konjak-Reis?<\/h2>\n\n\n\n<p>Lila S\u00fc\u00dfkartoffel-Konjak-Reis wird durch Mischen hergestellt. <strong>Konjakmehl mit violettem S\u00fc\u00dfkartoffelpulver<\/strong>, dann werden reis\u00e4hnliche K\u00f6rner gebildet und zur Haltbarkeit dehydriert.<\/p>\n\n\n\n<p>Im Vergleich zu herk\u00f6mmlichem Konjak-Reis bietet er:<\/p>\n\n\n\n<ul class=\"wp-block-list\">\n<li>Nat\u00fcrliche violette Farbe (ohne k\u00fcnstliche Farbstoffe)<\/li>\n\n\n\n<li>Starke visuelle Differenzierung auf Regal und Teller<\/li>\n\n\n\n<li>Verbesserte Wahrnehmung von \u201eSuperfoods\u201c und Antioxidantien<\/li>\n\n\n\n<li>Die gleiche extrem kalorienarme und kohlenhydratarme Leistung<\/li>\n<\/ul>\n\n\n\n<h2 class=\"wp-block-heading\">Produktspezifikationen<\/h2>\n\n\n\n<figure class=\"wp-block-table\"><table class=\"has-fixed-layout\"><tbody><tr><td><strong>Artikel<\/strong><\/td><td><strong>Einzelheiten<\/strong><\/td><\/tr><tr><td>Produktname<\/td><td>Lila S\u00fc\u00dfkartoffel-Shirataki-Reis<\/td><\/tr><tr><td>Produkttyp<\/td><td>Konjak-Reis (trocken)<\/td><\/tr><tr><td>Stil<\/td><td>Trocken \u00b7 Lagerstabil<\/td><\/tr><tr><td>Art der Verarbeitung<\/td><td>Verfeinert<\/td><\/tr><tr><td>Merkmal<\/td><td>Kohlenhydratarm \u00b7 Abnehmen<\/td><\/tr><tr><td>Hauptbestandteile<\/td><td>Bio Konjacmehl, Lila S\u00fc\u00dfkartoffelpulver<\/td><\/tr><tr><td>Fett<\/td><td><strong>Null<\/strong><\/td><\/tr><tr><td>Zucker<\/td><td><strong>Null<\/strong><\/td><\/tr><tr><td>Glutenfrei<\/td><td>Ja<\/td><\/tr><tr><td>Zubereitungsmethode<\/td><td><strong>Rehydrieren &amp; kochen<\/strong><\/td><\/tr><tr><td>Haltbarkeitsdauer<\/td><td>24 Monate<\/td><\/tr><tr><td>Verpackung<\/td><td>Beutel \/ Gro\u00dfpackung<\/td><\/tr><tr><td>Zertifizierungen<\/td><td>BRC \u00b7 IFS \u00b7 HACCP \u00b7 HALAL \u00b7 KOSHER \u00b7 NOP \u00b7 EU-BIO<\/td><\/tr><tr><td>Marke<\/td><td>OEM akzeptiert<\/td><\/tr><tr><td>Herkunftsort<\/td><td>Sichuan, China<\/td><\/tr><\/tbody><\/table><\/figure>\n\n\n\n<h2 class=\"wp-block-heading\">Zutaten<\/h2>\n\n\n\n<p>Konjakmehl (Glucomannan)<\/p>\n\n\n\n<p>Lila S\u00fc\u00dfkartoffelpulver<\/p>\n\n\n\n<p>Gereinigtes Wasser <em>(wird w\u00e4hrend der Verarbeitung verwendet)<\/em><\/p>\n\n\n\n<p>\u2714 Kein Reis \u00b7 kein Weizen \u00b7 kein Getreide \u00b7 keine k\u00fcnstlichen Zusatzstoffe<\/p>\n\n\n\n<h2 class=\"wp-block-heading\">Gesundheit &amp; Vorteile von Keto<\/h2>\n\n\n\n<p><strong> Ideale Keto- und Low-Carb-Alternative zu Reis<\/strong><\/p>\n\n\n\n<p>Dieses Produkt hat einen extrem niedrigen Netto-Kohlenhydratgehalt und passt perfekt zu:<\/p>\n\n\n\n<ul class=\"wp-block-list\">\n<li>Keto-Di\u00e4ten<\/li>\n\n\n\n<li>kohlenhydratarme Di\u00e4ten<\/li>\n\n\n\n<li>Diabetikerfreundliche Speisepl\u00e4ne<\/li>\n<\/ul>\n\n\n\n<hr class=\"wp-block-separator has-alpha-channel-opacity\"\/>\n\n\n\n<p><strong> Hochl\u00f6sliche Ballaststoffe<\/strong><\/p>\n\n\n\n<p>Konjak-Glucomannan:<\/p>\n\n\n\n<ul class=\"wp-block-list\">\n<li>nimmt Wasser auf und dehnt sich im Magen aus<\/li>\n\n\n\n<li>erh\u00f6ht das S\u00e4ttigungsgef\u00fchl<\/li>\n\n\n\n<li>hilft, Hunger und Kalorienaufnahme zu reduzieren<\/li>\n<\/ul>\n\n\n\n<p>Unterst\u00fctzt die langfristige Gewichtskontrolle.<\/p>\n\n\n\n<hr class=\"wp-block-separator has-alpha-channel-opacity\"\/>\n\n\n\n<p><strong>Nat\u00fcrliche antioxidative Wirkung<\/strong><\/p>\n\n\n\n<p>Lila S\u00fc\u00dfkartoffeln werden h\u00e4ufig assoziiert mit:<\/p>\n\n\n\n<ul class=\"wp-block-list\">\n<li>nat\u00fcrliche Anthocyane<\/li>\n\n\n\n<li>Positionierung von Antioxidantien<\/li>\n\n\n\n<li>Premium-Wahrnehmung als \u201eSuperfood\u201c<\/li>\n<\/ul>\n\n\n\n<p>Erh\u00f6ht den Marketingwert, ohne die Kalorienzahl zu erh\u00f6hen.<\/p>\n\n\n\n<h2 class=\"wp-block-heading\">Wie man sich vorbereitet<\/h2>\n\n\n\n<ol class=\"wp-block-list\">\n<li>Lila S\u00fc\u00dfkartoffel-Konjak-Reis in Wasser einweichen, bis er rehydriert ist.<\/li>\n\n\n\n<li>Abgie\u00dfen und absp\u00fclen<\/li>\n\n\n\n<li>Wie normalen Reis erhitzen oder anbraten<\/li>\n<\/ol>\n\n\n\n<p>Perfekt f\u00fcr:<\/p>\n\n\n\n<ul class=\"wp-block-list\">\n<li>bunte Reisschalen<\/li>\n\n\n\n<li>Keto-gebratener Reis<\/li>\n\n\n\n<li>Mahlzeitenvorbereitungsboxen<\/li>\n\n\n\n<li>optisch ansprechende Bento-Mahlzeiten<\/li>\n<\/ul>\n\n\n\n<p>Weitere Zubereitungsarten finden Sie unter <strong><a href=\"https:\/\/scmlkj.com\/de\/konjak-rezept\/\">Rezeptf\u00fchrer<\/a><\/strong><\/p>\n\n\n\n<h2 class=\"wp-block-heading\">OEM-\/Eigenmarkenoptionen<\/h2>\n\n\n\n<ul class=\"wp-block-list\">\n<li>Individuelle Verpackungsgr\u00f6\u00dfe (100 g\/500 g\/1 kg\/5 kg\/25 kg Gro\u00dfpackung)<\/li>\n\n\n\n<li>Verpackungen f\u00fcr den Einzelhandel oder die Gastronomie<\/li>\n\n\n\n<li>Bio-zertifizierte Versionen<\/li>\n\n\n\n<li>Gemischte Reis-Mischungen (Konjak + Hafer \/ Konjak + K\u00fcrbis)<\/li>\n\n\n\n<li>Unterst\u00fctzung bei der Entwicklung von Eigenmarken und deren Design<\/li>\n<\/ul>\n\n\n\n<p>M\u00f6chten Sie hinzuf\u00fcgen <strong>kalorienarme Reisalternative<\/strong> zu Ihrem Produktportfolio?<br><a href=\"https:\/\/scmlkj.com\/de\/kontakt\/\">Kontakt <strong>\u00d6stlicher Morgen<\/strong><\/a> f\u00fcr <strong>Konjak-Reis OEM<\/strong>, <a href=\"https:\/\/scmlkj.com\/de\/kostenlose-proben-anfordern\/\">Proben<\/a>und Mengenrabattl\u00f6sungen.<\/p>","protected":false},"excerpt":{"rendered":"<p data-start=\"581\" data-end=\"1008\">Der Purple Sweet Potato Shirataki Rice von Eastern Morning ist ein optisch auff\u00e4lliger Konjak-Reis, der mit nat\u00fcrlichem violettem S\u00fc\u00dfkartoffelpulver angereichert ist und sich durch eine leuchtend violette Farbe und pflanzliche N\u00e4hrstoffe auszeichnet.<br data-start=\"796\" data-end=\"799\" \/>Diese keto-freundliche, kalorienarme Reisalternative vereint die Vorteile von Konjak-Glucomannan mit dem antioxidantienreichen Image der violetten S\u00fc\u00dfkartoffel \u2013 perfekt f\u00fcr hochwertige, funktionelle und Clean-Label-Lebensmittelmarken.<\/p>\n<ul>\n<li data-start=\"1547\" data-end=\"1602\">\n<p data-start=\"1549\" data-end=\"1602\"><strong data-start=\"1549\" data-end=\"1600\">Mit nat\u00fcrlichem lila S\u00fc\u00dfkartoffelpulver angereichert<\/strong><\/p>\n<\/li>\n<li data-start=\"1603\" data-end=\"1647\">\n<p data-start=\"1605\" data-end=\"1647\"><strong data-start=\"1605\" data-end=\"1645\">Keto-freundliche und kohlenhydratarme Grundnahrungsmittel<\/strong><\/p>\n<\/li>\n<li data-start=\"1648\" data-end=\"1717\">\n<p data-start=\"1650\" data-end=\"1717\"><strong data-start=\"1650\" data-end=\"1683\">Reich an l\u00f6slichen Ballaststoffen<\/strong> \u2013 unterst\u00fctzt die S\u00e4ttigung und Verdauung<\/p>\n<\/li>\n<li data-start=\"1718\" data-end=\"1747\">\n<p data-start=\"1720\" data-end=\"1747\"><strong data-start=\"1720\" data-end=\"1745\">Null Fett \u00b7 Null Zucker<\/strong><\/p>\n<\/li>\n<li data-start=\"1748\" data-end=\"1780\">\n<p data-start=\"1750\" data-end=\"1780\"><strong data-start=\"1750\" data-end=\"1778\">Glutenfrei &amp; Getreidefrei<\/strong><\/p>\n<\/li>\n<li data-start=\"1781\" data-end=\"1814\">\n<p data-start=\"1783\" data-end=\"1814\"><strong data-start=\"1783\" data-end=\"1812\">Pflanzlich &amp; Clean Label<\/strong><\/p>\n<\/li>\n<li data-start=\"1815\" data-end=\"1878\">\n<p data-start=\"1817\" data-end=\"1878\"><strong data-start=\"1817\" data-end=\"1845\">Trocken, haltbar<\/strong> \u2013 Export- und E-Commerce-freundlich<\/p>\n<\/li>\n<li data-start=\"1879\" data-end=\"1913\">\n<p data-start=\"1881\" data-end=\"1913\"><strong data-start=\"1881\" data-end=\"1913\">OEM \/ Eigenmarke akzeptiert<\/strong><\/p>\n<\/li>\n<\/ul>","protected":false},"featured_media":2081,"comment_status":"open","ping_status":"closed","template":"","meta":[],"product_brand":[],"product_cat":[29],"product_tag":[],"class_list":{"0":"post-2078","1":"product","2":"type-product","3":"status-publish","4":"has-post-thumbnail","6":"product_cat-konjac-rice-series","8":"first","9":"instock","10":"shipping-taxable","11":"product-type-simple"},"_links":{"self":[{"href":"https:\/\/scmlkj.com\/de\/wp-json\/wp\/v2\/product\/2078","targetHints":{"allow":["GET"]}}],"collection":[{"href":"https:\/\/scmlkj.com\/de\/wp-json\/wp\/v2\/product"}],"about":[{"href":"https:\/\/scmlkj.com\/de\/wp-json\/wp\/v2\/types\/product"}],"replies":[{"embeddable":true,"href":"https:\/\/scmlkj.com\/de\/wp-json\/wp\/v2\/comments?post=2078"}],"wp:featuredmedia":[{"embeddable":true,"href":"https:\/\/scmlkj.com\/de\/wp-json\/wp\/v2\/media\/2081"}],"wp:attachment":[{"href":"https:\/\/scmlkj.com\/de\/wp-json\/wp\/v2\/media?parent=2078"}],"wp:term":[{"taxonomy":"product_brand","embeddable":true,"href":"https:\/\/scmlkj.com\/de\/wp-json\/wp\/v2\/product_brand?post=2078"},{"taxonomy":"product_cat","embeddable":true,"href":"https:\/\/scmlkj.com\/de\/wp-json\/wp\/v2\/product_cat?post=2078"},{"taxonomy":"product_tag","embeddable":true,"href":"https:\/\/scmlkj.com\/de\/wp-json\/wp\/v2\/product_tag?post=2078"}],"curies":[{"name":"wp","href":"https:\/\/api.w.org\/{rel}","templated":true}]}}