{"id":2085,"date":"2025-12-07T11:39:25","date_gmt":"2025-12-07T11:39:25","guid":{"rendered":"https:\/\/scmlkj.com\/?post_type=product&#038;p=2085"},"modified":"2026-04-12T07:25:38","modified_gmt":"2026-04-12T07:25:38","slug":"trockener-kurbis-konjak-shirataki-reis","status":"publish","type":"product","link":"https:\/\/scmlkj.com\/de\/produkte\/trockener-kurbis-konjak-shirataki-reis\/","title":{"rendered":"Trockener K\u00fcrbis Konjac Shirataki-Reis"},"content":{"rendered":"<h2 class=\"wp-block-heading\">Was ist K\u00fcrbis-Konjak-Reis?<\/h2>\n\n\n\n<p>K\u00fcrbis-Konjak-Reis wird durch Mischen hergestellt. <strong>Konjakmehl mit K\u00fcrbispulver<\/strong>, dann reis\u00e4hnliche K\u00f6rner bilden und diese dehydrieren.<\/p>\n\n\n\n<p>Im Vergleich zu einfachem Konjak-Reis bietet er:<\/p>\n\n\n\n<ul class=\"wp-block-list\">\n<li>Nat\u00fcrliche K\u00fcrbisfarbe<\/li>\n\n\n\n<li>Verbesserte visuelle Unterscheidung<\/li>\n\n\n\n<li>Milder Gem\u00fcsegeschmack<\/li>\n\n\n\n<li>Gleiche extrem kalorienarme Leistung<\/li>\n<\/ul>\n\n\n\n<p>Und das alles ohne Getreide und Gluten.<\/p>\n\n\n\n<h2 class=\"wp-block-heading\">Produktspezifikationen<\/h2>\n\n\n\n<figure class=\"wp-block-table\"><table class=\"has-fixed-layout\"><tbody><tr><td><strong>Artikel<\/strong><\/td><td><strong>Einzelheiten<\/strong><\/td><\/tr><tr><td>Produktname<\/td><td>Trockener K\u00fcrbis Konjac Shirataki-Reis<\/td><\/tr><tr><td>Produkttyp<\/td><td>Trockener Konjak-Reis<\/td><\/tr><tr><td>Stil<\/td><td>Trocken \u00b7 Lagerstabil<\/td><\/tr><tr><td>Art der Verarbeitung<\/td><td>Verfeinert<\/td><\/tr><tr><td>Merkmal<\/td><td>Kohlenhydratarm \u00b7 Abnehmen<\/td><\/tr><tr><td>Hauptbestandteile<\/td><td>Bio-Konjakmehl, K\u00fcrbispulver<\/td><\/tr><tr><td>Fett<\/td><td><strong>Null<\/strong><\/td><\/tr><tr><td>Zucker<\/td><td><strong>Null<\/strong><\/td><\/tr><tr><td>Glutenfrei<\/td><td>Ja<\/td><\/tr><tr><td>Zubereitungsmethode<\/td><td><strong>Rehydrieren &amp; kochen<\/strong><\/td><\/tr><tr><td>Haltbarkeitsdauer<\/td><td>24 Monate<\/td><\/tr><tr><td>Verpackung<\/td><td>Beutel \/ Gro\u00dfpackung<\/td><\/tr><tr><td>Zertifizierungen<\/td><td>BRC \u00b7 IFS \u00b7 HACCP \u00b7 HALAL \u00b7 KOSHER \u00b7 NOP \u00b7 EU-BIO<\/td><\/tr><tr><td>Marke<\/td><td>OEM akzeptiert<\/td><\/tr><tr><td>Herkunftsort<\/td><td>Sichuan, China<\/td><\/tr><\/tbody><\/table><\/figure>\n\n\n\n<h2 class=\"wp-block-heading\">Zutaten<\/h2>\n\n\n\n<p>Konjakmehl (Glucomannan)<\/p>\n\n\n\n<p>K\u00fcrbispulver<\/p>\n\n\n\n<p>Gereinigtes Wasser <em>(wird w\u00e4hrend der Verarbeitung verwendet)<\/em><\/p>\n\n\n\n<p>\u2714 Kein Reis \u00b7 kein Weizen \u00b7 kein Getreide \u00b7 keine k\u00fcnstlichen Zusatzstoffe<\/p>\n\n\n\n<h2 class=\"wp-block-heading\">Gesundheitliche und funktionelle Vorteile<\/h2>\n\n\n\n<p><strong> Schlankheitsfreundliches Grundnahrungsmittel<\/strong><\/p>\n\n\n\n<p>Mit fast null Kalorien erm\u00f6glicht K\u00fcrbis-Konjak-Reis den Verbrauchern, Reisgerichte zu genie\u00dfen und gleichzeitig die Kalorienaufnahme deutlich zu reduzieren.<\/p>\n\n\n\n<hr class=\"wp-block-separator has-alpha-channel-opacity\"\/>\n\n\n\n<p><strong>Hochl\u00f6sliche Ballaststoffe<\/strong><\/p>\n\n\n\n<p>Konjak-Glucomannan:<\/p>\n\n\n\n<ul class=\"wp-block-list\">\n<li>nimmt Wasser auf und dehnt sich im Magen aus<\/li>\n\n\n\n<li>erh\u00f6ht das S\u00e4ttigungsgef\u00fchl<\/li>\n\n\n\n<li>hilft, den Appetit zu reduzieren und \u00fcberm\u00e4\u00dfiges Essen zu vermeiden<\/li>\n<\/ul>\n\n\n\n<p>Unterst\u00fctzt die langfristige Gewichtskontrolle.<\/p>\n\n\n\n<hr class=\"wp-block-separator has-alpha-channel-opacity\"\/>\n\n\n\n<p><strong>Nat\u00fcrliche Pflanzenveredelung<\/strong><\/p>\n\n\n\n<p>K\u00fcrbispulver f\u00fcgt hinzu:<\/p>\n\n\n\n<ul class=\"wp-block-list\">\n<li>nat\u00fcrliche Pflanzenfarbstoffe<\/li>\n\n\n\n<li>milde pflanzliche Noten<\/li>\n\n\n\n<li>Verbesserte Akzeptanz bei Verbrauchern, die Konjak zum ersten Mal verwenden<\/li>\n<\/ul>\n\n\n\n<h2 class=\"wp-block-heading\">Wie man sich vorbereitet<\/h2>\n\n\n\n<ol class=\"wp-block-list\">\n<li>Trockenen K\u00fcrbis-Konjak-Reis in Wasser einweichen, bis er vollst\u00e4ndig rehydriert ist.<\/li>\n\n\n\n<li>Abgie\u00dfen und absp\u00fclen<\/li>\n\n\n\n<li>Wie normalen Reis erhitzen oder anbraten<\/li>\n<\/ol>\n\n\n\n<p>Perfekt f\u00fcr:<\/p>\n\n\n\n<ul class=\"wp-block-list\">\n<li>K\u00fcrbis-Reis<\/li>\n\n\n\n<li>bunte Reisschalen<\/li>\n\n\n\n<li>Mahlzeitenvorbereitungsboxen<\/li>\n\n\n\n<li>kohlenhydratarme Bento-Mahlzeiten<\/li>\n<\/ul>\n\n\n\n<p>Weitere Zubereitungsarten finden Sie unter <strong><a href=\"https:\/\/scmlkj.com\/de\/konjak-rezept\/\">Rezeptf\u00fchrer<\/a><\/strong><\/p>\n\n\n\n<h2 class=\"wp-block-heading\">Warum K\u00fcrbis-Konjak-Reis f\u00fcr Clean-Label- und Schlankheitsdi\u00e4ten geeignet ist<\/h2>\n\n\n\n<p>K\u00fcrbis-Konjak-Reis bietet eine nat\u00fcrlich gef\u00e4rbte, mit Gem\u00fcse angereicherte Alternative zu normalem Shirataki-Reis und ist gleichzeitig extrem kalorienarm und enth\u00e4lt nur wenige Kohlenhydrate. Der milde K\u00fcrbisgeschmack verbessert die Verbraucherakzeptanz und macht ihn ideal f\u00fcr Clean-Label-, Schlankheits- und Keto-freundliche Grundnahrungsmittel, ohne auf k\u00fcnstliche Farb- oder Zusatzstoffe angewiesen zu sein.<\/p>\n\n\n\n<h2 class=\"wp-block-heading\">OEM-\/Eigenmarkenoptionen<\/h2>\n\n\n\n<ul class=\"wp-block-list\">\n<li>Individuelle Verpackungsgr\u00f6\u00dfe (100 g\/500 g\/1 kg\/5 kg\/25 kg Gro\u00dfpackung)<\/li>\n\n\n\n<li>Verpackungen f\u00fcr den Einzelhandel oder die Gastronomie<\/li>\n\n\n\n<li>Bio-zertifizierte Versionen<\/li>\n\n\n\n<li>Gemischte Reis-Mischungen (Konjak + Hafer \/ Konjak + K\u00fcrbis)<\/li>\n\n\n\n<li>Unterst\u00fctzung bei der Entwicklung von Eigenmarken und deren Design<\/li>\n<\/ul>\n\n\n\n<p>M\u00f6chten Sie hinzuf\u00fcgen <strong>kalorienarme Reisalternative<\/strong> zu Ihrem Produktportfolio?<br><a href=\"https:\/\/scmlkj.com\/de\/kontakt\/\">Kontakt <strong>\u00d6stlicher Morgen<\/strong><\/a> f\u00fcr <strong>Konjak-Reis OEM<\/strong>, <a href=\"https:\/\/scmlkj.com\/de\/kostenlose-proben-anfordern\/\">Proben<\/a>und Mengenrabattl\u00f6sungen.<\/p>","protected":false},"excerpt":{"rendered":"<p>Der Dry Pumpkin Konjac Shirataki Rice von Eastern Morning ist ein haltbarer Konjak-Reis mit nat\u00fcrlichem K\u00fcrbispulver, der eine warme goldene Farbe und ein dezentes Gem\u00fcsearoma hat. Hergestellt aus hochwertigem Konjak-Glucomannan und getrocknet f\u00fcr eine l\u00e4ngere Haltbarkeit, vereint dieses Produkt optische Attraktivit\u00e4t, geringe Kalorien und einen hohen Ballaststoffgehalt \u2013 was es zu einem idealen Grundnahrungsmittel f\u00fcr Schlankheits-, Keto- und Clean-Label-Di\u00e4ten macht.<\/p>\n<ul>\n<li data-start=\"1412\" data-end=\"1480\">\n<p data-start=\"1414\" data-end=\"1480\"><strong data-start=\"1414\" data-end=\"1453\">Mit nat\u00fcrlichem K\u00fcrbispulver angereichert<\/strong> \u2013 Keine k\u00fcnstlichen Farbstoffe<\/p>\n<\/li>\n<li data-start=\"1481\" data-end=\"1554\">\n<p data-start=\"1483\" data-end=\"1554\"><strong data-start=\"1483\" data-end=\"1515\">Kalorienarme Alternative zu Reis<\/strong> \u2013 Ideal als t\u00e4glicher Grundnahrungsmittelersatz<\/p>\n<\/li>\n<li data-start=\"1555\" data-end=\"1623\">\n<p data-start=\"1557\" data-end=\"1623\"><strong data-start=\"1557\" data-end=\"1590\">Reich an l\u00f6slichen Ballaststoffen<\/strong> \u2013 F\u00f6rdert das S\u00e4ttigungsgef\u00fchl und die Verdauung<\/p>\n<\/li>\n<li data-start=\"1624\" data-end=\"1664\">\n<p data-start=\"1626\" data-end=\"1664\"><strong data-start=\"1626\" data-end=\"1662\">Null Fett \u00b7 Null Zucker \u00b7 Kohlenhydratarm<\/strong><\/p>\n<\/li>\n<li data-start=\"1665\" data-end=\"1697\">\n<p data-start=\"1667\" data-end=\"1697\"><strong data-start=\"1667\" data-end=\"1695\">Glutenfrei &amp; Getreidefrei<\/strong><\/p>\n<\/li>\n<li data-start=\"1698\" data-end=\"1765\">\n<p data-start=\"1700\" data-end=\"1765\"><strong data-start=\"1700\" data-end=\"1729\">Trockenes und lagerstabiles Format<\/strong> \u2013 Export- und E-Commerce-freundlich<\/p>\n<\/li>\n<li data-start=\"1766\" data-end=\"1805\">\n<p data-start=\"1768\" data-end=\"1805\"><strong data-start=\"1768\" data-end=\"1803\">Leichtgewicht f\u00fcr den weltweiten Versand<\/strong><\/p>\n<\/li>\n<li data-start=\"1806\" data-end=\"1840\">\n<p data-start=\"1808\" data-end=\"1840\"><strong data-start=\"1808\" data-end=\"1840\">OEM \/ Eigenmarke akzeptiert<\/strong><\/p>\n<\/li>\n<\/ul>","protected":false},"featured_media":2088,"comment_status":"open","ping_status":"closed","template":"","meta":[],"product_brand":[],"product_cat":[29],"product_tag":[],"class_list":{"0":"post-2085","1":"product","2":"type-product","3":"status-publish","4":"has-post-thumbnail","6":"product_cat-konjac-rice-series","8":"first","9":"instock","10":"shipping-taxable","11":"product-type-simple"},"_links":{"self":[{"href":"https:\/\/scmlkj.com\/de\/wp-json\/wp\/v2\/product\/2085","targetHints":{"allow":["GET"]}}],"collection":[{"href":"https:\/\/scmlkj.com\/de\/wp-json\/wp\/v2\/product"}],"about":[{"href":"https:\/\/scmlkj.com\/de\/wp-json\/wp\/v2\/types\/product"}],"replies":[{"embeddable":true,"href":"https:\/\/scmlkj.com\/de\/wp-json\/wp\/v2\/comments?post=2085"}],"wp:featuredmedia":[{"embeddable":true,"href":"https:\/\/scmlkj.com\/de\/wp-json\/wp\/v2\/media\/2088"}],"wp:attachment":[{"href":"https:\/\/scmlkj.com\/de\/wp-json\/wp\/v2\/media?parent=2085"}],"wp:term":[{"taxonomy":"product_brand","embeddable":true,"href":"https:\/\/scmlkj.com\/de\/wp-json\/wp\/v2\/product_brand?post=2085"},{"taxonomy":"product_cat","embeddable":true,"href":"https:\/\/scmlkj.com\/de\/wp-json\/wp\/v2\/product_cat?post=2085"},{"taxonomy":"product_tag","embeddable":true,"href":"https:\/\/scmlkj.com\/de\/wp-json\/wp\/v2\/product_tag?post=2085"}],"curies":[{"name":"wp","href":"https:\/\/api.w.org\/{rel}","templated":true}]}}