{"id":2094,"date":"2025-12-08T06:22:14","date_gmt":"2025-12-08T06:22:14","guid":{"rendered":"https:\/\/scmlkj.com\/?post_type=product&#038;p=2094"},"modified":"2026-04-12T07:24:02","modified_gmt":"2026-04-12T07:24:02","slug":"oem-schlankheitsmittel-aus-biologischem-trockenem-shirataki-reis","status":"publish","type":"product","link":"https:\/\/scmlkj.com\/de\/produkte\/oem-schlankheitsmittel-aus-biologischem-trockenem-shirataki-reis\/","title":{"rendered":"OEM Schlankheitsmittel Bio-Trockenreis Shirataki"},"content":{"rendered":"<h2 class=\"wp-block-heading\">Was ist trockener Shirataki-Reis?<\/h2>\n\n\n\n<p><a href=\"https:\/\/scmlkj.com\/de\/product-category\/konjac-reis-serie\/\">Trockener Shirataki-Reis<\/a> wird erzeugt durch <strong>Trocknen von Konjak-Reisgranulat<\/strong> hergestellt aus Konjak-Glucomannan.<br>Vor dem Verzehr wird er einfach rehydriert und gekocht und dann wie normaler Reis verwendet.<\/p>\n\n\n\n<p><strong>Wesentliche Vorteile gegen\u00fcber nassem Konjakreis:<\/strong><\/p>\n\n\n\n<ul class=\"wp-block-list\">\n<li>Keine Einweichfl\u00fcssigkeit<\/li>\n\n\n\n<li>Viel leichteres Gewicht<\/li>\n\n\n\n<li>L\u00e4ngere Haltbarkeit<\/li>\n\n\n\n<li>Besser geeignet f\u00fcr internationalen Versand und E-Commerce<\/li>\n<\/ul>\n\n\n\n<h2 class=\"wp-block-heading\">Produktspezifikationen<\/h2>\n\n\n\n<figure class=\"wp-block-table\"><table class=\"has-fixed-layout\"><tbody><tr><td><strong>Artikel<\/strong><\/td><td><strong>Einzelheiten<\/strong><\/td><\/tr><tr><td>Produktname<\/td><td>Bio-Trockenreis Shirataki<\/td><\/tr><tr><td>Produkttyp<\/td><td>Trockener Konjak-Reis<\/td><\/tr><tr><td>Stil<\/td><td>Trocken \u00b7 Lagerstabil<\/td><\/tr><tr><td>Art der Verarbeitung<\/td><td>Verfeinert<\/td><\/tr><tr><td>Merkmal<\/td><td>Kohlenhydratarm \u00b7 Abnehmen<\/td><\/tr><tr><td>Hauptbestandteile<\/td><td>Bio-Konjakmehl<\/td><\/tr><tr><td>Fett<\/td><td><strong>Null<\/strong><\/td><\/tr><tr><td>Zucker<\/td><td><strong>Null<\/strong><\/td><\/tr><tr><td>Glutenfrei<\/td><td>Ja<\/td><\/tr><tr><td>Zubereitungsmethode<\/td><td><strong>Rehydrieren &amp; kochen<\/strong><\/td><\/tr><tr><td>Haltbarkeitsdauer<\/td><td>24 Monate<\/td><\/tr><tr><td>Verpackung<\/td><td>Beutel \/ Gro\u00dfpackung<\/td><\/tr><tr><td>Zertifizierungen<\/td><td>BRC \u00b7 IFS \u00b7 HACCP \u00b7 HALAL \u00b7 KOSHER \u00b7 NOP \u00b7 EU-BIO<\/td><\/tr><tr><td>Marke<\/td><td>OEM akzeptiert<\/td><\/tr><tr><td>Herkunftsort<\/td><td>Sichuan, China<\/td><\/tr><\/tbody><\/table><\/figure>\n\n\n\n<h2 class=\"wp-block-heading\">Zutaten<\/h2>\n\n\n\n<p>Bio-Konjakmehl (Glucomannan)<\/p>\n\n\n\n<p>Gereinigtes Wasser <em>(wird w\u00e4hrend der Verarbeitung verwendet)<\/em><\/p>\n\n\n\n<p>\u2714 Kein Getreide - kein Weizen - kein Reis - keine k\u00fcnstlichen F\u00fcllstoffe - keine Konservierungsstoffe<\/p>\n\n\n\n<h2 class=\"wp-block-heading\">Ern\u00e4hrungs- und Gesundheitsvorteile<\/h2>\n\n\n\n<p><strong>Erh\u00f6ht das S\u00e4ttigungsgef\u00fchl und reduziert den Appetit<\/strong><\/p>\n\n\n\n<p><strong>Kalorienarmer Reisersatz<\/strong><\/p>\n\n\n\n<p>Trockener Konjakreis liefert <strong>fast null Kalorien<\/strong>, wodurch Verbraucher ihre t\u00e4gliche Energiezufuhr deutlich reduzieren k\u00f6nnen, ohne ihre Ern\u00e4hrungsgewohnheiten in Bezug auf Grundnahrungsmittel zu \u00e4ndern.<\/p>\n\n\n\n<hr class=\"wp-block-separator has-alpha-channel-opacity\"\/>\n\n\n\n<p><strong>Hochl\u00f6sliche Ballaststoffe<\/strong><\/p>\n\n\n\n<p>Konjak-Glucomannan:<\/p>\n\n\n\n<ul class=\"wp-block-list\">\n<li>nimmt Wasser auf und dehnt sich im Magen aus<\/li>\n\n\n\n<li>erh\u00f6ht das S\u00e4ttigungsgef\u00fchl<\/li>\n\n\n\n<li>reduziert Hunger und \u00fcberm\u00e4\u00dfiges Essen<\/li>\n<\/ul>\n\n\n\n<p>Eine wirksame L\u00f6sung f\u00fcr Di\u00e4ten zur Gewichtsreduktion.<\/p>\n\n\n\n<hr class=\"wp-block-separator has-alpha-channel-opacity\"\/>\n\n\n\n<p><strong>Unterst\u00fctzt die Blutzuckerkontrolle<\/strong><\/p>\n\n\n\n<p>Mit einem <strong>niedriger glyk\u00e4mischer Index<\/strong>Konjakreis verlangsamt die Glukoseaufnahme und eignet sich daher f\u00fcr:<\/p>\n\n\n\n<ul class=\"wp-block-list\">\n<li>Diabetes-Management<\/li>\n\n\n\n<li>Nahrungsmittel mit niedrigem glyk\u00e4mischen Index<\/li>\n\n\n\n<li>Programme f\u00fcr eine gesunde Stoffwechselfunktion<\/li>\n<\/ul>\n\n\n\n<h2 class=\"wp-block-heading\">Wie man sich vorbereitet<\/h2>\n\n\n\n<ol class=\"wp-block-list\">\n<li>Trockenen Shirataki-Reis in Wasser einweichen, bis er vollst\u00e4ndig rehydriert ist<\/li>\n\n\n\n<li>Abgie\u00dfen und gr\u00fcndlich aussp\u00fclen<\/li>\n\n\n\n<li>Wie normalen Reis kochen oder braten<\/li>\n\n\n\n<li>Nach Bedarf w\u00fcrzen oder mit anderen Zutaten kombinieren<\/li>\n<\/ol>\n\n\n\n<blockquote class=\"wp-block-quote is-layout-flow wp-block-quote-is-layout-flow\">\n<p>Geeignet f\u00fcr Gro\u00dfk\u00fcchen, Mahlzeitenzubereitungsbetriebe und Einzelhandelskunden.<\/p>\n<\/blockquote>\n\n\n\n<h2 class=\"wp-block-heading\">Perfekt f\u00fcr:<\/h2>\n\n\n\n<ul class=\"wp-block-list\">\n<li>Reissch\u00fcsseln<\/li>\n\n\n\n<li>gebratener Reis<\/li>\n\n\n\n<li>Essenszubereitung<\/li>\n\n\n\n<li>Currygerichte<\/li>\n\n\n\n<li>Low-Carb-Bento-Boxen<\/li>\n<\/ul>\n\n\n\n<p>Weitere Zubereitungsarten finden Sie unter <strong><a href=\"https:\/\/scmlkj.com\/de\/konjak-rezept\/\">Rezeptf\u00fchrer<\/a><\/strong><\/p>\n\n\n\n<figure class=\"wp-block-image size-large\"><img fetchpriority=\"high\" decoding=\"async\" width=\"1024\" height=\"682\" src=\"https:\/\/scmlkj.com\/wp-content\/uploads\/2025\/12\/Dried-Konjac-Rice-Bulk-1024x682.jpg\" alt=\"\" class=\"wp-image-2826\" srcset=\"https:\/\/scmlkj.com\/wp-content\/uploads\/2025\/12\/Dried-Konjac-Rice-Bulk-1024x682.jpg 1024w, https:\/\/scmlkj.com\/wp-content\/uploads\/2025\/12\/Dried-Konjac-Rice-Bulk-300x200.jpg 300w, https:\/\/scmlkj.com\/wp-content\/uploads\/2025\/12\/Dried-Konjac-Rice-Bulk-768x512.jpg 768w, https:\/\/scmlkj.com\/wp-content\/uploads\/2025\/12\/Dried-Konjac-Rice-Bulk-1536x1024.jpg 1536w, https:\/\/scmlkj.com\/wp-content\/uploads\/2025\/12\/Dried-Konjac-Rice-Bulk-18x12.jpg 18w, https:\/\/scmlkj.com\/wp-content\/uploads\/2025\/12\/Dried-Konjac-Rice-Bulk-600x400.jpg 600w, https:\/\/scmlkj.com\/wp-content\/uploads\/2025\/12\/Dried-Konjac-Rice-Bulk.jpg 2000w\" sizes=\"(max-width: 1024px) 100vw, 1024px\" \/><\/figure>\n\n\n\n<h2 class=\"wp-block-heading\">OEM-\/Eigenmarkenoptionen<\/h2>\n\n\n\n<ul class=\"wp-block-list\">\n<li>Individuelle Verpackungsgr\u00f6\u00dfe (100 g\/500 g\/1 kg\/5 kg\/25 kg Gro\u00dfpackung)<\/li>\n\n\n\n<li>Verpackungen f\u00fcr den Einzelhandel oder die Gastronomie<\/li>\n\n\n\n<li>Bio-zertifizierte Versionen<\/li>\n\n\n\n<li>Gemischte Reis-Mischungen (Konjak + Hafer \/ Konjak + K\u00fcrbis)<\/li>\n\n\n\n<li>Unterst\u00fctzung bei der Entwicklung von Eigenmarken und deren Design<\/li>\n<\/ul>\n\n\n\n<p>M\u00f6chten Sie hinzuf\u00fcgen <strong>kalorienarme Reisalternative<\/strong> zu Ihrem Produktportfolio?<br><a href=\"https:\/\/scmlkj.com\/de\/kontakt\/\">Kontakt <strong>\u00d6stlicher Morgen<\/strong><\/a> f\u00fcr <strong>Konjak-Reis OEM<\/strong>, <a href=\"https:\/\/scmlkj.com\/de\/kostenlose-proben-anfordern\/\">Proben<\/a>und Mengenrabattl\u00f6sungen.<\/p>\n\n\n\n<p><\/p>","protected":false},"excerpt":{"rendered":"<p data-start=\"555\" data-end=\"923\">Der Bio-Trockenreis Shirataki von Eastern Morning ist ein lagerstabiler, exportfreundlicher Konjak-Reis, der aus Bio-Konjakmehl unter Verwendung fortschrittlicher Dehydrierungstechnologie hergestellt wird. Im Vergleich zu feuchtem Konjak-Reis bietet diese Trockenversion ein geringeres Gewicht, eine l\u00e4ngere Haltbarkeit und niedrigere Logistikkosten, wodurch er sich ideal f\u00fcr globale OEM-, Eigenmarken- und Gro\u00dfhandelsprojekte eignet.<\/p>\n<p data-start=\"925\" data-end=\"1100\">Nach der Rehydrierung hat es eine reis\u00e4hnliche Konsistenz, ist extrem kalorienarm und reich an l\u00f6slichen Ballaststoffen \u2013 ideal f\u00fcr den Markt f\u00fcr Schlankheits-, Low-Carb- und funktionelle Grundnahrungsmittel.<\/p>\n<ul>\n<li data-start=\"1547\" data-end=\"1620\">\n<p data-start=\"1549\" data-end=\"1620\"><strong data-start=\"1549\" data-end=\"1583\">Bio-zertifiziertes Konjakmehl<\/strong> \u2013 Clean Label, Premium-Positionierung<\/p>\n<\/li>\n<li data-start=\"1621\" data-end=\"1684\">\n<p data-start=\"1623\" data-end=\"1684\"><strong data-start=\"1623\" data-end=\"1647\">Schlankmachendes Grundnahrungsmittel<\/strong> \u2013 Extrem kalorienarm und kohlenhydratarm<\/p>\n<\/li>\n<li data-start=\"1685\" data-end=\"1753\">\n<p data-start=\"1687\" data-end=\"1753\"><strong data-start=\"1687\" data-end=\"1720\">Reich an l\u00f6slichen Ballaststoffen<\/strong> \u2013 F\u00f6rdert das S\u00e4ttigungsgef\u00fchl und die Verdauung<\/p>\n<\/li>\n<li data-start=\"1754\" data-end=\"1783\">\n<p data-start=\"1756\" data-end=\"1783\"><strong data-start=\"1756\" data-end=\"1781\">Null Fett \u00b7 Null Zucker<\/strong><\/p>\n<\/li>\n<li data-start=\"1784\" data-end=\"1845\">\n<p data-start=\"1786\" data-end=\"1845\"><strong data-start=\"1786\" data-end=\"1801\">Glutenfrei<\/strong> \u2013 F\u00fcr glutenempfindliche Verbraucher geeignet<\/p>\n<\/li>\n<li data-start=\"1846\" data-end=\"1912\">\n<p data-start=\"1848\" data-end=\"1912\"><strong data-start=\"1848\" data-end=\"1877\">Trockenes und lagerstabiles Format<\/strong> \u2013 Ideal f\u00fcr Export und Gro\u00dflieferungen<\/p>\n<\/li>\n<li data-start=\"1913\" data-end=\"1958\">\n<p data-start=\"1915\" data-end=\"1958\"><strong data-start=\"1915\" data-end=\"1956\">Leichter und kosteng\u00fcnstiger Versand<\/strong><\/p>\n<\/li>\n<li data-start=\"1959\" data-end=\"1993\">\n<p data-start=\"1961\" data-end=\"1993\"><strong data-start=\"1961\" data-end=\"1993\">OEM \/ Eigenmarke akzeptiert<\/strong><\/p>\n<\/li>\n<\/ul>","protected":false},"featured_media":2097,"comment_status":"open","ping_status":"closed","template":"","meta":[],"product_brand":[],"product_cat":[29],"product_tag":[],"class_list":{"0":"post-2094","1":"product","2":"type-product","3":"status-publish","4":"has-post-thumbnail","6":"product_cat-konjac-rice-series","8":"first","9":"instock","10":"shipping-taxable","11":"product-type-simple"},"_links":{"self":[{"href":"https:\/\/scmlkj.com\/de\/wp-json\/wp\/v2\/product\/2094","targetHints":{"allow":["GET"]}}],"collection":[{"href":"https:\/\/scmlkj.com\/de\/wp-json\/wp\/v2\/product"}],"about":[{"href":"https:\/\/scmlkj.com\/de\/wp-json\/wp\/v2\/types\/product"}],"replies":[{"embeddable":true,"href":"https:\/\/scmlkj.com\/de\/wp-json\/wp\/v2\/comments?post=2094"}],"wp:featuredmedia":[{"embeddable":true,"href":"https:\/\/scmlkj.com\/de\/wp-json\/wp\/v2\/media\/2097"}],"wp:attachment":[{"href":"https:\/\/scmlkj.com\/de\/wp-json\/wp\/v2\/media?parent=2094"}],"wp:term":[{"taxonomy":"product_brand","embeddable":true,"href":"https:\/\/scmlkj.com\/de\/wp-json\/wp\/v2\/product_brand?post=2094"},{"taxonomy":"product_cat","embeddable":true,"href":"https:\/\/scmlkj.com\/de\/wp-json\/wp\/v2\/product_cat?post=2094"},{"taxonomy":"product_tag","embeddable":true,"href":"https:\/\/scmlkj.com\/de\/wp-json\/wp\/v2\/product_tag?post=2094"}],"curies":[{"name":"wp","href":"https:\/\/api.w.org\/{rel}","templated":true}]}}