{"id":2098,"date":"2025-12-08T06:34:25","date_gmt":"2025-12-08T06:34:25","guid":{"rendered":"https:\/\/scmlkj.com\/?post_type=product&#038;p=2098"},"modified":"2026-04-12T07:23:27","modified_gmt":"2026-04-12T07:23:27","slug":"groshandel-konjak-instant-shirataki-reis","status":"publish","type":"product","link":"https:\/\/scmlkj.com\/de\/produkte\/groshandel-konjak-instant-shirataki-reis\/","title":{"rendered":"Gro\u00dfhandel trockener Konjac Shirataki-Reis"},"content":{"rendered":"<p><\/p>\n\n\n\n<h2 class=\"wp-block-heading\">Was ist trockener Shirataki-Reis?<\/h2>\n\n\n\n<p>Trockener Shirataki-Reis wird hergestellt aus <strong>Konjakmehl (Glucomannan)<\/strong> unter Verwendung einer fortschrittlichen Verarbeitungstechnologie, die reisf\u00f6rmige Granulate bildet.<\/p>\n\n\n\n<p>Im Vergleich zu trockenem Konjakreis bietet diese Instant-Version:<\/p>\n\n\n\n<ul class=\"wp-block-list\">\n<li>Wird vorgefeuchtet geliefert<\/li>\n\n\n\n<li>Kein Einweichen erforderlich<\/li>\n\n\n\n<li>Schneller kochen<\/li>\n\n\n\n<li>Ist f\u00fcr Erstkonsumenten einfacher<\/li>\n<\/ul>\n\n\n\n<p>Es liefert eine <strong>reis\u00e4hnliches Aussehen und Textur<\/strong>und dabei extrem kalorienarm bleibt.<\/p>\n\n\n\n<h2 class=\"wp-block-heading\">Produktspezifikationen<\/h2>\n\n\n\n<figure class=\"wp-block-table\"><table class=\"has-fixed-layout\"><tbody><tr><td><strong>Artikel<\/strong><\/td><td><strong>Einzelheiten<\/strong><\/td><\/tr><tr><td>Produktname<\/td><td>Trockener Konjac Shirataki-Reis<\/td><\/tr><tr><td>Produkttyp<\/td><td>Trockener Konjak-Reis<\/td><\/tr><tr><td>Stil<\/td><td>Trocken - Dehydriert - Lagerf\u00e4hig<\/td><\/tr><tr><td>Art der Verarbeitung<\/td><td>Verfeinert<\/td><\/tr><tr><td>Merkmal<\/td><td>Kohlenhydratarm \u00b7 Abnehmen<\/td><\/tr><tr><td>Hauptbestandteile<\/td><td>Bio-Konjakmehl<\/td><\/tr><tr><td>Ballaststoffe<\/td><td>2.7%<\/td><\/tr><tr><td>Fett<\/td><td><strong>Null<\/strong><\/td><\/tr><tr><td>Zucker<\/td><td><strong>Null<\/strong><\/td><\/tr><tr><td>Glutenfrei<\/td><td>Ja<\/td><\/tr><tr><td>Zubereitungsmethode<\/td><td><strong>Rehydrieren, dann kochen<\/strong><\/td><\/tr><tr><td>Haltbarkeitsdauer<\/td><td>24 Monate<\/td><\/tr><tr><td>Verpackung<\/td><td>Beutel \/ Gro\u00dfpackung<\/td><\/tr><tr><td>Zertifizierungen<\/td><td>BRC \u00b7 IFS \u00b7 HACCP \u00b7 HALAL \u00b7 KOSHER \u00b7 NOP \u00b7 EU-BIO<\/td><\/tr><tr><td>Marke<\/td><td>OEM akzeptiert<\/td><\/tr><tr><td>Herkunftsort<\/td><td>Sichuan, China<\/td><\/tr><\/tbody><\/table><\/figure>\n\n\n\n<h2 class=\"wp-block-heading\">Zutaten<\/h2>\n\n\n\n<p>Konjakmehl (Glucomannan)<\/p>\n\n\n\n<p>Gereinigtes Wasser (bei der Verarbeitung verwendet)<\/p>\n\n\n\n<p>\u2714 Kein Reis \u00b7 kein Weizen \u00b7 kein Getreide \u00b7 kein Zuckerzusatz \u00b7 kein Fett<\/p>\n\n\n\n<h2 class=\"wp-block-heading\">Gesundheitliche und funktionelle Vorteile<\/h2>\n\n\n\n<p><strong>Ideal f\u00fcr die Gewichtskontrolle<\/strong><\/p>\n\n\n\n<p>Konjak-Glucomannan ist ein l\u00f6slicher Ballaststoff, der:<\/p>\n\n\n\n<ul class=\"wp-block-list\">\n<li>nimmt Wasser auf und dehnt sich im Magen aus<\/li>\n\n\n\n<li>erh\u00f6ht das S\u00e4ttigungsgef\u00fchl<\/li>\n\n\n\n<li>reduziert die gesamte Nahrungsaufnahme<\/li>\n<\/ul>\n\n\n\n<p>Unterst\u00fctzt Di\u00e4ten zum Abnehmen und zur Kalorienkontrolle.<\/p>\n\n\n\n<hr class=\"wp-block-separator has-alpha-channel-opacity\"\/>\n\n\n\n<p><strong>Geringe glyk\u00e4mische Wirkung<\/strong><\/p>\n\n\n\n<p>Mit einem sehr niedrigen glyk\u00e4mischen Index hilft Konjak-Reis:<\/p>\n\n\n\n<ul class=\"wp-block-list\">\n<li>langsame Glukoseaufnahme<\/li>\n\n\n\n<li>Blutzuckerschwankungen reduzieren<\/li>\n<\/ul>\n\n\n\n<p>Geeignet f\u00fcr Diabetiker und Low-GI-Di\u00e4ten.<\/p>\n\n\n\n<hr class=\"wp-block-separator has-alpha-channel-opacity\"\/>\n\n\n\n<p><strong>T\u00e4glicher Grundnahrungsmittelersatz<\/strong><\/p>\n\n\n\n<p>Im Gegensatz zu Nudeln passt Konjak-Reis ganz nat\u00fcrlich zu:<\/p>\n\n\n\n<ul class=\"wp-block-list\">\n<li>asiatische Mahlzeiten<\/li>\n\n\n\n<li>Westliche Reisschalen<\/li>\n\n\n\n<li>Currygerichte<\/li>\n\n\n\n<li>Boxen f\u00fcr die Essenszubereitung<\/li>\n<\/ul>\n\n\n\n<p>Verbrauchern die langfristige Einhaltung einer gesunden Ern\u00e4hrung erleichtern.<\/p>\n\n\n\n<h2 class=\"wp-block-heading\">Wie man sich vorbereitet<\/h2>\n\n\n\n<p>Trockenen Konjakreis 10-15 Minuten in Wasser einweichen, bis er vollst\u00e4ndig rehydriert ist.<br>Abgie\u00dfen und absp\u00fclen<br>Kochen, Pfannenr\u00fchren oder D\u00e4mpfen wie normaler Reis<\/p>\n\n\n\n<p>Perfekt f\u00fcr:<\/p>\n\n\n\n<ul class=\"wp-block-list\">\n<li>K\u00fcrbis-Reis<\/li>\n\n\n\n<li>bunte Reisschalen<\/li>\n\n\n\n<li>Mahlzeitenvorbereitungsboxen<\/li>\n\n\n\n<li>kohlenhydratarme Bento-Mahlzeiten<\/li>\n<\/ul>\n\n\n\n<p>Weitere Zubereitungsarten finden Sie unter <strong><a href=\"https:\/\/scmlkj.com\/de\/konjak-rezept\/\">Rezeptf\u00fchrer<\/a><\/strong><\/p>\n\n\n\n<h2 class=\"wp-block-heading\">OEM-\/Eigenmarkenoptionen<\/h2>\n\n\n\n<ul class=\"wp-block-list\">\n<li>Individuelle Verpackungsgr\u00f6\u00dfe (100 g\/500 g\/1 kg\/5 kg\/25 kg Gro\u00dfpackung)<\/li>\n\n\n\n<li>Verpackungen f\u00fcr den Einzelhandel oder die Gastronomie<\/li>\n\n\n\n<li>Bio-zertifizierte Versionen<\/li>\n\n\n\n<li>Gemischte Reis-Mischungen (Konjak + Hafer \/ Konjak + K\u00fcrbis)<\/li>\n\n\n\n<li>Unterst\u00fctzung bei der Entwicklung von Eigenmarken und deren Design<\/li>\n<\/ul>\n\n\n\n<p>M\u00f6chten Sie hinzuf\u00fcgen <strong>kalorienarme Reisalternative<\/strong> zu Ihrem Produktportfolio?<br><a href=\"https:\/\/scmlkj.com\/de\/kontakt\/\">Kontakt <strong>\u00d6stlicher Morgen<\/strong><\/a> f\u00fcr <strong>Konjak-Reis OEM<\/strong>, <a href=\"https:\/\/scmlkj.com\/de\/kostenlose-proben-anfordern\/\">Proben<\/a>und Mengenrabattl\u00f6sungen.<\/p>","protected":false},"excerpt":{"rendered":"<p>Der Konjac Instant Dry Shirataki Rice von Eastern Morning ist eine haltbare, trockene Reisalternative auf Konjakbasis, die vor dem Verzehr rehydriert und gekocht wird. Sobald er rehydriert ist, kann er traditionellen Reis in den t\u00e4glichen Mahlzeiten ersetzen.<\/p>\n<ul>\n<li data-start=\"1518\" data-end=\"1569\"><strong data-start=\"1572\" data-end=\"1600\">Geruchsneutral &amp; neutraler Geschmack<\/strong> \u2013 Kein Konjak-Geruch<\/li>\n<li data-start=\"1620\" data-end=\"1676\">\n<p data-start=\"1622\" data-end=\"1676\"><strong data-start=\"1622\" data-end=\"1649\">Kalorienarmes Grundnahrungsmittel<\/strong> \u2013 Idealer Reisersatz<\/p>\n<\/li>\n<li data-start=\"1677\" data-end=\"1721\">\n<p data-start=\"1679\" data-end=\"1721\"><strong data-start=\"1679\" data-end=\"1719\">Reich an l\u00f6slichen Ballaststoffen (2,7%)<\/strong><\/p>\n<\/li>\n<li data-start=\"1722\" data-end=\"1762\">\n<p data-start=\"1724\" data-end=\"1762\"><strong data-start=\"1724\" data-end=\"1760\">Null Fett \u00b7 Null Zucker \u00b7 Kohlenhydratarm<\/strong><\/p>\n<\/li>\n<li data-start=\"1763\" data-end=\"1795\">\n<p data-start=\"1765\" data-end=\"1795\"><strong data-start=\"1765\" data-end=\"1793\">Glutenfrei &amp; Getreidefrei<\/strong><\/p>\n<\/li>\n<li data-start=\"1796\" data-end=\"1854\">\n<p data-start=\"1798\" data-end=\"1854\"><strong data-start=\"1798\" data-end=\"1825\">Weiche, reis\u00e4hnliche Textur<\/strong> \u2013 Passt gut zu jedem Gericht<\/p>\n<\/li>\n<li data-start=\"1855\" data-end=\"1889\">\n<p data-start=\"1857\" data-end=\"1889\"><strong data-start=\"1857\" data-end=\"1889\">OEM \/ Eigenmarke akzeptiert<\/strong><\/p>\n<\/li>\n<\/ul>","protected":false},"featured_media":2101,"comment_status":"open","ping_status":"closed","template":"","meta":[],"product_brand":[],"product_cat":[29],"product_tag":[],"class_list":{"0":"post-2098","1":"product","2":"type-product","3":"status-publish","4":"has-post-thumbnail","6":"product_cat-konjac-rice-series","8":"first","9":"instock","10":"shipping-taxable","11":"product-type-simple"},"_links":{"self":[{"href":"https:\/\/scmlkj.com\/de\/wp-json\/wp\/v2\/product\/2098","targetHints":{"allow":["GET"]}}],"collection":[{"href":"https:\/\/scmlkj.com\/de\/wp-json\/wp\/v2\/product"}],"about":[{"href":"https:\/\/scmlkj.com\/de\/wp-json\/wp\/v2\/types\/product"}],"replies":[{"embeddable":true,"href":"https:\/\/scmlkj.com\/de\/wp-json\/wp\/v2\/comments?post=2098"}],"wp:featuredmedia":[{"embeddable":true,"href":"https:\/\/scmlkj.com\/de\/wp-json\/wp\/v2\/media\/2101"}],"wp:attachment":[{"href":"https:\/\/scmlkj.com\/de\/wp-json\/wp\/v2\/media?parent=2098"}],"wp:term":[{"taxonomy":"product_brand","embeddable":true,"href":"https:\/\/scmlkj.com\/de\/wp-json\/wp\/v2\/product_brand?post=2098"},{"taxonomy":"product_cat","embeddable":true,"href":"https:\/\/scmlkj.com\/de\/wp-json\/wp\/v2\/product_cat?post=2098"},{"taxonomy":"product_tag","embeddable":true,"href":"https:\/\/scmlkj.com\/de\/wp-json\/wp\/v2\/product_tag?post=2098"}],"curies":[{"name":"wp","href":"https:\/\/api.w.org\/{rel}","templated":true}]}}