{"id":2102,"date":"2025-12-08T06:44:22","date_gmt":"2025-12-08T06:44:22","guid":{"rendered":"https:\/\/scmlkj.com\/?post_type=product&#038;p=2102"},"modified":"2026-04-30T14:42:27","modified_gmt":"2026-04-30T14:42:27","slug":"schwarzer-sesam-konjac-fusion-pasta-low-carb-shirataki-nudeln","status":"publish","type":"product","link":"https:\/\/scmlkj.com\/de\/produkte\/schwarzer-sesam-konjac-fusion-pasta-low-carb-shirataki-nudeln\/","title":{"rendered":"Schwarzer Sesam Konjac Fusion Pasta"},"content":{"rendered":"<p>Black Sesame Konjac Fusion Pasta ist kein geschmackliches Upgrade - es ist ein visuelles und markentechnisches Upgrade f\u00fcr hochwertige, kohlenhydratarme Lebensmittelserien.<\/p>\n\n\n\n<figure class=\"wp-block-image size-large\"><img fetchpriority=\"high\" decoding=\"async\" width=\"1024\" height=\"576\" src=\"https:\/\/scmlkj.com\/wp-content\/uploads\/2026\/04\/black-sesame-konjac-noodles-shirataki-functional-plant-based-1024x576.jpg\" alt=\"Schwarze Sesam-Konjak-Shirataki-Nudeln aus pflanzlichen Zutaten, funktionelle kohlenhydratarme Pasta-Alternative\" class=\"wp-image-3729\" srcset=\"https:\/\/scmlkj.com\/wp-content\/uploads\/2026\/04\/black-sesame-konjac-noodles-shirataki-functional-plant-based-1024x576.jpg 1024w, https:\/\/scmlkj.com\/wp-content\/uploads\/2026\/04\/black-sesame-konjac-noodles-shirataki-functional-plant-based-300x169.jpg 300w, https:\/\/scmlkj.com\/wp-content\/uploads\/2026\/04\/black-sesame-konjac-noodles-shirataki-functional-plant-based-768x432.jpg 768w, https:\/\/scmlkj.com\/wp-content\/uploads\/2026\/04\/black-sesame-konjac-noodles-shirataki-functional-plant-based-1536x864.jpg 1536w, https:\/\/scmlkj.com\/wp-content\/uploads\/2026\/04\/black-sesame-konjac-noodles-shirataki-functional-plant-based-18x10.jpg 18w, https:\/\/scmlkj.com\/wp-content\/uploads\/2026\/04\/black-sesame-konjac-noodles-shirataki-functional-plant-based-600x338.jpg 600w, https:\/\/scmlkj.com\/wp-content\/uploads\/2026\/04\/black-sesame-konjac-noodles-shirataki-functional-plant-based.jpg 1600w\" sizes=\"(max-width: 1024px) 100vw, 1024px\" \/><\/figure>\n\n\n\n<h2 class=\"wp-block-heading\">N\u00e4hrwertbezogene Informationen<\/h2>\n\n\n\n<figure class=\"wp-block-table\"><table class=\"has-fixed-layout\"><tbody><tr><td><strong>N\u00e4hrstoff<\/strong><\/td><td><strong>Einheiten<\/strong><\/td><td><strong>Wert pro 100g<\/strong><\/td><\/tr><tr><td>Energie<\/td><td>kJ \/ kcal<\/td><td>25 kJ \/ 5 kcal<\/td><\/tr><tr><td>Kohlenhydrate<\/td><td>g<\/td><td>Weniger als 0,1<\/td><\/tr><tr><td>Eiwei\u00df<\/td><td>g<\/td><td>Weniger als 0,1<\/td><\/tr><tr><td>Fett<\/td><td>g<\/td><td>0<\/td><\/tr><tr><td>Ballaststoffe<\/td><td>g<\/td><td>2.7<\/td><\/tr><tr><td>Zucker<\/td><td>g<\/td><td>0<\/td><\/tr><tr><td>Natrium<\/td><td>mg<\/td><td>0<\/td><\/tr><\/tbody><\/table><\/figure>\n\n\n\n<h2 class=\"wp-block-heading\">Grundlegende Informationen<\/h2>\n\n\n\n<figure class=\"wp-block-table\"><table class=\"has-fixed-layout\"><tbody><tr><td><strong>Artikel<\/strong><\/td><td><strong>Einzelheiten<\/strong><\/td><\/tr><tr><td>Produktname<\/td><td>Schwarzer Sesam Konjac Fusion Pasta<\/td><\/tr><tr><td>Produkttyp<\/td><td>Gourmet-Nudelgerichte mit wenig Kohlenhydraten<\/td><\/tr><tr><td>Stil<\/td><td>Nass, frisch<\/td><\/tr><tr><td>Merkmal<\/td><td>Kohlenhydratarm, fettfrei<\/td><\/tr><tr><td>Art der Verarbeitung<\/td><td>Kontrollierte Wet-Process-Produktion<\/td><\/tr><tr><td>Geschmack<\/td><td>Neutral<\/td><\/tr><tr><td>Geruch<\/td><td>Geruchsneutral<\/td><\/tr><tr><td>Erscheinungsbild<\/td><td>Schwarzer Sesam grau-schwarze nasse Nudeln<\/td><\/tr><tr><td>Spezifikation<\/td><td>270g \/ Beutel<\/td><\/tr><tr><td>Hauptbestandteil<\/td><td><br>Konjakmehl, Wasser, schwarzes Sesampulver<\/td><\/tr><tr><td>Inhalt<\/td><td>Reines Konjakmehl<\/td><\/tr><tr><td>Kochzeit<\/td><td>2 Minuten<\/td><\/tr><tr><td>Haltbarkeitsdauer<\/td><td>15 Monate<\/td><\/tr><tr><td>Lagerung Typ<\/td><td>Raumtemperatur<\/td><\/tr><tr><td>Markenname<\/td><td>\u00d6stlicher Morgen<\/td><\/tr><\/tbody><\/table><\/figure>\n\n\n\n<p><\/p>\n\n\n\n<h2 class=\"wp-block-heading\">Verpackung und Lieferung<\/h2>\n\n\n\n<figure class=\"wp-block-table\"><table class=\"has-fixed-layout\"><tbody><tr><td><strong>Artikel<\/strong><\/td><td><strong>Einzelheiten<\/strong><\/td><\/tr><tr><td>Verkaufende Einheit<\/td><td>Einzelnes Element<\/td><\/tr><tr><td>Packungsgr\u00f6\u00dfe<\/td><td>12 \u00d7 10 \u00d7 18 cm<\/td><\/tr><tr><td>Bruttogewicht<\/td><td>0,280 kg<\/td><\/tr><tr><td>Verpackung<\/td><td>Tasche<\/td><\/tr><tr><td>Benutzerdefiniertes Logo<\/td><td>Verf\u00fcgbar (MOQ: 10.000 Beutel)<\/td><\/tr><\/tbody><\/table><\/figure>\n\n\n\n<figure class=\"wp-block-image size-large\"><img decoding=\"async\" width=\"1024\" height=\"576\" src=\"https:\/\/scmlkj.com\/wp-content\/uploads\/2026\/04\/cooked-black-sesame-konjac-noodles-shirataki-ready-to-eat-1024x576.jpg\" alt=\"Gekochte schwarze Sesam-Konjak-Shirataki-Nudeln, serviert in einer Sch\u00fcssel, funktionelle kohlenhydratarme pflanzliche Mahlzeit\" class=\"wp-image-3731\" srcset=\"https:\/\/scmlkj.com\/wp-content\/uploads\/2026\/04\/cooked-black-sesame-konjac-noodles-shirataki-ready-to-eat-1024x576.jpg 1024w, https:\/\/scmlkj.com\/wp-content\/uploads\/2026\/04\/cooked-black-sesame-konjac-noodles-shirataki-ready-to-eat-300x169.jpg 300w, https:\/\/scmlkj.com\/wp-content\/uploads\/2026\/04\/cooked-black-sesame-konjac-noodles-shirataki-ready-to-eat-768x432.jpg 768w, https:\/\/scmlkj.com\/wp-content\/uploads\/2026\/04\/cooked-black-sesame-konjac-noodles-shirataki-ready-to-eat-1536x864.jpg 1536w, https:\/\/scmlkj.com\/wp-content\/uploads\/2026\/04\/cooked-black-sesame-konjac-noodles-shirataki-ready-to-eat-18x10.jpg 18w, https:\/\/scmlkj.com\/wp-content\/uploads\/2026\/04\/cooked-black-sesame-konjac-noodles-shirataki-ready-to-eat-600x338.jpg 600w, https:\/\/scmlkj.com\/wp-content\/uploads\/2026\/04\/cooked-black-sesame-konjac-noodles-shirataki-ready-to-eat.jpg 1600w\" sizes=\"(max-width: 1024px) 100vw, 1024px\" \/><\/figure>\n\n\n\n<h2 class=\"wp-block-heading\">Wie man kocht<\/h2>\n\n\n\n<p><strong>Bereit in 2 Minuten<\/strong><\/p>\n\n\n\n<ol class=\"wp-block-list\">\n<li><strong>Abfluss<\/strong> die Fl\u00fcssigkeit und <strong>2-3 Mal aussp\u00fclen<\/strong> mit sauberem Wasser.<\/li>\n\n\n\n<li><strong>Blanch<\/strong> in hei\u00dfem Wasser f\u00fcr <strong>1 Minute<\/strong>.<\/li>\n\n\n\n<li>Genie\u00dfen Sie mit <strong>Suppen, Pfannengerichte, Salate, Eint\u00f6pfe<\/strong>oder jedes andere Nudelgericht.<\/li>\n<\/ol>\n\n\n\n<p>Kein Einweichen erforderlich. Kein Abkochen erforderlich.<\/p>\n\n\n\n<h2 class=\"wp-block-heading\"><a href=\"https:\/\/scmlkj.com\/de\/zertifizierung\/\">Zertifizierungen<\/a><\/h2>\n\n\n\n<p>ISO - HACCP - HALAL - KOSCHER - BRC - IFS - EU BIO - USDA BIO<\/p>","protected":false},"excerpt":{"rendered":"<p>Eine visuell beeindruckende <strong data-start=\"560\" data-end=\"596\">Schwarzer Sesam Konjac Fusion Pasta<\/strong>Eine Kombination aus hochwertigem Konjakmehl und nat\u00fcrlichem schwarzen Sesampulver. Kalorienarm, kohlenhydratarm, geruchlos und perfekt f\u00fcr Gourmet-, Fusion- und gesunde Mahlzeitenmarken. Ideal f\u00fcr OEM\/ODM-Kunden, die ein differenziertes Produkt suchen.<\/p>\n<ul>\n<li data-start=\"852\" data-end=\"956\">\n<p data-start=\"854\" data-end=\"956\"><strong data-start=\"854\" data-end=\"883\">Einzigartiges Gourmet-Erscheinungsbild<\/strong> - Durch den nat\u00fcrlichen Aufguss von schwarzem Sesam entsteht eine hochwertige Pasta mit Holzkohlet\u00f6nen.<\/p>\n<\/li>\n<li data-start=\"957\" data-end=\"1049\">\n<p data-start=\"959\" data-end=\"1049\"><strong data-start=\"959\" data-end=\"984\">Kohlenhydratarm, kalorienarm<\/strong> - Nur 5 kcal pro 100 g; ideal f\u00fcr Keto-Di\u00e4ten und gewichtskontrollierende Di\u00e4ten.<\/p>\n<\/li>\n<li data-start=\"1050\" data-end=\"1150\">\n<p data-start=\"1052\" data-end=\"1150\"><strong data-start=\"1052\" data-end=\"1080\">Geruchsneutral &amp; neutraler Geschmack<\/strong> - Sesam verleiht Farbe, nicht Geschmack, was eine gro\u00dfe Flexibilit\u00e4t bei der Zubereitung erm\u00f6glicht.<\/p>\n<\/li>\n<li data-start=\"1151\" data-end=\"1237\">\n<p data-start=\"1153\" data-end=\"1237\"><strong data-start=\"1153\" data-end=\"1180\">In nur 2 Minuten fertig<\/strong> - Nasse Instant-Konjak-Nudeln f\u00fcr die schnelle Zubereitung.<\/p>\n<\/li>\n<li data-start=\"1238\" data-end=\"1342\">\n<p data-start=\"1240\" data-end=\"1342\"><strong data-start=\"1240\" data-end=\"1276\">Ballaststoffreich, fettfrei, zuckerfrei<\/strong> - Clean-Label-Formel, geeignet f\u00fcr die globalen M\u00e4rkte f\u00fcr gesunde Lebensmittel.<\/p>\n<\/li>\n<li data-start=\"1343\" data-end=\"1451\">\n<p data-start=\"1345\" data-end=\"1451\"><strong data-start=\"1345\" data-end=\"1384\">Zertifiziert f\u00fcr internationale M\u00e4rkte<\/strong> \u2013 ISO, HACCP, HALAL, KOSHER, BRC, IFS, EU-Bio, USDA-Bio.<\/p>\n<\/li>\n<li data-start=\"1452\" data-end=\"1534\">\n<p data-start=\"1454\" data-end=\"1534\"><strong data-start=\"1454\" data-end=\"1481\">OEM\/Private Label bereit<\/strong> - Einzigartiges Produkt f\u00fcr Marken, die auff\u00e4llige SKUs w\u00fcnschen.<\/p>\n<\/li>\n<\/ul>","protected":false},"featured_media":712,"comment_status":"open","ping_status":"closed","template":"","meta":[],"product_brand":[],"product_cat":[48],"product_tag":[],"class_list":{"0":"post-2102","1":"product","2":"type-product","3":"status-publish","4":"has-post-thumbnail","6":"product_cat-organic-konjac-pasta","8":"first","9":"instock","10":"shipping-taxable","11":"product-type-simple"},"_links":{"self":[{"href":"https:\/\/scmlkj.com\/de\/wp-json\/wp\/v2\/product\/2102","targetHints":{"allow":["GET"]}}],"collection":[{"href":"https:\/\/scmlkj.com\/de\/wp-json\/wp\/v2\/product"}],"about":[{"href":"https:\/\/scmlkj.com\/de\/wp-json\/wp\/v2\/types\/product"}],"replies":[{"embeddable":true,"href":"https:\/\/scmlkj.com\/de\/wp-json\/wp\/v2\/comments?post=2102"}],"wp:featuredmedia":[{"embeddable":true,"href":"https:\/\/scmlkj.com\/de\/wp-json\/wp\/v2\/media\/712"}],"wp:attachment":[{"href":"https:\/\/scmlkj.com\/de\/wp-json\/wp\/v2\/media?parent=2102"}],"wp:term":[{"taxonomy":"product_brand","embeddable":true,"href":"https:\/\/scmlkj.com\/de\/wp-json\/wp\/v2\/product_brand?post=2102"},{"taxonomy":"product_cat","embeddable":true,"href":"https:\/\/scmlkj.com\/de\/wp-json\/wp\/v2\/product_cat?post=2102"},{"taxonomy":"product_tag","embeddable":true,"href":"https:\/\/scmlkj.com\/de\/wp-json\/wp\/v2\/product_tag?post=2102"}],"curies":[{"name":"wp","href":"https:\/\/api.w.org\/{rel}","templated":true}]}}