{"id":2105,"date":"2025-12-08T06:46:32","date_gmt":"2025-12-08T06:46:32","guid":{"rendered":"https:\/\/scmlkj.com\/?post_type=product&#038;p=2105"},"modified":"2026-04-30T15:19:46","modified_gmt":"2026-04-30T15:19:46","slug":"gardenia-konjac-lebensmittel-shirataki-pasta","status":"publish","type":"product","link":"https:\/\/scmlkj.com\/de\/produkte\/gardenia-konjac-lebensmittel-shirataki-pasta\/","title":{"rendered":"Gardenia Konjac Shirataki Nudeln"},"content":{"rendered":"<p>Gardenia-Extrakt wird ausschlie\u00dflich zur nat\u00fcrlichen Farbverbesserung verwendet, wobei ein geschmacksneutrales Profil beibehalten wird, das sich f\u00fcr eine Vielzahl von Gerichten eignet.<\/p>\n\n\n\n<figure class=\"wp-block-image size-large\"><img fetchpriority=\"high\" decoding=\"async\" width=\"1024\" height=\"576\" src=\"https:\/\/scmlkj.com\/wp-content\/uploads\/2026\/04\/gardenia-konjac-noodles-shirataki-plant-based-natural-color-1024x576.jpg\" alt=\"Gardenia Konjac Shirataki-Nudeln aus pflanzlichen Zutaten, nat\u00fcrlich gef\u00e4rbte kohlenhydratarme Pasta-Alternative\" class=\"wp-image-3738\" srcset=\"https:\/\/scmlkj.com\/wp-content\/uploads\/2026\/04\/gardenia-konjac-noodles-shirataki-plant-based-natural-color-1024x576.jpg 1024w, https:\/\/scmlkj.com\/wp-content\/uploads\/2026\/04\/gardenia-konjac-noodles-shirataki-plant-based-natural-color-300x169.jpg 300w, https:\/\/scmlkj.com\/wp-content\/uploads\/2026\/04\/gardenia-konjac-noodles-shirataki-plant-based-natural-color-768x432.jpg 768w, https:\/\/scmlkj.com\/wp-content\/uploads\/2026\/04\/gardenia-konjac-noodles-shirataki-plant-based-natural-color-1536x864.jpg 1536w, https:\/\/scmlkj.com\/wp-content\/uploads\/2026\/04\/gardenia-konjac-noodles-shirataki-plant-based-natural-color-18x10.jpg 18w, https:\/\/scmlkj.com\/wp-content\/uploads\/2026\/04\/gardenia-konjac-noodles-shirataki-plant-based-natural-color-600x338.jpg 600w, https:\/\/scmlkj.com\/wp-content\/uploads\/2026\/04\/gardenia-konjac-noodles-shirataki-plant-based-natural-color.jpg 1600w\" sizes=\"(max-width: 1024px) 100vw, 1024px\" \/><\/figure>\n\n\n\n<h2 class=\"wp-block-heading\">Grundlegende Informationen<\/h2>\n\n\n\n<figure class=\"wp-block-table\"><table class=\"has-fixed-layout\"><tbody><tr><td><strong>Artikel<\/strong><\/td><td><strong>Einzelheiten<\/strong><\/td><\/tr><tr><td>Produktname<\/td><td>Gardenia Konjac Shirataki Nudeln<\/td><\/tr><tr><td>Produkttyp<\/td><td>Instant Konjac-Nudeln<\/td><\/tr><tr><td>Stil<\/td><td>Nass, frisch<\/td><\/tr><tr><td>Merkmal<\/td><td>Kohlenhydratarm, fettfrei<\/td><\/tr><tr><td>Art der Verarbeitung<\/td><td>HKontrollierte Produktion im Nassverfahren<\/td><\/tr><tr><td>Geschmack<\/td><td>Neutral<\/td><\/tr><tr><td>Geruch<\/td><td>Geruchsneutral<\/td><\/tr><tr><td>Erscheinungsbild<\/td><td>Nasspasta<\/td><\/tr><tr><td>Spezifikation<\/td><td>270g \/ Beutel<\/td><\/tr><tr><td>Hauptbestandteil<\/td><td>Konjakmehl, Wasser, Gardenienextrakt, Calciumhydroxid<\/td><\/tr><tr><td>Inhalt<\/td><td>Reines Konjakmehl<\/td><\/tr><tr><td>Kochzeit<\/td><td>2 Minuten<\/td><\/tr><tr><td>Haltbarkeitsdauer<\/td><td>15 Monate<\/td><\/tr><tr><td>Lagerung Typ<\/td><td>Raumtemperatur<\/td><\/tr><tr><td>Markenname<\/td><td>\u00d6stlicher Morgen<\/td><\/tr><\/tbody><\/table><\/figure>\n\n\n\n<h2 class=\"wp-block-heading\">Empfohlene Anwendungen<\/h2>\n\n\n\n<p>Shirataki mit sauberem Etikett f\u00fcr Einzelhandel und Superm\u00e4rkte<\/p>\n\n\n\n<p>Keto und diabetikerfreundliche Mahlzeitenprogramme<\/p>\n\n\n\n<p>Verpflegungspakete und verzehrfertige L\u00f6sungen<\/p>\n\n\n\n<p>Nudeln auf neutraler Basis f\u00fcr Saucen und Gew\u00fcrze<\/p>\n\n\n\n<p>Gesunde Lebensmittelmarken, die nat\u00fcrliche Farbvarianten ben\u00f6tigen<\/p>\n\n\n\n<h2 class=\"wp-block-heading\">Verpackung und Lieferung<\/h2>\n\n\n\n<figure class=\"wp-block-table\"><table class=\"has-fixed-layout\"><tbody><tr><td><strong>Artikel<\/strong><\/td><td><strong>Einzelheiten<\/strong><\/td><\/tr><tr><td>Verkaufende Einheit<\/td><td>Einzelnes Element<\/td><\/tr><tr><td>Packungsgr\u00f6\u00dfe<\/td><td>12 \u00d7 10 \u00d7 18 cm<\/td><\/tr><tr><td>Bruttogewicht<\/td><td>0,280 kg<\/td><\/tr><tr><td>Verpackung<\/td><td>Tasche<\/td><\/tr><tr><td>Benutzerdefiniertes Logo<\/td><td>Verf\u00fcgbar (MOQ: 10.000 Beutel)<\/td><\/tr><\/tbody><\/table><\/figure>\n\n\n\n<figure class=\"wp-block-image size-large\"><img decoding=\"async\" width=\"1024\" height=\"576\" src=\"https:\/\/scmlkj.com\/wp-content\/uploads\/2026\/04\/cooked-gardenia-konjac-noodles-shirataki-natural-color-ready-to-eat-1024x576.jpg\" alt=\"Gekochte Gardenia-Konjak-Shirataki-Nudeln, serviert in einer Schale, naturfarbene kohlenhydratarme pflanzliche Mahlzeit\" class=\"wp-image-3740\" srcset=\"https:\/\/scmlkj.com\/wp-content\/uploads\/2026\/04\/cooked-gardenia-konjac-noodles-shirataki-natural-color-ready-to-eat-1024x576.jpg 1024w, https:\/\/scmlkj.com\/wp-content\/uploads\/2026\/04\/cooked-gardenia-konjac-noodles-shirataki-natural-color-ready-to-eat-300x169.jpg 300w, https:\/\/scmlkj.com\/wp-content\/uploads\/2026\/04\/cooked-gardenia-konjac-noodles-shirataki-natural-color-ready-to-eat-768x432.jpg 768w, https:\/\/scmlkj.com\/wp-content\/uploads\/2026\/04\/cooked-gardenia-konjac-noodles-shirataki-natural-color-ready-to-eat-1536x864.jpg 1536w, https:\/\/scmlkj.com\/wp-content\/uploads\/2026\/04\/cooked-gardenia-konjac-noodles-shirataki-natural-color-ready-to-eat-18x10.jpg 18w, https:\/\/scmlkj.com\/wp-content\/uploads\/2026\/04\/cooked-gardenia-konjac-noodles-shirataki-natural-color-ready-to-eat-600x338.jpg 600w, https:\/\/scmlkj.com\/wp-content\/uploads\/2026\/04\/cooked-gardenia-konjac-noodles-shirataki-natural-color-ready-to-eat.jpg 1600w\" sizes=\"(max-width: 1024px) 100vw, 1024px\" \/><\/figure>\n\n\n\n<h2 class=\"wp-block-heading\">Wie man kocht<\/h2>\n\n\n\n<p><strong>Bereit in 2 Minuten<\/strong><\/p>\n\n\n\n<ol class=\"wp-block-list\">\n<li><strong>Abfluss<\/strong> die Fl\u00fcssigkeit und <strong>2-3 Mal aussp\u00fclen<\/strong> mit sauberem Wasser.<\/li>\n\n\n\n<li><strong>Blanch<\/strong> in hei\u00dfem Wasser f\u00fcr <strong>1 Minute<\/strong>.<\/li>\n\n\n\n<li>Genie\u00dfen Sie mit <strong>Suppen, Pfannengerichte, Salate, Eint\u00f6pfe<\/strong>oder jedes andere Nudelgericht.<\/li>\n<\/ol>\n\n\n\n<p><\/p>\n\n\n\n<p><\/p>","protected":false},"excerpt":{"rendered":"<p>Eine Clean-Label, pflanzenbasierte Gardenia-Konjac-Pasta aus hochwertigem Konjacmehl. Kohlenhydratarm, fettfrei, zuckerfrei und ideal f\u00fcr Keto-, Abnehm- und Gesundessen-Marken. Handgefertigt, in 2 Minuten fertig und f\u00fcr globale M\u00e4rkte zertifiziert.<\/p>\n<ul>\n<li data-start=\"716\" data-end=\"814\">\n<p data-start=\"718\" data-end=\"814\"><strong data-start=\"718\" data-end=\"744\">Kohlenhydratarm &amp; Kalorienarm<\/strong> \u2013 Perfekt f\u00fcr Keto-, diabetesfreundliche und gewichtsmanagementgerechte Lebensmittel.<\/p>\n<\/li>\n<li data-start=\"815\" data-end=\"877\">\n<p data-start=\"817\" data-end=\"877\"><strong data-start=\"817\" data-end=\"837\">Handgefertigte Qualit\u00e4t<\/strong> \u2013 Glatte Textur ohne fischigen Geruch.<\/p>\n<\/li>\n<li data-start=\"878\" data-end=\"964\">\n<p data-start=\"880\" data-end=\"964\"><strong data-start=\"880\" data-end=\"902\">Bereit in 2 Minuten<\/strong> \u2013 Sofortige Nass-Konjac-Pasta f\u00fcr schnelle Zubereitung.<\/p>\n<\/li>\n<li data-start=\"965\" data-end=\"1050\">\n<p data-start=\"967\" data-end=\"1050\"><strong data-start=\"967\" data-end=\"982\">Sauberes Etikett<\/strong> \u2013 Keine Zusatzstoffe, kein Fett, kein Zucker; hergestellt aus Konjacmehl &amp; Wasser.<\/p>\n<\/li>\n<li data-start=\"1051\" data-end=\"1131\">\n<p data-start=\"1053\" data-end=\"1131\"><strong data-start=\"1053\" data-end=\"1082\">Gardenia-Extrakt-F\u00e4rbung<\/strong> \u2013 Nat\u00fcrliche und optisch ansprechende Pasta-Option.<\/p>\n<\/li>\n<li data-start=\"1132\" data-end=\"1226\">\n<p data-start=\"1134\" data-end=\"1226\"><strong data-start=\"1134\" data-end=\"1159\">Globale Zertifizierungen<\/strong> \u2013 ISO, HACCP, HALAL, KOSHER, BRC, IFS, EU-Bio, USDA-Bio.<\/p>\n<\/li>\n<li data-start=\"1227\" data-end=\"1308\">\n<p data-start=\"1229\" data-end=\"1308\"><strong data-start=\"1229\" data-end=\"1260\">OEM\/Private Label m\u00f6glich<\/strong> \u2013 Individuelles Logo &amp; Verpackung ab 10.000 Beuteln MOQ.<\/p>\n<\/li>\n<\/ul>","protected":false},"featured_media":2108,"comment_status":"open","ping_status":"closed","template":"","meta":[],"product_brand":[],"product_cat":[48],"product_tag":[],"class_list":{"0":"post-2105","1":"product","2":"type-product","3":"status-publish","4":"has-post-thumbnail","6":"product_cat-organic-konjac-pasta","8":"first","9":"instock","10":"shipping-taxable","11":"product-type-simple"},"_links":{"self":[{"href":"https:\/\/scmlkj.com\/de\/wp-json\/wp\/v2\/product\/2105","targetHints":{"allow":["GET"]}}],"collection":[{"href":"https:\/\/scmlkj.com\/de\/wp-json\/wp\/v2\/product"}],"about":[{"href":"https:\/\/scmlkj.com\/de\/wp-json\/wp\/v2\/types\/product"}],"replies":[{"embeddable":true,"href":"https:\/\/scmlkj.com\/de\/wp-json\/wp\/v2\/comments?post=2105"}],"wp:featuredmedia":[{"embeddable":true,"href":"https:\/\/scmlkj.com\/de\/wp-json\/wp\/v2\/media\/2108"}],"wp:attachment":[{"href":"https:\/\/scmlkj.com\/de\/wp-json\/wp\/v2\/media?parent=2105"}],"wp:term":[{"taxonomy":"product_brand","embeddable":true,"href":"https:\/\/scmlkj.com\/de\/wp-json\/wp\/v2\/product_brand?post=2105"},{"taxonomy":"product_cat","embeddable":true,"href":"https:\/\/scmlkj.com\/de\/wp-json\/wp\/v2\/product_cat?post=2105"},{"taxonomy":"product_tag","embeddable":true,"href":"https:\/\/scmlkj.com\/de\/wp-json\/wp\/v2\/product_tag?post=2105"}],"curies":[{"name":"wp","href":"https:\/\/api.w.org\/{rel}","templated":true}]}}