{"id":2109,"date":"2025-12-08T06:50:25","date_gmt":"2025-12-08T06:50:25","guid":{"rendered":"https:\/\/scmlkj.com\/?post_type=product&#038;p=2109"},"modified":"2026-04-12T07:19:42","modified_gmt":"2026-04-12T07:19:42","slug":"kurkuma-konjak-nudeln-shirataki-pasta","status":"publish","type":"product","link":"https:\/\/scmlkj.com\/de\/produkte\/kurkuma-konjak-nudeln-shirataki-pasta\/","title":{"rendered":"Kurkuma-Konjak-Nudeln Shirataki-Pasta"},"content":{"rendered":"<p>Kurkumaextrakt wird vor allem wegen seiner nat\u00fcrlichen goldenen Farbe und seiner funktionellen Positionierung verwendet, wobei ein neutrales Geschmacksprofil beibehalten wird, das f\u00fcr verschiedene K\u00fcchen geeignet ist.<\/p>\n\n\n\n<h2 class=\"wp-block-heading\">N\u00e4hrwertbezogene Informationen<\/h2>\n\n\n\n<figure class=\"wp-block-table\"><table class=\"has-fixed-layout\"><tbody><tr><td><strong>N\u00e4hrstoff<\/strong><\/td><td><strong>Einheiten<\/strong><\/td><td><strong>Wert pro 100g<\/strong><\/td><\/tr><tr><td>Energie<\/td><td>kJ \/ kcal<\/td><td>25 kJ \/ 5 kcal<\/td><\/tr><tr><td>Kohlenhydrate<\/td><td>g<\/td><td>Weniger als 0,1<\/td><\/tr><tr><td>Eiwei\u00df<\/td><td>g<\/td><td>Weniger als 0,1<\/td><\/tr><tr><td>Fett<\/td><td>g<\/td><td>0<\/td><\/tr><tr><td>Ballaststoffe<\/td><td>g<\/td><td>2.7<\/td><\/tr><tr><td>Zucker<\/td><td>g<\/td><td>0<\/td><\/tr><tr><td>Natrium<\/td><td>mg<\/td><td>0<\/td><\/tr><\/tbody><\/table><\/figure>\n\n\n\n<h2 class=\"wp-block-heading\">Grundlegende Informationen<\/h2>\n\n\n\n<figure class=\"wp-block-table\"><table class=\"has-fixed-layout\"><tbody><tr><td><strong>Artikel<\/strong><\/td><td><strong>Einzelheiten<\/strong><\/td><\/tr><tr><td>Produktname<\/td><td>Kurkuma-Konjak-Nudeln \/ Shirataki-Pasta<\/td><\/tr><tr><td>Produkttyp<\/td><td>Instant Konjac-Nudeln<\/td><\/tr><tr><td>Stil<\/td><td>Nass, frisch<\/td><\/tr><tr><td>Merkmal<\/td><td>Kohlenhydratarm, fettfrei<\/td><\/tr><tr><td>Art der Verarbeitung<\/td><td>Kontrollierte Wet-Process-Produktion<\/td><\/tr><tr><td>Geschmack<\/td><td>Neutral<\/td><\/tr><tr><td>Geruch<\/td><td>Geruchsneutral<\/td><\/tr><tr><td>Erscheinungsbild<\/td><td>Nat\u00fcrliche gelbe Nudeln mit Kurkuma<\/td><\/tr><tr><td>Spezifikation<\/td><td>270g \/ Beutel<\/td><\/tr><tr><td>Hauptbestandteil<\/td><td><br>Konjakmehl, Wasser, Kurkumaextrakt\/-pulver<\/td><\/tr><tr><td>Inhalt<\/td><td>Reines Konjakmehl<\/td><\/tr><tr><td>Kochzeit<\/td><td>2 Minuten<\/td><\/tr><tr><td>Haltbarkeitsdauer<\/td><td>15 Monate<\/td><\/tr><tr><td>Lagerung Typ<\/td><td>Raumtemperatur<\/td><\/tr><tr><td>Markenname<\/td><td>\u00d6stlicher Morgen<\/td><\/tr><\/tbody><\/table><\/figure>\n\n\n\n<h2 class=\"wp-block-heading\">Empfohlene Anwendungen<\/h2>\n\n\n\n<p>Funktionelle Nudelgerichte im Superfood-Stil<\/p>\n\n\n\n<p>Vegane und pflanzliche Mahlzeiten-Kits<\/p>\n\n\n\n<p>Kohlenhydratarme und ketofreundliche Fertiggerichte<\/p>\n\n\n\n<p>Rezepte mit Curry und gelben Nudeln<\/p>\n\n\n\n<p>Alternativen f\u00fcr Clean-Label-Nudeln im Einzelhandel<\/p>\n\n\n\n<h2 class=\"wp-block-heading\">Verpackung und Lieferung<\/h2>\n\n\n\n<figure class=\"wp-block-table\"><table class=\"has-fixed-layout\"><tbody><tr><td><strong>Artikel<\/strong><\/td><td><strong>Einzelheiten<\/strong><\/td><\/tr><tr><td>Verkaufende Einheit<\/td><td>Einzelnes Element<\/td><\/tr><tr><td>Packungsgr\u00f6\u00dfe<\/td><td>12 \u00d7 10 \u00d7 18 cm<\/td><\/tr><tr><td>Bruttogewicht<\/td><td>0,280 kg<\/td><\/tr><tr><td>Verpackung<\/td><td>Tasche<\/td><\/tr><tr><td>Benutzerdefiniertes Logo<\/td><td>Verf\u00fcgbar (MOQ: 10.000 Beutel)<\/td><\/tr><\/tbody><\/table><\/figure>\n\n\n\n<p><\/p>\n\n\n\n<h2 class=\"wp-block-heading\">Wie man kocht<\/h2>\n\n\n\n<p><strong>Bereit in 2 Minuten<\/strong><\/p>\n\n\n\n<ol class=\"wp-block-list\">\n<li>Die Fl\u00fcssigkeit abgie\u00dfen und absp\u00fclen <strong>2-3 Mal<\/strong>.<\/li>\n\n\n\n<li>In hei\u00dfem Wasser blanchieren f\u00fcr <strong>1 Minute<\/strong>.<\/li>\n\n\n\n<li>Perfekt f\u00fcr:\n<ul class=\"wp-block-list\">\n<li>gelbe Nudelgerichte<\/li>\n\n\n\n<li>Curry-\u00e4hnliche Pfannengerichte<\/li>\n\n\n\n<li>vegane Sch\u00fcsseln<\/li>\n\n\n\n<li>Low-Carb-Mahlzeitensets<\/li>\n\n\n\n<li>Salat-Toppings<\/li>\n\n\n\n<li>Fertiggerichte mit Clean Label<\/li>\n<\/ul>\n<\/li>\n<\/ol>\n\n\n\n<p>Kurkuma sorgt f\u00fcr eine nat\u00fcrliche goldene Farbe, ideal f\u00fcr die Zubereitung optisch ansprechender gesunder Mahlzeiten.<\/p>\n\n\n\n<h2 class=\"wp-block-heading\">Zertifizierungen<\/h2>\n\n\n\n<p>ISO - HACCP - HALAL - KOSCHER - BRC - IFS - EU BIO - USDA BIO<\/p>","protected":false},"excerpt":{"rendered":"<p>Hell, nat\u00fcrlich gef\u00e4rbt <strong data-start=\"494\" data-end=\"520\">Kurkuma-Konjak-Nudeln<\/strong> Hergestellt aus hochwertigem Konjakmehl und Kurkumaextrakt. Kalorienarm, kohlenhydratarm, vegan und perfekt f\u00fcr Marken f\u00fcr gesunde Lebensmittel, Hersteller von Fertiggerichten, Einzelh\u00e4ndler und Eigenmarkenkunden, die eine optisch einzigartige, funktionelle Pasta-Zutat suchen.<\/p>\n<ul>\n<li data-start=\"791\" data-end=\"873\">\n<p data-start=\"793\" data-end=\"873\"><strong data-start=\"793\" data-end=\"822\">Nat\u00fcrlicher Kurkuma-Aufguss<\/strong> \u2013 Warmer Gelbton mit zus\u00e4tzlicher ern\u00e4hrungsphysiologischer Attraktivit\u00e4t.<\/p>\n<\/li>\n<li data-start=\"874\" data-end=\"968\">\n<p data-start=\"876\" data-end=\"968\"><strong data-start=\"876\" data-end=\"897\">Ultra-Kalorienarm<\/strong> - Nur <strong data-start=\"905\" data-end=\"924\">5 kcal pro 100g<\/strong>, ideal f\u00fcr die Kategorien Keto und Gewichtsabnahme.<\/p>\n<\/li>\n<li data-start=\"969\" data-end=\"1033\">\n<p data-start=\"971\" data-end=\"1033\"><strong data-start=\"971\" data-end=\"1000\">Pflanzlich &amp; Clean Label<\/strong> \u2013 Kein Fett, kein Zucker, kein Gluten.<\/p>\n<\/li>\n<li data-start=\"1034\" data-end=\"1113\">\n<p data-start=\"1036\" data-end=\"1113\"><strong data-start=\"1036\" data-end=\"1058\">Bereit in 2 Minuten<\/strong> \u2013 Instant-Konjak-Nudeln im Wet-Style f\u00fcr eine einfache Zubereitung.<\/p>\n<\/li>\n<li data-start=\"1114\" data-end=\"1200\">\n<p data-start=\"1116\" data-end=\"1200\"><strong data-start=\"1116\" data-end=\"1133\">Neutraler Geschmack<\/strong> \u2013 Kurkuma verst\u00e4rkt die Farbe, nicht den Geschmack; geeignet f\u00fcr jede K\u00fcche.<\/p>\n<\/li>\n<li data-start=\"1201\" data-end=\"1296\">\n<p data-start=\"1203\" data-end=\"1296\"><strong data-start=\"1203\" data-end=\"1232\">Premium-Zutaten als Verkaufsargument<\/strong> \u2013 Ideal f\u00fcr funktionelle Lebensmittel und Superfood-Produkte.<\/p>\n<\/li>\n<li data-start=\"1297\" data-end=\"1378\">\n<p data-start=\"1299\" data-end=\"1378\"><strong data-start=\"1299\" data-end=\"1328\">OEM-\/Eigenmarken-Support<\/strong> \u2013 Sondergr\u00f6\u00dfen, Sonderfarben und Branding verf\u00fcgbar.<\/p>\n<\/li>\n<li data-start=\"1379\" data-end=\"1471\">\n<p data-start=\"1381\" data-end=\"1471\"><strong data-start=\"1381\" data-end=\"1406\">Globale Zertifizierungen<\/strong> \u2013 ISO, HACCP, HALAL, KOSHER, BRC, IFS, EU-Bio, USDA-Bio.<\/p>\n<\/li>\n<\/ul>","protected":false},"featured_media":2375,"comment_status":"open","ping_status":"closed","template":"","meta":[],"product_brand":[],"product_cat":[48],"product_tag":[],"class_list":{"0":"post-2109","1":"product","2":"type-product","3":"status-publish","4":"has-post-thumbnail","6":"product_cat-organic-konjac-pasta","8":"first","9":"instock","10":"shipping-taxable","11":"product-type-simple"},"_links":{"self":[{"href":"https:\/\/scmlkj.com\/de\/wp-json\/wp\/v2\/product\/2109","targetHints":{"allow":["GET"]}}],"collection":[{"href":"https:\/\/scmlkj.com\/de\/wp-json\/wp\/v2\/product"}],"about":[{"href":"https:\/\/scmlkj.com\/de\/wp-json\/wp\/v2\/types\/product"}],"replies":[{"embeddable":true,"href":"https:\/\/scmlkj.com\/de\/wp-json\/wp\/v2\/comments?post=2109"}],"wp:featuredmedia":[{"embeddable":true,"href":"https:\/\/scmlkj.com\/de\/wp-json\/wp\/v2\/media\/2375"}],"wp:attachment":[{"href":"https:\/\/scmlkj.com\/de\/wp-json\/wp\/v2\/media?parent=2109"}],"wp:term":[{"taxonomy":"product_brand","embeddable":true,"href":"https:\/\/scmlkj.com\/de\/wp-json\/wp\/v2\/product_brand?post=2109"},{"taxonomy":"product_cat","embeddable":true,"href":"https:\/\/scmlkj.com\/de\/wp-json\/wp\/v2\/product_cat?post=2109"},{"taxonomy":"product_tag","embeddable":true,"href":"https:\/\/scmlkj.com\/de\/wp-json\/wp\/v2\/product_tag?post=2109"}],"curies":[{"name":"wp","href":"https:\/\/api.w.org\/{rel}","templated":true}]}}