{"id":2113,"date":"2025-12-08T06:52:44","date_gmt":"2025-12-08T06:52:44","guid":{"rendered":"https:\/\/scmlkj.com\/?post_type=product&#038;p=2113"},"modified":"2026-04-12T07:18:50","modified_gmt":"2026-04-12T07:18:50","slug":"konjak-shirataki-nudeln-mit-basilikum","status":"publish","type":"product","link":"https:\/\/scmlkj.com\/de\/produkte\/konjak-shirataki-nudeln-mit-basilikum\/","title":{"rendered":"Konjac Shirataki-Nudeln mit Basilikum-Infusion\u00a0"},"content":{"rendered":"<p>Basilikumextrakt wird verwendet, um ein frisches Kr\u00e4uteraroma und eine visuelle Identit\u00e4t zu schaffen und gleichzeitig eine neutrale Geschmacksbasis zu erhalten, die f\u00fcr verschiedene K\u00fcchen geeignet ist.<\/p>\n\n\n\n<h2 class=\"wp-block-heading\">N\u00e4hrwertbezogene Informationen<\/h2>\n\n\n\n<figure class=\"wp-block-table\"><table class=\"has-fixed-layout\"><tbody><tr><td><strong>N\u00e4hrstoff<\/strong><\/td><td><strong>Einheiten<\/strong><\/td><td><strong>Wert pro 100g<\/strong><\/td><\/tr><tr><td>Energie<\/td><td>kJ \/ kcal<\/td><td>25 kJ \/ 5 kcal<\/td><\/tr><tr><td>Kohlenhydrate<\/td><td>g<\/td><td>Weniger als 0,1<\/td><\/tr><tr><td>Eiwei\u00df<\/td><td>g<\/td><td>Weniger als 0,1<\/td><\/tr><tr><td>Fett<\/td><td>g<\/td><td>0<\/td><\/tr><tr><td>Ballaststoffe<\/td><td>g<\/td><td>2.7<\/td><\/tr><tr><td>Zucker<\/td><td>g<\/td><td>0<\/td><\/tr><tr><td>Natrium<\/td><td>mg<\/td><td>0<\/td><\/tr><\/tbody><\/table><\/figure>\n\n\n\n<h2 class=\"wp-block-heading\">Grundlegende Informationen<\/h2>\n\n\n\n<figure class=\"wp-block-table\"><table class=\"has-fixed-layout\"><tbody><tr><td><strong>Artikel<\/strong><\/td><td><strong>Einzelheiten<\/strong><\/td><\/tr><tr><td>Produktname<\/td><td>Konjac Shirataki-Nudeln mit Basilikum-Infusion<\/td><\/tr><tr><td>Produkttyp<\/td><td>Instant Konjac-Nudeln<\/td><\/tr><tr><td>Stil<\/td><td>Nass, frisch<\/td><\/tr><tr><td>Merkmal<\/td><td>Kohlenhydratarm, fettfrei<\/td><\/tr><tr><td>Art der Verarbeitung<\/td><td>Kontrollierte Wet-Process-Produktion<\/td><\/tr><tr><td>Geschmack<\/td><td>Neutral, f\u00fcr jede K\u00fcche geeignet<\/td><\/tr><tr><td>Geruch<\/td><td>Mildes Kr\u00e4uteraroma (geruchlos nach dem Absp\u00fclen)<\/td><\/tr><tr><td>Erscheinungsbild<\/td><td>Hellgr\u00fcn mit Basilikumaufguss<\/td><\/tr><tr><td>Spezifikation<\/td><td>270g \/ Beutel<\/td><\/tr><tr><td>Hauptbestandteil<\/td><td><br>Konjakmehl, Wasser, Basilikum-Extrakt\/Pulver<\/td><\/tr><tr><td>Inhalt<\/td><td>Reines Konjakmehl<\/td><\/tr><tr><td>Kochzeit<\/td><td>2 Minuten<\/td><\/tr><tr><td>Haltbarkeitsdauer<\/td><td>15 Monate<\/td><\/tr><tr><td>Lagerung Typ<\/td><td>Raumtemperatur<\/td><\/tr><tr><td>Markenname<\/td><td>\u00d6stlicher Morgen<\/td><\/tr><\/tbody><\/table><\/figure>\n\n\n\n<p><\/p>\n\n\n\n<h2 class=\"wp-block-heading\"><strong>Verpackung und Lieferung<\/strong><\/h2>\n\n\n\n<figure class=\"wp-block-table\"><table class=\"has-fixed-layout\"><tbody><tr><td><strong>Artikel<\/strong><\/td><td><strong>Einzelheiten<\/strong><\/td><\/tr><tr><td>Verkaufende Einheit<\/td><td>Einzelnes Element<\/td><\/tr><tr><td>Packungsgr\u00f6\u00dfe<\/td><td>12 \u00d7 10 \u00d7 18 cm<\/td><\/tr><tr><td>Bruttogewicht<\/td><td>0,280 kg<\/td><\/tr><tr><td>Verpackung<\/td><td>Tasche<\/td><\/tr><tr><td>Benutzerdefiniertes Logo<\/td><td>Verf\u00fcgbar (MOQ: 10.000 Beutel)<\/td><\/tr><\/tbody><\/table><\/figure>\n\n\n\n<p><\/p>\n\n\n\n<h2 class=\"wp-block-heading\">Wie man kocht<\/h2>\n\n\n\n<p><strong>Bereit in 2 Minuten<\/strong><\/p>\n\n\n\n<ol class=\"wp-block-list\">\n<li>Abgie\u00dfen und absp\u00fclen <strong>2-3 Mal<\/strong>.<\/li>\n\n\n\n<li>In hei\u00dfem Wasser blanchieren f\u00fcr <strong>1 Minute<\/strong>.<\/li>\n\n\n\n<li>Perfekt mit:\n<ul class=\"wp-block-list\">\n<li>Pesto oder Saucen auf Basilikumbasis<\/li>\n\n\n\n<li>Mediterrane Fusionsgerichte<\/li>\n\n\n\n<li>Salate und Poke Bowls<\/li>\n\n\n\n<li>Vegane &amp; Keto-Mahlzeitenkits<\/li>\n\n\n\n<li>leichte Pfannengerichte<\/li>\n<\/ul>\n<\/li>\n<\/ol>\n\n\n\n<p>F\u00fcgt eine frische Kr\u00e4uteridentit\u00e4t hinzu, w\u00e4hrend die klassische Konjak-Textur und Neutralit\u00e4t erhalten bleiben.<\/p>\n\n\n\n<h2 class=\"wp-block-heading\"><strong>Zertifizierungen<\/strong><\/h2>\n\n\n\n<p>ISO - HACCP - HALAL - KOSCHER - BRC - IFS - EU BIO - USDA BIO<\/p>","protected":false},"excerpt":{"rendered":"<p data-start=\"470\" data-end=\"753\">Eine erfrischende, nat\u00fcrlich pflanzliche <strong data-start=\"501\" data-end=\"532\">Konjac-Nudeln mit Basilikum-Infusion<\/strong> hergestellt mit hochwertigem Konjakmehl und Basilikumextrakt. Kohlenhydratarm, fettfrei, \"clean label\" und ideal f\u00fcr gesunde Lebensmittelmarken, Anbieter von Mahlzeitenkits und Einzelh\u00e4ndler mit Eigenmarken. Mildes Aroma, neutraler Geschmack und optisch ansprechend.<\/p>\n<ul>\n<li data-start=\"789\" data-end=\"870\">\n<p data-start=\"791\" data-end=\"870\"><strong data-start=\"791\" data-end=\"815\">Nat\u00fcrliche Basilikum-Fusion<\/strong> - Leichtes Kr\u00e4uteraroma mit einem sauberen, frischen Gr\u00fcnton.<\/p>\n<\/li>\n<li data-start=\"871\" data-end=\"967\">\n<p data-start=\"873\" data-end=\"967\"><strong data-start=\"873\" data-end=\"899\">Kalorien- &amp; Kohlenhydratarm<\/strong> - Nur <strong data-start=\"907\" data-end=\"926\">5 kcal pro 100g<\/strong>Perfekt f\u00fcr Keto-Di\u00e4ten und Di\u00e4ten zum Abnehmen.<\/p>\n<\/li>\n<li data-start=\"968\" data-end=\"1052\">\n<p data-start=\"970\" data-end=\"1052\"><strong data-start=\"970\" data-end=\"999\">Bequemes Instant-Format<\/strong> - Konjaknudeln nach nasser Art fertig in <strong data-start=\"1036\" data-end=\"1049\">2 Minuten<\/strong>.<\/p>\n<\/li>\n<li data-start=\"1053\" data-end=\"1129\">\n<p data-start=\"1055\" data-end=\"1129\"><strong data-start=\"1055\" data-end=\"1072\">Neutraler Geschmack<\/strong> - Passt gut zu westlichen, asiatischen und Fusionssaucen.<\/p>\n<\/li>\n<li data-start=\"1130\" data-end=\"1209\">\n<p data-start=\"1132\" data-end=\"1209\"><strong data-start=\"1132\" data-end=\"1173\">Perfekt f\u00fcr Premium Healthy Meal Kits<\/strong> - Vegan, zuckerfrei, glutenfrei.<\/p>\n<\/li>\n<li data-start=\"1210\" data-end=\"1312\">\n<p data-start=\"1212\" data-end=\"1312\"><strong data-start=\"1212\" data-end=\"1244\">Zertifiziert f\u00fcr globale M\u00e4rkte<\/strong> - ISO, HACCP, HALAL, KOSHER, BRC, IFS, EU-Bio und USDA-Bio.<\/p>\n<\/li>\n<li data-start=\"1313\" data-end=\"1397\">\n<p data-start=\"1315\" data-end=\"1397\"><strong data-start=\"1315\" data-end=\"1346\">OEM-\/Privatmarken-Unterst\u00fctzung<\/strong> - Kundenspezifische Rezepturen, Farben und Verpackungen erh\u00e4ltlich.<\/p>\n<\/li>\n<\/ul>","protected":false},"featured_media":2116,"comment_status":"open","ping_status":"closed","template":"","meta":[],"product_brand":[],"product_cat":[48],"product_tag":[],"class_list":{"0":"post-2113","1":"product","2":"type-product","3":"status-publish","4":"has-post-thumbnail","6":"product_cat-organic-konjac-pasta","8":"first","9":"instock","10":"shipping-taxable","11":"product-type-simple"},"_links":{"self":[{"href":"https:\/\/scmlkj.com\/de\/wp-json\/wp\/v2\/product\/2113","targetHints":{"allow":["GET"]}}],"collection":[{"href":"https:\/\/scmlkj.com\/de\/wp-json\/wp\/v2\/product"}],"about":[{"href":"https:\/\/scmlkj.com\/de\/wp-json\/wp\/v2\/types\/product"}],"replies":[{"embeddable":true,"href":"https:\/\/scmlkj.com\/de\/wp-json\/wp\/v2\/comments?post=2113"}],"wp:featuredmedia":[{"embeddable":true,"href":"https:\/\/scmlkj.com\/de\/wp-json\/wp\/v2\/media\/2116"}],"wp:attachment":[{"href":"https:\/\/scmlkj.com\/de\/wp-json\/wp\/v2\/media?parent=2113"}],"wp:term":[{"taxonomy":"product_brand","embeddable":true,"href":"https:\/\/scmlkj.com\/de\/wp-json\/wp\/v2\/product_brand?post=2113"},{"taxonomy":"product_cat","embeddable":true,"href":"https:\/\/scmlkj.com\/de\/wp-json\/wp\/v2\/product_cat?post=2113"},{"taxonomy":"product_tag","embeddable":true,"href":"https:\/\/scmlkj.com\/de\/wp-json\/wp\/v2\/product_tag?post=2113"}],"curies":[{"name":"wp","href":"https:\/\/api.w.org\/{rel}","templated":true}]}}