{"id":2117,"date":"2025-12-08T06:56:03","date_gmt":"2025-12-08T06:56:03","guid":{"rendered":"https:\/\/scmlkj.com\/?post_type=product&#038;p=2117"},"modified":"2026-04-30T14:52:44","modified_gmt":"2026-04-30T14:52:44","slug":"hafer-konjac-shirataki-spaghetti","status":"publish","type":"product","link":"https:\/\/scmlkj.com\/de\/produkte\/hafer-konjac-shirataki-spaghetti\/","title":{"rendered":"Hafer-Konjak-Shirataki-Spaghetti"},"content":{"rendered":"<p>Der Zusatz von Haferfasern verbessert das Mundgef\u00fchl und die Festigkeit, so dass die Spaghetti den traditionellen Weizennudeln \u00e4hnlicher werden und gleichzeitig kalorien- und kohlenhydratarm bleiben.<\/p>\n\n\n\n<figure class=\"wp-block-image size-large\"><img fetchpriority=\"high\" decoding=\"async\" width=\"1024\" height=\"576\" src=\"https:\/\/scmlkj.com\/wp-content\/uploads\/2026\/04\/oat-konjac-noodles-shirataki-high-fiber-plant-based-1024x576.jpg\" alt=\"Hafer-Konjak-Shirataki-Nudeln aus pflanzlichen Zutaten, ballaststoffreiche, kohlenhydratarme Pasta-Alternative\" class=\"wp-image-3732\" srcset=\"https:\/\/scmlkj.com\/wp-content\/uploads\/2026\/04\/oat-konjac-noodles-shirataki-high-fiber-plant-based-1024x576.jpg 1024w, https:\/\/scmlkj.com\/wp-content\/uploads\/2026\/04\/oat-konjac-noodles-shirataki-high-fiber-plant-based-300x169.jpg 300w, https:\/\/scmlkj.com\/wp-content\/uploads\/2026\/04\/oat-konjac-noodles-shirataki-high-fiber-plant-based-768x432.jpg 768w, https:\/\/scmlkj.com\/wp-content\/uploads\/2026\/04\/oat-konjac-noodles-shirataki-high-fiber-plant-based-1536x864.jpg 1536w, https:\/\/scmlkj.com\/wp-content\/uploads\/2026\/04\/oat-konjac-noodles-shirataki-high-fiber-plant-based-18x10.jpg 18w, https:\/\/scmlkj.com\/wp-content\/uploads\/2026\/04\/oat-konjac-noodles-shirataki-high-fiber-plant-based-600x338.jpg 600w, https:\/\/scmlkj.com\/wp-content\/uploads\/2026\/04\/oat-konjac-noodles-shirataki-high-fiber-plant-based.jpg 1600w\" sizes=\"(max-width: 1024px) 100vw, 1024px\" \/><\/figure>\n\n\n\n<h2 class=\"wp-block-heading\">N\u00e4hrwertbezogene Informationen<\/h2>\n\n\n\n<figure class=\"wp-block-table\"><table class=\"has-fixed-layout\"><tbody><tr><td><strong>N\u00e4hrstoff<\/strong><\/td><td><strong>Einheiten<\/strong><\/td><td><strong>Wert pro 100g<\/strong><\/td><\/tr><tr><td>Energie<\/td><td>kJ \/ kcal<\/td><td>25 kJ \/ 5 kcal<\/td><\/tr><tr><td>Kohlenhydrate<\/td><td>g<\/td><td>Weniger als 0,1<\/td><\/tr><tr><td>Eiwei\u00df<\/td><td>g<\/td><td>Weniger als 0,1<\/td><\/tr><tr><td>Fett<\/td><td>g<\/td><td>0<\/td><\/tr><tr><td>Ballaststoffe<\/td><td>g<\/td><td>2.7<\/td><\/tr><tr><td>Zucker<\/td><td>g<\/td><td>0<\/td><\/tr><tr><td>Natrium<\/td><td>mg<\/td><td>0<\/td><\/tr><\/tbody><\/table><\/figure>\n\n\n\n<h2 class=\"wp-block-heading\">Grundlegende Informationen<\/h2>\n\n\n\n<figure class=\"wp-block-table\"><table class=\"has-fixed-layout\"><tbody><tr><td><strong>Artikel<\/strong><\/td><td><strong>Einzelheiten<\/strong><\/td><\/tr><tr><td>Produktname<\/td><td>Hafer-Konjak-Shirataki-Spaghetti<\/td><\/tr><tr><td>Produkttyp<\/td><td>Instant Konjac-Nudeln<\/td><\/tr><tr><td>Stil<\/td><td>Nass, frisch<\/td><\/tr><tr><td>Merkmal<\/td><td>Kohlenhydratarm, fettfrei<\/td><\/tr><tr><td>Art der Verarbeitung<\/td><td>Handgefertigt<\/td><\/tr><tr><td>Geschmack<\/td><td>Neutral<\/td><\/tr><tr><td>Geruch<\/td><td>Geruchsneutral<\/td><\/tr><tr><td>Erscheinungsbild<\/td><td>Hell beige-wei\u00dfe, haferangereicherte Spaghetti-Schnittform<\/td><\/tr><tr><td>Spezifikation<\/td><td>270g \/ Beutel<\/td><\/tr><tr><td>Hauptbestandteil<\/td><td><br>Konjacmehl, Wasser, Haferfaser<\/td><\/tr><tr><td>Inhalt<\/td><td>Reines Konjakmehl<\/td><\/tr><tr><td>Kochzeit<\/td><td>2 Minuten<\/td><\/tr><tr><td>Haltbarkeitsdauer<\/td><td>15 Monate<\/td><\/tr><tr><td>Lagerung Typ<\/td><td>Raumtemperatur<\/td><\/tr><tr><td>Markenname<\/td><td>\u00d6stlicher Morgen<\/td><\/tr><\/tbody><\/table><\/figure>\n\n\n\n<p><\/p>\n\n\n\n<h2 class=\"wp-block-heading\">Verpackung und Lieferung<\/h2>\n\n\n\n<figure class=\"wp-block-table\"><table class=\"has-fixed-layout\"><tbody><tr><td><strong>Artikel<\/strong><\/td><td><strong>Einzelheiten<\/strong><\/td><\/tr><tr><td>Verkaufende Einheit<\/td><td>Einzelnes Element<\/td><\/tr><tr><td>Packungsgr\u00f6\u00dfe<\/td><td>12 \u00d7 10 \u00d7 18 cm<\/td><\/tr><tr><td>Bruttogewicht<\/td><td>0,280 kg<\/td><\/tr><tr><td>Verpackung<\/td><td>Tasche<\/td><\/tr><tr><td>Benutzerdefiniertes Logo<\/td><td>Verf\u00fcgbar (MOQ: 10.000 Beutel)<\/td><\/tr><\/tbody><\/table><\/figure>\n\n\n\n<figure class=\"wp-block-image size-large\"><img decoding=\"async\" width=\"1024\" height=\"576\" src=\"https:\/\/scmlkj.com\/wp-content\/uploads\/2026\/04\/cooked-oat-konjac-noodles-shirataki-high-fiber-ready-to-eat-1024x576.jpg\" alt=\"Gekochte Hafer-Konjak-Shirataki-Nudeln in einer Sch\u00fcssel, ballaststoffreiches, kohlenhydratarmes Pflanzengericht\" class=\"wp-image-3734\" srcset=\"https:\/\/scmlkj.com\/wp-content\/uploads\/2026\/04\/cooked-oat-konjac-noodles-shirataki-high-fiber-ready-to-eat-1024x576.jpg 1024w, https:\/\/scmlkj.com\/wp-content\/uploads\/2026\/04\/cooked-oat-konjac-noodles-shirataki-high-fiber-ready-to-eat-300x169.jpg 300w, https:\/\/scmlkj.com\/wp-content\/uploads\/2026\/04\/cooked-oat-konjac-noodles-shirataki-high-fiber-ready-to-eat-768x432.jpg 768w, https:\/\/scmlkj.com\/wp-content\/uploads\/2026\/04\/cooked-oat-konjac-noodles-shirataki-high-fiber-ready-to-eat-1536x864.jpg 1536w, https:\/\/scmlkj.com\/wp-content\/uploads\/2026\/04\/cooked-oat-konjac-noodles-shirataki-high-fiber-ready-to-eat-18x10.jpg 18w, https:\/\/scmlkj.com\/wp-content\/uploads\/2026\/04\/cooked-oat-konjac-noodles-shirataki-high-fiber-ready-to-eat-600x338.jpg 600w, https:\/\/scmlkj.com\/wp-content\/uploads\/2026\/04\/cooked-oat-konjac-noodles-shirataki-high-fiber-ready-to-eat.jpg 1600w\" sizes=\"(max-width: 1024px) 100vw, 1024px\" \/><\/figure>\n\n\n\n<h2 class=\"wp-block-heading\">Wie man kocht<\/h2>\n\n\n\n<p><strong>Bereit in 2 Minuten<\/strong><\/p>\n\n\n\n<ol class=\"wp-block-list\">\n<li>Die Fl\u00fcssigkeit abgie\u00dfen und absp\u00fclen <strong>2-3 Mal<\/strong>.<\/li>\n\n\n\n<li>In hei\u00dfem Wasser blanchieren f\u00fcr <strong>1 Minute<\/strong>.<\/li>\n\n\n\n<li>Kombiniert mit:\n<ul class=\"wp-block-list\">\n<li>Tomatenbasierte Saucen<\/li>\n\n\n\n<li>Pesto &amp; cremige Saucen<\/li>\n\n\n\n<li>Keto-freundliche Pastagerichte<\/li>\n\n\n\n<li>Salate &amp; kalte Spaghetti-Bowls<\/li>\n\n\n\n<li>Protein-Meal-Prep-Kits<\/li>\n<\/ul>\n<\/li>\n<\/ol>\n\n\n\n<p>Die Haferanreicherung sorgt f\u00fcr ein weicheres Mundgef\u00fchl und macht es zu einer beliebten Option f\u00fcr westliche Marken f\u00fcr gesunde Pasta.<\/p>\n\n\n\n<h2 class=\"wp-block-heading\">Zertifizierungen<\/h2>\n\n\n\n<p>ISO - HACCP - HALAL - KOSCHER - BRC - IFS - EU BIO - USDA BIO<\/p>","protected":false},"excerpt":{"rendered":"<p>Eine nahrhafte <strong data-start=\"438\" data-end=\"462\">Hafer-Konjac-Spaghetti<\/strong> hergestellt aus hochwertigem Konjacmehl, vermischt mit nat\u00fcrlichen Haferfasern. Glatte Textur, kalorien- und kohlenhydratarm, ideal f\u00fcr Marken f\u00fcr gesunde Mahlzeiten, Superm\u00e4rkte, Kochboxen und Private-Label-Anbieter. Eine gesunde Weiterentwicklung der klassischen Shirataki.<\/p>\n<ul>\n<li data-start=\"731\" data-end=\"812\">\n<p data-start=\"733\" data-end=\"812\"><strong data-start=\"733\" data-end=\"759\">Angereichert mit Haferfaser<\/strong> \u2013 Verbessert die Textur, bietet den Reiz nat\u00fcrlicher Ballaststoffe.<\/p>\n<\/li>\n<li data-start=\"813\" data-end=\"908\">\n<p data-start=\"815\" data-end=\"908\"><strong data-start=\"815\" data-end=\"840\">Kohlenhydratarm, kalorienarm<\/strong> - Nur <strong data-start=\"848\" data-end=\"867\">5 kcal pro 100g<\/strong>; ideal f\u00fcr Keto- und Abnehm-M\u00e4rkte.<\/p>\n<\/li>\n<li data-start=\"909\" data-end=\"1002\">\n<p data-start=\"911\" data-end=\"1002\"><strong data-start=\"911\" data-end=\"931\">Verbesserte Textur<\/strong> \u2013 Hafer verleiht eine etwas festere Bissfestigkeit als herk\u00f6mmliche Shirataki-Spaghetti.<\/p>\n<\/li>\n<li data-start=\"1003\" data-end=\"1062\">\n<p data-start=\"1005\" data-end=\"1062\"><strong data-start=\"1005\" data-end=\"1020\">Sauberes Etikett<\/strong> \u2013 Kein Fett, kein Zucker, glutenfrei, vegan.<\/p>\n<\/li>\n<li data-start=\"1063\" data-end=\"1154\">\n<p data-start=\"1065\" data-end=\"1154\"><strong data-start=\"1065\" data-end=\"1097\">Sofortige Feuchtspaghetti-Form<\/strong> \u2013 Fertig in <strong data-start=\"1109\" data-end=\"1122\">2 Minuten<\/strong>, perfekt f\u00fcr gesundes Kochen.<\/p>\n<\/li>\n<li data-start=\"1155\" data-end=\"1249\">\n<p data-start=\"1157\" data-end=\"1249\"><strong data-start=\"1157\" data-end=\"1191\">Globale Standardzertifizierungen<\/strong> \u2013 ISO, HACCP, KOSHER, HALAL, BRC, IFS, EU\/USDA Bio.<\/p>\n<\/li>\n<li data-start=\"1250\" data-end=\"1338\">\n<p data-start=\"1252\" data-end=\"1338\"><strong data-start=\"1252\" data-end=\"1284\">OEM-\/Eigenmarkenfreundlich<\/strong> \u2013 Individuelle Beutelgr\u00f6\u00dfen, Etikettengestaltung und Rezepturen werden unterst\u00fctzt.<\/p>\n<\/li>\n<\/ul>\n<p>&nbsp;<\/p>","protected":false},"featured_media":2120,"comment_status":"open","ping_status":"closed","template":"","meta":[],"product_brand":[],"product_cat":[48],"product_tag":[],"class_list":{"0":"post-2117","1":"product","2":"type-product","3":"status-publish","4":"has-post-thumbnail","6":"product_cat-organic-konjac-pasta","8":"first","9":"instock","10":"shipping-taxable","11":"product-type-simple"},"_links":{"self":[{"href":"https:\/\/scmlkj.com\/de\/wp-json\/wp\/v2\/product\/2117","targetHints":{"allow":["GET"]}}],"collection":[{"href":"https:\/\/scmlkj.com\/de\/wp-json\/wp\/v2\/product"}],"about":[{"href":"https:\/\/scmlkj.com\/de\/wp-json\/wp\/v2\/types\/product"}],"replies":[{"embeddable":true,"href":"https:\/\/scmlkj.com\/de\/wp-json\/wp\/v2\/comments?post=2117"}],"wp:featuredmedia":[{"embeddable":true,"href":"https:\/\/scmlkj.com\/de\/wp-json\/wp\/v2\/media\/2120"}],"wp:attachment":[{"href":"https:\/\/scmlkj.com\/de\/wp-json\/wp\/v2\/media?parent=2117"}],"wp:term":[{"taxonomy":"product_brand","embeddable":true,"href":"https:\/\/scmlkj.com\/de\/wp-json\/wp\/v2\/product_brand?post=2117"},{"taxonomy":"product_cat","embeddable":true,"href":"https:\/\/scmlkj.com\/de\/wp-json\/wp\/v2\/product_cat?post=2117"},{"taxonomy":"product_tag","embeddable":true,"href":"https:\/\/scmlkj.com\/de\/wp-json\/wp\/v2\/product_tag?post=2117"}],"curies":[{"name":"wp","href":"https:\/\/api.w.org\/{rel}","templated":true}]}}