{"id":2121,"date":"2025-12-08T07:01:13","date_gmt":"2025-12-08T07:01:13","guid":{"rendered":"https:\/\/scmlkj.com\/?post_type=product&#038;p=2121"},"modified":"2026-04-30T15:07:56","modified_gmt":"2026-04-30T15:07:56","slug":"kurbis-konjak-spaghetti","status":"publish","type":"product","link":"https:\/\/scmlkj.com\/de\/produkte\/kurbis-konjak-spaghetti\/","title":{"rendered":"K\u00fcrbis-Konjak-Spaghetti"},"content":{"rendered":"<p>K\u00fcrbisextrakt wird in erster Linie zur Verbesserung der nat\u00fcrlichen Farbe und des N\u00e4hrwerts verwendet, wobei eine neutrale Geschmacksbasis erhalten bleibt, die sich f\u00fcr verschiedene Rezepte eignet.<\/p>\n\n\n\n<figure class=\"wp-block-image size-large\"><img fetchpriority=\"high\" decoding=\"async\" width=\"1024\" height=\"576\" src=\"https:\/\/scmlkj.com\/wp-content\/uploads\/2026\/04\/pumpkin-konjac-noodles-shirataki-plant-based-low-carb-1024x576.jpg\" alt=\"K\u00fcrbis-Konjak-Shirataki-Nudeln aus pflanzlichen Zutaten, kohlenhydratarme und gesunde Pasta-Alternative\" class=\"wp-image-3735\" srcset=\"https:\/\/scmlkj.com\/wp-content\/uploads\/2026\/04\/pumpkin-konjac-noodles-shirataki-plant-based-low-carb-1024x576.jpg 1024w, https:\/\/scmlkj.com\/wp-content\/uploads\/2026\/04\/pumpkin-konjac-noodles-shirataki-plant-based-low-carb-300x169.jpg 300w, https:\/\/scmlkj.com\/wp-content\/uploads\/2026\/04\/pumpkin-konjac-noodles-shirataki-plant-based-low-carb-768x432.jpg 768w, https:\/\/scmlkj.com\/wp-content\/uploads\/2026\/04\/pumpkin-konjac-noodles-shirataki-plant-based-low-carb-1536x864.jpg 1536w, https:\/\/scmlkj.com\/wp-content\/uploads\/2026\/04\/pumpkin-konjac-noodles-shirataki-plant-based-low-carb-18x10.jpg 18w, https:\/\/scmlkj.com\/wp-content\/uploads\/2026\/04\/pumpkin-konjac-noodles-shirataki-plant-based-low-carb-600x338.jpg 600w, https:\/\/scmlkj.com\/wp-content\/uploads\/2026\/04\/pumpkin-konjac-noodles-shirataki-plant-based-low-carb.jpg 1600w\" sizes=\"(max-width: 1024px) 100vw, 1024px\" \/><\/figure>\n\n\n\n<h2 class=\"wp-block-heading\">N\u00e4hrwertbezogene Informationen<\/h2>\n\n\n\n<figure class=\"wp-block-table\"><table class=\"has-fixed-layout\"><tbody><tr><td><strong>N\u00e4hrstoff<\/strong><\/td><td><strong>Einheiten<\/strong><\/td><td><strong>Wert pro 100g<\/strong><\/td><\/tr><tr><td>Energie<\/td><td>kJ \/ kcal<\/td><td>25 kJ \/ 5 kcal<\/td><\/tr><tr><td>Kohlenhydrate<\/td><td>g<\/td><td>Weniger als 0,1<\/td><\/tr><tr><td>Eiwei\u00df<\/td><td>g<\/td><td>Weniger als 0,1<\/td><\/tr><tr><td>Fett<\/td><td>g<\/td><td>0<\/td><\/tr><tr><td>Ballaststoffe<\/td><td>g<\/td><td>2.7<\/td><\/tr><tr><td>Zucker<\/td><td>g<\/td><td>0<\/td><\/tr><tr><td>Natrium<\/td><td>mg<\/td><td>0<\/td><\/tr><\/tbody><\/table><\/figure>\n\n\n\n<h2 class=\"wp-block-heading\">Grundlegende Informationen<\/h2>\n\n\n\n<figure class=\"wp-block-table\"><table class=\"has-fixed-layout\"><tbody><tr><td><strong>Artikel<\/strong><\/td><td><strong>Einzelheiten<\/strong><\/td><\/tr><tr><td>Produktname<\/td><td>K\u00fcrbis-Konjak-Spaghetti<\/td><\/tr><tr><td>Produkttyp<\/td><td>Instant Konjac-Nudeln<\/td><\/tr><tr><td>Stil<\/td><td>Nass, frisch<\/td><\/tr><tr><td>Merkmal<\/td><td>Kohlenhydratarm, fettfrei<\/td><\/tr><tr><td>Art der Verarbeitung<\/td><td>Kontrollierte Wet-Process-Produktion<\/td><\/tr><tr><td>Geschmack<\/td><td>Neutral<\/td><\/tr><tr><td>Geruch<\/td><td>Geruchsneutral<\/td><\/tr><tr><td>Erscheinungsbild<\/td><td>Weiche gelb\/orangefarbene Spaghetti mit K\u00fcrbisf\u00fcllung<\/td><\/tr><tr><td>Spezifikation<\/td><td>270g \/ Beutel<\/td><\/tr><tr><td>Hauptbestandteil<\/td><td><br>Konjakmehl, Wasser, K\u00fcrbisextrakt\/-pulver<\/td><\/tr><tr><td>Inhalt<\/td><td>Reines Konjakmehl<\/td><\/tr><tr><td>Kochzeit<\/td><td>2 Minuten<\/td><\/tr><tr><td>Haltbarkeitsdauer<\/td><td>15 Monate<\/td><\/tr><tr><td>Lagerung Typ<\/td><td>Raumtemperatur<\/td><\/tr><tr><td>Markenname<\/td><td>\u00d6stlicher Morgen<\/td><\/tr><\/tbody><\/table><\/figure>\n\n\n\n<h2 class=\"wp-block-heading\">K\u00fcrbis-Konjak-Spaghetti vs. normale Konjak-Spaghetti<\/h2>\n\n\n\n<figure class=\"wp-block-table\"><table class=\"has-fixed-layout\"><tbody><tr><td><strong>Merkmal<\/strong><\/td><td><strong>K\u00fcrbis Konjac<\/strong><\/td><td><strong>Einfacher Konjak<\/strong><\/td><\/tr><tr><td>Farbe<\/td><td>Nat\u00fcrlich gelb-orange<\/td><td>Transparent<\/td><\/tr><tr><td>Attraktivit\u00e4t der Regale<\/td><td>H\u00f6her<\/td><td>Standard<\/td><\/tr><tr><td>Zielm\u00e4rkte<\/td><td>Einzelhandel, Mahlzeitenpakete, Kinder<\/td><td>Massenmarkt<\/td><\/tr><tr><td>Auswirkungen auf den Geschmack<\/td><td>Neutral<\/td><td>Neutral<\/td><\/tr><\/tbody><\/table><\/figure>\n\n\n\n<p><\/p>\n\n\n\n<h2 class=\"wp-block-heading\">Empfohlene Anwendungen<\/h2>\n\n\n\n<p>Kohlenhydratarme Nudelgerichte f\u00fcr Einzelhandel und Gastronomie<\/p>\n\n\n\n<p>Vegane und pflanzliche Mahlzeiten-Kits<\/p>\n\n\n\n<p>Salatsch\u00fcsseln und kalte Pasta-Anwendungen<\/p>\n\n\n\n<p>Keto-freundliche Nudelalternativen<\/p>\n\n\n\n<p>Rezepte f\u00fcr Spaghetti nach westlicher Art<\/p>\n\n\n\n<p>Gesunde Mahlzeiten f\u00fcr Kinder (nat\u00fcrliche Farben und Clean-Label-Appeal)<\/p>\n\n\n\n<h2 class=\"wp-block-heading\">Verpackung und Lieferung<\/h2>\n\n\n\n<figure class=\"wp-block-table\"><table class=\"has-fixed-layout\"><tbody><tr><td><strong>Artikel<\/strong><\/td><td><strong>Einzelheiten<\/strong><\/td><\/tr><tr><td>Verkaufende Einheit<\/td><td>Einzelnes Element<\/td><\/tr><tr><td>Packungsgr\u00f6\u00dfe<\/td><td>12 \u00d7 10 \u00d7 18 cm<\/td><\/tr><tr><td>Bruttogewicht<\/td><td>0,280 kg<\/td><\/tr><tr><td>Verpackung<\/td><td>Tasche<\/td><\/tr><tr><td>Benutzerdefiniertes Logo<\/td><td>Verf\u00fcgbar (MOQ: 10.000 Beutel)<\/td><\/tr><\/tbody><\/table><\/figure>\n\n\n\n<figure class=\"wp-block-image size-large\"><img decoding=\"async\" width=\"1024\" height=\"576\" src=\"https:\/\/scmlkj.com\/wp-content\/uploads\/2026\/04\/cooked-pumpkin-konjac-noodles-shirataki-ready-to-eat-1024x576.jpg\" alt=\"Gekochte K\u00fcrbis-Konjak-Shirataki-Nudeln in einer Schale serviert, kohlenhydratarme pflanzliche Nudeln zum Verzehr\" class=\"wp-image-3737\" srcset=\"https:\/\/scmlkj.com\/wp-content\/uploads\/2026\/04\/cooked-pumpkin-konjac-noodles-shirataki-ready-to-eat-1024x576.jpg 1024w, https:\/\/scmlkj.com\/wp-content\/uploads\/2026\/04\/cooked-pumpkin-konjac-noodles-shirataki-ready-to-eat-300x169.jpg 300w, https:\/\/scmlkj.com\/wp-content\/uploads\/2026\/04\/cooked-pumpkin-konjac-noodles-shirataki-ready-to-eat-768x432.jpg 768w, https:\/\/scmlkj.com\/wp-content\/uploads\/2026\/04\/cooked-pumpkin-konjac-noodles-shirataki-ready-to-eat-1536x864.jpg 1536w, https:\/\/scmlkj.com\/wp-content\/uploads\/2026\/04\/cooked-pumpkin-konjac-noodles-shirataki-ready-to-eat-18x10.jpg 18w, https:\/\/scmlkj.com\/wp-content\/uploads\/2026\/04\/cooked-pumpkin-konjac-noodles-shirataki-ready-to-eat-600x338.jpg 600w, https:\/\/scmlkj.com\/wp-content\/uploads\/2026\/04\/cooked-pumpkin-konjac-noodles-shirataki-ready-to-eat.jpg 1600w\" sizes=\"(max-width: 1024px) 100vw, 1024px\" \/><\/figure>\n\n\n\n<h2 class=\"wp-block-heading\">Wie man kocht<\/h2>\n\n\n\n<p><strong>Bereit in 2 Minuten<\/strong><\/p>\n\n\n\n<ol class=\"wp-block-list\">\n<li>Die Fl\u00fcssigkeit abgie\u00dfen und absp\u00fclen&nbsp;<strong>2-3 Mal<\/strong>.<\/li>\n\n\n\n<li>In hei\u00dfem Wasser blanchieren f\u00fcr&nbsp;<strong>1 Minute<\/strong>.<\/li>\n<\/ol>\n\n\n\n<h2 class=\"wp-block-heading\">Zertifizierungen<\/h2>\n\n\n\n<p>ISO - HACCP - HALAL - KOSCHER - BRC - IFS - EU BIO - USDA BIO<\/p>\n\n\n\n<p><\/p>","protected":false},"excerpt":{"rendered":"<p>Nat\u00fcrlich gef\u00e4rbt <strong data-start=\"484\" data-end=\"512\">K\u00fcrbis-Konjak-Spaghetti<\/strong> hergestellt aus hochwertigem Konjakmehl und n\u00e4hrstoffreichem K\u00fcrbisextrakt. Geschmeidige Textur, kohlenhydratarm, fettfrei und ideal f\u00fcr Marken aus dem Bereich der gesunden Ern\u00e4hrung, Superm\u00e4rkte, Anbieter von Mahlzeitenpaketen und Eigenmarken, die eine optisch ansprechende, funktionelle Pasta-Alternative suchen.<\/p>\n<ul>\n<li data-start=\"807\" data-end=\"899\">\n<p data-start=\"809\" data-end=\"899\"><strong data-start=\"809\" data-end=\"837\">Nat\u00fcrlicher K\u00fcrbisaufguss<\/strong> - Sanfter gelb-oranger Farbton mit gesundheitsf\u00f6rdernden Inhaltsstoffen.<\/p>\n<\/li>\n<li data-start=\"900\" data-end=\"996\">\n<p data-start=\"902\" data-end=\"996\"><strong data-start=\"902\" data-end=\"923\">Ultra-Kalorienarm<\/strong> - Nur <strong data-start=\"931\" data-end=\"950\">5 kcal pro 100g<\/strong>perfekt f\u00fcr Keto und Abnehmprogramme.<\/p>\n<\/li>\n<li data-start=\"997\" data-end=\"1080\">\n<p data-start=\"999\" data-end=\"1080\"><strong data-start=\"999\" data-end=\"1025\">Verbesserte visuelle Anziehungskraft<\/strong> - K\u00fcrbis verleiht eine nat\u00fcrliche Farbe, ohne den Geschmack zu ver\u00e4ndern.<\/p>\n<\/li>\n<li data-start=\"1081\" data-end=\"1152\">\n<p data-start=\"1083\" data-end=\"1152\"><strong data-start=\"1083\" data-end=\"1106\">Clean-Label-Formel<\/strong> \u2013 Vegan, glutenfrei, zuckerfrei, fettfrei.<\/p>\n<\/li>\n<li data-start=\"1153\" data-end=\"1242\">\n<p data-start=\"1155\" data-end=\"1242\"><strong data-start=\"1155\" data-end=\"1187\">Sofortige 2-Minuten-Zubereitung<\/strong> - Konjac-Spaghetti im Nassverfahren f\u00fcr die schnelle Zubereitung von Mahlzeiten.<\/p>\n<\/li>\n<li data-start=\"1243\" data-end=\"1329\">\n<p data-start=\"1245\" data-end=\"1329\"><strong data-start=\"1245\" data-end=\"1284\">Ideal f\u00fcr Meal Kits und Einzelhandelsmarken<\/strong> - Beliebt als Ersatz f\u00fcr kohlenhydratarme Nudeln.<\/p>\n<\/li>\n<li data-start=\"1330\" data-end=\"1426\">\n<p data-start=\"1332\" data-end=\"1426\"><strong data-start=\"1332\" data-end=\"1363\">OEM\/Private Label m\u00f6glich<\/strong> - Benutzerdefinierte Taschengr\u00f6\u00dfen, Branding und Farbintensit\u00e4t werden unterst\u00fctzt.<\/p>\n<\/li>\n<li data-start=\"1427\" data-end=\"1520\">\n<p data-start=\"1429\" data-end=\"1520\"><strong data-start=\"1429\" data-end=\"1454\">Globale Zertifizierungen<\/strong> - ISO, HACCP, HALAL, KOSHER, BRC, IFS, EU-Bio und USDA-Bio.<\/p>\n<\/li>\n<\/ul>","protected":false},"featured_media":2125,"comment_status":"open","ping_status":"closed","template":"","meta":[],"product_brand":[],"product_cat":[48],"product_tag":[],"class_list":{"0":"post-2121","1":"product","2":"type-product","3":"status-publish","4":"has-post-thumbnail","6":"product_cat-organic-konjac-pasta","8":"first","9":"instock","10":"shipping-taxable","11":"product-type-simple"},"_links":{"self":[{"href":"https:\/\/scmlkj.com\/de\/wp-json\/wp\/v2\/product\/2121","targetHints":{"allow":["GET"]}}],"collection":[{"href":"https:\/\/scmlkj.com\/de\/wp-json\/wp\/v2\/product"}],"about":[{"href":"https:\/\/scmlkj.com\/de\/wp-json\/wp\/v2\/types\/product"}],"replies":[{"embeddable":true,"href":"https:\/\/scmlkj.com\/de\/wp-json\/wp\/v2\/comments?post=2121"}],"wp:featuredmedia":[{"embeddable":true,"href":"https:\/\/scmlkj.com\/de\/wp-json\/wp\/v2\/media\/2125"}],"wp:attachment":[{"href":"https:\/\/scmlkj.com\/de\/wp-json\/wp\/v2\/media?parent=2121"}],"wp:term":[{"taxonomy":"product_brand","embeddable":true,"href":"https:\/\/scmlkj.com\/de\/wp-json\/wp\/v2\/product_brand?post=2121"},{"taxonomy":"product_cat","embeddable":true,"href":"https:\/\/scmlkj.com\/de\/wp-json\/wp\/v2\/product_cat?post=2121"},{"taxonomy":"product_tag","embeddable":true,"href":"https:\/\/scmlkj.com\/de\/wp-json\/wp\/v2\/product_tag?post=2121"}],"curies":[{"name":"wp","href":"https:\/\/api.w.org\/{rel}","templated":true}]}}