{"id":2126,"date":"2025-12-08T07:15:34","date_gmt":"2025-12-08T07:15:34","guid":{"rendered":"https:\/\/scmlkj.com\/?post_type=product&#038;p=2126"},"modified":"2026-04-12T07:16:24","modified_gmt":"2026-04-12T07:16:24","slug":"kalorienarme-konjak-seidenknoten","status":"publish","type":"product","link":"https:\/\/scmlkj.com\/de\/produkte\/kalorienarme-konjak-seidenknoten\/","title":{"rendered":"\u00a0Kalorienarmer Konjak-Seidenknoten"},"content":{"rendered":"<p><\/p>\n\n\n\n<h2 class=\"wp-block-heading\">N\u00e4hrwertbezogene Informationen<\/h2>\n\n\n\n<figure class=\"wp-block-table\"><table class=\"has-fixed-layout\"><tbody><tr><td><strong>N\u00e4hrstoff<\/strong><\/td><td><strong>Einheiten<\/strong><\/td><td><strong>Wert pro 100g<\/strong><\/td><\/tr><tr><td>Energie<\/td><td>kJ \/ kcal<\/td><td>25 kJ \/ 5 kcal<\/td><\/tr><tr><td>Kohlenhydrate<\/td><td>g<\/td><td>Weniger als 0,1<\/td><\/tr><tr><td>Eiwei\u00df<\/td><td>g<\/td><td>Weniger als 0,1<\/td><\/tr><tr><td>Fett<\/td><td>g<\/td><td>0<\/td><\/tr><tr><td>Ballaststoffe<\/td><td>g<\/td><td>2.7<\/td><\/tr><tr><td>Zucker<\/td><td>g<\/td><td>0<\/td><\/tr><tr><td>Natrium<\/td><td>mg<\/td><td>0<\/td><\/tr><\/tbody><\/table><\/figure>\n\n\n\n<h2 class=\"wp-block-heading\">Grundlegende Informationen<\/h2>\n\n\n\n<figure class=\"wp-block-table\"><table class=\"has-fixed-layout\"><tbody><tr><td><strong>Artikel<\/strong><\/td><td><strong>Einzelheiten<\/strong><\/td><\/tr><tr><td>Produktname<\/td><td>Kalorienarmer Konjak-Seidenknoten<\/td><\/tr><tr><td>Produkttyp<\/td><td><a href=\"https:\/\/scmlkj.com\/de\/product-category\/feuchte-konjak-nudeln\/\">Feuchte Konjac-Nudeln<\/a><\/td><\/tr><tr><td>Stil<\/td><td>Instant - Verzehrfertiges Nasskonjak-Format<\/td><\/tr><tr><td>Merkmal<\/td><td>Kohlenhydratarm, fettfrei<\/td><\/tr><tr><td>Art der Verarbeitung<\/td><td>Handgefertigt<\/td><\/tr><tr><td>Geschmack<\/td><td>Neutral<\/td><\/tr><tr><td>Geruch<\/td><td>Geruchsneutral<\/td><\/tr><tr><td>Erscheinungsbild<\/td><td>Knoten \/ verknotete Nudelst\u00fccke<\/td><\/tr><tr><td>Spezifikation<\/td><td>270g \/ Beutel<\/td><\/tr><tr><td>Hauptbestandteil<\/td><td>Konjakmehl, gereinigtes Wasser, Zitronens\u00e4ure<\/td><\/tr><tr><td>Inhalt<\/td><td>Reines Konjakmehl<\/td><\/tr><tr><td>Kochzeit<\/td><td>2 Minuten<\/td><\/tr><tr><td>Haltbarkeitsdauer<\/td><td>18 Monate<\/td><\/tr><tr><td>Lagerung Typ<\/td><td>Raumtemperatur<\/td><\/tr><tr><td>Markenname<\/td><td>\u00d6stlicher Morgen<\/td><\/tr><\/tbody><\/table><\/figure>\n\n\n\n<p><\/p>\n\n\n\n<h2 class=\"wp-block-heading\">Verpackung und Lieferung<\/h2>\n\n\n\n<figure class=\"wp-block-table\"><table class=\"has-fixed-layout\"><tbody><tr><td><strong>Artikel<\/strong><\/td><td><strong>Einzelheiten<\/strong><\/td><\/tr><tr><td>Verkaufende Einheit<\/td><td>Einzelnes Element<\/td><\/tr><tr><td>Packungsgr\u00f6\u00dfe<\/td><td>12 \u00d7 10 \u00d7 18 cm<\/td><\/tr><tr><td>Bruttogewicht<\/td><td>0,280 kg<\/td><\/tr><tr><td>Verpackung<\/td><td>Tasche<\/td><\/tr><tr><td>Benutzerdefiniertes Logo<\/td><td>Verf\u00fcgbar (Mindestabnahmemenge: 1.000 Beutel)<\/td><\/tr><\/tbody><\/table><\/figure>\n\n\n\n<h2 class=\"wp-block-heading\">Warum Konjac-Seidenknoten ideal f\u00fcr Hotpot und asiatische K\u00fcche sind<\/h2>\n\n\n\n<p>Der Konjac-Seidenknoten wurde speziell f\u00fcr Eint\u00f6pfe und lang gekochte asiatische Gerichte entwickelt. Seine Knotenstruktur sorgt f\u00fcr eine z\u00e4he, elastische Textur, die beim Kochen, Schmoren und Garen gut h\u00e4lt, ohne zu zerfallen. Kombiniert mit einem extrem niedrigen Kaloriengehalt und einem hohen Anteil an Ballaststoffen bietet er eine s\u00e4ttigende und dennoch schuldfreie Alternative f\u00fcr moderne asiatische und gesunde Ern\u00e4hrungskonzepte.<\/p>\n\n\n\n<h2 class=\"wp-block-heading\">Wie man kocht<\/h2>\n\n\n\n<p><strong>Bereit in 2 Minuten<\/strong><\/p>\n\n\n\n<ol class=\"wp-block-list\">\n<li>Abgie\u00dfen und absp\u00fclen <strong>2-3 Mal<\/strong>.<\/li>\n\n\n\n<li>Blanchieren oder erhitzen f\u00fcr <strong>1 Minute<\/strong>.<\/li>\n<\/ol>\n\n\n\n<h3 class=\"wp-block-heading\"><strong>Perfekt f\u00fcr:<\/strong><\/h3>\n\n\n\n<ul class=\"wp-block-list\">\n<li>Hotpot &amp; Shabu-Shabu<\/li>\n\n\n\n<li>W\u00fcrzige Eint\u00f6pfe<\/li>\n\n\n\n<li>Asiatische Suppen<\/li>\n\n\n\n<li>Pfannengerichte<\/li>\n\n\n\n<li>Geschmorte Gerichte<\/li>\n\n\n\n<li>Meal-Prep-Bowls<\/li>\n\n\n\n<li>Fertiggerichte &amp; Gastronomie<\/li>\n<\/ul>\n\n\n\n<p>Die Knotenform sorgt f\u00fcr einen bissfesten, befriedigenden Biss, der sich auch in lang gegarten Gerichten gut h\u00e4lt.<\/p>\n\n\n\n<h2 class=\"wp-block-heading\"><a href=\"https:\/\/scmlkj.com\/de\/zertifizierung\/\">Zertifizierungen<\/a><\/h2>\n\n\n\n<p>ISO - HACCP - HALAL - KOSCHER - BRC - IFS - EU BIO - USDA BIO<\/p>","protected":false},"excerpt":{"rendered":"<p>Ein einzigartiger <strong data-start=\"520\" data-end=\"545\">Konjak-Seidenknoten<\/strong>, einzeln verknotet f\u00fcr eine bissfeste, genussvolle Textur. Ideal f\u00fcr Hotpot, Pfannengerichte, Suppen und asiatische K\u00fcche. Kalorienarm, fettfrei, glutenfrei und weizenfrei, daher beliebt bei Marken f\u00fcr gesunde Ern\u00e4hrung, asiatischen Superm\u00e4rkten und Private-Label-Kochbox-Anbietern.<\/p>\n<ul>\n<li data-start=\"852\" data-end=\"934\">\n<p data-start=\"854\" data-end=\"934\"><strong data-start=\"854\" data-end=\"878\">Signatur-Knotenform<\/strong> \u2013 Lustige, bissfeste Textur, ideal f\u00fcr Hotpot &amp; asiatische Gerichte.<\/p>\n<\/li>\n<li data-start=\"935\" data-end=\"1015\">\n<p data-start=\"937\" data-end=\"1015\"><strong data-start=\"937\" data-end=\"967\">Ultra-kalorienarm (5 kcal)<\/strong> \u2013 Perfekt f\u00fcr Gewichtsmanagement &amp; Keto-Di\u00e4ten.<\/p>\n<\/li>\n<li data-start=\"1016\" data-end=\"1092\">\n<p data-start=\"1018\" data-end=\"1092\"><strong data-start=\"1018\" data-end=\"1057\">FETTFREI - GLUTENFREI - WEIZENFREI<\/strong> \u2013 Clean-Label, allergikerfreundlich.<\/p>\n<\/li>\n<li data-start=\"1093\" data-end=\"1167\">\n<p data-start=\"1095\" data-end=\"1167\"><strong data-start=\"1095\" data-end=\"1127\">OHNE ZUSATZ VON K\u00dcNSTLICHEN AROMASTOFFEN<\/strong> \u2013 Nat\u00fcrlich neutral, saugt Saucen gut auf.<\/p>\n<\/li>\n<li data-start=\"1168\" data-end=\"1228\">\n<p data-start=\"1170\" data-end=\"1228\"><strong data-start=\"1170\" data-end=\"1196\">OHNE ZUSATZ VON KONSERVIERUNGSSTOFFEN<\/strong> \u2013 18 Monate haltbar.<\/p>\n<\/li>\n<li data-start=\"1229\" data-end=\"1281\">\n<p data-start=\"1231\" data-end=\"1281\"><strong data-start=\"1231\" data-end=\"1250\">BALLASTSTOFFQUELLE<\/strong> \u2013 F\u00f6rdert die Verdauungsgesundheit.<\/p>\n<\/li>\n<li data-start=\"1282\" data-end=\"1344\">\n<p data-start=\"1284\" data-end=\"1344\"><strong data-start=\"1284\" data-end=\"1308\">2-Minuten-Zubereitung<\/strong> \u2013 Verzehrfertiges feuchtes Konjak-Format.<\/p>\n<\/li>\n<li data-start=\"1345\" data-end=\"1426\">\n<p data-start=\"1347\" data-end=\"1426\"><strong data-start=\"1347\" data-end=\"1374\">OEM\/Private Label bereit<\/strong> \u2013 Individuelle Verpackungs-, Design- und Knotengr\u00f6\u00dfenoptionen.<\/p>\n<\/li>\n<\/ul>","protected":false},"featured_media":2372,"comment_status":"open","ping_status":"closed","template":"","meta":[],"product_brand":[],"product_cat":[49],"product_tag":[],"class_list":{"0":"post-2126","1":"product","2":"type-product","3":"status-publish","4":"has-post-thumbnail","6":"product_cat-wet-konjac-noodles","8":"first","9":"instock","10":"shipping-taxable","11":"product-type-simple"},"_links":{"self":[{"href":"https:\/\/scmlkj.com\/de\/wp-json\/wp\/v2\/product\/2126","targetHints":{"allow":["GET"]}}],"collection":[{"href":"https:\/\/scmlkj.com\/de\/wp-json\/wp\/v2\/product"}],"about":[{"href":"https:\/\/scmlkj.com\/de\/wp-json\/wp\/v2\/types\/product"}],"replies":[{"embeddable":true,"href":"https:\/\/scmlkj.com\/de\/wp-json\/wp\/v2\/comments?post=2126"}],"wp:featuredmedia":[{"embeddable":true,"href":"https:\/\/scmlkj.com\/de\/wp-json\/wp\/v2\/media\/2372"}],"wp:attachment":[{"href":"https:\/\/scmlkj.com\/de\/wp-json\/wp\/v2\/media?parent=2126"}],"wp:term":[{"taxonomy":"product_brand","embeddable":true,"href":"https:\/\/scmlkj.com\/de\/wp-json\/wp\/v2\/product_brand?post=2126"},{"taxonomy":"product_cat","embeddable":true,"href":"https:\/\/scmlkj.com\/de\/wp-json\/wp\/v2\/product_cat?post=2126"},{"taxonomy":"product_tag","embeddable":true,"href":"https:\/\/scmlkj.com\/de\/wp-json\/wp\/v2\/product_tag?post=2126"}],"curies":[{"name":"wp","href":"https:\/\/api.w.org\/{rel}","templated":true}]}}