{"id":2138,"date":"2025-12-08T07:23:51","date_gmt":"2025-12-08T07:23:51","guid":{"rendered":"https:\/\/scmlkj.com\/?post_type=product&#038;p=2138"},"modified":"2026-04-12T06:08:59","modified_gmt":"2026-04-12T06:08:59","slug":"konjak-shirataki-fettuccine","status":"publish","type":"product","link":"https:\/\/scmlkj.com\/de\/produkte\/konjak-shirataki-fettuccine\/","title":{"rendered":"\u00a0Konjac Shirataki Fettuccine"},"content":{"rendered":"<p><\/p>\n\n\n\n<h2 class=\"wp-block-heading\">N\u00e4hrwertbezogene Informationen<\/h2>\n\n\n\n<figure class=\"wp-block-table\"><table class=\"has-fixed-layout\"><tbody><tr><td><strong>N\u00e4hrstoff<\/strong><\/td><td><strong>Einheiten<\/strong><\/td><td><strong>Wert pro 100g<\/strong><\/td><\/tr><tr><td>Energie<\/td><td>kJ \/ kcal<\/td><td>25 kJ \/ 5 kcal<\/td><\/tr><tr><td>Kohlenhydrate<\/td><td>g<\/td><td>Weniger als 0,1<\/td><\/tr><tr><td>Eiwei\u00df<\/td><td>g<\/td><td>Weniger als 0,1<\/td><\/tr><tr><td>Fett<\/td><td>g<\/td><td>0<\/td><\/tr><tr><td>Ballaststoffe<\/td><td>g<\/td><td>2.7<\/td><\/tr><tr><td>Zucker<\/td><td>g<\/td><td>0<\/td><\/tr><tr><td>Natrium<\/td><td>mg<\/td><td>0<\/td><\/tr><\/tbody><\/table><\/figure>\n\n\n\n<h2 class=\"wp-block-heading\">Grundlegende Informationen<\/h2>\n\n\n\n<figure class=\"wp-block-table\"><table class=\"has-fixed-layout\"><tbody><tr><td><strong>Artikel<\/strong><\/td><td><strong>Einzelheiten<\/strong><\/td><\/tr><tr><td>Produktname<\/td><td>Konjac Shirataki Fettuccine<\/td><\/tr><tr><td>Produkttyp<\/td><td><a href=\"https:\/\/scmlkj.com\/de\/product-category\/feuchte-konjak-nudeln\/\">Feuchte Konjac-Nudeln<\/a><\/td><\/tr><tr><td>Stil<\/td><td>Sofort, verzehrfertig<\/td><\/tr><tr><td>Merkmal<\/td><td>Kohlenhydratarm, fettfrei<\/td><\/tr><tr><td>Art der Verarbeitung<\/td><td>Handgefertigt<\/td><\/tr><tr><td>Geschmack<\/td><td>Neutral \/ Geschmacklos<\/td><\/tr><tr><td>Geruch<\/td><td>Geruchlos<\/td><\/tr><tr><td>Erscheinungsbild<\/td><td>Flache Konjaknudeln nach Fettuccine-Art<\/td><\/tr><tr><td>Spezifikation<\/td><td>270g \/ Beutel<\/td><\/tr><tr><td>Hauptbestandteil<\/td><td><br>Wasser, Konjakmehl, Calciumhydroxid<\/td><\/tr><tr><td>Inhalt<\/td><td>Reines Konjakmehl<\/td><\/tr><tr><td>Kochzeit<\/td><td>2 Minuten<\/td><\/tr><tr><td>Haltbarkeitsdauer<\/td><td>18 Monate<\/td><\/tr><tr><td>Lagerung Typ<\/td><td>Raumtemperatur<\/td><\/tr><tr><td>Markenname<\/td><td>\u00d6stlicher Morgen<\/td><\/tr><\/tbody><\/table><\/figure>\n\n\n\n<p><\/p>\n\n\n\n<h2 class=\"wp-block-heading\">Verpackung und Lieferung<\/h2>\n\n\n\n<figure class=\"wp-block-table\"><table class=\"has-fixed-layout\"><tbody><tr><td><strong>Artikel<\/strong><\/td><td><strong>Einzelheiten<\/strong><\/td><\/tr><tr><td>Verkaufende Einheit<\/td><td>Einzelnes Element<\/td><\/tr><tr><td>Packungsgr\u00f6\u00dfe<\/td><td>12 \u00d7 10 \u00d7 18 cm<\/td><\/tr><tr><td>Bruttogewicht<\/td><td>0,280 kg<\/td><\/tr><tr><td>Verpackung<\/td><td>Tasche<\/td><\/tr><tr><td>Benutzerdefiniertes Logo<\/td><td>Verf\u00fcgbar (MOQ: 10.000 Beutel)<\/td><\/tr><\/tbody><\/table><\/figure>\n\n\n\n<p><\/p>\n\n\n\n<h2 class=\"wp-block-heading\">Wie man kocht<\/h2>\n\n\n\n<p><strong>Bereit in 2 Minuten<\/strong><\/p>\n\n\n\n<ol class=\"wp-block-list\">\n<li>Die Fl\u00fcssigkeit abgie\u00dfen und absp\u00fclen <strong>2-3 Mal<\/strong>.<\/li>\n\n\n\n<li>In hei\u00dfem Wasser blanchieren f\u00fcr <strong>1 Minute<\/strong>.<\/li>\n\n\n\n<li>Kombiniert mit:\n<ul class=\"wp-block-list\">\n<li>cremige So\u00dfen<\/li>\n\n\n\n<li>pesto<\/li>\n\n\n\n<li>kohlenhydratarme italienische Gerichte<\/li>\n\n\n\n<li>Vegane Mahlzeitenpakete<\/li>\n\n\n\n<li>gesunde Salatsch\u00fcsseln<\/li>\n<\/ul>\n<\/li>\n<\/ol>\n\n\n\n<p>Flach geschnittene Fettuccine nehmen Saucen besser auf und eignen sich hervorragend f\u00fcr Gerichte nach westlicher Art.<\/p>\n\n\n\n<h2 class=\"wp-block-heading\">Zertifizierungen<\/h2>\n\n\n\n<p>ISO - HACCP - HALAL - KOSCHER - BRC - IFS - EU BIO - USDA BIO<\/p>","protected":false},"excerpt":{"rendered":"<p>Ein Klassiker <strong data-start=\"745\" data-end=\"785\">flach geschnittene Konjac Shirataki Fettuccine<\/strong>, mit hochwertigen Konjac-Nudeln mit weicher Textur und hervorragender Saucenaufnahme. Kohlenhydratarm, fettfrei, glutenfrei, weizenfrei und ideal f\u00fcr gesunde Lebensmittelmarken, Einzelh\u00e4ndler und Meal-Kit-Unternehmen weltweit.<\/p>\n<ul>\n<li data-start=\"1042\" data-end=\"1113\">\n<p data-start=\"1044\" data-end=\"1113\"><strong data-start=\"1044\" data-end=\"1067\">Flacher Fettuccineschnitt<\/strong> - Breitere Nudeln mit ausgezeichneter So\u00dfenhaftung.<\/p>\n<\/li>\n<li data-start=\"1114\" data-end=\"1205\">\n<p data-start=\"1116\" data-end=\"1205\"><strong data-start=\"1116\" data-end=\"1137\">Ultra-Kalorienarm<\/strong> - Nur <strong data-start=\"1145\" data-end=\"1164\">5 kcal pro 100g<\/strong>, perfekt f\u00fcr Gewichtsreduktion und Keto-Di\u00e4ten.<\/p>\n<\/li>\n<li data-start=\"1206\" data-end=\"1284\">\n<p data-start=\"1208\" data-end=\"1284\"><strong data-start=\"1208\" data-end=\"1247\">FETTFREI - GLUTENFREI - WEIZENFREI<\/strong> - Perfekt f\u00fcr Clean-Label-M\u00e4rkte.<\/p>\n<\/li>\n<li data-start=\"1285\" data-end=\"1348\">\n<p data-start=\"1287\" data-end=\"1348\"><strong data-start=\"1287\" data-end=\"1319\">OHNE ZUSATZ VON K\u00dcNSTLICHEN AROMASTOFFEN<\/strong> - Nat\u00fcrlich geschmacksneutral.<\/p>\n<\/li>\n<li data-start=\"1349\" data-end=\"1413\">\n<p data-start=\"1351\" data-end=\"1413\"><strong>OHNE ZUSATZ VON KONSERVIERUNGSSTOFFEN<\/strong> - Nat\u00fcrlich lagerstabil.<\/p>\n<\/li>\n<li data-start=\"1414\" data-end=\"1470\">\n<p data-start=\"1416\" data-end=\"1470\"><strong data-start=\"1416\" data-end=\"1435\">BALLASTSTOFFQUELLE<\/strong> - F\u00f6rdert die Verdauung und die S\u00e4ttigung.<\/p>\n<\/li>\n<li data-start=\"1471\" data-end=\"1527\">\n<p data-start=\"1473\" data-end=\"1527\"><strong data-start=\"1473\" data-end=\"1495\">Bereit in 2 Minuten<\/strong> - Bequeme Nudeln nach dem Nassverfahren.<\/p>\n<\/li>\n<li data-start=\"1528\" data-end=\"1606\">\n<p data-start=\"1530\" data-end=\"1606\"><strong data-start=\"1530\" data-end=\"1561\">OEM-\/Privatmarken-Unterst\u00fctzung<\/strong> - Kundenspezifische Verpackung und Branding m\u00f6glich.<\/p>\n<\/li>\n<\/ul>","protected":false},"featured_media":2763,"comment_status":"open","ping_status":"closed","template":"","meta":[],"product_brand":[],"product_cat":[49],"product_tag":[],"class_list":{"0":"post-2138","1":"product","2":"type-product","3":"status-publish","4":"has-post-thumbnail","6":"product_cat-wet-konjac-noodles","8":"first","9":"instock","10":"shipping-taxable","11":"product-type-simple"},"_links":{"self":[{"href":"https:\/\/scmlkj.com\/de\/wp-json\/wp\/v2\/product\/2138","targetHints":{"allow":["GET"]}}],"collection":[{"href":"https:\/\/scmlkj.com\/de\/wp-json\/wp\/v2\/product"}],"about":[{"href":"https:\/\/scmlkj.com\/de\/wp-json\/wp\/v2\/types\/product"}],"replies":[{"embeddable":true,"href":"https:\/\/scmlkj.com\/de\/wp-json\/wp\/v2\/comments?post=2138"}],"wp:featuredmedia":[{"embeddable":true,"href":"https:\/\/scmlkj.com\/de\/wp-json\/wp\/v2\/media\/2763"}],"wp:attachment":[{"href":"https:\/\/scmlkj.com\/de\/wp-json\/wp\/v2\/media?parent=2138"}],"wp:term":[{"taxonomy":"product_brand","embeddable":true,"href":"https:\/\/scmlkj.com\/de\/wp-json\/wp\/v2\/product_brand?post=2138"},{"taxonomy":"product_cat","embeddable":true,"href":"https:\/\/scmlkj.com\/de\/wp-json\/wp\/v2\/product_cat?post=2138"},{"taxonomy":"product_tag","embeddable":true,"href":"https:\/\/scmlkj.com\/de\/wp-json\/wp\/v2\/product_tag?post=2138"}],"curies":[{"name":"wp","href":"https:\/\/api.w.org\/{rel}","templated":true}]}}