{"id":2142,"date":"2025-12-08T07:27:31","date_gmt":"2025-12-08T07:27:31","guid":{"rendered":"https:\/\/scmlkj.com\/?post_type=product&#038;p=2142"},"modified":"2026-04-12T07:14:11","modified_gmt":"2026-04-12T07:14:11","slug":"konjak-shirataki-fettuccine-lasagne","status":"publish","type":"product","link":"https:\/\/scmlkj.com\/de\/produkte\/konjak-shirataki-fettuccine-lasagne\/","title":{"rendered":"Konjak Shirataki Fettuccine &amp; Lasagne"},"content":{"rendered":"<p><\/p>\n\n\n\n<h2 class=\"wp-block-heading\">N\u00e4hrwertbezogene Informationen<\/h2>\n\n\n\n<figure class=\"wp-block-table\"><table class=\"has-fixed-layout\"><tbody><tr><td><strong>N\u00e4hrstoff<\/strong><\/td><td><strong>Einheiten<\/strong><\/td><td><strong>Wert pro 100g<\/strong><\/td><\/tr><tr><td>Energie<\/td><td>kJ \/ kcal<\/td><td>25 kJ \/ 5 kcal<\/td><\/tr><tr><td>Kohlenhydrate<\/td><td>g<\/td><td>Weniger als 0,1<\/td><\/tr><tr><td>Eiwei\u00df<\/td><td>g<\/td><td>Weniger als 0,1<\/td><\/tr><tr><td>Fett<\/td><td>g<\/td><td>0<\/td><\/tr><tr><td>Ballaststoffe<\/td><td>g<\/td><td>2.7<\/td><\/tr><tr><td>Zucker<\/td><td>g<\/td><td>0<\/td><\/tr><tr><td>Natrium<\/td><td>mg<\/td><td>0<\/td><\/tr><\/tbody><\/table><\/figure>\n\n\n\n<h2 class=\"wp-block-heading\">Grundlegende Informationen<\/h2>\n\n\n\n<figure class=\"wp-block-table\"><table class=\"has-fixed-layout\"><tbody><tr><td><strong>Artikel<\/strong><\/td><td><strong>Einzelheiten<\/strong><\/td><\/tr><tr><td>Produktname<\/td><td>Konjak Shirataki Fettuccine &amp; Lasagne<\/td><\/tr><tr><td>Produkttyp<\/td><td>Instant Konjac-Nudeln<\/td><\/tr><tr><td>Stil<\/td><td>Nass - Instant - Fettuccine (Flachband) \/ Lasagne-Bl\u00e4tter<\/td><\/tr><tr><td>Merkmal<\/td><td>Kohlenhydratarm, fettfrei<\/td><\/tr><tr><td>Art der Verarbeitung<\/td><td>Handgefertigt<\/td><\/tr><tr><td>Geschmack<\/td><td>Neutral<\/td><\/tr><tr><td>Geruch<\/td><td>Geruchlos<\/td><\/tr><tr><td>Erscheinungsbild<\/td><td>Breite flache Fettuccine &amp; rechteckige Lasagnebl\u00e4tter<\/td><\/tr><tr><td>Spezifikation<\/td><td>270g \/ Beutel<\/td><\/tr><tr><td>Hauptbestandteil<\/td><td><br>Wasser, Konjakmehl, Calciumhydroxid<\/td><\/tr><tr><td>Inhalt<\/td><td>Reines Konjakmehl<\/td><\/tr><tr><td>Kochzeit<\/td><td>2 Minuten<\/td><\/tr><tr><td>Haltbarkeitsdauer<\/td><td>18 Monate<\/td><\/tr><tr><td>Lagerung Typ<\/td><td>Raumtemperatur<\/td><\/tr><tr><td>Markenname<\/td><td>\u00d6stlicher Morgen<\/td><\/tr><\/tbody><\/table><\/figure>\n\n\n\n<p><\/p>\n\n\n\n<h2 class=\"wp-block-heading\">Verpackung und Lieferung<\/h2>\n\n\n\n<figure class=\"wp-block-table\"><table class=\"has-fixed-layout\"><tbody><tr><td><strong>Artikel<\/strong><\/td><td><strong>Einzelheiten<\/strong><\/td><\/tr><tr><td>Verkaufende Einheit<\/td><td>Einzelnes Element<\/td><\/tr><tr><td>Packungsgr\u00f6\u00dfe<\/td><td>12 \u00d7 10 \u00d7 18 cm<\/td><\/tr><tr><td>Bruttogewicht<\/td><td>0,280 kg<\/td><\/tr><tr><td>Verpackung<\/td><td>Tasche<\/td><\/tr><tr><td>Benutzerdefiniertes Logo<\/td><td>Verf\u00fcgbar (MOQ: 10.000 Beutel)<\/td><\/tr><\/tbody><\/table><\/figure>\n\n\n\n<p><\/p>\n\n\n\n<h2 class=\"wp-block-heading\">Wie man kocht<\/h2>\n\n\n\n<p><strong>Bereit in 2 Minuten<\/strong><\/p>\n\n\n\n<ol class=\"wp-block-list\">\n<li>Abgie\u00dfen und 2-3 Mal absp\u00fclen.<\/li>\n\n\n\n<li>1 Minute lang in hei\u00dfem Wasser erhitzen oder direkt mit der Sauce kochen.<\/li>\n<\/ol>\n\n\n\n<h3 class=\"wp-block-heading\"><strong>Ideen f\u00fcr die Verwendung von Fettuccine<\/strong><\/h3>\n\n\n\n<ul class=\"wp-block-list\">\n<li>cremige Fettuccine<\/li>\n\n\n\n<li>Pilzsauce-Pasta<\/li>\n\n\n\n<li>Pesto-Bandnudeln<\/li>\n\n\n\n<li>vegane Pastagerichte<\/li>\n\n\n\n<li>Mahlzeitensets<\/li>\n<\/ul>\n\n\n\n<h3 class=\"wp-block-heading\"><strong>Ideen f\u00fcr die Verwendung von Lasagnebl\u00e4ttern<\/strong><\/h3>\n\n\n\n<ul class=\"wp-block-list\">\n<li>Keto-Lasagne<\/li>\n\n\n\n<li>\u00fcberbackene Schichtgerichte<\/li>\n\n\n\n<li>kohlenhydratarme Aufl\u00e4ufe<\/li>\n\n\n\n<li>Gem\u00fcselasagne mit Fusion-K\u00fcche<\/li>\n\n\n\n<li>Proteinreiche Mahlzeitenvorbereitungsschichten<\/li>\n<\/ul>\n\n\n\n<p>Zwei Formate in einer Serie - Ideal f\u00fcr Mahlzeitenpakete, Einzelhandelssortimente und Men\u00fcentwicklung.<\/p>\n\n\n\n<h2 class=\"wp-block-heading\"><a href=\"https:\/\/scmlkj.com\/de\/zertifizierung\/\">Zertifizierungen<\/a><\/h2>\n\n\n\n<p>ISO - HACCP - HALAL - KOSCHER - BRC - IFS - EU BIO - USDA BIO<\/p>\n\n\n\n<p><\/p>","protected":false},"excerpt":{"rendered":"<p>Speziell f\u00fcr kohlenhydratarme Mahlzeitensets, Aufl\u00e4ufe und Fertiggerichte nach westlichem Vorbild entwickelt. Ein vielseitiges Konjac-Nudelset in zwei Formaten, das sowohl <strong data-start=\"573\" data-end=\"587\">Fettuccine<\/strong> (flache Bandnudeln) und <strong data-start=\"614\" data-end=\"632\">Lasagnebl\u00e4tter<\/strong>Ideal f\u00fcr westliche Gerichte wie cremige Pasta, Keto-Lasagne, Ofengerichte und Fertiggerichte. Von Natur aus kalorienarm, fettfrei, glutenfrei, weizenfrei und perfekt f\u00fcr Eigenmarken und Marken f\u00fcr gesunde Lebensmittel.<\/p>\n<ul>\n<li data-start=\"878\" data-end=\"974\">\n<p data-start=\"880\" data-end=\"974\"><strong data-start=\"880\" data-end=\"909\">Zwei Formate in einer Serie<\/strong> \u2013 Flaches Band <strong data-start=\"924\" data-end=\"938\">Fettuccine<\/strong> + Breitbahn <strong data-start=\"952\" data-end=\"963\">Lasagne<\/strong> Optionen.<\/p>\n<\/li>\n<li data-start=\"975\" data-end=\"1069\">\n<p data-start=\"977\" data-end=\"1069\"><strong data-start=\"977\" data-end=\"1007\">Ultra-kalorienarm (5 kcal)<\/strong> \u2013 Ideal f\u00fcr Keto-, Diabetiker- und Di\u00e4ten zur Gewichtsreduktion.<\/p>\n<\/li>\n<li data-start=\"1070\" data-end=\"1144\">\n<p data-start=\"1072\" data-end=\"1144\"><strong data-start=\"1072\" data-end=\"1111\">FETTFREI - GLUTENFREI - WEIZENFREI<\/strong> \u2013 Perfektes Clean-Label-Produkt.<\/p>\n<\/li>\n<li data-start=\"1145\" data-end=\"1213\">\n<p data-start=\"1147\" data-end=\"1213\"><strong data-start=\"1147\" data-end=\"1179\">OHNE ZUSATZ VON K\u00dcNSTLICHEN AROMASTOFFEN<\/strong> \u2013 Reines, neutrales Geschmacksprofil.<\/p>\n<\/li>\n<li data-start=\"1214\" data-end=\"1278\">\n<p data-start=\"1216\" data-end=\"1278\"><strong data-start=\"1216\" data-end=\"1242\">OHNE ZUSATZ VON KONSERVIERUNGSSTOFFEN<\/strong> - Ohne Zusatzstoffe lagerstabil.<\/p>\n<\/li>\n<li data-start=\"1279\" data-end=\"1341\">\n<p data-start=\"1281\" data-end=\"1341\"><strong data-start=\"1281\" data-end=\"1300\">BALLASTSTOFFQUELLE<\/strong> \u2013 Tr\u00e4gt zur Verbesserung des S\u00e4ttigungsgef\u00fchls und der Verdauung bei.<\/p>\n<\/li>\n<li data-start=\"1342\" data-end=\"1398\">\n<p data-start=\"1344\" data-end=\"1398\"><strong data-start=\"1344\" data-end=\"1366\">Bereit in 2 Minuten<\/strong> \u2013 Schnell zubereitete Konjak-Nudeln.<\/p>\n<\/li>\n<li data-start=\"1399\" data-end=\"1476\">\n<p data-start=\"1401\" data-end=\"1476\"><strong data-start=\"1401\" data-end=\"1428\">OEM\/Private Label bereit<\/strong> \u2013 Individuelle Verpackung, Gestaltung und Format verf\u00fcgbar.<\/p>\n<\/li>\n<\/ul>","protected":false},"featured_media":2145,"comment_status":"open","ping_status":"closed","template":"","meta":[],"product_brand":[],"product_cat":[49],"product_tag":[],"class_list":{"0":"post-2142","1":"product","2":"type-product","3":"status-publish","4":"has-post-thumbnail","6":"product_cat-wet-konjac-noodles","8":"first","9":"instock","10":"shipping-taxable","11":"product-type-simple"},"_links":{"self":[{"href":"https:\/\/scmlkj.com\/de\/wp-json\/wp\/v2\/product\/2142","targetHints":{"allow":["GET"]}}],"collection":[{"href":"https:\/\/scmlkj.com\/de\/wp-json\/wp\/v2\/product"}],"about":[{"href":"https:\/\/scmlkj.com\/de\/wp-json\/wp\/v2\/types\/product"}],"replies":[{"embeddable":true,"href":"https:\/\/scmlkj.com\/de\/wp-json\/wp\/v2\/comments?post=2142"}],"wp:featuredmedia":[{"embeddable":true,"href":"https:\/\/scmlkj.com\/de\/wp-json\/wp\/v2\/media\/2145"}],"wp:attachment":[{"href":"https:\/\/scmlkj.com\/de\/wp-json\/wp\/v2\/media?parent=2142"}],"wp:term":[{"taxonomy":"product_brand","embeddable":true,"href":"https:\/\/scmlkj.com\/de\/wp-json\/wp\/v2\/product_brand?post=2142"},{"taxonomy":"product_cat","embeddable":true,"href":"https:\/\/scmlkj.com\/de\/wp-json\/wp\/v2\/product_cat?post=2142"},{"taxonomy":"product_tag","embeddable":true,"href":"https:\/\/scmlkj.com\/de\/wp-json\/wp\/v2\/product_tag?post=2142"}],"curies":[{"name":"wp","href":"https:\/\/api.w.org\/{rel}","templated":true}]}}