{"id":2164,"date":"2025-12-08T07:59:00","date_gmt":"2025-12-08T07:59:00","guid":{"rendered":"https:\/\/scmlkj.com\/?post_type=product&#038;p=2164"},"modified":"2026-04-12T07:09:43","modified_gmt":"2026-04-12T07:09:43","slug":"shirataki-konjak-nudeln-mit-meeresfruchtegeschmack","status":"publish","type":"product","link":"https:\/\/scmlkj.com\/de\/produkte\/shirataki-konjak-nudeln-mit-meeresfruchtegeschmack\/","title":{"rendered":"Shirataki-Konjak-Nudeln mit Meeresfr\u00fcchtegeschmack"},"content":{"rendered":"<p><\/p>\n\n\n\n<h2 class=\"wp-block-heading\">Grundlegende Informationen<\/h2>\n\n\n\n<figure class=\"wp-block-table\"><table class=\"has-fixed-layout\"><tbody><tr><td><strong>Artikel<\/strong><\/td><td><strong>Einzelheiten<\/strong><\/td><\/tr><tr><td>Produktname<\/td><td>Shirataki-Konjak-Nudeln mit Meeresfr\u00fcchtegeschmack<\/td><\/tr><tr><td>Format<\/td><td>Instant-Konjak-Sch\u00fcssel<\/td><\/tr><tr><td>Nettogewicht<\/td><td><strong>272 g\/Sch\u00fcssel<\/strong> (Konjak-Nudeln <strong>180 g<\/strong>)<\/td><\/tr><tr><td>Verpackungsspezifikation<\/td><td>1 \u00d7 6 Schalen \u00d7 272 g<\/td><\/tr><tr><td>Mindestbestellmenge<\/td><td>2000 Sch\u00fcsseln<\/td><\/tr><tr><td>Kartongr\u00f6\u00dfe<\/td><td>355 mm \u00d7 245 mm \u00d7 150 mm<\/td><\/tr><tr><td>Tag-Gr\u00f6\u00dfe<\/td><td>119 mm \u00d7 88 mm \u00d7 123 mm<\/td><\/tr><tr><td>Haltbarkeitsdauer<\/td><td>12 Monate<\/td><\/tr><tr><td>Lagerung<\/td><td>K\u00fchl, trocken, bel\u00fcftet; Blendung vermeiden; Frost vermeiden<\/td><\/tr><tr><td>Marke<\/td><td>\u00d6stlicher Morgen<\/td><\/tr><tr><td>Geeignet f\u00fcr<\/td><td>Einzelhandel, gesunde Snacks, Mahlzeiten zur Gewichtsreduktion, Mahlzeitensets<\/td><\/tr><\/tbody><\/table><\/figure>\n\n\n\n<h2 class=\"wp-block-heading\">N\u00e4hrwertbezogene Informationen<\/h2>\n\n\n\n<p><strong>Pro 100 g (nur Konjak-Nudeln)<\/strong><\/p>\n\n\n\n<figure class=\"wp-block-table\"><table class=\"has-fixed-layout\"><tbody><tr><td>N\u00e4hrstoff<\/td><td>Betrag<\/td><td>%DV<\/td><\/tr><tr><td>Energie<\/td><td>45 kJ \/ ~10 kcal<\/td><td>1%<\/td><\/tr><tr><td>Kohlenhydrate<\/td><td>0,2 g<\/td><td>0%<\/td><\/tr><tr><td>Eiwei\u00df<\/td><td>0 g<\/td><td>0%<\/td><\/tr><tr><td>Fett<\/td><td>0 g<\/td><td>0%<\/td><\/tr><tr><td>Faser<\/td><td>4,9 g<\/td><td>20%<\/td><\/tr><tr><td>Natrium<\/td><td>0 mg<\/td><td>0%<\/td><\/tr><\/tbody><\/table><\/figure>\n\n\n\n<p><strong>Pro Portion (So\u00dfe + Nudeln insgesamt)<\/strong><\/p>\n\n\n\n<figure class=\"wp-block-table\"><table class=\"has-fixed-layout\"><tbody><tr><td>N\u00e4hrstoff<\/td><td>Betrag<\/td><td>%DV<\/td><\/tr><tr><td>Energie<\/td><td>747 kJ \/ ~178 kcal<\/td><td>9%<\/td><\/tr><tr><td>Kohlenhydrate<\/td><td>3,1 g<\/td><td>5%<\/td><\/tr><tr><td>Eiwei\u00df<\/td><td>16 g<\/td><td>27%<\/td><\/tr><tr><td>Fett<\/td><td>6 g<\/td><td>2%<\/td><\/tr><tr><td>Natrium<\/td><td>2987 mg<\/td><td>149%<\/td><\/tr><\/tbody><\/table><\/figure>\n\n\n\n<p>Hoher Natriumgehalt spiegelt Gew\u00fcrzmischung wider; Werte k\u00f6nnen je nach OEM-Rezept angepasst werden.<\/p>\n\n\n\n<h2 class=\"wp-block-heading\">Zutaten<\/h2>\n\n\n\n<h3 class=\"wp-block-heading\"><a href=\"https:\/\/scmlkj.com\/de\/product-category\/feuchte-konjak-nudeln\/\">Konjac-Nudeln<\/a><\/h3>\n\n\n\n<ul class=\"wp-block-list\">\n<li>95,71 TP3T Wasser<\/li>\n\n\n\n<li>4% Konjakmehl<\/li>\n\n\n\n<li>Zitronens\u00e4ure (S\u00e4ureregulator)<\/li>\n<\/ul>\n\n\n\n<h3 class=\"wp-block-heading\">Packung mit Meeresfr\u00fcchtesauce<\/h3>\n\n\n\n<p>Meeresfr\u00fcchte-Extraktpulver (Garnelen, Fisch, Krabben)<\/p>\n\n\n\n<p>Seetangextrakt<\/p>\n\n\n\n<p>Sojasauce (enth\u00e4lt Karamellfarbe)<\/p>\n\n\n\n<p>Raffiniertes Palm\u00f6l (mit TBHQ)<\/p>\n\n\n\n<p>Ingwer, Knoblauch<\/p>\n\n\n\n<p>Salz<\/p>\n\n\n\n<p>Mononatriumglutamat<\/p>\n\n\n\n<p>Wei\u00dfer Zucker<\/p>\n\n\n\n<p>Hefeextrakt<\/p>\n\n\n\n<p>Gew\u00fcrze<\/p>\n\n\n\n<p>Kaliumsorbat (Saucenstabilisator)<\/p>\n\n\n\n<h3 class=\"wp-block-heading\">Getrocknete Gem\u00fcsemischung<\/h3>\n\n\n\n<p>Dehydrierte Algen<\/p>\n\n\n\n<p>Getrocknete Fr\u00fchlingszwiebeln<\/p>\n\n\n\n<p>Dehydrierte Karottenflocken<\/p>\n\n\n\n<p>Getrocknete Kohlflocken<\/p>\n\n\n\n<h3 class=\"wp-block-heading\"><strong>Gew\u00fcrzpulver-Packung<\/strong><\/h3>\n\n\n\n<p>Salz, MSG, Gew\u00fcrze, Hefeextrakt, Maltodextrin, hydrolysiertes pflanzliches Proteinpulver, Dinatriumsuccinat, 5'-Dinatrium-Nukleotid, Siliciumdioxid, Acesulfam-Kalium.<\/p>\n\n\n\n<h2 class=\"wp-block-heading\">Wie man sich vorbereitet<\/h2>\n\n\n\n<ol class=\"wp-block-list\">\n<li>Deckel \u00f6ffnen und alle P\u00e4ckchen herausnehmen.<\/li>\n\n\n\n<li>Konjak-Nudeln absp\u00fclen (optional, verbessert jedoch den Geschmack).<\/li>\n\n\n\n<li>Nudeln + getrocknetes Gem\u00fcse wieder in die Sch\u00fcssel geben.<\/li>\n\n\n\n<li>Meeresfr\u00fcchtesauce + Gew\u00fcrzpulver hinzuf\u00fcgen.<\/li>\n\n\n\n<li>Mit kochendem Wasser \u00fcbergie\u00dfen oder in der Mikrowelle erhitzen. <strong>2\u20133 Minuten<\/strong>.<\/li>\n\n\n\n<li>Gut umr\u00fchren und die herzhafte Meeresfr\u00fcchtebr\u00fche und die bissfesten Konjak-Nudeln genie\u00dfen.<\/li>\n<\/ol>\n\n\n\n<p>Perfekt f\u00fcr Mahlzeiten im B\u00fcro, Snacks f\u00fcr sp\u00e4tabends, Mahlzeiten auf Reisen und Verbraucher, die Wert auf einen gesunden Lebensstil legen.<\/p>\n\n\n\n<h2 class=\"wp-block-heading\">OEM-\/Eigenmarkenoptionen<\/h2>\n\n\n\n<p>Individuell angepasster Geschmack (Pfeffer, scharf, Tomate, Sesam usw.)<\/p>\n\n\n\n<p>Individuell gestaltete Schalenform, Farbe, Kartonh\u00fclle<\/p>\n\n\n\n<p>Individueller Druck &amp; Branding<\/p>\n\n\n\n<p>Anpassbares Rezept (Sch\u00e4rfegrad, Natriumgehalt, zuckerfreie Rezeptur)<\/p>\n\n\n\n<p>Mindestbestellmenge: <strong>2000 Sch\u00fcsseln<\/strong> nur<\/p>\n\n\n\n<p>M\u00f6chten Sie unter Ihrer Marke eine Konjac-Nudelschale mit Meeresfr\u00fcchte-Geschmack auf den Markt bringen?<br><a href=\"https:\/\/scmlkj.com\/de\/kontakt\/\">Kontaktieren Sie Eastern Morning<\/a> f\u00fcr <strong><a href=\"https:\/\/scmlkj.com\/de\/oem-eigenmarken-leitfaden\/\">OEM-Geschmacksanpassung<\/a>Verpackungsdesign und Unterst\u00fctzung bei Massenpreisen<\/strong>.<\/p>\n\n\n\n<p><\/p>","protected":false},"excerpt":{"rendered":"<p>Ein herzhafter <strong data-start=\"543\" data-end=\"588\">Instant-Konjak-Nudelsch\u00fcssel mit Meeresfr\u00fcchtegeschmack<\/strong>, eine Kombination aus bissfesten Shirataki-Konjak-Nudeln und einer reichhaltigen Br\u00fche mit Meeresfr\u00fcchtegeschmack. Fettarm, kalorienarm, ballaststoffreich und perfekt f\u00fcr Verbraucher, die nach ges\u00fcnderen Alternativen zu Instantnudeln suchen. Ideal f\u00fcr Superm\u00e4rkte, E-Commerce, Convenience-Einzelhandel und OEM-Eigenmarken weltweit.<\/p>\n<ul>\n<li data-start=\"912\" data-end=\"1007\">\n<p data-start=\"914\" data-end=\"1007\"><strong data-start=\"914\" data-end=\"943\">Reichhaltiger Meeresfr\u00fcchtebr\u00fche-Geschmack<\/strong> \u2013 Herzhafte Noten von Garnelen, Fisch, Algen und Meeresfr\u00fcchteextrakten.<\/p>\n<\/li>\n<li data-start=\"1008\" data-end=\"1089\">\n<p data-start=\"1010\" data-end=\"1089\"><strong data-start=\"1010\" data-end=\"1034\">Sofort &amp; bequem<\/strong> \u2013 Genie\u00dfen Sie in wenigen Minuten eine warme Nudelgericht mit Meeresfr\u00fcchten.<\/p>\n<\/li>\n<li data-start=\"1090\" data-end=\"1173\">\n<p data-start=\"1092\" data-end=\"1173\"><strong data-start=\"1092\" data-end=\"1120\">Kalorienarm \u00b7 Ballaststoffreich<\/strong> \u2013 Konjak-Basis unterst\u00fctzt die Gewichtskontrolle und Verdauung.<\/p>\n<\/li>\n<li data-start=\"1174\" data-end=\"1248\">\n<p data-start=\"1176\" data-end=\"1248\"><strong data-start=\"1176\" data-end=\"1198\">Sauberer, leichter Geschmack<\/strong> \u2013 Ideal f\u00fcr asiatische, westliche und Fusion-M\u00e4rkte.<\/p>\n<\/li>\n<li data-start=\"1249\" data-end=\"1320\">\n<p data-start=\"1251\" data-end=\"1320\"><strong data-start=\"1251\" data-end=\"1273\">Perfekt f\u00fcr den Einzelhandel<\/strong> \u2013 272 g Sch\u00fcsselformat mit 180 g Konjak-Nudeln.<\/p>\n<\/li>\n<li data-start=\"1321\" data-end=\"1401\">\n<p data-start=\"1323\" data-end=\"1401\"><strong data-start=\"1323\" data-end=\"1346\">12 Monate haltbar<\/strong> \u2013 Geeignet f\u00fcr den weltweiten Export und die Langzeitlagerung.<\/p>\n<\/li>\n<li data-start=\"1402\" data-end=\"1494\">\n<p data-start=\"1404\" data-end=\"1494\"><strong data-start=\"1404\" data-end=\"1420\">OEM-freundlich<\/strong> \u2013 Individuelle Geschmacksrichtungen, Verpackungen und Natriumgehalte m\u00f6glich (Mindestbestellmenge) <strong data-start=\"1478\" data-end=\"1492\">2000 Sch\u00fcsseln<\/strong>).<\/p>\n<\/li>\n<\/ul>","protected":false},"featured_media":2167,"comment_status":"open","ping_status":"closed","template":"","meta":[],"product_brand":[],"product_cat":[59],"product_tag":[],"class_list":{"0":"post-2164","1":"product","2":"type-product","3":"status-publish","4":"has-post-thumbnail","6":"product_cat-flavored-konjac-noodles","8":"first","9":"instock","10":"shipping-taxable","11":"product-type-simple"},"_links":{"self":[{"href":"https:\/\/scmlkj.com\/de\/wp-json\/wp\/v2\/product\/2164","targetHints":{"allow":["GET"]}}],"collection":[{"href":"https:\/\/scmlkj.com\/de\/wp-json\/wp\/v2\/product"}],"about":[{"href":"https:\/\/scmlkj.com\/de\/wp-json\/wp\/v2\/types\/product"}],"replies":[{"embeddable":true,"href":"https:\/\/scmlkj.com\/de\/wp-json\/wp\/v2\/comments?post=2164"}],"wp:featuredmedia":[{"embeddable":true,"href":"https:\/\/scmlkj.com\/de\/wp-json\/wp\/v2\/media\/2167"}],"wp:attachment":[{"href":"https:\/\/scmlkj.com\/de\/wp-json\/wp\/v2\/media?parent=2164"}],"wp:term":[{"taxonomy":"product_brand","embeddable":true,"href":"https:\/\/scmlkj.com\/de\/wp-json\/wp\/v2\/product_brand?post=2164"},{"taxonomy":"product_cat","embeddable":true,"href":"https:\/\/scmlkj.com\/de\/wp-json\/wp\/v2\/product_cat?post=2164"},{"taxonomy":"product_tag","embeddable":true,"href":"https:\/\/scmlkj.com\/de\/wp-json\/wp\/v2\/product_tag?post=2164"}],"curies":[{"name":"wp","href":"https:\/\/api.w.org\/{rel}","templated":true}]}}