{"id":2172,"date":"2025-12-08T08:06:03","date_gmt":"2025-12-08T08:06:03","guid":{"rendered":"https:\/\/scmlkj.com\/?post_type=product&#038;p=2172"},"modified":"2026-04-12T07:08:04","modified_gmt":"2026-04-12T07:08:04","slug":"heise-saure-konjak-shirataki-nudeln","status":"publish","type":"product","link":"https:\/\/scmlkj.com\/de\/produkte\/heise-saure-konjak-shirataki-nudeln\/","title":{"rendered":"Scharf-saure Konjak-Shirataki-Nudeln"},"content":{"rendered":"<p><\/p>\n\n\n\n<h2 class=\"wp-block-heading\">Grundlegende Informationen<\/h2>\n\n\n\n<figure class=\"wp-block-table\"><table class=\"has-fixed-layout\"><tbody><tr><td><strong>Artikel<\/strong><\/td><td><strong>Einzelheiten<\/strong><\/td><\/tr><tr><td>Produktname<\/td><td>Scharf-saure Konjak-Shirataki-Nudeln<\/td><\/tr><tr><td>Format<\/td><td>Instant-Konjak-Sch\u00fcssel<\/td><\/tr><tr><td>Nettogewicht<\/td><td><strong>272 g\/Sch\u00fcssel<\/strong> (Konjak-Nudeln <strong>180 g<\/strong>)<\/td><\/tr><tr><td>Verpackungsspezifikation<\/td><td>1 \u00d7 6 Schalen \u00d7 272 g<\/td><\/tr><tr><td>Mindestbestellmenge<\/td><td>2000 Sch\u00fcsseln<\/td><\/tr><tr><td>Kartongr\u00f6\u00dfe<\/td><td>355 mm \u00d7 245 mm \u00d7 150 mm<\/td><\/tr><tr><td>Tag-Gr\u00f6\u00dfe<\/td><td>119 mm \u00d7 88 mm \u00d7 123 mm<\/td><\/tr><tr><td>Haltbarkeitsdauer<\/td><td>12 Monate<\/td><\/tr><tr><td>Lagerung<\/td><td>K\u00fchl, trocken, bel\u00fcftet; Blendung vermeiden; Frost vermeiden<\/td><\/tr><tr><td>Marke<\/td><td>\u00d6stlicher Morgen<\/td><\/tr><tr><td>Geeignet f\u00fcr<\/td><td>Einzelhandel, gesunde Snacks, Mahlzeiten zur Gewichtsreduktion, Mahlzeitensets<\/td><\/tr><\/tbody><\/table><\/figure>\n\n\n\n<h2 class=\"wp-block-heading\">N\u00e4hrwertbezogene Informationen<\/h2>\n\n\n\n<p><strong>Pro 100 g (nur Konjak-Nudeln)<\/strong><\/p>\n\n\n\n<p>Der Natriumgehalt spiegelt in erster Linie das Gew\u00fcrzpaket wider und kann je nach den Anforderungen der OEM-Rezepte und den Vorschriften des Zielmarktes angepasst werden.<\/p>\n\n\n\n<figure class=\"wp-block-table\"><table class=\"has-fixed-layout\"><tbody><tr><td>N\u00e4hrstoff<\/td><td>Betrag<\/td><td>%DV<\/td><\/tr><tr><td>Energie<\/td><td>45 kJ \/ ~10 kcal<\/td><td>1%<\/td><\/tr><tr><td>Kohlenhydrate<\/td><td>0,2 g<\/td><td>0%<\/td><\/tr><tr><td>Eiwei\u00df<\/td><td>0 g<\/td><td>0%<\/td><\/tr><tr><td>Fett<\/td><td>0 g<\/td><td>0%<\/td><\/tr><tr><td>Faser<\/td><td>4,9 g<\/td><td>20%<\/td><\/tr><tr><td>Natrium<\/td><td>0 mg<\/td><td>0%<\/td><\/tr><\/tbody><\/table><\/figure>\n\n\n\n<p><strong>Pro Portion (So\u00dfe + Nudeln insgesamt)<\/strong><\/p>\n\n\n\n<figure class=\"wp-block-table\"><table class=\"has-fixed-layout\"><tbody><tr><td>N\u00e4hrstoff<\/td><td>Betrag<\/td><td>%DV<\/td><\/tr><tr><td>Energie<\/td><td>747 kJ \/ ~178 kcal<\/td><td>9%<\/td><\/tr><tr><td>Kohlenhydrate<\/td><td>3,1 g<\/td><td>5%<\/td><\/tr><tr><td>Eiwei\u00df<\/td><td>16 g<\/td><td>27%<\/td><\/tr><tr><td>Fett<\/td><td>6 g<\/td><td>2%<\/td><\/tr><tr><td>Natrium<\/td><td>2987 mg<\/td><td>149%<\/td><\/tr><\/tbody><\/table><\/figure>\n\n\n\n<p>Hoher Natriumgehalt spiegelt Gew\u00fcrzmischung wider; Werte k\u00f6nnen je nach OEM-Rezept angepasst werden.<\/p>\n\n\n\n<h2 class=\"wp-block-heading\">Zutaten<\/h2>\n\n\n\n<h3 class=\"wp-block-heading\">Konjac-Nudeln<\/h3>\n\n\n\n<ul class=\"wp-block-list\">\n<li>95,71 TP3T Wasser<\/li>\n\n\n\n<li>4% Konjakmehl<\/li>\n\n\n\n<li>Zitronens\u00e4ure (S\u00e4ureregulator)<\/li>\n<\/ul>\n\n\n\n<h3 class=\"wp-block-heading\">P\u00e4ckchen mit scharf-saurer Sauce<\/h3>\n\n\n\n<p>(Die Zusammensetzung der Inhaltsstoffe kann je nach OEM-Formel und Marktvorschriften angepasst werden)<\/p>\n\n\n\n<p>Enth\u00e4lt wahrscheinlich (basierend auf typischem sauer-w\u00fcrzigem Geschmacksprofil; entsprechend der OEM-Formel anpassen):<\/p>\n\n\n\n<p>Kaliumsorbat (Konservierungsmittel f\u00fcr So\u00dfen)<\/p>\n\n\n\n<p>Essig<\/p>\n\n\n\n<p>Chili\u00f6l<\/p>\n\n\n\n<p>Sojasauce<\/p>\n\n\n\n<p>Ingwer<\/p>\n\n\n\n<p>Knoblauch<\/p>\n\n\n\n<p>Pfeffer &amp; Gew\u00fcrze<\/p>\n\n\n\n<p>Speisesalz<\/p>\n\n\n\n<p>Wei\u00dfer Zucker<\/p>\n\n\n\n<p>Hefeextrakt<\/p>\n\n\n\n<p>Die endg\u00fcltige Liste der Inhaltsstoffe und die Kennzeichnung werden gem\u00e4\u00df den OEM-Spezifikationen best\u00e4tigt.<\/p>\n\n\n\n<h3 class=\"wp-block-heading\">Getrocknete Gem\u00fcsemischung<\/h3>\n\n\n\n<p>Dehydriertes Gr\u00fcnzeug<\/p>\n\n\n\n<p>Getrocknete Karotten<\/p>\n\n\n\n<p>Getrocknete Fr\u00fchlingszwiebeln<\/p>\n\n\n\n<p>Gebratene Saubohnen<\/p>\n\n\n\n<h3 class=\"wp-block-heading\">Gew\u00fcrzpulver-P\u00e4ckchen<\/h3>\n\n\n\n<p>Salz, MSG, Gew\u00fcrze, Hefeextrakt, Maltodextrin, pflanzliches Proteinhydrolysat, 5'-Dinatrium-Nukleotid, Dinatriumsuccinat, Siliciumdioxid, Acesulfam-Kalium.<\/p>\n\n\n\n<h2 class=\"wp-block-heading\">Zubereitung (Instant Konjac Nudel Schale)<\/h2>\n\n\n\n<ol class=\"wp-block-list\">\n<li>Deckel \u00f6ffnen, alle P\u00e4ckchen entfernen.<\/li>\n\n\n\n<li>Konjak-Nudeln absp\u00fclen (optional, verbessert jedoch den Geschmack).<\/li>\n\n\n\n<li>Nudeln + getrocknetes Gem\u00fcse wieder in die Sch\u00fcssel geben.<\/li>\n\n\n\n<li>Hinzuf\u00fcgen <strong>Scharf-saure Sauce<\/strong> + Gew\u00fcrzpulver.<\/li>\n\n\n\n<li>Mit kochendem Wasser \u00fcbergie\u00dfen oder in der Mikrowelle erhitzen. <strong>2\u20133 Minuten<\/strong>.<\/li>\n\n\n\n<li>Gut umr\u00fchren und den w\u00fcrzig-scharfen Geschmack genie\u00dfen.<\/li>\n<\/ol>\n\n\n\n<p>Perfekt als kalorienarmes Mittagessen, Mitternachtssnack oder Mahlzeitenersatz im B\u00fcro.<\/p>\n\n\n\n<h2 class=\"wp-block-heading\">OEM-\/Eigenmarkenoptionen<\/h2>\n\n\n\n<p>Hot &amp; Sour-Profil anpassen (saurer, extra scharf, Sichuan-Stil, mit mehr Essig)<\/p>\n\n\n\n<p>Natriumarme oder zuckerfreie Rezeptur m\u00f6glich<\/p>\n\n\n\n<p>Individuell gestaltete Sch\u00fcssel, Deckel, Aufkleber, H\u00fcllen<\/p>\n\n\n\n<p>Branding- und Grafikdesign-Dienstleistungen<\/p>\n\n\n\n<p>Nur Mindestbestellmenge <strong>2000 Sch\u00fcsseln<\/strong><\/p>\n\n\n\n<p>Sie m\u00f6chten unter Ihrer Marke eine Konjak-Nudelschale mit scharfem und saurem Geschmack auf den Markt bringen?<br><a href=\"https:\/\/scmlkj.com\/de\/kontakt\/\">Kontaktieren Sie Eastern Morning<\/a> f\u00fcr <strong><a href=\"https:\/\/scmlkj.com\/de\/oem-eigenmarken-leitfaden\/\">OEM-Entwicklung<\/a>Rezeptanpassung, Verpackungsdesign und Mengenpreise<\/strong>.<\/p>\n\n\n\n<p><\/p>","protected":false},"excerpt":{"rendered":"<p>Eine scharf-sauer gew\u00fcrzte Instant-Konjac-Shirataki-Nudelschale, die f\u00fcr den Einzelhandel und Eigenmarkenprogramme entwickelt wurde. Die z\u00e4hen Konjac-Nudeln werden mit einer scharfen Essig-Chili-W\u00fcrze kombiniert. Dieses verzehrfertige Format zielt auf die M\u00e4rkte f\u00fcr Gewichtsmanagement, gesunde Fertiggerichte und asiatische Fertiggerichte ab.<\/p>\n<ul>\n<li data-start=\"874\" data-end=\"967\">\n<p data-start=\"876\" data-end=\"967\"><strong data-start=\"876\" data-end=\"907\">Authentischer scharf-saurer Geschmack<\/strong> \u2013 Eine ausgewogene Mischung aus Essig, Chili, Pfeffer und Gew\u00fcrzen.<\/p>\n<\/li>\n<li data-start=\"968\" data-end=\"1053\">\n<p data-start=\"970\" data-end=\"1053\"><strong data-start=\"970\" data-end=\"998\">Kalorienarm \u00b7 Ballaststoffreich<\/strong> \u2013 Ideal f\u00fcr Verbraucher, die auf Di\u00e4t sind und einen gesunden Lebensstil pflegen.<\/p>\n<\/li>\n<li data-start=\"1054\" data-end=\"1146\">\n<p data-start=\"1056\" data-end=\"1146\"><strong data-start=\"1056\" data-end=\"1083\">Praktische Fertigmahlzeit<\/strong> \u2013 In wenigen Minuten fertig mit Nudeln, So\u00dfe, Gew\u00fcrzen und Gem\u00fcse.<\/p>\n<\/li>\n<li data-start=\"1147\" data-end=\"1206\">\n<p data-start=\"1149\" data-end=\"1206\"><strong data-start=\"1149\" data-end=\"1164\">Sch\u00fcsselformat<\/strong> \u2013 Tragbar, hygienisch und verkaufsfertig.<\/p>\n<\/li>\n<li data-start=\"1207\" data-end=\"1266\">\n<p data-start=\"1209\" data-end=\"1266\"><strong data-start=\"1209\" data-end=\"1232\">12 Monate haltbar<\/strong> \u2013 Hervorragend geeignet f\u00fcr den weltweiten Export.<\/p>\n<\/li>\n<li data-start=\"1267\" data-end=\"1360\">\n<p data-start=\"1269\" data-end=\"1360\"><strong data-start=\"1269\" data-end=\"1285\">OEM-freundlich<\/strong> \u2013 Individuelle Geschmacksrichtungen, Verpackungen und Branding verf\u00fcgbar (Mindestbestellmenge) <strong data-start=\"1342\" data-end=\"1356\">2000 Sch\u00fcsseln<\/strong>).<\/p>\n<\/li>\n<\/ul>","protected":false},"featured_media":2175,"comment_status":"open","ping_status":"closed","template":"","meta":[],"product_brand":[],"product_cat":[59],"product_tag":[],"class_list":{"0":"post-2172","1":"product","2":"type-product","3":"status-publish","4":"has-post-thumbnail","6":"product_cat-flavored-konjac-noodles","8":"first","9":"instock","10":"shipping-taxable","11":"product-type-simple"},"_links":{"self":[{"href":"https:\/\/scmlkj.com\/de\/wp-json\/wp\/v2\/product\/2172","targetHints":{"allow":["GET"]}}],"collection":[{"href":"https:\/\/scmlkj.com\/de\/wp-json\/wp\/v2\/product"}],"about":[{"href":"https:\/\/scmlkj.com\/de\/wp-json\/wp\/v2\/types\/product"}],"replies":[{"embeddable":true,"href":"https:\/\/scmlkj.com\/de\/wp-json\/wp\/v2\/comments?post=2172"}],"wp:featuredmedia":[{"embeddable":true,"href":"https:\/\/scmlkj.com\/de\/wp-json\/wp\/v2\/media\/2175"}],"wp:attachment":[{"href":"https:\/\/scmlkj.com\/de\/wp-json\/wp\/v2\/media?parent=2172"}],"wp:term":[{"taxonomy":"product_brand","embeddable":true,"href":"https:\/\/scmlkj.com\/de\/wp-json\/wp\/v2\/product_brand?post=2172"},{"taxonomy":"product_cat","embeddable":true,"href":"https:\/\/scmlkj.com\/de\/wp-json\/wp\/v2\/product_cat?post=2172"},{"taxonomy":"product_tag","embeddable":true,"href":"https:\/\/scmlkj.com\/de\/wp-json\/wp\/v2\/product_tag?post=2172"}],"curies":[{"name":"wp","href":"https:\/\/api.w.org\/{rel}","templated":true}]}}