{"id":2180,"date":"2025-12-08T08:17:35","date_gmt":"2025-12-08T08:17:35","guid":{"rendered":"https:\/\/scmlkj.com\/?post_type=product&#038;p=2180"},"modified":"2026-04-12T07:06:05","modified_gmt":"2026-04-12T07:06:05","slug":"shirataki-udon-nudeln-mit-hohem-ballaststoffgehalt","status":"publish","type":"product","link":"https:\/\/scmlkj.com\/de\/produkte\/shirataki-udon-nudeln-mit-hohem-ballaststoffgehalt\/","title":{"rendered":"Ballaststoffreiche Shirataki-Udon-Nudeln"},"content":{"rendered":"<p><\/p>\n\n\n\n<h2 class=\"wp-block-heading\">N\u00e4hrwertbezogene Informationen<\/h2>\n\n\n\n<figure class=\"wp-block-table\"><table class=\"has-fixed-layout\"><tbody><tr><td><strong>N\u00e4hrstoff<\/strong><\/td><td><strong>Einheiten<\/strong><\/td><td><strong>Wert pro 100g<\/strong><\/td><\/tr><tr><td>Energie<\/td><td>kJ \/ kcal<\/td><td>25 kJ \/ 5 kcal<\/td><\/tr><tr><td>Kohlenhydrate<\/td><td>g<\/td><td>Weniger als 0,1<\/td><\/tr><tr><td>Eiwei\u00df<\/td><td>g<\/td><td>Weniger als 0,1<\/td><\/tr><tr><td>Fett<\/td><td>g<\/td><td>0<\/td><\/tr><tr><td>Ballaststoffe<\/td><td>g<\/td><td>2.7<\/td><\/tr><tr><td>Zucker<\/td><td>g<\/td><td>0<\/td><\/tr><tr><td>Natrium<\/td><td>mg<\/td><td>0<\/td><\/tr><\/tbody><\/table><\/figure>\n\n\n\n<h2 class=\"wp-block-heading\">Grundlegende Informationen<\/h2>\n\n\n\n<figure class=\"wp-block-table\"><table class=\"has-fixed-layout\"><tbody><tr><td><strong>Artikel<\/strong><\/td><td><strong>Einzelheiten<\/strong><\/td><\/tr><tr><td>Produktname<\/td><td>Ballaststoffreiche Shirataki-Udon-Nudeln<\/td><\/tr><tr><td>Produkttyp<\/td><td>Feuchte Konjak-Nudeln (Udon-Art)<\/td><\/tr><tr><td>Stil<\/td><td>Sofort \u00b7 Verzehrfertig<\/td><\/tr><tr><td>Merkmal<\/td><td>Kohlenhydratarm \u00b7 Fettfrei \u00b7 Ballaststoffreich<\/td><\/tr><tr><td>Art der Verarbeitung<\/td><td>Traditionelle Nassbearbeitung<\/td><\/tr><tr><td>Geschmack<\/td><td>Neutral<\/td><\/tr><tr><td>Geruch<\/td><td>Geruchsneutral &amp; geschmacksneutral<\/td><\/tr><tr><td>Erscheinungsbild<\/td><td>Dicke runde Konjak-Nudeln im Udon-Stil<\/td><\/tr><tr><td>Spezifikation<\/td><td>270g \/ Beutel<\/td><\/tr><tr><td>Hauptbestandteil<\/td><td><br>Wasser, Konjakmehl, Calciumhydroxid<\/td><\/tr><tr><td>Inhalt<\/td><td>Reines Konjakmehl<\/td><\/tr><tr><td>Kochzeit<\/td><td>2 Minuten<\/td><\/tr><tr><td>Haltbarkeitsdauer<\/td><td>18 Monate<\/td><\/tr><tr><td>Lagerung Typ<\/td><td>Raumtemperatur<\/td><\/tr><tr><td>Markenname<\/td><td>\u00d6stlicher Morgen<\/td><\/tr><\/tbody><\/table><\/figure>\n\n\n\n<p><\/p>\n\n\n\n<h2 class=\"wp-block-heading\">Verpackung und Lieferung<\/h2>\n\n\n\n<figure class=\"wp-block-table\"><table class=\"has-fixed-layout\"><tbody><tr><td><strong>Artikel<\/strong><\/td><td><strong>Einzelheiten<\/strong><\/td><\/tr><tr><td>Verkaufende Einheit<\/td><td>Einzelnes Element<\/td><\/tr><tr><td>Packungsgr\u00f6\u00dfe<\/td><td>12 \u00d7 10 \u00d7 18 cm<\/td><\/tr><tr><td>Bruttogewicht<\/td><td>0,280 kg<\/td><\/tr><tr><td>Verpackung<\/td><td>Tasche<\/td><\/tr><tr><td>Benutzerdefiniertes Logo<\/td><td>Verf\u00fcgbar (MOQ: 10.000 Beutel)<\/td><\/tr><\/tbody><\/table><\/figure>\n\n\n\n<p><\/p>\n\n\n\n<h2 class=\"wp-block-heading\">Zubereitung (Shirataki Konjac Ramen-Nudeln)<\/h2>\n\n\n\n<p>F\u00fcr den sofortigen Gebrauch konzipiert, kein Einweichen oder langes Kochen erforderlich.<\/p>\n\n\n\n<p><strong>Schritt 1:<\/strong><br>Die Konjac-Ramen-Nudeln abgie\u00dfen und kurz unter klarem Wasser absp\u00fclen, um \u00fcbersch\u00fcssige Fl\u00fcssigkeit zu entfernen.<\/p>\n\n\n\n<p><strong>Schritt 2:<\/strong><br>Die Nudeln direkt in die hei\u00dfe Br\u00fche oder Suppenbasis geben.<br>Alternativ k\u00f6nnen Sie die Nudeln in eine Sch\u00fcssel geben und mit der Suppe oder Sauce 1 Minute lang in der Mikrowelle (900 W) erhitzen.<\/p>\n\n\n\n<p><strong>Schritt 3:<\/strong><br>Gut umr\u00fchren, nach Belieben Garnierungen hinzuf\u00fcgen und sofort genie\u00dfen.<\/p>\n\n\n\n<h3 class=\"wp-block-heading\"><strong>Ideale Anwendungen:<\/strong><\/h3>\n\n\n\n<ul class=\"wp-block-list\">\n<li>Japanische Udon-Suppen und Nudelbars<\/li>\n\n\n\n<li>Gebratene Udon-Gerichte<\/li>\n\n\n\n<li>Eintopf &amp; Shabu-Shabu<\/li>\n\n\n\n<li>Asiatische Nudelgerichte<\/li>\n\n\n\n<li>Fusion-Mahlzeitensets und Fertiggerichte<\/li>\n<\/ul>\n\n\n\n<p>Die dicke Udon-Textur sorgt f\u00fcr einen angenehmen Biss und ist gleichzeitig extrem kalorienarm.<\/p>\n\n\n\n<h2 class=\"wp-block-heading\">Zertifizierungen<\/h2>\n\n\n\n<p>ISO - HACCP - HALAL - KOSCHER - BRC - IFS - EU BIO - USDA BIO<\/p>\n\n\n\n<p>M\u00f6chten Sie eine ballaststoffreiche Konjac-Nudel nach Udon-Art in Ihr Sortiment aufnehmen?<br><a href=\"https:\/\/scmlkj.com\/de\/kontakt\/\">Kontaktieren Sie Eastern Morning<\/a> f\u00fcr <strong><a href=\"https:\/\/scmlkj.com\/de\/oem-eigenmarken-leitfaden\/\">OEM-Entwicklung<\/a>Individuelle Anpassung der Dicke, Verpackungsoptionen und Mengenpreise<\/strong>.<\/p>\n\n\n\n<p><\/p>","protected":false},"excerpt":{"rendered":"<p>Eine dicke, z\u00e4he Shirataki Udon-Nudel, die entwickelt wurde, um den s\u00e4ttigenden Biss traditioneller Udon-Nudeln nachzubilden und gleichzeitig extrem wenig Kalorien und viele Ballaststoffe zu liefern. Die Udon-\u00e4hnliche Dicke sorgt f\u00fcr ein hervorragendes Mundgef\u00fchl und die Aufnahme der Br\u00fche, was sie ideal f\u00fcr die japanische K\u00fcche, Hotpot-Konzepte, Meal-Kits und Eigenmarkenprogramme macht.<\/p>\n<ul>\n<li data-start=\"834\" data-end=\"921\">\n<p data-start=\"836\" data-end=\"921\"><strong data-start=\"836\" data-end=\"866\">Dicke und bissfeste Udon-Textur<\/strong> \u2013 Authentischer Udon-Biss dank Konjak-Technologie.<\/p>\n<\/li>\n<li data-start=\"922\" data-end=\"990\">\n<p data-start=\"924\" data-end=\"990\"><strong data-start=\"924\" data-end=\"946\">Ballaststoffreiche Rezeptur<\/strong> \u2013 F\u00f6rdert das S\u00e4ttigungsgef\u00fchl und die Verdauungsgesundheit.<\/p>\n<\/li>\n<li data-start=\"991\" data-end=\"1078\">\n<p data-start=\"993\" data-end=\"1078\"><strong data-start=\"993\" data-end=\"1017\">Nur 5 kcal pro 100 g<\/strong> \u2013 Perfekt f\u00fcr Keto-, Diabetiker- und Abnehmdi\u00e4ten.<\/p>\n<\/li>\n<li data-start=\"1079\" data-end=\"1173\">\n<p data-start=\"1081\" data-end=\"1173\"><strong data-start=\"1081\" data-end=\"1120\">FETTFREI - GLUTENFREI - WEIZENFREI<\/strong> \u2013 Ideal f\u00fcr Clean-Label- und allergenfreie M\u00e4rkte.<\/p>\n<\/li>\n<li data-start=\"1174\" data-end=\"1260\">\n<p data-start=\"1176\" data-end=\"1260\"><strong data-start=\"1176\" data-end=\"1208\">OHNE ZUSATZ VON K\u00dcNSTLICHEN AROMASTOFFEN<\/strong> \u2013 Von Natur aus neutral; nimmt Br\u00fchen und So\u00dfen gut auf.<\/p>\n<\/li>\n<li data-start=\"1261\" data-end=\"1331\">\n<p data-start=\"1263\" data-end=\"1331\"><strong data-start=\"1263\" data-end=\"1289\">OHNE ZUSATZ VON KONSERVIERUNGSSTOFFEN<\/strong> \u2013 Von Natur aus 18 Monate lang haltbar.<\/p>\n<\/li>\n<li data-start=\"1332\" data-end=\"1407\">\n<p data-start=\"1334\" data-end=\"1407\"><strong data-start=\"1334\" data-end=\"1356\">Bereit in 2 Minuten<\/strong> \u2013 Praktisches Format f\u00fcr schnelle Zubereitung.<\/p>\n<\/li>\n<li data-start=\"1408\" data-end=\"1494\">\n<p data-start=\"1410\" data-end=\"1494\"><strong data-start=\"1410\" data-end=\"1442\">OEM-\/Eigenmarkenfreundlich<\/strong> \u2013 Individuelle Dicke, Verpackung und Branding verf\u00fcgbar.<\/p>\n<\/li>\n<\/ul>","protected":false},"featured_media":2183,"comment_status":"open","ping_status":"closed","template":"","meta":[],"product_brand":[],"product_cat":[49],"product_tag":[],"class_list":{"0":"post-2180","1":"product","2":"type-product","3":"status-publish","4":"has-post-thumbnail","6":"product_cat-wet-konjac-noodles","8":"first","9":"instock","10":"shipping-taxable","11":"product-type-simple"},"_links":{"self":[{"href":"https:\/\/scmlkj.com\/de\/wp-json\/wp\/v2\/product\/2180","targetHints":{"allow":["GET"]}}],"collection":[{"href":"https:\/\/scmlkj.com\/de\/wp-json\/wp\/v2\/product"}],"about":[{"href":"https:\/\/scmlkj.com\/de\/wp-json\/wp\/v2\/types\/product"}],"replies":[{"embeddable":true,"href":"https:\/\/scmlkj.com\/de\/wp-json\/wp\/v2\/comments?post=2180"}],"wp:featuredmedia":[{"embeddable":true,"href":"https:\/\/scmlkj.com\/de\/wp-json\/wp\/v2\/media\/2183"}],"wp:attachment":[{"href":"https:\/\/scmlkj.com\/de\/wp-json\/wp\/v2\/media?parent=2180"}],"wp:term":[{"taxonomy":"product_brand","embeddable":true,"href":"https:\/\/scmlkj.com\/de\/wp-json\/wp\/v2\/product_brand?post=2180"},{"taxonomy":"product_cat","embeddable":true,"href":"https:\/\/scmlkj.com\/de\/wp-json\/wp\/v2\/product_cat?post=2180"},{"taxonomy":"product_tag","embeddable":true,"href":"https:\/\/scmlkj.com\/de\/wp-json\/wp\/v2\/product_tag?post=2180"}],"curies":[{"name":"wp","href":"https:\/\/api.w.org\/{rel}","templated":true}]}}