{"id":2184,"date":"2025-12-08T08:22:05","date_gmt":"2025-12-08T08:22:05","guid":{"rendered":"https:\/\/scmlkj.com\/?post_type=product&#038;p=2184"},"modified":"2026-04-12T07:05:32","modified_gmt":"2026-04-12T07:05:32","slug":"low-carb-high-fiber-vorgeschnittene-konjaknudeln","status":"publish","type":"product","link":"https:\/\/scmlkj.com\/de\/produkte\/low-carb-high-fiber-vorgeschnittene-konjaknudeln\/","title":{"rendered":"Kohlenhydratarme und ballaststoffreiche vorgeschnittene Konjac-Nudeln"},"content":{"rendered":"<h2 class=\"wp-block-heading\">N\u00e4hrwertbezogene Informationen<\/h2>\n\n\n\n<figure class=\"wp-block-table\"><table class=\"has-fixed-layout\"><tbody><tr><td><strong>N\u00e4hrstoff<\/strong><\/td><td><strong>Einheiten<\/strong><\/td><td><strong>Wert pro 100g<\/strong><\/td><\/tr><tr><td>Energie<\/td><td>kJ \/ kcal<\/td><td>25 kJ \/ 5 kcal<\/td><\/tr><tr><td>Kohlenhydrate<\/td><td>g<\/td><td>Weniger als 0,1<\/td><\/tr><tr><td>Eiwei\u00df<\/td><td>g<\/td><td>Weniger als 0,1<\/td><\/tr><tr><td>Fett<\/td><td>g<\/td><td>0<\/td><\/tr><tr><td>Ballaststoffe<\/td><td>g<\/td><td>2.7<\/td><\/tr><tr><td>Zucker<\/td><td>g<\/td><td>0<\/td><\/tr><tr><td>Natrium<\/td><td>mg<\/td><td>0<\/td><\/tr><\/tbody><\/table><\/figure>\n\n\n\n<h2 class=\"wp-block-heading\">Grundlegende Informationen<\/h2>\n\n\n\n<figure class=\"wp-block-table\"><table class=\"has-fixed-layout\"><tbody><tr><td><strong>Artikel<\/strong><\/td><td><strong>Einzelheiten<\/strong><\/td><\/tr><tr><td>Produktname<\/td><td>Kohlenhydratarme und ballaststoffreiche vorgeschnittene Konjac-Nudeln<\/td><\/tr><tr><td>Produkttyp<\/td><td>Feuchte Konjac-Nudeln<\/td><\/tr><tr><td>Stil<\/td><td>Sofort \u00b7 Verzehrfertig<\/td><\/tr><tr><td>Merkmal<\/td><td>Kohlenhydratarm, fettfrei<\/td><\/tr><tr><td>Art der Verarbeitung<\/td><td>Vorgeschnittene Nudelsegmente<\/td><\/tr><tr><td>Geschmack<\/td><td>Neutral<\/td><\/tr><tr><td>Geruch<\/td><td>Geruchsneutral<\/td><\/tr><tr><td>Erscheinungsbild<\/td><td>Kurze, geschnittene Konjaknudelst\u00fccke<\/td><\/tr><tr><td>Spezifikation<\/td><td>270g \/ Beutel<\/td><\/tr><tr><td>Hauptbestandteil<\/td><td><br>Konjakmehl, Wasser<\/td><\/tr><tr><td>Inhalt<\/td><td>Reines Konjakmehl<\/td><\/tr><tr><td>Kochzeit<\/td><td>2 Minuten<\/td><\/tr><tr><td>Haltbarkeitsdauer<\/td><td>18 Monate<\/td><\/tr><tr><td>Lagerung Typ<\/td><td>Raumtemperatur<\/td><\/tr><tr><td>Markenname<\/td><td>\u00d6stlicher Morgen<\/td><\/tr><\/tbody><\/table><\/figure>\n\n\n\n<p><\/p>\n\n\n\n<h2 class=\"wp-block-heading\">Verpackung und Lieferung<\/h2>\n\n\n\n<figure class=\"wp-block-table\"><table class=\"has-fixed-layout\"><tbody><tr><td><strong>Artikel<\/strong><\/td><td><strong>Einzelheiten<\/strong><\/td><\/tr><tr><td>Verkaufende Einheit<\/td><td>Einzelnes Element<\/td><\/tr><tr><td>Packungsgr\u00f6\u00dfe<\/td><td>12 \u00d7 10 \u00d7 18 cm<\/td><\/tr><tr><td>Bruttogewicht<\/td><td>0,280 kg<\/td><\/tr><tr><td>Verpackung<\/td><td>Tasche<\/td><\/tr><tr><td>Benutzerdefiniertes Logo<\/td><td>Verf\u00fcgbar (MOQ: 10.000 Beutel)<\/td><\/tr><\/tbody><\/table><\/figure>\n\n\n\n<p><\/p>\n\n\n\n<h2 class=\"wp-block-heading\">Wie man kocht<\/h2>\n\n\n\n<p>F\u00fcr den sofortigen Gebrauch konzipiert, kein Einweichen oder langes Kochen erforderlich.<\/p>\n\n\n\n<p><strong>Bereit in 2 Minuten<\/strong><\/p>\n\n\n\n<ol class=\"wp-block-list\">\n<li>Abgie\u00dfen und absp\u00fclen <strong>2-3 Mal<\/strong>.<\/li>\n\n\n\n<li>In hei\u00dfem Wasser blanchieren f\u00fcr <strong>1 Minute<\/strong>.<\/li>\n<\/ol>\n\n\n\n<h3 class=\"wp-block-heading\">Ideal f\u00fcr:<\/h3>\n\n\n\n<ul class=\"wp-block-list\">\n<li>Fertiggerichte und Fertiggerichte<\/li>\n\n\n\n<li>Gro\u00dfk\u00fcchen und Catering<\/li>\n\n\n\n<li>Mahlzeitenzubereitungsboxen und Bento-Mahlzeiten<\/li>\n\n\n\n<li>Zutaten f\u00fcr Suppen, Ramen und Eint\u00f6pfe<\/li>\n\n\n\n<li>Konzepte der asiatischen und Fusionsk\u00fcche<\/li>\n<\/ul>\n\n\n\n<p>Das vorgeschnittene Format verbessert den Komfort und die Konsistenz in der Gastronomie und bei der Zusammenstellung von Meal-Kits erheblich.<\/p>\n\n\n\n<h2 class=\"wp-block-heading\"><a href=\"https:\/\/scmlkj.com\/de\/zertifizierung\/\">Zertifizierungen<\/a><\/h2>\n\n\n\n<p>ISO - HACCP - HALAL - KOSCHER - BRC - IFS - EU BIO - USDA BIO<\/p>\n\n\n\n<p>Sie suchen eine vorgeschnittene, kohlenhydratarme Konjac-Nudel f\u00fcr Fertiggerichte oder f\u00fcr die Gastronomie?<br><a href=\"https:\/\/scmlkj.com\/de\/kontakt\/\">Kontaktieren Sie Eastern Morning<\/a> f\u00fcr <strong><a href=\"https:\/\/scmlkj.com\/de\/oem-eigenmarken-leitfaden\/\">OEM-Entwicklung<\/a>Individuelle Zuschnitte, Verpackungsoptionen und Mengenpreise<\/strong>.<\/p>\n\n\n\n<p><\/p>","protected":false},"excerpt":{"rendered":"<p>Eine praktische vorgeschnittene Konjac-Nudel, die f\u00fcr Fertiggerichte, Foodservice und Schnellkochanwendungen entwickelt wurde. Das Short-Cut-Format verbessert die Portionskontrolle, die Kochkonsistenz und die Effizienz bei der Zusammenstellung und ist daher ideal f\u00fcr Suppen, Pfannengerichte, Hotpots, Mahlzeitensets und verzehrfertige Sch\u00fcsseln.<\/p>\n<ul>\n<li data-start=\"878\" data-end=\"981\">\n<p data-start=\"880\" data-end=\"981\"><strong data-start=\"880\" data-end=\"898\">Vorgeschnittene Form<\/strong> \u2013 Kurze Nudelst\u00fccke, ideal f\u00fcr Suppen, Pfannengerichte, Fertiggerichte und Bentoboxen.<\/p>\n<\/li>\n<li data-start=\"982\" data-end=\"1059\">\n<p data-start=\"984\" data-end=\"1059\"><strong data-start=\"984\" data-end=\"1014\">Ultra-kalorienarm (5 kcal)<\/strong> \u2013 Perfekt f\u00fcr Keto- und Gewichtskontroll-Di\u00e4ten.<\/p>\n<\/li>\n<li data-start=\"1060\" data-end=\"1137\">\n<p data-start=\"1062\" data-end=\"1137\"><strong data-start=\"1062\" data-end=\"1101\">FETTFREI - GLUTENFREI - WEIZENFREI<\/strong> \u2013 Clean-Label f\u00fcr alle Ern\u00e4hrungstypen.<\/p>\n<\/li>\n<li data-start=\"1138\" data-end=\"1200\">\n<p data-start=\"1140\" data-end=\"1200\"><strong data-start=\"1140\" data-end=\"1172\">OHNE ZUSATZ VON K\u00dcNSTLICHEN AROMASTOFFEN<\/strong> \u2013 Reiner und neutraler Geschmack.<\/p>\n<\/li>\n<li data-start=\"1201\" data-end=\"1265\">\n<p data-start=\"1203\" data-end=\"1265\"><strong data-start=\"1203\" data-end=\"1229\">OHNE ZUSATZ VON KONSERVIERUNGSSTOFFEN<\/strong> \u2013 Ohne Chemikalien lagerstabil.<\/p>\n<\/li>\n<li data-start=\"1266\" data-end=\"1323\">\n<p data-start=\"1268\" data-end=\"1323\"><strong data-start=\"1268\" data-end=\"1287\">BALLASTSTOFFQUELLE<\/strong> \u2013 Unterst\u00fctzt die Verdauung und sorgt f\u00fcr ein S\u00e4ttigungsgef\u00fchl.<\/p>\n<\/li>\n<li data-start=\"1324\" data-end=\"1386\">\n<p data-start=\"1326\" data-end=\"1386\"><strong data-start=\"1326\" data-end=\"1348\">Bereit in 2 Minuten<\/strong> \u2013 Feucht-instant Konjaknudeln.<\/p>\n<\/li>\n<li data-start=\"1387\" data-end=\"1470\">\n<p data-start=\"1389\" data-end=\"1470\"><strong data-start=\"1389\" data-end=\"1420\">OEM-\/Privatmarken-Unterst\u00fctzung<\/strong> \u2013 Individuelle Schnitte, Verpackung und Branding m\u00f6glich.<\/p>\n<\/li>\n<\/ul>","protected":false},"featured_media":2187,"comment_status":"open","ping_status":"closed","template":"","meta":[],"product_brand":[],"product_cat":[49],"product_tag":[],"class_list":{"0":"post-2184","1":"product","2":"type-product","3":"status-publish","4":"has-post-thumbnail","6":"product_cat-wet-konjac-noodles","8":"first","9":"instock","10":"shipping-taxable","11":"product-type-simple"},"_links":{"self":[{"href":"https:\/\/scmlkj.com\/de\/wp-json\/wp\/v2\/product\/2184","targetHints":{"allow":["GET"]}}],"collection":[{"href":"https:\/\/scmlkj.com\/de\/wp-json\/wp\/v2\/product"}],"about":[{"href":"https:\/\/scmlkj.com\/de\/wp-json\/wp\/v2\/types\/product"}],"replies":[{"embeddable":true,"href":"https:\/\/scmlkj.com\/de\/wp-json\/wp\/v2\/comments?post=2184"}],"wp:featuredmedia":[{"embeddable":true,"href":"https:\/\/scmlkj.com\/de\/wp-json\/wp\/v2\/media\/2187"}],"wp:attachment":[{"href":"https:\/\/scmlkj.com\/de\/wp-json\/wp\/v2\/media?parent=2184"}],"wp:term":[{"taxonomy":"product_brand","embeddable":true,"href":"https:\/\/scmlkj.com\/de\/wp-json\/wp\/v2\/product_brand?post=2184"},{"taxonomy":"product_cat","embeddable":true,"href":"https:\/\/scmlkj.com\/de\/wp-json\/wp\/v2\/product_cat?post=2184"},{"taxonomy":"product_tag","embeddable":true,"href":"https:\/\/scmlkj.com\/de\/wp-json\/wp\/v2\/product_tag?post=2184"}],"curies":[{"name":"wp","href":"https:\/\/api.w.org\/{rel}","templated":true}]}}