{"id":2192,"date":"2025-12-08T08:40:58","date_gmt":"2025-12-08T08:40:58","guid":{"rendered":"https:\/\/scmlkj.com\/?post_type=product&#038;p=2192"},"modified":"2026-04-12T07:04:16","modified_gmt":"2026-04-12T07:04:16","slug":"okologische-konjak-penne-nudeln-von-eastern-morning","status":"publish","type":"product","link":"https:\/\/scmlkj.com\/de\/produkte\/okologische-konjak-penne-nudeln-von-eastern-morning\/","title":{"rendered":"Eastern Morning Bio Konjac Penne Nudeln"},"content":{"rendered":"<p><\/p>\n\n\n\n<h2 class=\"wp-block-heading\">N\u00e4hrwertbezogene Informationen<\/h2>\n\n\n\n<figure class=\"wp-block-table\"><table class=\"has-fixed-layout\"><tbody><tr><td><strong>N\u00e4hrstoff<\/strong><\/td><td><strong>Einheiten<\/strong><\/td><td><strong>Wert pro 100g<\/strong><\/td><\/tr><tr><td>Energie<\/td><td>kJ \/ kcal<\/td><td>25 kJ \/ 5 kcal<\/td><\/tr><tr><td>Kohlenhydrate<\/td><td>g<\/td><td>Weniger als 0,1<\/td><\/tr><tr><td>Eiwei\u00df<\/td><td>g<\/td><td>Weniger als 0,1<\/td><\/tr><tr><td>Fett<\/td><td>g<\/td><td>0<\/td><\/tr><tr><td>Ballaststoffe<\/td><td>g<\/td><td>2.7<\/td><\/tr><tr><td>Zucker<\/td><td>g<\/td><td>0<\/td><\/tr><tr><td>Natrium<\/td><td>mg<\/td><td>0<\/td><\/tr><\/tbody><\/table><\/figure>\n\n\n\n<p>Die N\u00e4hrwerte k\u00f6nnen je nach Formulierung und marktspezifischen Vorschriften leicht variieren.<\/p>\n\n\n\n<h2 class=\"wp-block-heading\">Grundlegende Informationen<\/h2>\n\n\n\n<figure class=\"wp-block-table\"><table class=\"has-fixed-layout\"><tbody><tr><td><strong>Artikel<\/strong><\/td><td><strong>Einzelheiten<\/strong><\/td><\/tr><tr><td>Produktname<\/td><td>Eastern Morning Bio Konjac Penne Nudeln<\/td><\/tr><tr><td>Produkttyp<\/td><td>Feuchte Konjak-Nudeln \u00b7 Penne-Form<\/td><\/tr><tr><td>Stil<\/td><td>Sofort, verzehrfertig<\/td><\/tr><tr><td>Merkmal<\/td><td>Bio, kohlenhydratarm, fettfrei<\/td><\/tr><tr><td>Art der Verarbeitung<\/td><td>Traditionelle Produktion im Nassverfahren<\/td><\/tr><tr><td>Geschmack<\/td><td>Neutral<\/td><\/tr><tr><td>Geruch<\/td><td>Geruchlos<\/td><\/tr><tr><td>Erscheinungsbild<\/td><td>Bio-Konjak-Nudeln in Penne-Form, feucht<\/td><\/tr><tr><td>Spezifikation<\/td><td>270g \/ Beutel<\/td><\/tr><tr><td>Hauptbestandteil<\/td><td><br>Wasser, <strong>Bio-Konjakmehl<\/strong>, Calciumhydroxid<\/td><\/tr><tr><td>Inhalt<\/td><td>Reines Konjakmehl<\/td><\/tr><tr><td>Kochzeit<\/td><td>2 Minuten<\/td><\/tr><tr><td>Haltbarkeitsdauer<\/td><td>18 Monate<\/td><\/tr><tr><td>Lagerung Typ<\/td><td>Raumtemperatur<\/td><\/tr><tr><td>Markenname<\/td><td>\u00d6stlicher Morgen<\/td><\/tr><\/tbody><\/table><\/figure>\n\n\n\n<p><\/p>\n\n\n\n<h2 class=\"wp-block-heading\">Verpackung und Lieferung<\/h2>\n\n\n\n<figure class=\"wp-block-table\"><table class=\"has-fixed-layout\"><tbody><tr><td><strong>Artikel<\/strong><\/td><td><strong>Einzelheiten<\/strong><\/td><\/tr><tr><td>Verkaufende Einheit<\/td><td>Einzelnes Element<\/td><\/tr><tr><td>Packungsgr\u00f6\u00dfe<\/td><td>12 \u00d7 10 \u00d7 18 cm<\/td><\/tr><tr><td>Bruttogewicht<\/td><td>0,280 kg<\/td><\/tr><tr><td>Verpackung<\/td><td>Tasche<\/td><\/tr><tr><td>Benutzerdefiniertes Logo<\/td><td>Verf\u00fcgbar (MOQ: 10.000 Beutel)<\/td><\/tr><\/tbody><\/table><\/figure>\n\n\n\n<p><\/p>\n\n\n\n<h2 class=\"wp-block-heading\">Wie man kocht (Bio Konjac Penne Nudeln nass)<\/h2>\n\n\n\n<p><strong>Bereit in 2 Minuten<\/strong><\/p>\n\n\n\n<ol class=\"wp-block-list\">\n<li>Die Fl\u00fcssigkeit abgie\u00dfen und absp\u00fclen <strong>2-3 Mal<\/strong>.<\/li>\n\n\n\n<li>In hei\u00dfem Wasser erhitzen\/blanchieren f\u00fcr <strong>1 Minute<\/strong>.<\/li>\n\n\n\n<li>Am besten geeignet f\u00fcr:\n<ul class=\"wp-block-list\">\n<li>cremige Penne-Gerichte<\/li>\n\n\n\n<li>Tomaten-Basilikum-Pasta<\/li>\n\n\n\n<li>proteinreiche Mahlzeitenvorbereitung<\/li>\n\n\n\n<li>vegane Pastagerichte<\/li>\n\n\n\n<li>Low-Carb- und Keto-Mahlzeitensets<\/li>\n\n\n\n<li>fertige gesunde Mahlzeiten<\/li>\n<\/ul>\n<\/li>\n<\/ol>\n\n\n\n<p>Die Penne-Form sorgt f\u00fcr einen festeren Biss und eine hervorragende So\u00dfenaufnahmef\u00e4higkeit.<\/p>\n\n\n\n<h2 class=\"wp-block-heading\">Zertifizierungen<\/h2>\n\n\n\n<p>ISO - HACCP - HALAL - KOSCHER - BRC - IFS - EU BIO - USDA BIO<\/p>\n\n\n\n<h2 class=\"wp-block-heading\">OEM-\/Privatmarken-Unterst\u00fctzung<\/h2>\n\n\n\n<p>Kundenspezifische Verpackung und Branding<\/p>\n\n\n\n<p>Marktspezifische Kennzeichnungsvorschriften<\/p>\n\n\n\n<p>Kundenspezifische Packungsgr\u00f6\u00dfen und Formate<\/p>\n\n\n\n<p>Exportfertige Dokumentation<\/p>","protected":false},"excerpt":{"rendered":"<p>Bio-Konjak-Penne-Nudeln aus zertifiziertem Bio-Konjakmehl mit sauberem Etikett. Diese Nudeln in fester Penne-Form bieten eine hervorragende So\u00dfenbindung und strukturelle Integrit\u00e4t und sind daher ideal f\u00fcr westliche Gerichte, Mahlzeitensets und Eigenmarkenprogramme f\u00fcr gesunde Ern\u00e4hrung.<\/p>\n<ul>\n<li data-start=\"840\" data-end=\"911\">\n<p data-start=\"842\" data-end=\"911\"><strong data-start=\"842\" data-end=\"870\">Zertifiziertes Bio-Konjak<\/strong> \u2013 Zutaten in EU- und USDA-Bio-Qualit\u00e4t.<\/p>\n<\/li>\n<li data-start=\"912\" data-end=\"1005\">\n<p data-start=\"914\" data-end=\"1005\"><strong data-start=\"914\" data-end=\"948\">Penne-Form f\u00fcr westliche Gerichte<\/strong> \u2013 H\u00e4lt So\u00dfen zusammen und bewahrt die Struktur w\u00e4hrend des Kochens.<\/p>\n<\/li>\n<li data-start=\"1006\" data-end=\"1082\">\n<p data-start=\"1008\" data-end=\"1082\"><strong data-start=\"1008\" data-end=\"1047\">FETTFREI - GLUTENFREI - WEIZENFREI<\/strong> \u2013 Ideal f\u00fcr Clean-Label-M\u00e4rkte.<\/p>\n<\/li>\n<li data-start=\"1083\" data-end=\"1157\">\n<p data-start=\"1085\" data-end=\"1157\"><strong data-start=\"1085\" data-end=\"1117\">OHNE ZUSATZ VON K\u00dcNSTLICHEN AROMASTOFFEN<\/strong> \u2013 Beh\u00e4lt einen nat\u00fcrlichen, neutralen Geschmack.<\/p>\n<\/li>\n<li data-start=\"1158\" data-end=\"1231\">\n<p data-start=\"1160\" data-end=\"1231\"><strong data-start=\"1160\" data-end=\"1186\">OHNE ZUSATZ VON KONSERVIERUNGSSTOFFEN<\/strong> \u2013 Ohne chemische Zusatzstoffe haltbar.<\/p>\n<\/li>\n<li data-start=\"1232\" data-end=\"1297\">\n<p data-start=\"1234\" data-end=\"1297\"><strong data-start=\"1234\" data-end=\"1253\">BALLASTSTOFFQUELLE<\/strong> \u2013 F\u00f6rdert das S\u00e4ttigungsgef\u00fchl und die Verdauungsgesundheit.<\/p>\n<\/li>\n<li data-start=\"1298\" data-end=\"1380\">\n<p data-start=\"1300\" data-end=\"1380\"><strong data-start=\"1300\" data-end=\"1330\">Ultra-kalorienarm (5 kcal)<\/strong> \u2013 Perfekt f\u00fcr Keto- und Abnehmprogramme.<\/p>\n<\/li>\n<li data-start=\"1381\" data-end=\"1437\">\n<p data-start=\"1383\" data-end=\"1437\"><strong data-start=\"1383\" data-end=\"1405\">Bereit in 2 Minuten<\/strong> - Bequeme Nudeln nach dem Nassverfahren.<\/p>\n<\/li>\n<li data-start=\"1438\" data-end=\"1512\">\n<p data-start=\"1440\" data-end=\"1512\"><strong data-start=\"1440\" data-end=\"1471\">OEM-\/Privatmarken-Unterst\u00fctzung<\/strong> \u2013 Individuelle Verpackung und Branding verf\u00fcgbar.<\/p>\n<\/li>\n<\/ul>","protected":false},"featured_media":2761,"comment_status":"open","ping_status":"closed","template":"","meta":[],"product_brand":[],"product_cat":[49],"product_tag":[],"class_list":{"0":"post-2192","1":"product","2":"type-product","3":"status-publish","4":"has-post-thumbnail","6":"product_cat-wet-konjac-noodles","8":"first","9":"instock","10":"shipping-taxable","11":"product-type-simple"},"_links":{"self":[{"href":"https:\/\/scmlkj.com\/de\/wp-json\/wp\/v2\/product\/2192","targetHints":{"allow":["GET"]}}],"collection":[{"href":"https:\/\/scmlkj.com\/de\/wp-json\/wp\/v2\/product"}],"about":[{"href":"https:\/\/scmlkj.com\/de\/wp-json\/wp\/v2\/types\/product"}],"replies":[{"embeddable":true,"href":"https:\/\/scmlkj.com\/de\/wp-json\/wp\/v2\/comments?post=2192"}],"wp:featuredmedia":[{"embeddable":true,"href":"https:\/\/scmlkj.com\/de\/wp-json\/wp\/v2\/media\/2761"}],"wp:attachment":[{"href":"https:\/\/scmlkj.com\/de\/wp-json\/wp\/v2\/media?parent=2192"}],"wp:term":[{"taxonomy":"product_brand","embeddable":true,"href":"https:\/\/scmlkj.com\/de\/wp-json\/wp\/v2\/product_brand?post=2192"},{"taxonomy":"product_cat","embeddable":true,"href":"https:\/\/scmlkj.com\/de\/wp-json\/wp\/v2\/product_cat?post=2192"},{"taxonomy":"product_tag","embeddable":true,"href":"https:\/\/scmlkj.com\/de\/wp-json\/wp\/v2\/product_tag?post=2192"}],"curies":[{"name":"wp","href":"https:\/\/api.w.org\/{rel}","templated":true}]}}