{"id":2196,"date":"2025-12-08T08:47:42","date_gmt":"2025-12-08T08:47:42","guid":{"rendered":"https:\/\/scmlkj.com\/?post_type=product&#038;p=2196"},"modified":"2026-01-30T14:50:21","modified_gmt":"2026-01-30T14:50:21","slug":"individuell-angepasste-shirataki-snacks-mit-scharfem-geschmack-aus-konjak-shuang","status":"publish","type":"product","link":"https:\/\/scmlkj.com\/de\/produkte\/individuell-angepasste-shirataki-snacks-mit-scharfem-geschmack-aus-konjak-shuang\/","title":{"rendered":"Pikante Konjak-Snacks (Konjac Shuang) - Shirataki Snack OEM"},"content":{"rendered":"<p><\/p>\n\n\n\n<h2 class=\"wp-block-heading\">Grundlegende Spezifikationen<\/h2>\n\n\n\n<figure class=\"wp-block-table\"><table class=\"has-fixed-layout\"><tbody><tr><td><strong>Artikel<\/strong><\/td><td><strong>Einzelheiten<\/strong><\/td><\/tr><tr><td>Produktname<\/td><td>Shirataki-Snacks, scharf, Konjak Shuang<\/td><\/tr><tr><td>Produkttyp<\/td><td>Konjak-W\u00fcrzriegel\/ Shuang \/ Konjak-Snack<\/td><\/tr><tr><td>Nettoinhalt<\/td><td>22 g \/ Packung<\/td><\/tr><tr><td>Kalorien<\/td><td>24 kcal \/ Packung<\/td><\/tr><tr><td>Packungen pro Karton<\/td><td>20 Packungen<\/td><\/tr><tr><td>Verpackung<\/td><td>Einzelne kleine Beutel (Kartonverpackung)<\/td><\/tr><tr><td>Haltbarkeitsdauer<\/td><td>9 Monate<\/td><\/tr><tr><td>Wie man isst<\/td><td>Beutel \u00f6ffnen, verzehrfertig<\/td><\/tr><tr><td>Lagerung<\/td><td>Normal lagern, vor Frost und direkter Sonneneinstrahlung sch\u00fctzen<\/td><\/tr><\/tbody><\/table><\/figure>\n\n\n\n<h2 class=\"wp-block-heading\">Zutaten<\/h2>\n\n\n\n<p>Wasser, Konjakpulver, St\u00e4rke, Pflanzen\u00f6l, Pfeffer, Speisesalz, wei\u00dfer Kristallzucker, Hefeextrakt, Gew\u00fcrze,<br>Lebensmittelzusatzstoffe (Natriumglutamat, 5'-geschmacksverst\u00e4rkendes Dinatrium-Nukleotid, Milchs\u00e4ure, Zitronens\u00e4ure, Titandioxid, Natrium-D-isoascorbat, Natriumlactat),<br>Essbare Essenz.<\/p>\n\n\n\n<p>Die Zusammensetzung der Inhaltsstoffe und die Etikettierung k\u00f6nnen auf der Grundlage der Vorschriften des Zielmarktes und der OEM-Anforderungen angepasst werden.<\/p>\n\n\n\n<h2 class=\"wp-block-heading\">Produktion &amp; Qualit\u00e4t \u2013 Highlights<\/h2>\n\n\n\n<p>Vollst\u00e4ndige Prozesssteuerung von <strong>Konjakwurzel \u2192 Konjakpulver \u2192 fertiger Snack<\/strong><\/p>\n\n\n\n<p>Die frittierfreie Technologie sorgt f\u00fcr sicherere und leichtere Snacks.<\/p>\n\n\n\n<p>Keine Transfetts\u00e4uren<\/p>\n\n\n\n<p>Sauberer und standardisierter Verpackungsprozess<\/p>\n\n\n\n<h2 class=\"wp-block-heading\">Verbrauchs- und Einzelhandelsszenarien<\/h2>\n\n\n\n<p>Snacks f\u00fcrs B\u00fcro<\/p>\n\n\n\n<p>Sp\u00e4te Snacks<\/p>\n\n\n\n<p>Reisen &amp; Outdoor-Verpflegung<\/p>\n\n\n\n<p>Bestseller in Convenience Stores<\/p>\n\n\n\n<p>E-Commerce-Snack-Pakete<\/p>\n\n\n\n<p>Gesunde Snackalternativen<\/p>\n\n\n\n<h2 class=\"wp-block-heading\">OEM-\/Eigenmarkenoptionen<\/h2>\n\n\n\n<p>Individuelles Verpackungsdesign<\/p>\n\n\n\n<p>Individuelle Sch\u00e4rfegrad (mild \/ mittel \/ scharf)<\/p>\n\n\n\n<p>Individuelle Kartonmenge und Beutelgr\u00f6\u00dfe<\/p>\n\n\n\n<p>Unterst\u00fctzung beim Aufbau einer Eigenmarke<\/p>\n\n\n\n<p>M\u00f6chten Sie einen kalorienarmen, nicht frittierten Konjak-Snack in Ihr Produktportfolio aufnehmen?<br><a href=\"https:\/\/scmlkj.com\/de\/kontakt\/\">Kontaktieren Sie Eastern Morning<\/a> f\u00fcr <strong><a href=\"https:\/\/scmlkj.com\/de\/oem-eigenmarken-leitfaden\/\">OEM-Entwicklung<\/a>Geschmacksanpassung, Verpackungsdesign und Gro\u00dfmengenpreise<\/strong>.<\/p>\n\n\n\n<p><\/p>","protected":false},"excerpt":{"rendered":"<p data-start=\"487\" data-end=\"850\">Eastern Morning's Spicy Konjac Snacks (Konjac Shuang) sind unfrittierte, kalorienarme Shirataki-Snacks aus hochwertigem Konjakpulver. Diese mild-w\u00fcrzige Version liefert das klassische Hot-Pot-Aroma mit ausgewogener Sch\u00e4rfe und eignet sich damit f\u00fcr eine breitere Verbraucherschicht, auch f\u00fcr solche, die empfindlich auf scharfe Speisen reagieren.<\/p>\n<p data-start=\"852\" data-end=\"950\">Jede Box enth\u00e4lt 20 einzeln verpackte Minibeutel, sauber, tragbar und jederzeit verzehrfertig.<\/p>\n<ul>\n<li data-start=\"986\" data-end=\"1072\">\n<p data-start=\"988\" data-end=\"1072\"><strong data-start=\"988\" data-end=\"1018\">Hochwertiges Konjak-Pulver<\/strong> \u2013 Sorgf\u00e4ltig ausgew\u00e4hlt und kontrolliert ab der Quelle<\/p>\n<\/li>\n<li data-start=\"1073\" data-end=\"1132\">\n<p data-start=\"1075\" data-end=\"1132\"><strong data-start=\"1075\" data-end=\"1096\">Nicht frittiertes Verfahren<\/strong> \u2013 Kein Frittieren, keine Transfetts\u00e4uren<\/p>\n<\/li>\n<li data-start=\"1133\" data-end=\"1207\">\n<p data-start=\"1135\" data-end=\"1207\"><strong data-start=\"1135\" data-end=\"1164\">Mild-w\u00fcrziger Geschmack<\/strong> \u2013 Die mildeste der vier Geschmacksrichtungen<\/p>\n<\/li>\n<li data-start=\"1208\" data-end=\"1261\">\n<p data-start=\"1210\" data-end=\"1261\"><strong data-start=\"1210\" data-end=\"1225\">Kalorienarm<\/strong> - Nur <strong data-start=\"1233\" data-end=\"1259\">24 kcal pro Packung (22 g)<\/strong><\/p>\n<\/li>\n<li data-start=\"1262\" data-end=\"1328\">\n<p data-start=\"1264\" data-end=\"1328\"><strong data-start=\"1264\" data-end=\"1294\">Z\u00e4he und s\u00e4ttigende Konsistenz<\/strong> \u2013 Glatte, elastische Konjakstreifen<\/p>\n<\/li>\n<li data-start=\"1329\" data-end=\"1396\">\n<p data-start=\"1331\" data-end=\"1396\"><strong data-start=\"1331\" data-end=\"1358\">Unabh\u00e4ngige kleine Pakete<\/strong> \u2013 Hygienisch, tragbar, leicht zu transportieren<\/p>\n<\/li>\n<li data-start=\"1397\" data-end=\"1444\">\n<p data-start=\"1399\" data-end=\"1444\"><strong data-start=\"1399\" data-end=\"1421\">Fertiggericht<\/strong> \u2013 Beutel \u00f6ffnen und genie\u00dfen<\/p>\n<\/li>\n<li data-start=\"1445\" data-end=\"1516\">\n<p data-start=\"1447\" data-end=\"1516\"><strong data-start=\"1447\" data-end=\"1480\">OEM\/Private Label unterst\u00fctzt<\/strong> \u2013 Geschmack und Verpackung individuell anpassbar<\/p>\n<\/li>\n<\/ul>","protected":false},"featured_media":2006,"comment_status":"open","ping_status":"closed","template":"","meta":[],"product_brand":[],"product_cat":[52],"product_tag":[],"class_list":{"0":"post-2196","1":"product","2":"type-product","3":"status-publish","4":"has-post-thumbnail","6":"product_cat-konjac-snack","8":"first","9":"instock","10":"shipping-taxable","11":"product-type-simple"},"_links":{"self":[{"href":"https:\/\/scmlkj.com\/de\/wp-json\/wp\/v2\/product\/2196","targetHints":{"allow":["GET"]}}],"collection":[{"href":"https:\/\/scmlkj.com\/de\/wp-json\/wp\/v2\/product"}],"about":[{"href":"https:\/\/scmlkj.com\/de\/wp-json\/wp\/v2\/types\/product"}],"replies":[{"embeddable":true,"href":"https:\/\/scmlkj.com\/de\/wp-json\/wp\/v2\/comments?post=2196"}],"wp:featuredmedia":[{"embeddable":true,"href":"https:\/\/scmlkj.com\/de\/wp-json\/wp\/v2\/media\/2006"}],"wp:attachment":[{"href":"https:\/\/scmlkj.com\/de\/wp-json\/wp\/v2\/media?parent=2196"}],"wp:term":[{"taxonomy":"product_brand","embeddable":true,"href":"https:\/\/scmlkj.com\/de\/wp-json\/wp\/v2\/product_brand?post=2196"},{"taxonomy":"product_cat","embeddable":true,"href":"https:\/\/scmlkj.com\/de\/wp-json\/wp\/v2\/product_cat?post=2196"},{"taxonomy":"product_tag","embeddable":true,"href":"https:\/\/scmlkj.com\/de\/wp-json\/wp\/v2\/product_tag?post=2196"}],"curies":[{"name":"wp","href":"https:\/\/api.w.org\/{rel}","templated":true}]}}