{"id":2205,"date":"2025-12-08T09:12:28","date_gmt":"2025-12-08T09:12:28","guid":{"rendered":"https:\/\/scmlkj.com\/?post_type=product&#038;p=2205"},"modified":"2026-04-12T07:02:51","modified_gmt":"2026-04-12T07:02:51","slug":"konjakfaserpulver-fur-mahlzeitenersatz","status":"publish","type":"product","link":"https:\/\/scmlkj.com\/de\/produkte\/konjakfaserpulver-fur-mahlzeitenersatz\/","title":{"rendered":"Konjakfaserpulver als Mahlzeitenersatz"},"content":{"rendered":"<h2 class=\"wp-block-heading\">Produkt\u00fcbersicht<\/h2>\n\n\n\n<p>Kalorienarm - Kohlenhydratarm - Fettarm<\/p>\n\n\n\n<p>Zuckerfrei - Fettfrei<\/p>\n\n\n\n<p>glutenfrei - getreidefrei<\/p>\n\n\n\n<p>Nicht gentechnisch ver\u00e4ndert<\/p>\n\n\n\n<p>Pflanzlich &amp; vegan<\/p>\n\n\n\n<p>Funktionelle Zutat mit sauberer Kennzeichnung<\/p>\n\n\n\n<h2 class=\"wp-block-heading\">Zutat<\/h2>\n\n\n\n<p><strong>Konjak-Glucomannan-Pulver<\/strong> (aus Konjakwurzel)<\/p>\n\n\n\n<h2 class=\"wp-block-heading\">Geschmacksoptionen<\/h2>\n\n\n\n<p>Verf\u00fcgbar in <strong>geschmacksneutral<\/strong> oder aromatisierte Formate:<\/p>\n\n\n\n<ul class=\"wp-block-list\">\n<li>Mango<\/li>\n\n\n\n<li>Blaubeere<\/li>\n\n\n\n<li>Pfirsich<\/li>\n\n\n\n<li>Matcha<\/li>\n\n\n\n<li>Gerstengras<\/li>\n\n\n\n<li>Mungobohne<\/li>\n<\/ul>\n\n\n\n<blockquote class=\"wp-block-quote is-layout-flow wp-block-quote-is-layout-flow\">\n<p>\u2714 Geschmack, S\u00fc\u00dfe und L\u00f6slichkeit k\u00f6nnen f\u00fcr spezifische Mahlzeitenersatzrezepturen angepasst werden.<\/p>\n<\/blockquote>\n\n\n\n<h2 class=\"wp-block-heading\">Funktionelle Leistung (Verwendung als Mahlzeitenersatz)<\/h2>\n\n\n\n<p>Schnelle Wasseraufnahme und Quellung<\/p>\n\n\n\n<p>Erh\u00f6ht die Viskosit\u00e4t und Dicke von Shakes<\/p>\n\n\n\n<p>Verursacht lang anhaltende S\u00e4ttigung<\/p>\n\n\n\n<p>Hilft, die Portionsgr\u00f6\u00dfe auf nat\u00fcrliche Weise zu reduzieren<\/p>\n\n\n\n<p>Verbessert die Texturstabilit\u00e4t von Fl\u00fcssigformulierungen<\/p>\n\n\n\n<h2 class=\"wp-block-heading\">Verpackung &amp; Lagerf\u00e4higkeit<\/h2>\n\n\n\n<p><strong>Verpackung:<\/strong><\/p>\n\n\n\n<ul class=\"wp-block-list\">\n<li>Kleine T\u00fctchen (Mahlzeitenersatz in einer Portion)<\/li>\n\n\n\n<li>Sch\u00fcttguts\u00e4cke f\u00fcr industrielle Zwecke<\/li>\n\n\n\n<li>Umverpackung aus Papierkarton<\/li>\n<\/ul>\n\n\n\n<p><strong>Haltbarkeit:<\/strong> <strong>24 Monate<\/strong><\/p>\n\n\n\n<p><strong>Lagerung:<\/strong> K\u00fchler, trockener Ort, fest verschlossen<\/p>\n\n\n\n<h2 class=\"wp-block-heading\">Ideale Kunden<\/h2>\n\n\n\n<p>Marken f\u00fcr Mahlzeitenersatzprodukte<\/p>\n\n\n\n<p>Programme zum Abnehmen und Schlankwerden<\/p>\n\n\n\n<p>Hersteller von N\u00e4hrstoffpulver<\/p>\n\n\n\n<p>Hersteller von funktionellen Getr\u00e4nken<\/p>\n\n\n\n<p>OEM-\/Eigenmarkenunternehmen f\u00fcr Nahrungserg\u00e4nzungsmittel<\/p>\n\n\n\n<h2 class=\"wp-block-heading\">OEM-\/Anpassungsdienste<\/h2>\n\n\n\n<p>Viskosit\u00e4tseinstellung f\u00fcr verschiedene Formeln<\/p>\n\n\n\n<p>Anpassung von Geschmack und S\u00fc\u00dfe<\/p>\n\n\n\n<p>Optimierung der Partikelgr\u00f6\u00dfe<\/p>\n\n\n\n<p>Einzelhandels- oder Gro\u00dfverpackungen<\/p>\n\n\n\n<p>Private-Label-Branding und Compliance-Unterst\u00fctzung<\/p>\n\n\n\n<p>F\u00fcr weitere Details siehe: <a href=\"https:\/\/scmlkj.com\/de\/spezialprodukte-aus-konjak\/\">Ma\u00dfgeschneiderte Spezial-Konjak-Zutaten<\/a><\/p>\n\n\n\n<p>Suchen Sie nach einer leistungsstarken Konjakfaser-Zutat f\u00fcr Mahlzeitenersatzrezepturen?<br><a href=\"https:\/\/scmlkj.com\/de\/kontakt\/\">Kontaktieren Sie Eastern Morning<\/a> f\u00fcr <strong>technische Spezifikationen, Unterst\u00fctzung bei der Formulierung,<a href=\"https:\/\/scmlkj.com\/de\/kostenlose-proben-anfordern\/\"> Proben<\/a>sowie <a href=\"https:\/\/scmlkj.com\/de\/oem-eigenmarken-leitfaden\/\">OEM-L\u00f6sungen<\/a><\/strong>.<\/p>\n\n\n\n<p><\/p>","protected":false},"excerpt":{"rendered":"<p>Eastern Morning's Konjac Fiber Powder for Meal Replacement ist ein hochwertiges Konjac-Glucomannan-Pulver, das speziell f\u00fcr <strong data-start=\"2883\" data-end=\"2946\">Mahlzeitenersatzformulierungen und Systeme zur Gewichtskontrolle<\/strong>wo Viskosit\u00e4t, S\u00e4ttigung und Texturstabilit\u00e4t entscheidend sind.<br data-start=\"564\" data-end=\"567\" \/>Mit seiner ausgezeichneten Wasseraufnahme, seiner hohen Viskosit\u00e4t und seinen nahezu null Kalorien tr\u00e4gt es zur S\u00e4ttigung bei, reduziert den Hunger und unterst\u00fctzt die Kalorienkontrolle - ohne Zusatz von Fett, Zucker oder Kohlenhydraten.<\/p>\n<ul>\n<li data-start=\"782\" data-end=\"855\">\n<p data-start=\"784\" data-end=\"855\"><strong data-start=\"784\" data-end=\"823\">Ideal f\u00fcr Mahlzeitenersatzformeln<\/strong> - Verbessert F\u00fclle und Textur<\/p>\n<\/li>\n<li data-start=\"856\" data-end=\"923\">\n<p data-start=\"858\" data-end=\"923\"><strong data-start=\"858\" data-end=\"883\">Kalorienarm, kohlenhydratarm<\/strong> - Unterst\u00fctzt das Abnehmen und die Kalorienkontrolle<\/p>\n<\/li>\n<li data-start=\"924\" data-end=\"986\">\n<p data-start=\"926\" data-end=\"986\"><strong data-start=\"926\" data-end=\"956\">Hochl\u00f6sliche Ballaststoffe<\/strong> - F\u00f6rdert die Gesundheit der Verdauung<\/p>\n<\/li>\n<li data-start=\"987\" data-end=\"1056\">\n<p data-start=\"989\" data-end=\"1056\"><strong data-start=\"989\" data-end=\"1009\">Weiches Mundgef\u00fchl<\/strong> - Keine k\u00f6rnige Textur bei richtiger Formulierung<\/p>\n<\/li>\n<li data-start=\"1057\" data-end=\"1130\">\n<p data-start=\"1059\" data-end=\"1130\"><strong data-start=\"1059\" data-end=\"1090\">Schnelle Hydratation &amp; Verdickung<\/strong> - Leicht in Pulver und Getr\u00e4nke zu mischen<\/p>\n<\/li>\n<\/ul>","protected":false},"featured_media":2208,"comment_status":"open","ping_status":"closed","template":"","meta":[],"product_brand":[],"product_cat":[50],"product_tag":[],"class_list":{"0":"post-2205","1":"product","2":"type-product","3":"status-publish","4":"has-post-thumbnail","6":"product_cat-konjac-flour","8":"first","9":"instock","10":"shipping-taxable","11":"product-type-simple"},"_links":{"self":[{"href":"https:\/\/scmlkj.com\/de\/wp-json\/wp\/v2\/product\/2205","targetHints":{"allow":["GET"]}}],"collection":[{"href":"https:\/\/scmlkj.com\/de\/wp-json\/wp\/v2\/product"}],"about":[{"href":"https:\/\/scmlkj.com\/de\/wp-json\/wp\/v2\/types\/product"}],"replies":[{"embeddable":true,"href":"https:\/\/scmlkj.com\/de\/wp-json\/wp\/v2\/comments?post=2205"}],"wp:featuredmedia":[{"embeddable":true,"href":"https:\/\/scmlkj.com\/de\/wp-json\/wp\/v2\/media\/2208"}],"wp:attachment":[{"href":"https:\/\/scmlkj.com\/de\/wp-json\/wp\/v2\/media?parent=2205"}],"wp:term":[{"taxonomy":"product_brand","embeddable":true,"href":"https:\/\/scmlkj.com\/de\/wp-json\/wp\/v2\/product_brand?post=2205"},{"taxonomy":"product_cat","embeddable":true,"href":"https:\/\/scmlkj.com\/de\/wp-json\/wp\/v2\/product_cat?post=2205"},{"taxonomy":"product_tag","embeddable":true,"href":"https:\/\/scmlkj.com\/de\/wp-json\/wp\/v2\/product_tag?post=2205"}],"curies":[{"name":"wp","href":"https:\/\/api.w.org\/{rel}","templated":true}]}}