{"id":2217,"date":"2025-12-08T09:42:01","date_gmt":"2025-12-08T09:42:01","guid":{"rendered":"https:\/\/scmlkj.com\/?post_type=product&#038;p=2217"},"modified":"2026-01-30T13:12:06","modified_gmt":"2026-01-30T13:12:06","slug":"gesunde-protein-konjak-nudeln","status":"publish","type":"product","link":"https:\/\/scmlkj.com\/de\/produkte\/gesunde-protein-konjak-nudeln\/","title":{"rendered":"Gesunde Protein-Konjak-Nudeln\u00a0"},"content":{"rendered":"<h2 class=\"wp-block-heading\">Produktspezifikationen<\/h2>\n\n\n\n<figure class=\"wp-block-table\"><table class=\"has-fixed-layout\"><tbody><tr><td><strong>Artikel<\/strong><\/td><td><strong>Einzelheiten<\/strong><\/td><\/tr><tr><td>Produktname<\/td><td>Gesunde Protein-Konjak-Nudeln<\/td><\/tr><tr><td>Produkttyp<\/td><td>Konjac-Nudeln<\/td><\/tr><tr><td>Stil<\/td><td>Nass \u00b7 Sofort<\/td><\/tr><tr><td>Typ<\/td><td>Frisch<\/td><\/tr><tr><td>Nettogewicht<\/td><td>270 g<\/td><\/tr><tr><td>Kochzeit<\/td><td>2 Minuten<\/td><\/tr><tr><td>Fettgehalt<\/td><td>0%<\/td><\/tr><tr><td>Geschmack<\/td><td>Geschmacksneutral (neutral)<\/td><\/tr><tr><td>Geruch<\/td><td>Geruchlos<\/td><\/tr><tr><td>Hauptbestandteil<\/td><td>Konjakmehl<\/td><\/tr><tr><td>Haltbarkeitsdauer<\/td><td>15 Monate<\/td><\/tr><tr><td>Verpackung<\/td><td>Tasche<\/td><\/tr><tr><td>Hersteller<\/td><td>\u00d6stlicher Morgen<\/td><\/tr><\/tbody><\/table><\/figure>\n\n\n\n<h2 class=\"wp-block-heading\">Ern\u00e4hrungspositionierung<\/h2>\n\n\n\n<p>Dieses Produkt ist positioniert als <strong>Proteinreiche Konjak-Nudeln<\/strong> f\u00fcr:<\/p>\n\n\n\n<ul class=\"wp-block-list\">\n<li>Proteinbewusste Verbraucher<\/li>\n\n\n\n<li>Fitness &amp; K\u00f6rpermanagement-Di\u00e4ten<\/li>\n\n\n\n<li>Kalorienarme, s\u00e4ttigende Mahlzeitenplanung<\/li>\n<\/ul>\n\n\n\n<p>Konjak-Glucomannan liefert:<\/p>\n\n\n\n<ul class=\"wp-block-list\">\n<li>reich an Ballaststoffen<\/li>\n\n\n\n<li>erh\u00f6hte S\u00e4ttigung<\/li>\n\n\n\n<li>niedriger glyk\u00e4mischer Einfluss<\/li>\n<\/ul>\n\n\n\n<h2 class=\"wp-block-heading\">Wie man sich vorbereitet<\/h2>\n\n\n\n<ol class=\"wp-block-list\">\n<li>Die Konjak-Nudeln abgie\u00dfen und absp\u00fclen.<\/li>\n\n\n\n<li>W\u00e4rme f\u00fcr <strong>2 Minuten<\/strong> (kochen oder braten)<\/li>\n\n\n\n<li>Sauce, Gem\u00fcse oder Protein nach Wahl hinzuf\u00fcgen<\/li>\n<\/ol>\n\n\n\n<p>Perfekt f\u00fcr:<\/p>\n\n\n\n<ul class=\"wp-block-list\">\n<li>Protein-Nudelschalen<\/li>\n\n\n\n<li>Fitness-Mahlzeitenvorbereitung<\/li>\n\n\n\n<li>Pfannengerichte<\/li>\n\n\n\n<li>kohlenhydratarme italienische oder asiatische Rezepte<\/li>\n<\/ul>\n\n\n\n<h2 class=\"wp-block-heading\">OEM-\/Eigenmarkenoptionen<\/h2>\n\n\n\n<p>Individuelle Nudelformen (Spaghetti, Fettuccine, Engelshaar)<\/p>\n\n\n\n<p>Proteinangereicherte Formulierungen (optional)<\/p>\n\n\n\n<p>Bio-\/konventionelle Versionen<\/p>\n\n\n\n<p>Individuelle Verpackungsgr\u00f6\u00dfe und Branding<\/p>\n\n\n\n<p>Unterst\u00fctzung bei der Exportkennzeichnung und Einhaltung von Vorschriften<\/p>\n\n\n\n<p>Weitere Details finden Sie unter:<a href=\"https:\/\/scmlkj.com\/de\/proteinreiche-nudeln\/\"> Ma\u00dfgeschneiderte proteinreiche Konjak-Nudeln<\/a><\/p>\n\n\n\n<p>Auf der Suche nach einer M\u00f6glichkeit, eine <strong>gesunde, proteinreiche Konjak-Nudeln<\/strong> unter Ihrer Marke?<br><a href=\"https:\/\/scmlkj.com\/de\/kontakt\/\">Kontakt <strong>\u00d6stlicher Morgen<\/strong> <\/a>zu entwickeln <strong>OEM Gesunde Protein-Konjak-Nudeln<\/strong>.<\/p>\n\n\n\n<p><\/p>","protected":false},"excerpt":{"rendered":"<p>Die gesunden Protein-Konjak-Nudeln von Eastern Morning sind eine nahrhafte, kalorienarme Nudeln-Alternative aus hochwertigem Konjakmehl, die f\u00fcr eine gesunde Ern\u00e4hrung im Alltag und eine proteinausgewogene Ern\u00e4hrung entwickelt wurden.<br data-start=\"680\" data-end=\"683\" \/>Mit seiner cremigen Konsistenz, seinem neutralen Geschmack und seiner Geruchsneutralit\u00e4t l\u00e4sst es sich leicht in die t\u00e4glichen Mahlzeiten integrieren und hilft dabei, Kalorien und Kohlenhydrate zu reduzieren \u2013 ohne dabei Abstriche bei der Zufriedenheit zu machen.<\/p>\n<ul data-start=\"898\" data-end=\"1293\">\n<li data-start=\"898\" data-end=\"970\">\n<p data-start=\"900\" data-end=\"970\"><strong data-start=\"900\" data-end=\"931\">Gesunde Proteinpositionierung<\/strong> \u2013 ideal f\u00fcr eine ausgewogene t\u00e4gliche Ern\u00e4hrung<\/p>\n<\/li>\n<li data-start=\"971\" data-end=\"1012\">\n<p data-start=\"973\" data-end=\"1012\"><strong data-start=\"973\" data-end=\"1010\">Kalorienarm \u00b7 Kohlenhydratarm \u00b7 Fettfrei<\/strong><\/p>\n<\/li>\n<li data-start=\"1013\" data-end=\"1074\">\n<p data-start=\"1015\" data-end=\"1074\"><strong data-start=\"1015\" data-end=\"1040\">Reich an Ballaststoffen<\/strong> \u2013 f\u00f6rdert das S\u00e4ttigungsgef\u00fchl und die Verdauung<\/p>\n<\/li>\n<li data-start=\"1075\" data-end=\"1107\">\n<p data-start=\"1077\" data-end=\"1107\"><strong data-start=\"1077\" data-end=\"1105\">Glutenfrei \u00b7 Getreidefrei<\/strong><\/p>\n<\/li>\n<li data-start=\"1108\" data-end=\"1141\">\n<p data-start=\"1110\" data-end=\"1141\"><strong data-start=\"1110\" data-end=\"1139\">Clean Label &amp; pflanzlich<\/strong><\/p>\n<\/li>\n<li data-start=\"1142\" data-end=\"1205\">\n<p data-start=\"1144\" data-end=\"1205\"><strong data-start=\"1144\" data-end=\"1171\">Geruchsneutral, neutraler Geschmack<\/strong> \u2013 vielseitig f\u00fcr internationale K\u00fcchen<\/p>\n<\/li>\n<li data-start=\"1206\" data-end=\"1257\">\n<p data-start=\"1208\" data-end=\"1257\"><strong data-start=\"1208\" data-end=\"1234\">Sofort \/ Verzehrfertig<\/strong> \u2013 in 2 Minuten fertig<\/p>\n<\/li>\n<li data-start=\"1258\" data-end=\"1293\">\n<p data-start=\"1260\" data-end=\"1293\"><strong data-start=\"1260\" data-end=\"1293\">OEM\/Private Label unterst\u00fctzt<\/strong><\/p>\n<\/li>\n<\/ul>","protected":false},"featured_media":2344,"comment_status":"open","ping_status":"closed","template":"","meta":[],"product_brand":[],"product_cat":[32],"product_tag":[],"class_list":{"0":"post-2217","1":"product","2":"type-product","3":"status-publish","4":"has-post-thumbnail","6":"product_cat-high-protein-noodles","8":"first","9":"instock","10":"shipping-taxable","11":"product-type-simple"},"_links":{"self":[{"href":"https:\/\/scmlkj.com\/de\/wp-json\/wp\/v2\/product\/2217","targetHints":{"allow":["GET"]}}],"collection":[{"href":"https:\/\/scmlkj.com\/de\/wp-json\/wp\/v2\/product"}],"about":[{"href":"https:\/\/scmlkj.com\/de\/wp-json\/wp\/v2\/types\/product"}],"replies":[{"embeddable":true,"href":"https:\/\/scmlkj.com\/de\/wp-json\/wp\/v2\/comments?post=2217"}],"wp:featuredmedia":[{"embeddable":true,"href":"https:\/\/scmlkj.com\/de\/wp-json\/wp\/v2\/media\/2344"}],"wp:attachment":[{"href":"https:\/\/scmlkj.com\/de\/wp-json\/wp\/v2\/media?parent=2217"}],"wp:term":[{"taxonomy":"product_brand","embeddable":true,"href":"https:\/\/scmlkj.com\/de\/wp-json\/wp\/v2\/product_brand?post=2217"},{"taxonomy":"product_cat","embeddable":true,"href":"https:\/\/scmlkj.com\/de\/wp-json\/wp\/v2\/product_cat?post=2217"},{"taxonomy":"product_tag","embeddable":true,"href":"https:\/\/scmlkj.com\/de\/wp-json\/wp\/v2\/product_tag?post=2217"}],"curies":[{"name":"wp","href":"https:\/\/api.w.org\/{rel}","templated":true}]}}