{"id":2411,"date":"2025-12-11T11:46:09","date_gmt":"2025-12-11T11:46:09","guid":{"rendered":"https:\/\/scmlkj.com\/?post_type=product&#038;p=2411"},"modified":"2026-04-12T07:00:46","modified_gmt":"2026-04-12T07:00:46","slug":"konjak-gelee-mit-grunem-apfel-geschmack","status":"publish","type":"product","link":"https:\/\/scmlkj.com\/de\/produkte\/konjak-gelee-mit-grunem-apfel-geschmack\/","title":{"rendered":"Konjak-Gelee Geschmack Gr\u00fcner Apfel"},"content":{"rendered":"<p><\/p>\n\n\n\n<h2 class=\"wp-block-heading\">Spezifikationen<\/h2>\n\n\n\n<p><strong>Gewicht und Gr\u00f6\u00dfe<\/strong><\/p>\n\n\n\n<figure class=\"wp-block-table\"><table class=\"has-fixed-layout\"><tbody><tr><td><strong>Artikel<\/strong><\/td><td><strong>Einzelheiten<\/strong><\/td><\/tr><tr><td>Nettogewicht<\/td><td>150 g<\/td><\/tr><tr><td>Bruttogewicht<\/td><td>155 g<\/td><\/tr><tr><td>Produktgr\u00f6\u00dfe<\/td><td>Anpassbar<\/td><\/tr><tr><td>Entw\u00e4ssertes Gewicht<\/td><td>Anpassbar<\/td><\/tr><tr><td>Verpackungsart<\/td><td>Stehender Geleebeutel<\/td><\/tr><\/tbody><\/table><\/figure>\n\n\n\n<p><strong>Physikalische Spezifikationen<\/strong><\/p>\n\n\n\n<figure class=\"wp-block-table\"><table class=\"has-fixed-layout\"><tbody><tr><td>I<strong>tem<\/strong><\/td><td><strong>Einzelheiten<\/strong><\/td><\/tr><tr><td>Farbe<\/td><td>Transparent<\/td><\/tr><tr><td>Geschmack<\/td><td>Gr\u00fcner Apfel<\/td><\/tr><tr><td>Textur<\/td><td>Weiches, geschmeidiges, halbfl\u00fcssiges Gel<\/td><\/tr><tr><td>Typ<\/td><td>Sofort verzehrfertig<\/td><\/tr><\/tbody><\/table><\/figure>\n\n\n\n<p><strong>Produktmerkmale<\/strong><\/p>\n\n\n\n<figure class=\"wp-block-table\"><table class=\"has-fixed-layout\"><tbody><tr><td><strong>Merkmal<\/strong><\/td><td><strong>Status<\/strong><\/td><\/tr><tr><td>Glutenfrei<\/td><td>\u2714 Ja<\/td><\/tr><tr><td>Gentechnikfrei<\/td><td>\u2714 Ja<\/td><\/tr><tr><td>Keine Allergene<\/td><td>\u2714 Ja<\/td><\/tr><tr><td>Keine Zusatzstoffe<\/td><td>\u2714 Ja<\/td><\/tr><tr><td>Bio verf\u00fcgbar<\/td><td>\u2718 Nein<\/td><\/tr><tr><td>Verzehrfertig<\/td><td>\u2714 Ja<\/td><\/tr><\/tbody><\/table><\/figure>\n\n\n\n<p><\/p>\n\n\n\n<h2 class=\"wp-block-heading\">Zutaten<\/h2>\n\n\n\n<p>Wasser, Apfelkonzentrat, Erythrit, Konjakpulver, Carrageen, Zitronens\u00e4ure, Kollagenpeptid, Kaliumchlorid, Kaliumsorbat, Vitamin C.<\/p>\n\n\n\n<h3 class=\"wp-block-heading\">Warum gr\u00fcner Apfelgeschmack f\u00fcr funktionelle Gelee-Snacks geeignet ist<\/h3>\n\n\n\n<p>Gr\u00fcner Apfelgeschmack liefert einen sauberen, knackigen Geschmack, der perfekt zur Positionierung eines kalorienarmen Energiesnacks passt. Kombiniert mit Konjac-Ballaststoffen, Kollagenpeptid und Vitamin C bietet dieses Kollagen-Gelee eine leichte Erfrischung ohne Zuckerabsturz. Der frische Apfelgeschmack steigert die wahrgenommene Fl\u00fcssigkeitszufuhr und Vitalit\u00e4t und ist damit ideal f\u00fcr Gewichtsmanagement-Programme, Fitness-Lebensstile und auf Sch\u00f6nheit ausgerichtete funktionelle Snack-Linien, die eine erfrischende und dennoch schuldfreie Option suchen.<\/p>\n\n\n\n<h2 class=\"wp-block-heading\">Haltbarkeit und Lagerung<\/h2>\n\n\n\n<p><strong>Haltbarkeit:<\/strong> 18 Monate<\/p>\n\n\n\n<p><strong>Lagerung:<\/strong><\/p>\n\n\n\n<ul class=\"wp-block-list\">\n<li>An einem k\u00fchlen, trockenen Ort aufbewahren<\/li>\n\n\n\n<li>Am besten gek\u00fchlt servieren<\/li>\n\n\n\n<li>Nach dem \u00d6ffnen im K\u00fchlschrank aufbewahren und innerhalb von 24 Stunden verbrauchen.<\/li>\n<\/ul>\n\n\n\n<h2 class=\"wp-block-heading\">Vorteile von Konjak-Gelee<\/h2>\n\n\n\n<p><strong>Kraftpaket aus Kollagen und Vitamin C<\/strong><\/p>\n\n\n\n<p>Angereichert mit <strong>Kollagenpeptide + Vitamin C<\/strong>Dieses Gelee unterst\u00fctzt die nat\u00fcrliche Kollagenbildung f\u00fcr:<\/p>\n\n\n\n<ul class=\"wp-block-list\">\n<li>ges\u00fcndere Haut<\/li>\n\n\n\n<li>gl\u00e4nzenderes Haar<\/li>\n\n\n\n<li>st\u00e4rkere N\u00e4gel<\/li>\n<\/ul>\n\n\n\n<p>Vitamin C verbessert die Kollagenaufnahme und verst\u00e4rkt die hautverj\u00fcngende Wirkung.<\/p>\n\n\n\n<p><strong>Leicht abnehmbar und reich an Ballaststoffen<\/strong><\/p>\n\n\n\n<p>Konjac ist von Natur aus:<\/p>\n\n\n\n<ul class=\"wp-block-list\">\n<li>kalorienarm<\/li>\n\n\n\n<li>reich an l\u00f6slichen Ballaststoffen<\/li>\n\n\n\n<li>hervorragend zur Appetitkontrolle<\/li>\n<\/ul>\n\n\n\n<p>Es tr\u00e4gt zur S\u00e4ttigung bei, d\u00e4mpft Hei\u00dfhungerattacken und unterst\u00fctzt Programme zur Gewichtskontrolle.<\/p>\n\n\n\n<p><strong>Leicht, energiegeladen und erfrischend<\/strong><\/p>\n\n\n\n<p>Nur <strong>5 Kalorien pro Portion<\/strong><\/p>\n\n\n\n<p>Bietet einen sauberen, energiespendenden Snack ohne Zuckerabsturz<\/p>\n\n\n\n<p>Erfrischender Apfelgeschmack, der die Stimmung und den Fl\u00fcssigkeitshaushalt verbessert<\/p>\n\n\n\n<h2 class=\"wp-block-heading\">OEM-\/Eigenmarkenoptionen<\/h2>\n\n\n\n<p>Individuelle Geschmacksrichtungen (Mango, Ananas, Traube, Orange, Pfirsich usw.)<\/p>\n\n\n\n<p>Individueller Beuteldruck, matt\/gl\u00e4nzend<\/p>\n\n\n\n<p>Individuelle S\u00fc\u00dfe (voller Zuckergehalt, geringer Zuckergehalt, zuckerfrei)<\/p>\n\n\n\n<p>Zus\u00e4tzliche N\u00e4hrstoffe (Kollagenpeptide, Vitamine, Probiotika)<\/p>\n\n\n\n<p>Sondergr\u00f6\u00dfe: 120 g \/ 150 g \/ 180 g \/ 200 g<\/p>\n\n\n\n<p>Umfassende Unterst\u00fctzung beim Verpackungsdesign<\/p>\n\n\n\n<p>M\u00f6chten Sie Ihr eigenes entwickeln? <strong> <a href=\"https:\/\/scmlkj.com\/de\/product-category\/konjak-gelee\/\">Konjac-Gelee<\/a><\/strong> oder Ihr Sortiment an funktionellen Snacks erweitern?<br><a href=\"https:\/\/scmlkj.com\/de\/kontakt\/\">Kontakt <strong>\u00d6stlicher Morgen<\/strong><\/a> f\u00fcr <a href=\"https:\/\/scmlkj.com\/de\/oem-eigenmarken-leitfaden\/\">Eigenmarke <\/a>Entwicklung, <a href=\"https:\/\/scmlkj.com\/de\/kostenlose-proben-anfordern\/\">Proben<\/a>und OEM-Preise.<\/p>\n\n\n\n<p><\/p>","protected":false},"excerpt":{"rendered":"<p>Ostlicher Morgen <strong data-start=\"559\" data-end=\"588\">Konjac-Gelee mit Apfelgeschmack<\/strong> ist ein erfrischender, kalorienarmer Gelee-Snack aus nat\u00fcrlichen Konjac-Fasern, Apfelsaftkonzentrat, Kollagenpeptid und Vitamin C. Er wurde als tragbare, schuldfreie Leckerei f\u00fcr gesundheitsbewusste Verbraucher, Gewichtsmanagement-Programme und Eigenmarken f\u00fcr funktionelle Snacks entwickelt. Anwendungsszenarien<\/p>\n<ul>\n<li data-start=\"3423\" data-end=\"3446\">\n<p data-start=\"3425\" data-end=\"3446\">Einzelhandels-Superm\u00e4rkte<\/p>\n<\/li>\n<li data-start=\"3447\" data-end=\"3471\">\n<p data-start=\"3449\" data-end=\"3471\">Gesunde Snack-Marken<\/p>\n<\/li>\n<li data-start=\"3472\" data-end=\"3513\">\n<p data-start=\"3474\" data-end=\"3513\">Funktionelle Sch\u00f6nheit &amp; Kollagenprodukte<\/p>\n<\/li>\n<li data-start=\"3514\" data-end=\"3543\">\n<p data-start=\"3516\" data-end=\"3543\">Produktlinien zur Gewichtsreduktion<\/p>\n<\/li>\n<li data-start=\"3544\" data-end=\"3583\">\n<p data-start=\"3546\" data-end=\"3583\">Mahlzeitenersatz und Fitness-Snacks<\/p>\n<\/li>\n<li data-start=\"3584\" data-end=\"3625\">\n<p data-start=\"3586\" data-end=\"3625\">Lebensmittell\u00e4den und Verkaufsautomaten<\/p>\n<\/li>\n<\/ul>","protected":false},"featured_media":2410,"comment_status":"open","ping_status":"closed","template":"","meta":[],"product_brand":[],"product_cat":[51],"product_tag":[],"class_list":{"0":"post-2411","1":"product","2":"type-product","3":"status-publish","4":"has-post-thumbnail","6":"product_cat-konjac-jelly","8":"first","9":"instock","10":"shipping-taxable","11":"product-type-simple"},"_links":{"self":[{"href":"https:\/\/scmlkj.com\/de\/wp-json\/wp\/v2\/product\/2411","targetHints":{"allow":["GET"]}}],"collection":[{"href":"https:\/\/scmlkj.com\/de\/wp-json\/wp\/v2\/product"}],"about":[{"href":"https:\/\/scmlkj.com\/de\/wp-json\/wp\/v2\/types\/product"}],"replies":[{"embeddable":true,"href":"https:\/\/scmlkj.com\/de\/wp-json\/wp\/v2\/comments?post=2411"}],"wp:featuredmedia":[{"embeddable":true,"href":"https:\/\/scmlkj.com\/de\/wp-json\/wp\/v2\/media\/2410"}],"wp:attachment":[{"href":"https:\/\/scmlkj.com\/de\/wp-json\/wp\/v2\/media?parent=2411"}],"wp:term":[{"taxonomy":"product_brand","embeddable":true,"href":"https:\/\/scmlkj.com\/de\/wp-json\/wp\/v2\/product_brand?post=2411"},{"taxonomy":"product_cat","embeddable":true,"href":"https:\/\/scmlkj.com\/de\/wp-json\/wp\/v2\/product_cat?post=2411"},{"taxonomy":"product_tag","embeddable":true,"href":"https:\/\/scmlkj.com\/de\/wp-json\/wp\/v2\/product_tag?post=2411"}],"curies":[{"name":"wp","href":"https:\/\/api.w.org\/{rel}","templated":true}]}}