{"id":2431,"date":"2025-12-11T13:27:34","date_gmt":"2025-12-11T13:27:34","guid":{"rendered":"https:\/\/scmlkj.com\/?post_type=product&#038;p=2431"},"modified":"2026-04-12T06:58:55","modified_gmt":"2026-04-12T06:58:55","slug":"konjak-gelee-mit-grunem-traubengeschmack","status":"publish","type":"product","link":"https:\/\/scmlkj.com\/de\/produkte\/konjak-gelee-mit-grunem-traubengeschmack\/","title":{"rendered":"Eigenmarke Konjac-Gelee mit gr\u00fcnem Traubengeschmack"},"content":{"rendered":"<p><\/p>\n\n\n\n<h2 class=\"wp-block-heading\">Spezifikationen<\/h2>\n\n\n\n<p><strong>Gewicht und Gr\u00f6\u00dfe<\/strong><\/p>\n\n\n\n<figure class=\"wp-block-table\"><table class=\"has-fixed-layout\"><tbody><tr><td><strong>Artikel<\/strong><\/td><td><strong>Einzelheiten<\/strong><\/td><\/tr><tr><td>Nettogewicht<\/td><td>150 g<\/td><\/tr><tr><td>Bruttogewicht<\/td><td>155 g<\/td><\/tr><tr><td>Produktgr\u00f6\u00dfe<\/td><td>Anpassbar<\/td><\/tr><tr><td>Entw\u00e4ssertes Gewicht<\/td><td>Anpassbar<\/td><\/tr><tr><td>Verpackungsart<\/td><td>Stehender Geleebeutel<\/td><\/tr><\/tbody><\/table><\/figure>\n\n\n\n<p><strong>Physikalische Spezifikationen<\/strong><\/p>\n\n\n\n<figure class=\"wp-block-table\"><table class=\"has-fixed-layout\"><tbody><tr><td>I<strong>tem<\/strong><\/td><td><strong>Einzelheiten<\/strong><\/td><\/tr><tr><td>Farbe<\/td><td>Transparent<\/td><\/tr><tr><td>Geschmack<\/td><td>Gr\u00fcner Traubengeschmack<\/td><\/tr><tr><td>Textur<\/td><td>Weiches, geschmeidiges, halbfl\u00fcssiges Gel<\/td><\/tr><tr><td>Typ<\/td><td>Sofort verzehrfertig<\/td><\/tr><\/tbody><\/table><\/figure>\n\n\n\n<p><strong>Produktmerkmale<\/strong><\/p>\n\n\n\n<figure class=\"wp-block-table\"><table class=\"has-fixed-layout\"><tbody><tr><td><strong>Merkmal<\/strong><\/td><td><strong>Status<\/strong><\/td><\/tr><tr><td>Glutenfrei<\/td><td>\u2714 Ja<\/td><\/tr><tr><td>Gentechnikfrei<\/td><td>\u2714 Ja<\/td><\/tr><tr><td>Keine Allergene<\/td><td>\u2714 Ja<\/td><\/tr><tr><td>Keine Zusatzstoffe<\/td><td>\u2714 Ja<\/td><\/tr><tr><td>Bio verf\u00fcgbar<\/td><td>\u2718 Nein<\/td><\/tr><tr><td>Verzehrfertig<\/td><td>\u2714 Ja<\/td><\/tr><\/tbody><\/table><\/figure>\n\n\n\n<p><\/p>\n\n\n\n<h2 class=\"wp-block-heading\">Zutaten<\/h2>\n\n\n\n<p>Wasser, Traubensaftkonzentrat, Erythrit, Konjakmehl, Carrageen, Zitronens\u00e4ure, Kaliumchlorid, Kaliumsorbat, Vitamin C.<\/p>\n\n\n\n<h2 class=\"wp-block-heading\">Haltbarkeit und Lagerung<\/h2>\n\n\n\n<p><strong>Haltbarkeit:<\/strong> 18 Monate<\/p>\n\n\n\n<p><strong>Lagerung:<\/strong><\/p>\n\n\n\n<ul class=\"wp-block-list\">\n<li>An einem k\u00fchlen, trockenen Ort aufbewahren<\/li>\n\n\n\n<li>Am besten gek\u00fchlt servieren<\/li>\n\n\n\n<li>Nach dem \u00d6ffnen im K\u00fchlschrank aufbewahren und innerhalb von 24 Stunden verbrauchen.<\/li>\n<\/ul>\n\n\n\n<h2 class=\"wp-block-heading\">Vorteile von Konjak-Gelee<\/h2>\n\n\n\n<p><strong>Kalorienarmer und ballaststoffreicher funktioneller Snack<\/strong><\/p>\n\n\n\n<p>Nat\u00fcrlich kalorienarm<\/p>\n\n\n\n<p>Enth\u00e4lt Konjak-Ballaststoffe<\/p>\n\n\n\n<p>F\u00f6rdert das S\u00e4ttigungsgef\u00fchl und reduziert den Hei\u00dfhunger<\/p>\n\n\n\n<p>Beliebt bei Schlankheits- und Fitnesskonsumenten<\/p>\n\n\n\n<p><strong>Erfrischender gr\u00fcner Traubengeschmack<\/strong><\/p>\n\n\n\n<p>S\u00fc\u00dfer, saftiger Traubengeschmack<\/p>\n\n\n\n<p>Leicht und aromatisch<\/p>\n\n\n\n<p>Ideal f\u00fcr Kinder, Teenager und Liebhaber erfrischender Snacks<\/p>\n\n\n\n<p><strong>Zusatz von Vitamin C zur Unterst\u00fctzung des Immunsystems<\/strong><\/p>\n\n\n\n<p>Erh\u00f6ht die Energie<\/p>\n\n\n\n<p>Unterst\u00fctzt Haut und Immunit\u00e4t<\/p>\n\n\n\n<p>Passt zu Beauty- und Wellness-Snack-Trends<\/p>\n\n\n\n<p><strong>Praktisches On-the-Go-Format<\/strong><\/p>\n\n\n\n<p>Das Design der Stehtasche ist ideal f\u00fcr:<\/p>\n\n\n\n<ul class=\"wp-block-list\">\n<li>B\u00fcro<\/li>\n\n\n\n<li>Schule<\/li>\n\n\n\n<li>Reisen<\/li>\n\n\n\n<li>Fitnessstudio<\/li>\n\n\n\n<li>Aktivit\u00e4ten im Freien<\/li>\n<\/ul>\n\n\n\n<p>Sauber, tragbar, kein L\u00f6ffel erforderlich.<\/p>\n\n\n\n<h2 class=\"wp-block-heading\">OEM-\/Eigenmarkenoptionen<\/h2>\n\n\n\n<p>Individuelle Geschmacksrichtungen (Mango, Ananas, Traube, Orange, Pfirsich usw.)<\/p>\n\n\n\n<p>Individueller Beuteldruck, matt\/gl\u00e4nzend<\/p>\n\n\n\n<p>Individuelle S\u00fc\u00dfe (voller Zuckergehalt, geringer Zuckergehalt, zuckerfrei)<\/p>\n\n\n\n<p>Zus\u00e4tzliche N\u00e4hrstoffe (Kollagenpeptide, Vitamine, Probiotika)<\/p>\n\n\n\n<p>Sondergr\u00f6\u00dfe: 120 g \/ 150 g \/ 180 g \/ 200 g<\/p>\n\n\n\n<p>Umfassende Unterst\u00fctzung beim Verpackungsdesign<\/p>\n\n\n\n<p>M\u00f6chten Sie Ihr eigenes entwickeln? <strong>Gr\u00fcne Traube Konjac-Gelee<\/strong> oder Ihr Sortiment an funktionellen Snacks erweitern?<br><a href=\"https:\/\/scmlkj.com\/de\/kontakt\/\">Kontakt <strong>\u00d6stlicher Morgen<\/strong><\/a> f\u00fcr <a href=\"https:\/\/scmlkj.com\/de\/oem-eigenmarken-leitfaden\/\">Private-Label-Entwicklung<\/a>, <a href=\"https:\/\/scmlkj.com\/de\/kostenlose-proben-anfordern\/\">Proben<\/a>und OEM-Preise.<\/p>\n\n\n\n<p>Bulk Supply verf\u00fcgbar | MOQ freundlich | Global Export Support<\/p>\n\n\n\n<p><\/p>","protected":false},"excerpt":{"rendered":"<p data-start=\"699\" data-end=\"883\">Kalorienarmer, ballaststoffreicher Gelee-Snack mit Vitamin C (150g \/ OEM verf\u00fcgbar) Eastern Morning's Konjac-Gelee mit gr\u00fcnem Traubengeschmack bietet ein erfrischendes, fruchtiges Aroma, eine weiche Textur und nat\u00fcrliche S\u00fc\u00dfe aus Traubensaftkonzentrat und Erythritol. Kalorienarm, ballaststoffreich und reich an Vitamin C, ist dies ein idealer funktioneller Snack f\u00fcr Gewichtsmanagement, Fitness, Sch\u00f6nheit und den modernen Lebensstil unterwegs.<\/p>\n<ul>\n<li data-section-id=\"19khmq1\" data-start=\"1301\" data-end=\"1365\"><strong>Funktionelle Sch\u00f6nheitssnacks<\/strong><\/li>\n<li data-section-id=\"1cpou37\" data-start=\"1366\" data-end=\"1440\"><strong data-start=\"1368\" data-end=\"1407\">Reich an Ballaststoffen (Glucomannan)<\/strong>\u00a0<\/li>\n<li data-section-id=\"1cjsg98\" data-start=\"1441\" data-end=\"1499\"><strong data-start=\"1443\" data-end=\"1465\">Angereichertes Vitamin C<\/strong>\u00a0<\/li>\n<li data-section-id=\"1fc2dal\" data-start=\"1500\" data-end=\"1533\"><strong data-start=\"1502\" data-end=\"1531\">Pflanzenbasiert &amp; glutenfrei<\/strong><\/li>\n<li data-section-id=\"7s5vkz\" data-start=\"1534\" data-end=\"1596\"><strong data-start=\"1536\" data-end=\"1566\">Glatte Geleegetr\u00e4nk-Textur<\/strong><\/li>\n<li data-section-id=\"1w7ffqv\" data-start=\"1597\" data-end=\"1627\"><strong data-start=\"1599\" data-end=\"1625\">Verzehrfertige Verpackungen<\/strong><\/li>\n<\/ul>\n<p>&nbsp;<\/p>","protected":false},"featured_media":2266,"comment_status":"open","ping_status":"closed","template":"","meta":[],"product_brand":[],"product_cat":[51],"product_tag":[],"class_list":{"0":"post-2431","1":"product","2":"type-product","3":"status-publish","4":"has-post-thumbnail","6":"product_cat-konjac-jelly","8":"first","9":"instock","10":"shipping-taxable","11":"product-type-simple"},"_links":{"self":[{"href":"https:\/\/scmlkj.com\/de\/wp-json\/wp\/v2\/product\/2431","targetHints":{"allow":["GET"]}}],"collection":[{"href":"https:\/\/scmlkj.com\/de\/wp-json\/wp\/v2\/product"}],"about":[{"href":"https:\/\/scmlkj.com\/de\/wp-json\/wp\/v2\/types\/product"}],"replies":[{"embeddable":true,"href":"https:\/\/scmlkj.com\/de\/wp-json\/wp\/v2\/comments?post=2431"}],"wp:featuredmedia":[{"embeddable":true,"href":"https:\/\/scmlkj.com\/de\/wp-json\/wp\/v2\/media\/2266"}],"wp:attachment":[{"href":"https:\/\/scmlkj.com\/de\/wp-json\/wp\/v2\/media?parent=2431"}],"wp:term":[{"taxonomy":"product_brand","embeddable":true,"href":"https:\/\/scmlkj.com\/de\/wp-json\/wp\/v2\/product_brand?post=2431"},{"taxonomy":"product_cat","embeddable":true,"href":"https:\/\/scmlkj.com\/de\/wp-json\/wp\/v2\/product_cat?post=2431"},{"taxonomy":"product_tag","embeddable":true,"href":"https:\/\/scmlkj.com\/de\/wp-json\/wp\/v2\/product_tag?post=2431"}],"curies":[{"name":"wp","href":"https:\/\/api.w.org\/{rel}","templated":true}]}}