{"id":2434,"date":"2025-12-11T13:32:53","date_gmt":"2025-12-11T13:32:53","guid":{"rendered":"https:\/\/scmlkj.com\/?post_type=product&#038;p=2434"},"modified":"2026-04-12T06:47:36","modified_gmt":"2026-04-12T06:47:36","slug":"konjak-gelee-mit-wassermelonengeschmack","status":"publish","type":"product","link":"https:\/\/scmlkj.com\/de\/produkte\/konjak-gelee-mit-wassermelonengeschmack\/","title":{"rendered":"Konjak-Gelee Geschmack Wassermelone"},"content":{"rendered":"<p><\/p>\n\n\n\n<h2 class=\"wp-block-heading\">Spezifikationen<\/h2>\n\n\n\n<p><strong>Gewicht und Gr\u00f6\u00dfe<\/strong><\/p>\n\n\n\n<figure class=\"wp-block-table\"><table class=\"has-fixed-layout\"><tbody><tr><td><strong>Artikel<\/strong><\/td><td><strong>Einzelheiten<\/strong><\/td><\/tr><tr><td>Nettogewicht<\/td><td>150 g<\/td><\/tr><tr><td>Bruttogewicht<\/td><td>155 g<\/td><\/tr><tr><td>Produktgr\u00f6\u00dfe<\/td><td>Anpassbar<\/td><\/tr><tr><td>Entw\u00e4ssertes Gewicht<\/td><td>Anpassbar<\/td><\/tr><tr><td>Verpackungsart<\/td><td>Stehender Geleebeutel<\/td><\/tr><\/tbody><\/table><\/figure>\n\n\n\n<p><strong>Physikalische Spezifikationen<\/strong><\/p>\n\n\n\n<figure class=\"wp-block-table\"><table class=\"has-fixed-layout\"><tbody><tr><td>I<strong>tem<\/strong><\/td><td><strong>Einzelheiten<\/strong><\/td><\/tr><tr><td>Farbe<\/td><td>Wassermelonenrosa\/Rot (anpassbar)<\/td><\/tr><tr><td>Geschmack<\/td><td>Wassermelone<\/td><\/tr><tr><td>Textur<\/td><td>Weiches, geschmeidiges, halbfl\u00fcssiges Gel<\/td><\/tr><tr><td>Typ<\/td><td>Sofort verzehrfertig<\/td><\/tr><\/tbody><\/table><\/figure>\n\n\n\n<p><strong>Produktmerkmale<\/strong><\/p>\n\n\n\n<figure class=\"wp-block-table\"><table class=\"has-fixed-layout\"><tbody><tr><td><strong>Merkmal<\/strong><\/td><td><strong>Status<\/strong><\/td><\/tr><tr><td>Glutenfrei<\/td><td>\u2714 Ja<\/td><\/tr><tr><td>Gentechnikfrei<\/td><td>\u2714 Ja<\/td><\/tr><tr><td>Keine Allergene<\/td><td>\u2714 Ja<\/td><\/tr><tr><td>Keine Zusatzstoffe<\/td><td>\u2714 Ja<\/td><\/tr><tr><td>Bio verf\u00fcgbar<\/td><td>\u2718 Nein<\/td><\/tr><tr><td>Verzehrfertig<\/td><td>\u2714 Ja<\/td><\/tr><\/tbody><\/table><\/figure>\n\n\n\n<p><\/p>\n\n\n\n<h2 class=\"wp-block-heading\">Zutaten<\/h2>\n\n\n\n<p>Wasser, Wassermelonen-Aromamischung (ggf. mit Fruchtsaftkonzentrat), Erythrit, Konjakpulver, Carrageen, Zitronens\u00e4ure, Kaliumchlorid, Kaliumsorbat, Vitamin C.<\/p>\n\n\n\n<h2 class=\"wp-block-heading\">Haltbarkeit und Lagerung<\/h2>\n\n\n\n<p><strong>Haltbarkeit:<\/strong> 18 Monate<\/p>\n\n\n\n<p><strong>Lagerung:<\/strong><\/p>\n\n\n\n<ul class=\"wp-block-list\">\n<li>An einem k\u00fchlen, trockenen Ort aufbewahren<\/li>\n\n\n\n<li>Am besten gek\u00fchlt servieren<\/li>\n\n\n\n<li>Nach dem \u00d6ffnen im K\u00fchlschrank aufbewahren und innerhalb von 24 Stunden verbrauchen.<\/li>\n<\/ul>\n\n\n\n<h2 class=\"wp-block-heading\">Vorteile von Konjak-Gelee<\/h2>\n\n\n\n<p><strong>Kalorienarmer, gewichtsfreundlicher Snack<\/strong><\/p>\n\n\n\n<p>Sehr kalorienarm<\/p>\n\n\n\n<p>Ballaststoffreiches Konjak f\u00f6rdert das S\u00e4ttigungsgef\u00fchl<\/p>\n\n\n\n<p>Perfekt f\u00fcr die M\u00e4rkte f\u00fcr Schlankheitskuren, Keto-Di\u00e4ten, Sch\u00f6nheitsprodukte und funktionelle Snacks<\/p>\n\n\n\n<p><strong>Erfrischender Wassermelonengeschmack<\/strong><\/p>\n\n\n\n<p>K\u00fchles, s\u00fc\u00dfes, saftiges Wassermelonenaroma<\/p>\n\n\n\n<p>Ideal f\u00fcr Sommerneuheiten, Kinder, Jugendliche und Fitnessbegeisterte<\/p>\n\n\n\n<p>Ein nat\u00fcrliches \u201efeuchtigkeitsspendendes\u201c Gef\u00fchl, ideal f\u00fcr den Einsatz im Freien und beim Sport<\/p>\n\n\n\n<p><strong>Vitamin C f\u00fcr mehr Wohlbefinden<\/strong><\/p>\n\n\n\n<p>Unterst\u00fctzt die Immunit\u00e4t<\/p>\n\n\n\n<p>Liefert milde Energie und Antioxidantien<\/p>\n\n\n\n<p>Ideal f\u00fcr Wellness-, Beauty- und Fitness-Snacklinien f\u00fcr Frauen<\/p>\n\n\n\n<p><strong>Praktische tragbare Verpackung<\/strong><\/p>\n\n\n\n<p>Standbeutelformat =<\/p>\n\n\n\n<ul class=\"wp-block-list\">\n<li>ohne Unordnung<\/li>\n\n\n\n<li>leicht zu transportieren<\/li>\n\n\n\n<li>Ideal f\u00fcr Lunchboxen, Reisen, Schule und B\u00fcro<\/li>\n<\/ul>\n\n\n\n<p>Kein L\u00f6ffel erforderlich \u2013 einfach dr\u00fccken und genie\u00dfen.<\/p>\n\n\n\n<h2 class=\"wp-block-heading\">OEM-\/Eigenmarkenoptionen<\/h2>\n\n\n\n<p>Individuelle Geschmacksrichtungen (Mango, Ananas, Traube, Orange, Pfirsich usw.)<\/p>\n\n\n\n<p>Individueller Beuteldruck, matt\/gl\u00e4nzend<\/p>\n\n\n\n<p>Individuelle S\u00fc\u00dfe (voller Zuckergehalt, geringer Zuckergehalt, zuckerfrei)<\/p>\n\n\n\n<p>Zus\u00e4tzliche N\u00e4hrstoffe (Kollagenpeptide, Vitamine, Probiotika)<\/p>\n\n\n\n<p>Sondergr\u00f6\u00dfe: 120 g \/ 150 g \/ 180 g \/ 200 g<\/p>\n\n\n\n<p>Umfassende Unterst\u00fctzung beim Verpackungsdesign<\/p>\n\n\n\n<p>M\u00f6chten Sie Ihr eigenes entwickeln? <strong>Wassermelonen-Konjak-Gelee<\/strong> oder Ihr Sortiment an funktionellen Snacks erweitern?<br><a href=\"https:\/\/scmlkj.com\/de\/kontakt\/\">Kontakt <strong>\u00d6stlicher Morgen<\/strong><\/a> f\u00fcr <a href=\"https:\/\/scmlkj.com\/de\/oem-eigenmarken-leitfaden\/\">Private-Label-Entwicklung<\/a>, <a href=\"https:\/\/scmlkj.com\/de\/kostenlose-proben-anfordern\/\">Proben<\/a>und OEM-Preise.<\/p>\n\n\n\n<p><\/p>","protected":false},"excerpt":{"rendered":"<p>Kalorienarmer, ballaststoffreicher Wassermelonen-Gelee-Snack (150g \/ OEM erh\u00e4ltlich) Eastern Morning's <strong data-start=\"543\" data-end=\"577\">Konjak-Gelee mit Wassermelonen-Geschmack<\/strong> ist ein erfrischender, saftiger und kalorienarmer Gelee-Snack aus Konjakfasern, Wassermelonenaroma, Erythrit und Vitamin C. Mit seinem k\u00fchlenden Geschmack und seiner cremigen Konsistenz ist er ideal f\u00fcr den Sommer, f\u00fcr Snacks zur Gewichtsreduktion und f\u00fcr den gesunden Verzehr unterwegs.<\/p>\n<p data-start=\"3228\" data-end=\"3259\"><strong data-start=\"3231\" data-end=\"3259\">Anwendungsszenarien<\/strong><\/p>\n<ul data-start=\"3260\" data-end=\"3455\">\n<li data-start=\"3260\" data-end=\"3288\">\n<p data-start=\"3262\" data-end=\"3288\">Beauty- &amp; Wellness-Snacks<\/p>\n<\/li>\n<li data-start=\"3289\" data-end=\"3318\">\n<p data-start=\"3291\" data-end=\"3318\">Produktlinien zur Gewichtsreduktion<\/p>\n<\/li>\n<li data-start=\"3319\" data-end=\"3357\">\n<p data-start=\"3321\" data-end=\"3357\">Getr\u00e4nke\/Snacks aus dem Convenience-Store<\/p>\n<\/li>\n<li data-start=\"3358\" data-end=\"3391\">\n<p data-start=\"3360\" data-end=\"3391\">E-Commerce-Gesundheitssnack-Sets<\/p>\n<\/li>\n<li data-start=\"3392\" data-end=\"3425\">\n<p data-start=\"3394\" data-end=\"3425\">Fruchtige Gelee-Snacks f\u00fcr Kinder\/Jugendliche<\/p>\n<\/li>\n<li data-start=\"3426\" data-end=\"3455\">\n<p data-start=\"3428\" data-end=\"3455\">Sommer-Aktionsprodukte<\/p>\n<\/li>\n<\/ul>","protected":false},"featured_media":2409,"comment_status":"open","ping_status":"closed","template":"","meta":[],"product_brand":[],"product_cat":[51],"product_tag":[],"class_list":{"0":"post-2434","1":"product","2":"type-product","3":"status-publish","4":"has-post-thumbnail","6":"product_cat-konjac-jelly","8":"first","9":"instock","10":"shipping-taxable","11":"product-type-simple"},"_links":{"self":[{"href":"https:\/\/scmlkj.com\/de\/wp-json\/wp\/v2\/product\/2434","targetHints":{"allow":["GET"]}}],"collection":[{"href":"https:\/\/scmlkj.com\/de\/wp-json\/wp\/v2\/product"}],"about":[{"href":"https:\/\/scmlkj.com\/de\/wp-json\/wp\/v2\/types\/product"}],"replies":[{"embeddable":true,"href":"https:\/\/scmlkj.com\/de\/wp-json\/wp\/v2\/comments?post=2434"}],"wp:featuredmedia":[{"embeddable":true,"href":"https:\/\/scmlkj.com\/de\/wp-json\/wp\/v2\/media\/2409"}],"wp:attachment":[{"href":"https:\/\/scmlkj.com\/de\/wp-json\/wp\/v2\/media?parent=2434"}],"wp:term":[{"taxonomy":"product_brand","embeddable":true,"href":"https:\/\/scmlkj.com\/de\/wp-json\/wp\/v2\/product_brand?post=2434"},{"taxonomy":"product_cat","embeddable":true,"href":"https:\/\/scmlkj.com\/de\/wp-json\/wp\/v2\/product_cat?post=2434"},{"taxonomy":"product_tag","embeddable":true,"href":"https:\/\/scmlkj.com\/de\/wp-json\/wp\/v2\/product_tag?post=2434"}],"curies":[{"name":"wp","href":"https:\/\/api.w.org\/{rel}","templated":true}]}}