{"id":2437,"date":"2025-12-11T13:37:38","date_gmt":"2025-12-11T13:37:38","guid":{"rendered":"https:\/\/scmlkj.com\/?post_type=product&#038;p=2437"},"modified":"2026-04-12T06:46:20","modified_gmt":"2026-04-12T06:46:20","slug":"konjak-gelee-mit-ananas-geschmack","status":"publish","type":"product","link":"https:\/\/scmlkj.com\/de\/produkte\/konjak-gelee-mit-ananas-geschmack\/","title":{"rendered":"Konjak-Gelee Geschmack Ananas"},"content":{"rendered":"<p><\/p>\n\n\n\n<h2 class=\"wp-block-heading\">Spezifikationen<\/h2>\n\n\n\n<p><strong>Gewicht und Gr\u00f6\u00dfe<\/strong><\/p>\n\n\n\n<figure class=\"wp-block-table\"><table class=\"has-fixed-layout\"><tbody><tr><td><strong>Artikel<\/strong><\/td><td><strong>Einzelheiten<\/strong><\/td><\/tr><tr><td>Nettogewicht<\/td><td>150 g<\/td><\/tr><tr><td>Bruttogewicht<\/td><td>155 g<\/td><\/tr><tr><td>Produktgr\u00f6\u00dfe<\/td><td>Anpassbar<\/td><\/tr><tr><td>Entw\u00e4ssertes Gewicht<\/td><td>Anpassbar<\/td><\/tr><tr><td>Verpackungsart<\/td><td>Stehender Geleebeutel<\/td><\/tr><\/tbody><\/table><\/figure>\n\n\n\n<p><strong>Physikalische Spezifikationen<\/strong><\/p>\n\n\n\n<figure class=\"wp-block-table\"><table class=\"has-fixed-layout\"><tbody><tr><td>I<strong>tem<\/strong><\/td><td><strong>Einzelheiten<\/strong><\/td><\/tr><tr><td>Farbe<\/td><td>Gelb \/ Goldgelb<\/td><\/tr><tr><td>Geschmack<\/td><td>Ananas<\/td><\/tr><tr><td>Textur<\/td><td>Weiches, geschmeidiges, halbfl\u00fcssiges Gel<\/td><\/tr><tr><td>Typ<\/td><td>Sofort verzehrfertig<\/td><\/tr><\/tbody><\/table><\/figure>\n\n\n\n<p><strong>Produktmerkmale<\/strong><\/p>\n\n\n\n<figure class=\"wp-block-table\"><table class=\"has-fixed-layout\"><tbody><tr><td><strong>Merkmal<\/strong><\/td><td><strong>Status<\/strong><\/td><\/tr><tr><td>Glutenfrei<\/td><td>\u2714 Ja<\/td><\/tr><tr><td>Gentechnikfrei<\/td><td>\u2714 Ja<\/td><\/tr><tr><td>Keine Allergene<\/td><td>\u2714 Ja<\/td><\/tr><tr><td>Keine Zusatzstoffe<\/td><td>\u2714 Ja<\/td><\/tr><tr><td>Bio verf\u00fcgbar<\/td><td>\u2718 Nein<\/td><\/tr><tr><td>Verzehrfertig<\/td><td>\u2714 Ja<\/td><\/tr><\/tbody><\/table><\/figure>\n\n\n\n<p><\/p>\n\n\n\n<h2 class=\"wp-block-heading\">Zutaten<\/h2>\n\n\n\n<p>Wasser, Ananassaftkonzentrat (oder Ananas-Aromamischung), Erythrit, Konjakpulver, Carrageen, Zitronens\u00e4ure, Kaliumchlorid, Kaliumsorbat, Vitamin C.<\/p>\n\n\n\n<h2 class=\"wp-block-heading\">Haltbarkeit und Lagerung<\/h2>\n\n\n\n<p><strong>Haltbarkeit:<\/strong> 18 Monate<\/p>\n\n\n\n<p><strong>Lagerung:<\/strong><\/p>\n\n\n\n<ul class=\"wp-block-list\">\n<li>An einem k\u00fchlen, trockenen Ort aufbewahren<\/li>\n\n\n\n<li>Am besten gek\u00fchlt servieren<\/li>\n\n\n\n<li>Nach dem \u00d6ffnen im K\u00fchlschrank aufbewahren und innerhalb von 24 Stunden verbrauchen.<\/li>\n<\/ul>\n\n\n\n<h2 class=\"wp-block-heading\">Vorteile von Konjak-Gelee<\/h2>\n\n\n\n<p><strong>Kalorienarmer tropischer Snack<\/strong><\/p>\n\n\n\n<p>Nat\u00fcrlich kalorienarm<\/p>\n\n\n\n<p>S\u00fc\u00dfer und erfrischender Ananas-Geschmack<\/p>\n\n\n\n<p>Ideal f\u00fcr Gewichtsreduktion, Keto und zuckerarme Di\u00e4ten<\/p>\n\n\n\n<p><strong>Leicht abnehmbar und reich an Ballaststoffen<\/strong><\/p>\n\n\n\n<p>Konjac ist von Natur aus:<\/p>\n\n\n\n<ul class=\"wp-block-list\">\n<li>kalorienarm<\/li>\n\n\n\n<li>reich an l\u00f6slichen Ballaststoffen<\/li>\n\n\n\n<li>hervorragend zur Appetitkontrolle<\/li>\n<\/ul>\n\n\n\n<p>Es tr\u00e4gt zur S\u00e4ttigung bei, d\u00e4mpft Hei\u00dfhungerattacken und unterst\u00fctzt Programme zur Gewichtskontrolle.<\/p>\n\n\n\n<p><strong>Reich an Konjac-Fasern<\/strong><\/p>\n\n\n\n<p>Sorgt f\u00fcr S\u00e4ttigung<\/p>\n\n\n\n<p>Hilft, Hei\u00dfhunger zu reduzieren<\/p>\n\n\n\n<p>Unterst\u00fctzt das Wohlbefinden der Verdauung<\/p>\n\n\n\n<p><strong>Vitamin C angereichert<\/strong><\/p>\n\n\n\n<p>Unterst\u00fctzt die Kollagensynthese<\/p>\n\n\n\n<p>F\u00f6rdert die Gesundheit der Haut<\/p>\n\n\n\n<p>St\u00e4rkt die Immunit\u00e4t und das Energieniveau<\/p>\n\n\n\n<p><strong>Praktische Tasche f\u00fcr unterwegs<\/strong><\/p>\n\n\n\n<p>Perfekt f\u00fcr:<\/p>\n\n\n\n<ul class=\"wp-block-list\">\n<li>Brotdosen<\/li>\n\n\n\n<li>Snacks f\u00fcr den Schreibtisch<\/li>\n\n\n\n<li>Reisen und Outdoor-Aktivit\u00e4ten<\/li>\n\n\n\n<li>Turnbeutel<\/li>\n\n\n\n<li>Gesunde Verkaufsautomaten<\/li>\n<\/ul>\n\n\n\n<p>Einfach auspressen und genie\u00dfen - kein L\u00f6ffel erforderlich.<\/p>\n\n\n\n<h2 class=\"wp-block-heading\">OEM-\/Eigenmarkenoptionen<\/h2>\n\n\n\n<p>Individuelle Geschmacksrichtungen (Mango, Ananas, Traube, Orange, Pfirsich usw.)<\/p>\n\n\n\n<p>Individueller Beuteldruck, matt\/gl\u00e4nzend<\/p>\n\n\n\n<p>Individuelle S\u00fc\u00dfe (voller Zuckergehalt, geringer Zuckergehalt, zuckerfrei)<\/p>\n\n\n\n<p>Zus\u00e4tzliche N\u00e4hrstoffe (Kollagenpeptide, Vitamine, Probiotika)<\/p>\n\n\n\n<p>Sondergr\u00f6\u00dfe: 120 g \/ 150 g \/ 180 g \/ 200 g<\/p>\n\n\n\n<p>Umfassende Unterst\u00fctzung beim Verpackungsdesign<\/p>\n\n\n\n<p>M\u00f6chten Sie Ihr eigenes entwickeln? <strong>Ananas-Konjak-Gelee<\/strong> oder Ihr Sortiment an funktionellen Snacks erweitern?<br>Kontakt <strong><a href=\"https:\/\/scmlkj.com\/de\/kontakt\/\">\u00d6stlicher Morgen<\/a><\/strong> f\u00fcr <a href=\"https:\/\/scmlkj.com\/de\/oem-eigenmarken-leitfaden\/\">Private-Label-Entwicklung<\/a>, <a href=\"https:\/\/scmlkj.com\/de\/kostenlose-proben-anfordern\/\">Proben<\/a>und OEM-Preise.<\/p>\n\n\n\n<p><\/p>","protected":false},"excerpt":{"rendered":"<p>Kalorienarmer, ballaststoffreicher Gelee-Snack mit Vitamin C (150g \/ OEM erh\u00e4ltlich) Eastern Morning's <strong data-start=\"519\" data-end=\"552\">Konjac-Gelee mit Ananas-Geschmack<\/strong> bietet einen leuchtenden tropischen Geschmack in Kombination mit Konjac-Ballaststoffen und Vitamin C. Es ist kalorienarm, erfrischend und hat eine weiche Textur und eignet sich perfekt f\u00fcr Snack-Linien zur Gewichtskontrolle, f\u00fcr Beauty- und Wellness-Kategorien, f\u00fcr Fruchtsnacks f\u00fcr Kinder und f\u00fcr den Verzehr unterwegs.<\/p>\n<p data-start=\"3045\" data-end=\"3076\"><strong data-start=\"3048\" data-end=\"3076\">Anwendungsszenarien<\/strong><\/p>\n<ul data-start=\"3077\" data-end=\"3289\">\n<li data-start=\"3077\" data-end=\"3110\">\n<p data-start=\"3079\" data-end=\"3110\">Snack-Sortimente f\u00fcr Sch\u00f6nheit und Wellness<\/p>\n<\/li>\n<li data-start=\"3111\" data-end=\"3146\">\n<p data-start=\"3113\" data-end=\"3146\">Snacks f\u00fcr Di\u00e4t und Gewichtsmanagement<\/p>\n<\/li>\n<li data-start=\"3147\" data-end=\"3175\">\n<p data-start=\"3149\" data-end=\"3175\">Fruchtige Snacks f\u00fcr Kinder<\/p>\n<\/li>\n<li data-start=\"3176\" data-end=\"3209\">\n<p data-start=\"3178\" data-end=\"3209\">E-Commerce-Gesundheitssnack-Sets<\/p>\n<\/li>\n<li data-start=\"3210\" data-end=\"3248\">\n<p data-start=\"3212\" data-end=\"3248\">Snacks f\u00fcr unterwegs aus dem Convenience Store<\/p>\n<\/li>\n<li data-start=\"3249\" data-end=\"3289\">\n<p data-start=\"3251\" data-end=\"3289\">Tropische Produktlinien f\u00fcr den Sommer<\/p>\n<\/li>\n<\/ul>","protected":false},"featured_media":2408,"comment_status":"open","ping_status":"closed","template":"","meta":[],"product_brand":[],"product_cat":[51],"product_tag":[],"class_list":{"0":"post-2437","1":"product","2":"type-product","3":"status-publish","4":"has-post-thumbnail","6":"product_cat-konjac-jelly","8":"first","9":"instock","10":"shipping-taxable","11":"product-type-simple"},"_links":{"self":[{"href":"https:\/\/scmlkj.com\/de\/wp-json\/wp\/v2\/product\/2437","targetHints":{"allow":["GET"]}}],"collection":[{"href":"https:\/\/scmlkj.com\/de\/wp-json\/wp\/v2\/product"}],"about":[{"href":"https:\/\/scmlkj.com\/de\/wp-json\/wp\/v2\/types\/product"}],"replies":[{"embeddable":true,"href":"https:\/\/scmlkj.com\/de\/wp-json\/wp\/v2\/comments?post=2437"}],"wp:featuredmedia":[{"embeddable":true,"href":"https:\/\/scmlkj.com\/de\/wp-json\/wp\/v2\/media\/2408"}],"wp:attachment":[{"href":"https:\/\/scmlkj.com\/de\/wp-json\/wp\/v2\/media?parent=2437"}],"wp:term":[{"taxonomy":"product_brand","embeddable":true,"href":"https:\/\/scmlkj.com\/de\/wp-json\/wp\/v2\/product_brand?post=2437"},{"taxonomy":"product_cat","embeddable":true,"href":"https:\/\/scmlkj.com\/de\/wp-json\/wp\/v2\/product_cat?post=2437"},{"taxonomy":"product_tag","embeddable":true,"href":"https:\/\/scmlkj.com\/de\/wp-json\/wp\/v2\/product_tag?post=2437"}],"curies":[{"name":"wp","href":"https:\/\/api.w.org\/{rel}","templated":true}]}}