{"id":2824,"date":"2025-12-30T07:59:39","date_gmt":"2025-12-30T07:59:39","guid":{"rendered":"https:\/\/scmlkj.com\/?post_type=product&#038;p=2824"},"modified":"2026-04-12T06:45:08","modified_gmt":"2026-04-12T06:45:08","slug":"glutenfreier-fertiggericht-kurkuma-konjak-reis","status":"publish","type":"product","link":"https:\/\/scmlkj.com\/de\/produkte\/glutenfreier-fertiggericht-kurkuma-konjak-reis\/","title":{"rendered":"Glutenfreier, verzehrfertiger Kurkuma-Konjak-Reis"},"content":{"rendered":"<h2 class=\"wp-block-heading\">Produktspezifikationen<\/h2>\n\n\n\n<figure class=\"wp-block-table\"><table class=\"has-fixed-layout\"><tbody><tr><td><strong>Artikel<\/strong><\/td><td><strong>Einzelheiten<\/strong><\/td><\/tr><tr><td>Produktname<\/td><td>Glutenfreier verzehrfertiger Kurkuma-Konjak-Reis<\/td><\/tr><tr><td>Produkttyp<\/td><td>Konjac-Reis nass<\/td><\/tr><tr><td>Stil<\/td><td>Fast Food \/ Verzehrfertig\/Sauberkeitsetikett<\/td><\/tr><tr><td>Nettoinhalt<\/td><td><strong>270 g<\/strong> <\/td><\/tr><tr><td>Merkmal<\/td><td>Null Fett \u00b7 Kalorienarm<\/td><\/tr><tr><td>Hauptbestandteile<\/td><td>Reines Wasser, Konjakpulver<\/td><\/tr><tr><td>Fett<\/td><td><strong>Null<\/strong><\/td><\/tr><tr><td>Zucker<\/td><td><strong>Null<\/strong><\/td><\/tr><tr><td>Glutenfrei<\/td><td>Ja<\/td><\/tr><tr><td>Ballaststoffe<\/td><td><strong><strong>3,1g \/ 100g<\/strong><\/strong><\/td><\/tr><tr><td>Haltbarkeitsdauer<\/td><td>12 Monate<\/td><\/tr><tr><td>Verpackung<\/td><td>Tasche <\/td><\/tr><tr><td>Zertifizierungen<\/td><td>BRC \u00b7 IFS \u00b7 HACCP \u00b7 HALAL \u00b7 KOSHER \u00b7 NOP \u00b7 EU-BIO<\/td><\/tr><tr><td>Marke<\/td><td>OEM akzeptiert<\/td><\/tr><tr><td>Herkunftsort<\/td><td>Sichuan, China<\/td><\/tr><\/tbody><\/table><\/figure>\n\n\n\n<p><\/p>\n\n\n\n<h2 class=\"wp-block-heading\">Kurkuma-Konjak-Reis vs. normaler Konjak-Reis<\/h2>\n\n\n\n<figure class=\"wp-block-table\"><table class=\"has-fixed-layout\"><tbody><tr><td><strong>Merkmal<\/strong><\/td><td><strong>Kurkuma-Konjak-Reis<\/strong><\/td><td><strong>Einfacher Konjac-Reis<\/strong><\/td><\/tr><tr><td>Farbe<\/td><td>Nat\u00fcrlich goldgelb<\/td><td>Mildes Kurkuma-Aroma, eher pikant<\/td><\/tr><tr><td>Geschmacksprofil<\/td><td>Mildes Kurkuma-Aroma, mehr Bohnenkraut<\/td><td>Neutral, vielseitig einsetzbar<\/td><\/tr><tr><td>Hauptbestandteil<\/td><td>Konjakmehl + Kurkuma<\/td><td>Nur Konjakmehl<\/td><\/tr><tr><td>Kaloriengehalt<\/td><td>Sehr kalorienarm<\/td><td>Wei\u00df\/transluzent<\/td><\/tr><tr><td>Kohlenhydrate<\/td><td>Reduzierte Kohlenhydrate<\/td><td>Reduzierte Kohlenhydrate<\/td><\/tr><tr><td>Reduzierte Kohlenhydrate<\/td><td>Hoch (Konjak-Glucomannan)<\/td><td>Sehr kalorienarm<\/td><\/tr><tr><td>Geruch<\/td><td>Geruchsneutral<\/td><td>Geruchsneutral<\/td><\/tr><tr><td>Vorbereitung<\/td><td>Verzehrfertig\/Schnellkoch<\/td><td>Funktioneller &amp; aromatisierter Gesundheitsreis<\/td><\/tr><tr><td> Geschmackserlebnis<\/td><td>Besserer Geschmack, weniger W\u00fcrze erforderlich<\/td><td>Neutrale Basis f\u00fcr jede K\u00fcche<\/td><\/tr><tr><td>Ziel-Positionierung<\/td><td>Funktioneller &amp; aromatisierter Gesundheitsreis<\/td><td>Funktioneller &amp; aromatisierter Gesundheitsreis<\/td><\/tr><\/tbody><\/table><\/figure>\n\n\n\n<h2 class=\"wp-block-heading\">Wie man Konjac-Reis kocht<\/h2>\n\n\n\n<ol class=\"wp-block-list\">\n<li>\u00d6ffnen Sie die Verpackung und <strong>die Fl\u00fcssigkeit ablassen<\/strong>.<\/li>\n\n\n\n<li>Sp\u00fclen Sie den Konjakreis gr\u00fcndlich unter kaltem Wasser ab. <strong>etwa 1 Minute<\/strong>.<\/li>\n\n\n\n<li>Einen Topf mit Wasser zum Kochen bringen.<\/li>\n\n\n\n<li>Den abgesp\u00fclten Konjakreis hinzugeben und f\u00fcr <strong>2\u20133 Minuten<\/strong> um eventuelle Geschmacksreste zu entfernen.<\/li>\n\n\n\n<li>In einem feinmaschigen Sieb abtropfen lassen und erneut mit kaltem Wasser absp\u00fclen.<\/li>\n\n\n\n<li>In eine beschichtete Pfanne geben und bei mittlerer Hitze f\u00fcr <strong>etwa 5 Minuten<\/strong>Dabei gelegentlich umr\u00fchren, um \u00fcbersch\u00fcssige Feuchtigkeit zu entfernen.<\/li>\n\n\n\n<li>Zu Pfannengerichten, Suppen oder anderen Gerichten hinzuf\u00fcgen. Nach Belieben mit Gew\u00fcrzen, Kr\u00e4utern oder So\u00dfen abschmecken.<\/li>\n<\/ol>\n\n\n\n<h2 class=\"wp-block-heading\">Ideal f\u00fcr<\/h2>\n\n\n\n<p>Glutenfreie &amp; vegane Verbraucher<\/p>\n\n\n\n<p>Gewichtsmanagement und kohlenhydratarme Di\u00e4ten<\/p>\n\n\n\n<p>Clean-Label- und Functional-Food-Marken<\/p>\n\n\n\n<p>Superm\u00e4rkte und Eigenmarkenprodukte<\/p>\n\n\n\n<p>Elektronischer Handel und Exportm\u00e4rkte<\/p>\n\n\n\n<p>Glutenfreie &amp; vegane Verbraucher<\/p>\n\n\n\n<p>Gewichtsmanagement und kohlenhydratarme Di\u00e4ten<\/p>\n\n\n\n<p>Clean-Label- und Functional-Food-Marken<\/p>\n\n\n\n<p>Superm\u00e4rkte und Eigenmarkenprodukte<\/p>\n\n\n\n<p>Elektronischer Handel und Exportm\u00e4rkte<\/p>\n\n\n\n<h2 class=\"wp-block-heading\">OEM \/ Eigenmarke verf\u00fcgbar<\/h2>\n\n\n\n<p>Individuelle Geschmacksintensit\u00e4t und Farbe<\/p>\n\n\n\n<p>Individuelle Packungsgr\u00f6\u00dfen &amp; Branding<\/p>\n\n\n\n<p>Mehrsprachige Verpackung und Etikettierung<\/p>\n\n\n\n<p>Unterst\u00fctzung bei der Einhaltung von Exportvorschriften<\/p>\n\n\n\n<p>Sie m\u00f6chten ein neues <strong>glutenfreier, mit Kurkuma angereicherter Konjak-Reis<\/strong> unter Ihrer Marke?<br><a href=\"https:\/\/scmlkj.com\/de\/kontakt\/\">Kontakt <strong>\u00d6stlicher Morgen<\/strong> <\/a>f\u00fcr <strong><a href=\"https:\/\/scmlkj.com\/de\/oem-eigenmarken-leitfaden\/\">OEM\/Private-Label-L\u00f6sungen<\/a><\/strong>, <a href=\"https:\/\/scmlkj.com\/de\/kostenlose-proben-anfordern\/\">Proben<\/a>und Preisgestaltung.<\/p>\n\n\n\n<p><\/p>","protected":false},"excerpt":{"rendered":"<p data-start=\"349\" data-end=\"570\">Der glutenfreie, verzehrfertige Kurkuma-Konjak-Reis von Eastern Morning ist eine funktionelle, kalorienarme Reisalternative, die aus hochwertigem Konjakmehl hergestellt und mit <strong data-start=\"511\" data-end=\"531\">nat\u00fcrliches Kurkuma<\/strong> f\u00fcr verbesserten Geschmack und visuelle Attraktivit\u00e4t.<\/p>\n<p data-start=\"572\" data-end=\"870\">Dieses Produkt liefert <strong data-start=\"594\" data-end=\"627\">bis zu 50% weniger Kohlenhydrate<\/strong> im Vergleich zu traditionellem Reis und bleibt dabei <strong data-start=\"674\" data-end=\"715\">zertifiziert glutenfrei, nicht gentechnisch ver\u00e4ndert, vegan<\/strong>und eignet sich f\u00fcr gesundheitsbewusste Clean-Label-Di\u00e4ten. Mit seiner schnellen Zubereitung und seinem angenehmen Geschmack passt es perfekt in moderne, praktische Mahlzeitenl\u00f6sungen.<\/p>\n<ul>\n<li data-start=\"900\" data-end=\"943\">\n<p data-start=\"902\" data-end=\"943\"><strong data-start=\"902\" data-end=\"941\">Kalorienarm und kohlenhydratreduziert<\/strong><\/p>\n<\/li>\n<li data-start=\"944\" data-end=\"981\">\n<p data-start=\"946\" data-end=\"981\"><strong data-start=\"946\" data-end=\"979\">Glutenfrei - Vegan - Nicht-GMO<\/strong><\/p>\n<\/li>\n<li data-start=\"982\" data-end=\"1025\">\n<p data-start=\"984\" data-end=\"1025\"><strong data-start=\"984\" data-end=\"1023\">Kurkuma-Infusion f\u00fcr Geschmack und Farbe<\/strong><\/p>\n<\/li>\n<li data-start=\"1026\" data-end=\"1077\">\n<p data-start=\"1028\" data-end=\"1077\"><strong data-start=\"1028\" data-end=\"1056\">Verzehrfertig \/ Schnellkochend<\/strong> - kocht in Minutenschnelle<\/p>\n<\/li>\n<li data-start=\"1078\" data-end=\"1123\">\n<p data-start=\"1080\" data-end=\"1123\"><strong data-start=\"1080\" data-end=\"1092\">Geruchsneutral<\/strong> - kein fischiger oder alkalischer Geruch<\/p>\n<\/li>\n<li data-start=\"1124\" data-end=\"1157\">\n<p data-start=\"1126\" data-end=\"1157\"><strong data-start=\"1126\" data-end=\"1155\">Clean Label &amp; pflanzlich<\/strong><\/p>\n<\/li>\n<li data-start=\"1158\" data-end=\"1208\">\n<p data-start=\"1160\" data-end=\"1208\">Ideal f\u00fcr <strong data-start=\"1170\" data-end=\"1208\">Gewichtsmanagement und gesunde Ern\u00e4hrung<\/strong><\/p>\n<\/li>\n<\/ul>","protected":false},"featured_media":2825,"comment_status":"open","ping_status":"closed","template":"","meta":[],"product_brand":[],"product_cat":[29],"product_tag":[],"class_list":{"0":"post-2824","1":"product","2":"type-product","3":"status-publish","4":"has-post-thumbnail","6":"product_cat-konjac-rice-series","8":"first","9":"instock","10":"shipping-taxable","11":"product-type-simple"},"_links":{"self":[{"href":"https:\/\/scmlkj.com\/de\/wp-json\/wp\/v2\/product\/2824","targetHints":{"allow":["GET"]}}],"collection":[{"href":"https:\/\/scmlkj.com\/de\/wp-json\/wp\/v2\/product"}],"about":[{"href":"https:\/\/scmlkj.com\/de\/wp-json\/wp\/v2\/types\/product"}],"replies":[{"embeddable":true,"href":"https:\/\/scmlkj.com\/de\/wp-json\/wp\/v2\/comments?post=2824"}],"wp:featuredmedia":[{"embeddable":true,"href":"https:\/\/scmlkj.com\/de\/wp-json\/wp\/v2\/media\/2825"}],"wp:attachment":[{"href":"https:\/\/scmlkj.com\/de\/wp-json\/wp\/v2\/media?parent=2824"}],"wp:term":[{"taxonomy":"product_brand","embeddable":true,"href":"https:\/\/scmlkj.com\/de\/wp-json\/wp\/v2\/product_brand?post=2824"},{"taxonomy":"product_cat","embeddable":true,"href":"https:\/\/scmlkj.com\/de\/wp-json\/wp\/v2\/product_cat?post=2824"},{"taxonomy":"product_tag","embeddable":true,"href":"https:\/\/scmlkj.com\/de\/wp-json\/wp\/v2\/product_tag?post=2824"}],"curies":[{"name":"wp","href":"https:\/\/api.w.org\/{rel}","templated":true}]}}