{"id":3264,"date":"2026-03-06T02:35:59","date_gmt":"2026-03-06T02:35:59","guid":{"rendered":"https:\/\/scmlkj.com\/?post_type=product&#038;p=3264"},"modified":"2026-03-06T03:31:19","modified_gmt":"2026-03-06T03:31:19","slug":"instant-shirataki-weiser-getrockneter-konjakreis","status":"publish","type":"product","link":"https:\/\/scmlkj.com\/de\/produkte\/instant-shirataki-weiser-getrockneter-konjakreis\/","title":{"rendered":"Instant Shirataki Wei\u00dfer getrockneter Konjac-Reis"},"content":{"rendered":"<p>Der getrocknete wei\u00dfe Shirataki-Reis aus Konjak ist geeignet f\u00fcr <strong>auf Gesundheit ausgerichtete Lebensmittelmarken, Mahlzeitenersatzprodukte und kohlenhydratarme Einzelhandelsm\u00e4rkte<\/strong>. Das getrocknete Format bietet <strong>lange Haltbarkeit, praktische Lagerung und kosteng\u00fcnstiger internationaler Versand<\/strong>und ist damit ideal f\u00fcr den weltweiten Vertrieb.<\/p>\n\n\n\n<p>Produziert in <strong>Sichuan, China - das wichtigste Konjak-Anbaugebiet der Welt<\/strong>Eastern Morning gew\u00e4hrleistet eine stabile Qualit\u00e4t und eine f\u00fcr den Export geeignete Lebensmittelsicherheit.<\/p>\n\n\n\n<h2 class=\"wp-block-heading\">Produktspezifikationen<\/h2>\n\n\n\n<figure class=\"wp-block-image size-large\"><img fetchpriority=\"high\" decoding=\"async\" width=\"1024\" height=\"682\" src=\"https:\/\/scmlkj.com\/wp-content\/uploads\/2026\/03\/instant-shirataki-dried-konjac-rice-1024x682.jpg\" alt=\"\" class=\"wp-image-3272\" srcset=\"https:\/\/scmlkj.com\/wp-content\/uploads\/2026\/03\/instant-shirataki-dried-konjac-rice-1024x682.jpg 1024w, https:\/\/scmlkj.com\/wp-content\/uploads\/2026\/03\/instant-shirataki-dried-konjac-rice-300x200.jpg 300w, https:\/\/scmlkj.com\/wp-content\/uploads\/2026\/03\/instant-shirataki-dried-konjac-rice-768x512.jpg 768w, https:\/\/scmlkj.com\/wp-content\/uploads\/2026\/03\/instant-shirataki-dried-konjac-rice-1536x1024.jpg 1536w, https:\/\/scmlkj.com\/wp-content\/uploads\/2026\/03\/instant-shirataki-dried-konjac-rice-18x12.jpg 18w, https:\/\/scmlkj.com\/wp-content\/uploads\/2026\/03\/instant-shirataki-dried-konjac-rice-600x400.jpg 600w, https:\/\/scmlkj.com\/wp-content\/uploads\/2026\/03\/instant-shirataki-dried-konjac-rice.jpg 2000w\" sizes=\"(max-width: 1024px) 100vw, 1024px\" \/><\/figure>\n\n\n\n<figure class=\"wp-block-table\"><table class=\"has-fixed-layout\"><tbody><tr><td><strong>Artikel<\/strong><\/td><td><strong>Einzelheiten<\/strong><\/td><\/tr><tr><td>Produktname<\/td><td>Instant Shirataki Wei\u00dfer getrockneter Konjac-Reis<\/td><\/tr><tr><td>Produkttyp<\/td><td>Konjac-Reis \/ Shirataki-Reis<\/td><\/tr><tr><td>Stil<\/td><td>Trocken \u00b7 Instant<\/td><\/tr><tr><td>Art der Verarbeitung<\/td><td>Verfeinert<\/td><\/tr><tr><td>Merkmal<\/td><td>Kohlenhydratarm \u00b7 Abnehmen<\/td><\/tr><tr><td>Hauptbestandteile<\/td><td>Konjakmehl, Reismehl, Wasser<\/td><\/tr><tr><td>Ballaststoffe<\/td><td>2.7%<\/td><\/tr><tr><td>Fett<\/td><td><strong>Null<\/strong><\/td><\/tr><tr><td>Zucker<\/td><td><strong>Null<\/strong><\/td><\/tr><tr><td>Glutenfrei<\/td><td>Ja<\/td><\/tr><tr><td>Zubereitungsmethode<\/td><td><strong>Rehydrieren, dann kochen<\/strong><\/td><\/tr><tr><td>Haltbarkeitsdauer<\/td><td>12 Monate<\/td><\/tr><tr><td>Verf\u00fcgbare Gewichte<\/td><td>50g \/ 100g \/ 200g \/ 250g \/ 500g<br>Sch\u00fcttgutgr\u00f6\u00dfen: 10kg \/ 20kg \/ 25kg<\/td><\/tr><tr><td>Zertifizierungen<\/td><td>BRC \u00b7 IFS \u00b7 HACCP \u00b7 HALAL \u00b7 KOSHER \u00b7 NOP \u00b7 EU-BIO<\/td><\/tr><tr><td>Marke<\/td><td>OEM akzeptiert<\/td><\/tr><tr><td>Herkunftsort<\/td><td>Sichuan, China<\/td><\/tr><\/tbody><\/table><\/figure>\n\n\n\n<h2 class=\"wp-block-heading\">Wie man trockenen Konjac-Reis kocht<\/h2>\n\n\n\n<p>Die Packung \u00f6ffnen und den Konjakreis in eine Sch\u00fcssel geben.<\/p>\n\n\n\n<p>Weichen Sie den Reis in hei\u00dfem Wasser f\u00fcr <strong>10-15 Minuten<\/strong> zu erweichen.<\/p>\n\n\n\n<p>Abgie\u00dfen und kurz absp\u00fclen.<\/p>\n\n\n\n<p>Kochen Sie mit Ihren Lieblingssaucen, Pfannengerichten, Suppen oder Reisgerichten.<\/p>\n\n\n\n<h2 class=\"wp-block-heading\">Anwendungsszenarien<\/h2>\n\n\n\n<p>Getrockneter Konjac-Reis Instant Shirataki ist in verschiedenen wachsenden Lebensmittelm\u00e4rkten weit verbreitet.<\/p>\n\n\n\n<p><strong>Gesunde Einzelhandelsprodukte<\/strong><\/p>\n\n\n\n<p>Kalorienarme Reisalternativen f\u00fcr Superm\u00e4rkte und Naturkostl\u00e4den.<\/p>\n\n\n\n<p><strong>Keto &amp; Low-Carb Di\u00e4t Produkte<\/strong><\/p>\n\n\n\n<p>Ideal f\u00fcr ketogene, diabetikerfreundliche und gewichtsreduzierende Di\u00e4ten.<\/p>\n\n\n\n<p><strong>Herstellung von Fertigmahlzeiten<\/strong><\/p>\n\n\n\n<p>Wird in Tiefk\u00fchlgerichten, Mikrowellengerichten und verzehrfertigen gesunden Lebensmitteln verwendet.<\/p>\n\n\n\n<p><strong>Mahlzeitenersatz und funktionelle Lebensmittel<\/strong><\/p>\n\n\n\n<p>Perfekte Basiszutat f\u00fcr portionierte Di\u00e4tgerichte.<\/p>\n\n\n\n<p><strong>Lebensmittelservice und Restaurants<\/strong><\/p>\n\n\n\n<p>Hervorragend geeignet f\u00fcr kohlenhydratarme Men\u00fcs in der asiatischen K\u00fcche oder in Fusionsk\u00fcchen.<\/p>\n\n\n\n<h2 class=\"wp-block-heading\"><a href=\"https:\/\/scmlkj.com\/de\/groshandel-konjakreis-hersteller\/\">Private Label &amp; OEM-Herstellung<\/a><\/h2>\n\n\n\n<p>Eastern Morning unterst\u00fctzt vollst\u00e4ndig <strong>OEM \/ Private Label Konjakreis-Produktion<\/strong>.<\/p>\n\n\n\n<p><strong>Anpassungsoptionen<\/strong><\/p>\n\n\n\n<p><strong>Verpackungsformate<\/strong><\/p>\n\n\n\n<ul class=\"wp-block-list\">\n<li>Standbeutel<\/li>\n\n\n\n<li>Transparenter Beutel<\/li>\n\n\n\n<li>Verpackungen aus Papierkarton<\/li>\n\n\n\n<li>Becher-Verpackung<\/li>\n\n\n\n<li>Gro\u00dfgebinde<\/li>\n<\/ul>\n\n\n\n<p><strong>Branding-Unterst\u00fctzung<\/strong><\/p>\n\n\n\n<ul class=\"wp-block-list\">\n<li>Kundenspezifischer Logodruck<\/li>\n\n\n\n<li>Unterst\u00fctzung beim Verpackungsdesign<\/li>\n\n\n\n<li>Eigenmarken-N\u00e4hrwertpanel<\/li>\n\n\n\n<li>Mehrsprachige Verpackung<\/li>\n<\/ul>\n\n\n\n<p><strong>Flexible Produktgr\u00f6\u00dfen<\/strong><\/p>\n\n\n\n<p>Einzelhandelspackungen: 50g - 500g<br>Foodservice: 10kg - 25kg lose<\/p>\n\n\n\n<h2 class=\"wp-block-heading\"><a href=\"https:\/\/scmlkj.com\/de\/zertifizierung\/\">Zertifizierungen<\/a><\/h2>\n\n\n\n<p>Unsere Produktionsanlagen entsprechen den internationalen Standards f\u00fcr Lebensmittelsicherheit.<\/p>\n\n\n\n<ul class=\"wp-block-list\">\n<li>IFS<\/li>\n\n\n\n<li>BRC<\/li>\n\n\n\n<li>HACCP<\/li>\n\n\n\n<li>ISO<\/li>\n\n\n\n<li>KOSHER<\/li>\n\n\n\n<li>HALAL<\/li>\n\n\n\n<li>EU-Bio<\/li>\n\n\n\n<li>USDA Organic<\/li>\n<\/ul>\n\n\n\n<p>Eastern Morning ist auch ein <strong>verifizierter und von Intertek auditierter Lieferant<\/strong>.<\/p>\n\n\n\n<p><\/p>\n\n\n\n<figure class=\"wp-block-image size-large\"><img decoding=\"async\" width=\"1024\" height=\"682\" src=\"https:\/\/scmlkj.com\/wp-content\/uploads\/2026\/03\/Konjac-Rice-Dry-1024x682.jpg\" alt=\"\" class=\"wp-image-3273\" srcset=\"https:\/\/scmlkj.com\/wp-content\/uploads\/2026\/03\/Konjac-Rice-Dry-1024x682.jpg 1024w, https:\/\/scmlkj.com\/wp-content\/uploads\/2026\/03\/Konjac-Rice-Dry-300x200.jpg 300w, https:\/\/scmlkj.com\/wp-content\/uploads\/2026\/03\/Konjac-Rice-Dry-768x512.jpg 768w, https:\/\/scmlkj.com\/wp-content\/uploads\/2026\/03\/Konjac-Rice-Dry-1536x1024.jpg 1536w, https:\/\/scmlkj.com\/wp-content\/uploads\/2026\/03\/Konjac-Rice-Dry-18x12.jpg 18w, https:\/\/scmlkj.com\/wp-content\/uploads\/2026\/03\/Konjac-Rice-Dry-600x400.jpg 600w, https:\/\/scmlkj.com\/wp-content\/uploads\/2026\/03\/Konjac-Rice-Dry.jpg 2000w\" sizes=\"(max-width: 1024px) 100vw, 1024px\" \/><\/figure>\n\n\n\n<h2 class=\"wp-block-heading\">FAQ<\/h2>\n\n\n\n<p><strong>Q1: Wie hoch ist Ihr MOQ?<\/strong><\/p>\n\n\n\n<p>Unsere Mindestbestellmenge betr\u00e4gt <strong>1000 St\u00fcck pro Design und Verpackung<\/strong>.<\/p>\n\n\n\n<p><strong>F2: K\u00f6nnen Sie nach meinem eigenen Entwurf fertigen?<\/strong><\/p>\n\n\n\n<p>Ja. Wir bieten <strong>OEM- und ODM-Dienstleistungen<\/strong>, einschlie\u00dflich kundenspezifischer Gr\u00f6\u00dfe, Verpackung, Logo, Etikett und Branding.<\/p>\n\n\n\n<p><strong>F3: K\u00f6nnen Sie beim Verpackungsdesign helfen?<\/strong><\/p>\n\n\n\n<p>Ja. Unser professionelles Designteam kann vor der Produktion Verpackungsmodelle auf der Grundlage Ihrer Anforderungen erstellen.<\/p>\n\n\n\n<p><strong>F4: Wie kann ich Muster erhalten?<\/strong><\/p>\n\n\n\n<p>Bitte kontaktieren Sie uns und wir arrangieren<a href=\"https:\/\/scmlkj.com\/de\/kostenlose-proben-anfordern\/\"> <strong>kostenlose Produktmuster<\/strong><\/a> zu testen.<\/p>\n\n\n\n<h2 class=\"wp-block-heading\">Starten Sie Ihre Konjac-Reis-Produktlinie noch heute<\/h2>\n\n\n\n<p>Ob Sie nun ein neues <strong>kohlenhydratarme Reismarken, Keto-Mahlzeiten oder gesunde Eigenmarken-Lebensmittel<\/strong>Eastern Morning bietet vollst\u00e4ndige <a href=\"https:\/\/scmlkj.com\/de\/oem-eigenmarken-leitfaden\/\">OEM-Herstellung<\/a> Unterst\u00fctzung.<\/p>\n\n\n\n<p><strong>Kontaktieren Sie uns heute f\u00fcr:<\/strong><\/p>\n\n\n\n<ul class=\"wp-block-list\">\n<li>Produktmuster<\/li>\n\n\n\n<li>Kundenspezifische Verpackungsl\u00f6sungen<\/li>\n\n\n\n<li>OEM-Angebot<\/li>\n<\/ul>\n\n\n\n<p><strong><a href=\"https:\/\/scmlkj.com\/de\/kontakt\/\">Angebot einholen \u2192<\/a><\/strong><\/p>","protected":false},"excerpt":{"rendered":"<p data-start=\"344\" data-end=\"504\"><strong data-start=\"344\" data-end=\"389\">Instant Shirataki Wei\u00dfer getrockneter Konjac-Reis<\/strong> ist eine moderne kohlenhydratarme Reisalternative, die aus Konjakmehl und Reismehl mit Hilfe einer fortschrittlichen Dehydratisierungstechnologie hergestellt wird.<\/p>\n<p data-start=\"344\" data-end=\"504\">Im Vergleich zu herk\u00f6mmlichem Reis bietet getrockneter Konjac-Reis <strong data-start=\"565\" data-end=\"615\">deutlich weniger Kohlenhydrate und Kalorien<\/strong>Die reis\u00e4hnliche Textur nimmt Saucen und Gew\u00fcrze gut auf.<\/p>\n<p data-section-id=\"4ox3n6\" data-start=\"1144\" data-end=\"1173\"><strong>Low Carb Reis Alternative -\u00a0<\/strong>Deutlich geringerer Kohlenhydratgehalt im Vergleich zu herk\u00f6mmlichem Reis, geeignet f\u00fcr Keto-Di\u00e4ten und kohlenhydratarme Ern\u00e4hrung.<\/p>\n<p data-section-id=\"no15hi\" data-start=\"1286\" data-end=\"1312\"><strong>Hohe Ballaststoffe aus Konjac - <\/strong>Enth\u00e4lt Glucomannan-Ballaststoffe, die die S\u00e4ttigung und die Gesundheit der Verdauung f\u00f6rdern.<\/p>\n<p data-section-id=\"vlpnb\" data-start=\"1400\" data-end=\"1434\"><strong>Regalstabil und exportfreundlich -\u00a0<\/strong>Das getrocknete Format verl\u00e4ngert die Haltbarkeit und reduziert die Versandkosten im Vergleich zu feuchten Konjakprodukten.<\/p>\n<p data-section-id=\"46atiw\" data-start=\"1533\" data-end=\"1562\"><strong>Pflanzenbasiert &amp; Clean Label - <\/strong>Von Natur aus glutenfrei, vegan und geeignet f\u00fcr moderne, gesunde Lebensmittelsortimente.<\/p>","protected":false},"featured_media":3265,"comment_status":"open","ping_status":"closed","template":"","meta":[],"product_brand":[],"product_cat":[29],"product_tag":[],"class_list":{"0":"post-3264","1":"product","2":"type-product","3":"status-publish","4":"has-post-thumbnail","6":"product_cat-konjac-rice-series","8":"first","9":"instock","10":"shipping-taxable","11":"product-type-simple"},"_links":{"self":[{"href":"https:\/\/scmlkj.com\/de\/wp-json\/wp\/v2\/product\/3264","targetHints":{"allow":["GET"]}}],"collection":[{"href":"https:\/\/scmlkj.com\/de\/wp-json\/wp\/v2\/product"}],"about":[{"href":"https:\/\/scmlkj.com\/de\/wp-json\/wp\/v2\/types\/product"}],"replies":[{"embeddable":true,"href":"https:\/\/scmlkj.com\/de\/wp-json\/wp\/v2\/comments?post=3264"}],"wp:featuredmedia":[{"embeddable":true,"href":"https:\/\/scmlkj.com\/de\/wp-json\/wp\/v2\/media\/3265"}],"wp:attachment":[{"href":"https:\/\/scmlkj.com\/de\/wp-json\/wp\/v2\/media?parent=3264"}],"wp:term":[{"taxonomy":"product_brand","embeddable":true,"href":"https:\/\/scmlkj.com\/de\/wp-json\/wp\/v2\/product_brand?post=3264"},{"taxonomy":"product_cat","embeddable":true,"href":"https:\/\/scmlkj.com\/de\/wp-json\/wp\/v2\/product_cat?post=3264"},{"taxonomy":"product_tag","embeddable":true,"href":"https:\/\/scmlkj.com\/de\/wp-json\/wp\/v2\/product_tag?post=3264"}],"curies":[{"name":"wp","href":"https:\/\/api.w.org\/{rel}","templated":true}]}}