{"id":3274,"date":"2026-03-06T06:01:41","date_gmt":"2026-03-06T06:01:41","guid":{"rendered":"https:\/\/scmlkj.com\/?post_type=product&#038;p=3274"},"modified":"2026-03-06T06:39:10","modified_gmt":"2026-03-06T06:39:10","slug":"keto-langkorn-shirataki-konjak-reis","status":"publish","type":"product","link":"https:\/\/scmlkj.com\/de\/produkte\/keto-langkorn-shirataki-konjak-reis\/","title":{"rendered":"Keto Langkorn Shirataki Konjac-Reis"},"content":{"rendered":"<p>Der Keto Langkorn Shirataki Konjac-Reis ist <strong>in nur 2 Minuten verzehrfertig<\/strong>Sie bietet den Verbrauchern Komfort und unterst\u00fctzt gleichzeitig globale Lebensmittelmarken, die funktionelle und gesunde Reisalternativen entwickeln wollen.<\/p>\n\n\n\n<p>Produziert von <strong>\u00d6stlicher Morgen in Sichuan, China<\/strong>Das Produkt entspricht den internationalen Lebensmittelsicherheitsstandards und kann als OEM- oder Eigenmarke angepasst werden.<\/p>\n\n\n\n<h2 class=\"wp-block-heading\">Produktspezifikationen<\/h2>\n\n\n\n<figure class=\"wp-block-table\"><table class=\"has-fixed-layout\"><tbody><tr><td><strong>Artikel<\/strong><\/td><td><strong>Einzelheiten<\/strong><\/td><\/tr><tr><td>Produktname<\/td><td> Keto Langkorn Shirataki Konjac-Reis<\/td><\/tr><tr><td>Produkttyp<\/td><td>Konjac-Reis \/ Shirataki-Reis<\/td><\/tr><tr><td>Stil<\/td><td>Sofort<\/td><\/tr><tr><td>Art der Verarbeitung<\/td><td>Verfeinert<\/td><\/tr><tr><td>Merkmal<\/td><td>Kohlenhydratarm \u00b7 Abnehmen<\/td><\/tr><tr><td>Hauptbestandteile<\/td><td>Konjakmehl, Reismehl, Wasser<\/td><\/tr><tr><td>Ballaststoffe<\/td><td>13%<\/td><\/tr><tr><td>Fett<\/td><td><strong>Null<\/strong><\/td><\/tr><tr><td>Zucker<\/td><td><strong>Null<\/strong><\/td><\/tr><tr><td>Glutenfrei<\/td><td>Ja<\/td><\/tr><tr><td>Zubereitungsmethode<\/td><td><strong>Mikrowelle<\/strong>Hydrothermal<\/td><\/tr><tr><td>Haltbarkeitsdauer<\/td><td>18 Monate<\/td><\/tr><tr><td>Nettogewicht<\/td><td>180 g <\/td><\/tr><tr><td>Zertifizierungen<\/td><td>BRC \u00b7 IFS \u00b7 HACCP \u00b7 HALAL \u00b7 KOSHER \u00b7 NOP \u00b7 EU-BIO<\/td><\/tr><tr><td>Marke<\/td><td>OEM akzeptiert<\/td><\/tr><tr><td>Herkunftsort<\/td><td>Sichuan, China<\/td><\/tr><\/tbody><\/table><\/figure>\n\n\n\n<h2 class=\"wp-block-heading\">Einfache Kochmethoden<\/h2>\n\n\n\n<p><strong>Mikrowellenmethode (2 Minuten)<\/strong><\/p>\n\n\n\n<ol class=\"wp-block-list\">\n<li>\u00d6ffnen Sie die Packung und geben Sie den Reis in ein mikrowellengeeignetes Gef\u00e4\u00df.<\/li>\n\n\n\n<li>Hitze f\u00fcr etwa <strong>2 Minuten<\/strong>.<\/li>\n\n\n\n<li>Umr\u00fchren und mit Ihren Lieblingsgerichten servieren.<\/li>\n<\/ol>\n\n\n\n<p><strong>Hydrothermale Methode (10 Minuten)<\/strong><\/p>\n\n\n\n<ol class=\"wp-block-list\">\n<li>Konjakreis in kochendes Wasser geben.<\/li>\n\n\n\n<li>Kochen f\u00fcr etwa <strong>8\u201310 Minuten<\/strong> bis sie weich sind.<\/li>\n\n\n\n<li>Abtropfen lassen und mit Saucen oder Zutaten mischen.<\/li>\n<\/ol>\n\n\n\n<h2 class=\"wp-block-heading\">Anwendungsszenarien<\/h2>\n\n\n\n<p>Shirataki Konjac Keto Langkornreis ist in verschiedenen Bereichen der gesunden Ern\u00e4hrung weit verbreitet.<\/p>\n\n\n\n<p><strong>Gesunde Mahlzeiten vorbereiten<\/strong><\/p>\n\n\n\n<p>Ideal f\u00fcr gebratenen Reis mit Huhn, kohlenhydratarme Mahlzeiten und Di\u00e4tgerichte.<\/p>\n\n\n\n<p><strong>Keto &amp; Low-Carb Di\u00e4t Produkte<\/strong><\/p>\n\n\n\n<p>Perfekt f\u00fcr ketogene, diabetikerfreundliche und gewichtsreduzierende Di\u00e4ten.<\/p>\n\n\n\n<p><strong>Gesunde Nachspeisen<\/strong><\/p>\n\n\n\n<p>Kann zur Herstellung von Konjac-Milchreis und Desserts auf pflanzlicher Basis verwendet werden.<\/p>\n\n\n\n<p><strong>Salat und leichte Mahlzeiten<\/strong><\/p>\n\n\n\n<p>Ideal f\u00fcr kalte Salate, gesunde Bowls und vegane Gerichte.<\/p>\n\n\n\n<p><strong>Herstellung von Fertigmahlzeiten<\/strong><\/p>\n\n\n\n<p>Geeignet f\u00fcr Mikrowellengerichte und gesunde Tiefk\u00fchlkost.<\/p>\n\n\n\n<h2 class=\"wp-block-heading\">Zertifizierungen<\/h2>\n\n\n\n<p>Unsere Konjac-Reis-Produkte entsprechen den internationalen Standards f\u00fcr Lebensmittelsicherheit.<\/p>\n\n\n\n<ul class=\"wp-block-list\">\n<li>HACCP<\/li>\n\n\n\n<li>ISO<\/li>\n\n\n\n<li>BRC<\/li>\n\n\n\n<li>IFS<\/li>\n\n\n\n<li>HALAL<\/li>\n\n\n\n<li>KOSHER<\/li>\n\n\n\n<li>USDA Organic<\/li>\n\n\n\n<li>EU-Bio<\/li>\n<\/ul>\n\n\n\n<h2 class=\"wp-block-heading\">OEM- und Eigenmarken-Dienstleistungen<\/h2>\n\n\n\n<p>Eastern Morning unterst\u00fctzt vollst\u00e4ndig <strong>OEM \/ ODM-Fertigung<\/strong> f\u00fcr globale Marken.<\/p>\n\n\n\n<p><strong>Anpassungsoptionen<\/strong><\/p>\n\n\n\n<ul class=\"wp-block-list\">\n<li>Individuelles Verpackungsdesign<\/li>\n\n\n\n<li>Private Labeling<\/li>\n\n\n\n<li>Ma\u00dfgeschneiderte Formel<\/li>\n\n\n\n<li>Benutzerdefiniertes Produktgewicht<\/li>\n\n\n\n<li>Mehrsprachige Beschriftung<\/li>\n<\/ul>\n\n\n\n<p><strong>Unsere Dienstleistungen<\/strong><\/p>\n\n\n\n<ul class=\"wp-block-list\">\n<li>Kostenlose Produktproben<\/li>\n\n\n\n<li>Ma\u00dfgeschneiderte Verpackungsl\u00f6sungen<\/li>\n\n\n\n<li>Ma\u00dfgeschneiderte Produktformulierungen<\/li>\n\n\n\n<li>Unterst\u00fctzung der Lieferkette aus einer Hand<\/li>\n\n\n\n<li>Niedriges MOQ f\u00fcr neue Marken<\/li>\n<\/ul>\n\n\n\n<hr class=\"wp-block-separator has-alpha-channel-opacity\"\/>\n\n\n\n<h2 class=\"wp-block-heading\">FAQ<\/h2>\n\n\n\n<p><strong>Q1: Wie hoch ist Ihr MOQ?<\/strong><\/p>\n\n\n\n<p>Unsere Mindestbestellmenge betr\u00e4gt 2000 St\u00fcck pro Verpackungsdesign.<\/p>\n\n\n\n<p><strong>Q2: Unterst\u00fctzen Sie OEM \/ ODM?<\/strong><\/p>\n\n\n\n<p>Ja. Wir bieten umfassende OEM- und ODM-Dienstleistungen, einschlie\u00dflich kundenspezifischer Verpackungen, Branding und Entwicklung von Produktformeln.<\/p>\n\n\n\n<p><strong>F3: Kann ich vor der Bestellung Muster erhalten?<\/strong><\/p>\n\n\n\n<p>Ja. Wir bieten kostenlose Muster zur Produktbewertung an.<\/p>\n\n\n\n<h2 class=\"wp-block-heading\">Lancieren Sie Ihre eigene Konjac-Reismarke<\/h2>\n\n\n\n<p>Ob Sie nun entwickeln <strong>Ketoprodukte, gesunde Reisalternativen oder Fertigmahlzeiten<\/strong>Eastern Morning bietet eine umfassende Unterst\u00fctzung bei der Herstellung und bei Eigenmarken.<\/p>\n\n\n\n<p>\u2714 OEM &amp; Eigenmarke<br>\u2714 Globale Exporterfahrung<br>\u2714 Stabile Versorgung &amp; schnelle Probenahme<\/p>\n\n\n\n<p><strong>Kontaktieren Sie uns noch heute, um Muster oder ein individuelles Angebot anzufordern.<\/strong><\/p>\n\n\n\n<p><\/p>","protected":false},"excerpt":{"rendered":"<p data-start=\"341\" data-end=\"648\"><strong data-start=\"341\" data-end=\"382\">\u00a0Keto Langkorn Shirataki Konjac-Reis<\/strong> ist eine moderne, kohlenhydratarme Reisalternative aus Konjac-Perlreis, der mit Langkornreis und gereinigtem Wasser gemischt wird. Dieses Produkt wurde f\u00fcr den Markt f\u00fcr gesunde Lebensmittel entwickelt und bietet eine ausgewogene Textur und ein verbessertes Mundgef\u00fchl, wobei die Vorteile von Lebensmitteln auf Konjac-Basis erhalten bleiben.<\/p>\n<p data-start=\"650\" data-end=\"828\">Im Vergleich zu herk\u00f6mmlichem Reis bietet Konjac-Reis <strong data-start=\"703\" data-end=\"747\">weniger Kalorien und weniger Kohlenhydrate<\/strong>und ist damit ein ideales Grundnahrungsmittel f\u00fcr <strong data-start=\"779\" data-end=\"827\">Keto, kohlenhydratarme, vegane und glutenfreie Di\u00e4ten<\/strong>.<\/p>\n<p data-section-id=\"5ak9x5\" data-start=\"1241\" data-end=\"1269\"><strong>Kohlenhydratarm und ketofreundlich -\u00a0<\/strong>Bietet ein reis\u00e4hnliches Esserlebnis mit deutlich weniger Kohlenhydraten im Vergleich zu herk\u00f6mmlichem Reis.<\/p>\n<p data-section-id=\"56ivkz\" data-start=\"1379\" data-end=\"1408\"><strong>Glutenfrei &amp; pflanzenbasiert -\u00a0<\/strong>Geeignet f\u00fcr vegane, glutenfreie und pflanzenbasierte Produktlinien.<\/p>\n<p data-section-id=\"1s1qhel\" data-start=\"1474\" data-end=\"1502\"><strong>Verzehrfertige Convenience - <\/strong>Schnelle Zubereitung - fertig in nur <strong data-start=\"1537\" data-end=\"1550\">2 Minuten<\/strong> durch Erhitzen in der Mikrowelle oder in der Pfanne.<\/p>\n<p data-section-id=\"hfgt9q\" data-start=\"1589\" data-end=\"1616\"><strong>Gesunde funktionelle Lebensmittel -\u00a0<\/strong>Kalorienarm und reich an Ballaststoffen aus Konjak-Glucomannan.<\/p>\n<p data-section-id=\"kdvqw3\" data-start=\"1681\" data-end=\"1722\"><strong>Ideal f\u00fcr globale M\u00e4rkte f\u00fcr gesunde Lebensmittel -\u00a0<\/strong>Perfekt f\u00fcr Keto-Produkte, Di\u00e4tlebensmittel und gesunde Mahlzeiten.<\/p>","protected":false},"featured_media":3275,"comment_status":"open","ping_status":"closed","template":"","meta":[],"product_brand":[],"product_cat":[29],"product_tag":[],"class_list":{"0":"post-3274","1":"product","2":"type-product","3":"status-publish","4":"has-post-thumbnail","6":"product_cat-konjac-rice-series","8":"first","9":"instock","10":"shipping-taxable","11":"product-type-simple"},"_links":{"self":[{"href":"https:\/\/scmlkj.com\/de\/wp-json\/wp\/v2\/product\/3274","targetHints":{"allow":["GET"]}}],"collection":[{"href":"https:\/\/scmlkj.com\/de\/wp-json\/wp\/v2\/product"}],"about":[{"href":"https:\/\/scmlkj.com\/de\/wp-json\/wp\/v2\/types\/product"}],"replies":[{"embeddable":true,"href":"https:\/\/scmlkj.com\/de\/wp-json\/wp\/v2\/comments?post=3274"}],"wp:featuredmedia":[{"embeddable":true,"href":"https:\/\/scmlkj.com\/de\/wp-json\/wp\/v2\/media\/3275"}],"wp:attachment":[{"href":"https:\/\/scmlkj.com\/de\/wp-json\/wp\/v2\/media?parent=3274"}],"wp:term":[{"taxonomy":"product_brand","embeddable":true,"href":"https:\/\/scmlkj.com\/de\/wp-json\/wp\/v2\/product_brand?post=3274"},{"taxonomy":"product_cat","embeddable":true,"href":"https:\/\/scmlkj.com\/de\/wp-json\/wp\/v2\/product_cat?post=3274"},{"taxonomy":"product_tag","embeddable":true,"href":"https:\/\/scmlkj.com\/de\/wp-json\/wp\/v2\/product_tag?post=3274"}],"curies":[{"name":"wp","href":"https:\/\/api.w.org\/{rel}","templated":true}]}}