{"id":3279,"date":"2026-03-06T06:57:21","date_gmt":"2026-03-06T06:57:21","guid":{"rendered":"https:\/\/scmlkj.com\/?post_type=product&#038;p=3279"},"modified":"2026-03-06T07:17:38","modified_gmt":"2026-03-06T07:17:38","slug":"hafer-chiasamen-shirataki-instantreis","status":"publish","type":"product","link":"https:\/\/scmlkj.com\/de\/produkte\/hafer-chiasamen-shirataki-instantreis\/","title":{"rendered":"Hafer Chia Shirataki Konjac Instant-Reis"},"content":{"rendered":"<p>Chia-Samen liefern pflanzliche Omega-3-Fetts\u00e4uren (ALA), w\u00e4hrend Hafer zus\u00e4tzliche Ballaststoffe und Textur beisteuert. Der Hafer-Chia-Samen-Shirataki-Reis ist eine ausgewogene und nahrhafte Reisalternative, die sich f\u00fcr eine moderne, gesunde Ern\u00e4hrung eignet.<\/p>\n\n\n\n<p>Dieses von Sichuan Eastern Morning hergestellte Produkt ist ideal f\u00fcr Eigenmarken, Einzelh\u00e4ndler f\u00fcr gesunde Lebensmittel und funktionelle Lebensmittel.<\/p>\n\n\n\n<h2 class=\"wp-block-heading\">Produktspezifikationen<\/h2>\n\n\n\n<figure class=\"wp-block-table\"><table class=\"has-fixed-layout\"><tbody><tr><td><strong>Artikel<\/strong><\/td><td><strong>Einzelheiten<\/strong><\/td><\/tr><tr><td>Produktname<\/td><td> Hafer-Chia-Samen Shirataki Intant-Reis<\/td><\/tr><tr><td>Produkttyp<\/td><td>Konjac-Reis \/ Shirataki-Reis<\/td><\/tr><tr><td>Stil<\/td><td>Sofort, fertig zum Verzehr <\/td><\/tr><tr><td>Art der Verarbeitung<\/td><td>Verfeinert<\/td><\/tr><tr><td>Merkmal<\/td><td>Kohlenhydratarm \u00b7 Abnehmen<\/td><\/tr><tr><td>Hauptbestandteile<\/td><td>Konjac-Perlreis, Hafer, Chia-Samen, Wasser<\/td><\/tr><tr><td>Ballaststoffe<\/td><td>5.7g<\/td><\/tr><tr><td>Fett<\/td><td><strong>Null<\/strong><\/td><\/tr><tr><td>Zucker<\/td><td><strong>Null<\/strong><\/td><\/tr><tr><td>Glutenfrei<\/td><td>Ja<\/td><\/tr><tr><td>Zubereitungsmethode<\/td><td><strong>Mikrowelle<\/strong>Hydrothermal<\/td><\/tr><tr><td>Haltbarkeitsdauer<\/td><td>18 Monate<\/td><\/tr><tr><td>Nettogewicht<\/td><td>180 g<\/td><\/tr><tr><td>Zertifizierungen<\/td><td>BRC \u00b7 IFS \u00b7 HACCP \u00b7 HALAL \u00b7 KOSHER \u00b7 NOP \u00b7 EU-BIO<\/td><\/tr><tr><td>Marke<\/td><td>OEM akzeptiert<\/td><\/tr><tr><td>Herkunftsort<\/td><td>Sichuan, China<\/td><\/tr><\/tbody><\/table><\/figure>\n\n\n\n<h2 class=\"wp-block-heading\">Wie man isst<\/h2>\n\n\n\n<p><strong>Mikrowellenerw\u00e4rmung<\/strong><\/p>\n\n\n\n<p>Erhitzen Sie das Produkt in der Mikrowelle f\u00fcr <strong>etwa 2 Minuten<\/strong>umr\u00fchren und servieren.<\/p>\n\n\n\n<p>Kreative Rezeptideen<\/p>\n\n\n\n<ul class=\"wp-block-list\">\n<li>Konjac-Milchreis-Pudding<\/li>\n\n\n\n<li>Gesundes Huhn mit gebratenem Reis - Mahlzeit vorbereiten<\/li>\n\n\n\n<li>Salatsch\u00fcsseln auf pflanzlicher Basis<\/li>\n\n\n\n<li>Kohlenhydratarme Reisgerichte<\/li>\n<\/ul>\n\n\n\n<h2 class=\"wp-block-heading\">Anwendungsszenarien<\/h2>\n\n\n\n<p>Hafer-Chia-Shirataki-Reis ist f\u00fcr verschiedene M\u00e4rkte f\u00fcr gesunde Lebensmittel geeignet.<\/p>\n\n\n\n<p><strong>Gesunde Mahlzeiten vorbereiten<\/strong><\/p>\n\n\n\n<p>Ideal f\u00fcr ausgewogene Mahlzeiten mit magerem Eiwei\u00df, Gem\u00fcse und funktionellem Getreide.<\/p>\n\n\n\n<p><strong>Gewichtsmanagement-Di\u00e4ten<\/strong><\/p>\n\n\n\n<p>Der niedrige Kaloriengehalt und der hohe Ballaststoffanteil unterst\u00fctzen die Portionskontrolle.<\/p>\n\n\n\n<p><strong>Funktionelle Lebensmittel<\/strong><\/p>\n\n\n\n<p>Geeignet f\u00fcr Wellness-Marken mit den Schwerpunkten <strong>Herzgesundheit, Verdauungsgesundheit und pflanzliche Ern\u00e4hrung<\/strong>.<\/p>\n\n\n\n<p><strong>Vegane und pflanzliche Lebensmittel<\/strong><\/p>\n\n\n\n<p>Eine nat\u00fcrliche pflanzliche Alternative zu herk\u00f6mmlichen Getreidesorten.<\/p>\n\n\n\n<h2 class=\"wp-block-heading\">Eigenmarke und OEM-Service<\/h2>\n\n\n\n<p>Eastern Morning bietet vollst\u00e4ndige <strong>OEM \/ White Label Fertigungsdienstleistungen<\/strong>.<\/p>\n\n\n\n<p><strong>Anpassungsoptionen<\/strong><\/p>\n\n\n\n<ul class=\"wp-block-list\">\n<li>Individuelles Verpackungsdesign<\/li>\n\n\n\n<li>Private Labeling<\/li>\n\n\n\n<li>Ma\u00dfgeschneiderte Ern\u00e4hrungsformeln<\/li>\n\n\n\n<li>Mehrsprachige Beschriftung<\/li>\n\n\n\n<li>Einzelhandels- und Gro\u00dfverpackungsoptionen<\/li>\n<\/ul>\n\n\n\n<p><strong>Unsere Dienstleistungen<\/strong><\/p>\n\n\n\n<ul class=\"wp-block-list\">\n<li>Kostenlose Produktproben<\/li>\n\n\n\n<li>Kundenspezifische Verpackung<\/li>\n\n\n\n<li>Entwicklung ma\u00dfgeschneiderter Formeln<\/li>\n\n\n\n<li>Unterst\u00fctzung der Lieferkette aus einer Hand<\/li>\n\n\n\n<li>Niedriges MOQ f\u00fcr neue Marken<\/li>\n<\/ul>\n\n\n\n<h2 class=\"wp-block-heading\">Zertifizierungen<\/h2>\n\n\n\n<p>Unsere Produktionsst\u00e4tte entspricht den internationalen Standards f\u00fcr Lebensmittelsicherheit:<\/p>\n\n\n\n<ul class=\"wp-block-list\">\n<li>BRC<\/li>\n\n\n\n<li>IFS<\/li>\n\n\n\n<li>HACCP<\/li>\n\n\n\n<li>HALAL<\/li>\n\n\n\n<li>KOSHER<\/li>\n\n\n\n<li>EU-Bio<\/li>\n<\/ul>\n\n\n\n<h2 class=\"wp-block-heading\">Bringen Sie Ihr eigenes funktionelles Konjac-Reis-Produkt auf den Markt<\/h2>\n\n\n\n<p>Ob Sie nun entwickeln <strong>gesunde Getreidealternativen, Mahlzeiten auf pflanzlicher Basis oder Wellness-Eigenmarkenprodukte<\/strong>Eastern Morning bietet zuverl\u00e4ssige Unterst\u00fctzung bei der Herstellung und beim Export.<\/p>\n\n\n\n<p>\u2714 OEM &amp; White Label<br>\u2714 Kostenlose Muster verf\u00fcgbar<br>\u2714 Stabile Lieferkette<\/p>\n\n\n\n<p><strong>Kontaktieren Sie uns noch heute, um Muster oder ein Angebot anzufordern.<\/strong><\/p>\n\n\n\n<p><\/p>","protected":false},"excerpt":{"rendered":"<p data-start=\"356\" data-end=\"652\"><strong data-start=\"356\" data-end=\"400\">\u00a0Hafer-Chia-Samen-Shirataki-Instant-Reis<\/strong> ist eine funktionelle Reisalternative auf pflanzlicher Basis, die aus <strong data-start=\"456\" data-end=\"515\">Konjac-Perlreis, Hafer, Chiasamen und gereinigtes Wasser<\/strong>. Diese n\u00e4hrstoffreiche Mischung kombiniert die Vorteile des Ballaststoffs Glucomannan aus Konjak mit den nat\u00fcrlichen N\u00e4hrstoffen von Hafer und Chiasamen.<\/p>\n<p data-start=\"654\" data-end=\"843\">Im Vergleich zu herk\u00f6mmlichen Getreidesorten bietet dieses Produkt <strong data-start=\"708\" data-end=\"743\">weniger Kalorien und mehr Ballaststoffe<\/strong>Sie helfen den Verbrauchern, sich l\u00e4nger satt zu f\u00fchlen, und unterst\u00fctzen gleichzeitig eine gesunde Verdauung und das Gewichtsmanagement.<\/p>\n<p><strong>Ballaststoffreiche Funktionsmischung -\u00a0<\/strong>Kombiniert Konjac-Glucomannan-Ballaststoffe, Haferfasern und l\u00f6sliche Chia-Ballaststoffe f\u00fcr eine verbesserte S\u00e4ttigung. <strong>Superfood-Reis auf pflanzlicher Basis - <\/strong>Enth\u00e4lt Chiasamen, die reich an Omega-3-Fetts\u00e4uren (ALA) sind und die Gesundheit des Herzens und eine ausgewogene Ern\u00e4hrung unterst\u00fctzen. <strong>Kalorienarme Reis-Alternative -\u00a0<\/strong>Ein leichterer Ersatz f\u00fcr traditionellen Reis, der dennoch eine s\u00e4ttigende Konsistenz aufweist. <strong>Verzehrfertige Convenience -\u00a0<\/strong>Schnelle Zubereitung - in nur 2 Minuten durch Erhitzen in der Mikrowelle fertig. <strong>Clean Label &amp; Di\u00e4tfreundlich - <\/strong>Geeignet f\u00fcr vegane, glutenbewusste und pflanzliche Ern\u00e4hrung.<\/p>","protected":false},"featured_media":3280,"comment_status":"open","ping_status":"closed","template":"","meta":[],"product_brand":[],"product_cat":[29],"product_tag":[],"class_list":{"0":"post-3279","1":"product","2":"type-product","3":"status-publish","4":"has-post-thumbnail","6":"product_cat-konjac-rice-series","8":"first","9":"instock","10":"shipping-taxable","11":"product-type-simple"},"_links":{"self":[{"href":"https:\/\/scmlkj.com\/de\/wp-json\/wp\/v2\/product\/3279","targetHints":{"allow":["GET"]}}],"collection":[{"href":"https:\/\/scmlkj.com\/de\/wp-json\/wp\/v2\/product"}],"about":[{"href":"https:\/\/scmlkj.com\/de\/wp-json\/wp\/v2\/types\/product"}],"replies":[{"embeddable":true,"href":"https:\/\/scmlkj.com\/de\/wp-json\/wp\/v2\/comments?post=3279"}],"wp:featuredmedia":[{"embeddable":true,"href":"https:\/\/scmlkj.com\/de\/wp-json\/wp\/v2\/media\/3280"}],"wp:attachment":[{"href":"https:\/\/scmlkj.com\/de\/wp-json\/wp\/v2\/media?parent=3279"}],"wp:term":[{"taxonomy":"product_brand","embeddable":true,"href":"https:\/\/scmlkj.com\/de\/wp-json\/wp\/v2\/product_brand?post=3279"},{"taxonomy":"product_cat","embeddable":true,"href":"https:\/\/scmlkj.com\/de\/wp-json\/wp\/v2\/product_cat?post=3279"},{"taxonomy":"product_tag","embeddable":true,"href":"https:\/\/scmlkj.com\/de\/wp-json\/wp\/v2\/product_tag?post=3279"}],"curies":[{"name":"wp","href":"https:\/\/api.w.org\/{rel}","templated":true}]}}