{"id":3281,"date":"2026-03-06T07:07:44","date_gmt":"2026-03-06T07:07:44","guid":{"rendered":"https:\/\/scmlkj.com\/?post_type=product&#038;p=3281"},"modified":"2026-03-06T07:47:05","modified_gmt":"2026-03-06T07:47:05","slug":"kohlenhydratarmer-quinoa-shirataki-reis","status":"publish","type":"product","link":"https:\/\/scmlkj.com\/de\/produkte\/kohlenhydratarmer-quinoa-shirataki-reis\/","title":{"rendered":"Low Carb Dreifarbiger Quinoa Shirataki Instant-Reis"},"content":{"rendered":"<h2 class=\"wp-block-heading\">Produktspezifikationen<\/h2>\n\n\n\n<figure class=\"wp-block-table\"><table class=\"has-fixed-layout\"><tbody><tr><td><strong>Artikel<\/strong><\/td><td><strong>Einzelheiten<\/strong><\/td><\/tr><tr><td>Produktname<\/td><td>Dreifarbiger Quinoa Shirataki Instant-Reis<\/td><\/tr><tr><td>Produkttyp<\/td><td>Konjac-Reis \/ Shirataki-Reis<\/td><\/tr><tr><td>Stil<\/td><td>Sofort, fertig zum Verzehr <\/td><\/tr><tr><td>Art der Verarbeitung<\/td><td>Verfeinert<\/td><\/tr><tr><td>Merkmal<\/td><td>Kohlenhydratarm \u00b7 Abnehmen<\/td><\/tr><tr><td>Hauptbestandteile<\/td><td>Konjac-Reis, Wasser, wei\u00dfe Quinoa, rote Quinoa, schwarze Quinoa<\/td><\/tr><tr><td>Ballaststoffe<\/td><td>4.1 g<\/td><\/tr><tr><td>Fett<\/td><td><strong>Null<\/strong><\/td><\/tr><tr><td>Zucker<\/td><td><strong>Null<\/strong><\/td><\/tr><tr><td>Glutenfrei<\/td><td>Ja<\/td><\/tr><tr><td>Zubereitungsmethode<\/td><td><strong>Mikrowelle<\/strong>Hydrothermal<\/td><\/tr><tr><td>Haltbarkeitsdauer<\/td><td>18 Monate<\/td><\/tr><tr><td>Nettogewicht<\/td><td>180 g<\/td><\/tr><tr><td>Zertifizierungen<\/td><td>BRC \u00b7 IFS \u00b7 HACCP \u00b7 HALAL \u00b7 KOSHER \u00b7 NOP \u00b7 EU-BIO<\/td><\/tr><tr><td>Marke<\/td><td>OEM akzeptiert<\/td><\/tr><tr><td>Herkunftsort<\/td><td>Sichuan, China<\/td><\/tr><\/tbody><\/table><\/figure>\n\n\n\n<h2 class=\"wp-block-heading\">Wie man isst<\/h2>\n\n\n\n<p><strong>Mikrowellenerw\u00e4rmung<\/strong><\/p>\n\n\n\n<p>Erhitzen Sie das Produkt in der Mikrowelle f\u00fcr <strong>etwa 2 Minuten<\/strong>umr\u00fchren und servieren.<\/p>\n\n\n\n<p>Kreative Rezeptideen<\/p>\n\n\n\n<ul class=\"wp-block-list\">\n<li>Gesundes Huhn mit gebratenem Reis - Mahlzeit vorbereiten<\/li>\n\n\n\n<li>Konjac-Quinoa-Milchreis-Pudding<\/li>\n\n\n\n<li>Salatsch\u00fcsseln auf pflanzlicher Basis<\/li>\n\n\n\n<li>Kohlenhydratarme Getreideschalen<\/li>\n<\/ul>\n\n\n\n<h2 class=\"wp-block-heading\">Anwendungsszenarien<\/h2>\n\n\n\n<p>Tri-Color Quinoa Shirataki Instant-Reis eignet sich f\u00fcr mehrere schnell wachsende M\u00e4rkte f\u00fcr gesunde Lebensmittel.<\/p>\n\n\n\n<p><strong>Gesunde Fertiggerichte<\/strong><\/p>\n\n\n\n<p>Ideal f\u00fcr Mikrowellengerichte, gesunde Sch\u00fcsseln und Tiefk\u00fchlgerichte.<\/p>\n\n\n\n<p><strong>Fitness und Gewichtsmanagement<\/strong><\/p>\n\n\n\n<p>Der geringe Kalorien- und Ballaststoffgehalt unterst\u00fctzt die Portionskontrolle und das S\u00e4ttigungsgef\u00fchl.<\/p>\n\n\n\n<p><strong>Pflanzliche Lebensmittel<\/strong><\/p>\n\n\n\n<p>Eine nat\u00fcrliche vegane Reisalternative mit verbessertem N\u00e4hrwert.<\/p>\n\n\n\n<p><strong>Funktionelle Lebensmittel und Superfood-Produkte<\/strong><\/p>\n\n\n\n<p>Kombiniert Konjac-Fasern mit Quinoa-N\u00e4hrstoffen f\u00fcr Marken, die sich auf Wellness konzentrieren.<\/p>\n\n\n\n<h2 class=\"wp-block-heading\">Eigenmarke und OEM-Service<\/h2>\n\n\n\n<p>Eastern Morning bietet vollst\u00e4ndige <strong>OEM \/ White Label Fertigungsdienstleistungen<\/strong>.<\/p>\n\n\n\n<p><strong>Anpassungsoptionen<\/strong><\/p>\n\n\n\n<ul class=\"wp-block-list\">\n<li>Individuelles Verpackungsdesign<\/li>\n\n\n\n<li>Private Labeling<\/li>\n\n\n\n<li>Ma\u00dfgeschneiderte Ern\u00e4hrungsformeln<\/li>\n\n\n\n<li>Mehrsprachige Beschriftung<\/li>\n\n\n\n<li>Einzelhandels- und Gro\u00dfverpackungsoptionen<\/li>\n<\/ul>\n\n\n\n<p><strong>Unsere Dienstleistungen<\/strong><\/p>\n\n\n\n<ul class=\"wp-block-list\">\n<li>Kostenlose Produktproben<\/li>\n\n\n\n<li>Kundenspezifische Verpackung<\/li>\n\n\n\n<li>Entwicklung ma\u00dfgeschneiderter Formeln<\/li>\n\n\n\n<li>Unterst\u00fctzung der Lieferkette aus einer Hand<\/li>\n\n\n\n<li>Niedriges MOQ f\u00fcr neue Marken<\/li>\n<\/ul>\n\n\n\n<h2 class=\"wp-block-heading\">Zertifizierungen<\/h2>\n\n\n\n<p>Unsere Produktionsst\u00e4tte entspricht den internationalen Standards f\u00fcr Lebensmittelsicherheit:<\/p>\n\n\n\n<ul class=\"wp-block-list\">\n<li>BRC<\/li>\n\n\n\n<li>IFS<\/li>\n\n\n\n<li>HACCP<\/li>\n\n\n\n<li>HALAL<\/li>\n\n\n\n<li>KOSHER<\/li>\n\n\n\n<li>EU-Bio<\/li>\n<\/ul>\n\n\n\n<h2 class=\"wp-block-heading\">Entwickeln Sie Ihr eigenes Konjac-Reis-Produkt<\/h2>\n\n\n\n<p>Ob Sie nun eine neue <strong>Superfood-Reisprodukte, pflanzliche Mahlzeiten oder ketofreundliche Fertiggerichte<\/strong>Eastern Morning bietet zuverl\u00e4ssige Unterst\u00fctzung bei der Herstellung und beim Export.<\/p>\n\n\n\n<p>\u2714 OEM &amp; Eigenmarke<br>\u2714 Kostenlose Muster verf\u00fcgbar<br>\u2714 Stabile Versorgung und globaler Export<\/p>\n\n\n\n<p><strong>Kontaktieren Sie uns noch heute, um Muster oder ein Angebot anzufordern.<\/strong><\/p>","protected":false},"excerpt":{"rendered":"<p data-start=\"313\" data-end=\"602\"><strong data-start=\"313\" data-end=\"353\">Dreifarbiger Quinoa-Shirataki-Reis<\/strong> ist eine funktionelle Getreidealternative auf pflanzlicher Basis, die Konjakreis mit wei\u00dfem, rotem und schwarzem Quinoa kombiniert. Diese innovative Mischung bietet ein ausgewogenes N\u00e4hrstoffprofil mit einem hohen Anteil an Ballaststoffen aus Konjak und vollst\u00e4ndigem Pflanzenprotein aus Quinoa.<\/p>\n<p data-start=\"604\" data-end=\"879\">Im Vergleich zu herk\u00f6mmlichem Reis bietet dieses Produkt weniger Kalorien und weniger Kohlenhydrate, w\u00e4hrend Quinoa nat\u00fcrliche Mikron\u00e4hrstoffe und eine verbesserte Textur beisteuert. Die Kombination ergibt ein gesundes Grundnahrungsmittel, das sich f\u00fcr moderne Low-Carb-, Keto-, Vegan- und Wellness-Di\u00e4ten eignet.<\/p>\n<p><strong>Kohlenhydratarme und kalorienarme Alternative -\u00a0<\/strong>Konjac-Reis liefert im Vergleich zu herk\u00f6mmlichen Getreidesorten deutlich weniger Kalorien und Kohlenhydrate. <strong>Vollst\u00e4ndige pflanzliche Ern\u00e4hrung -\u00a0<\/strong>Dreifarbiges Quinoa liefert nat\u00fcrliches Pflanzenprotein und Mikron\u00e4hrstoffe. <strong>Ballaststoffreiche funktionelle Lebensmittel -\u00a0<\/strong>Reich an Glucomannan-Ballaststoffen, die die Gesundheit der Verdauung und die S\u00e4ttigung f\u00f6rdern. <strong>Clean Label &amp; Pflanzlich -\u00a0<\/strong>Nicht gentechnisch ver\u00e4ndert, veganfreundlich und f\u00fcr die moderne gesunde Ern\u00e4hrung geeignet. <strong>Schnell &amp; Bequem -\u00a0<\/strong>In wenigen Minuten durch Erhitzen in der Mikrowelle oder einfaches Kochen zubereitet.<\/p>","protected":false},"featured_media":3282,"comment_status":"open","ping_status":"closed","template":"","meta":[],"product_brand":[],"product_cat":[29],"product_tag":[],"class_list":{"0":"post-3281","1":"product","2":"type-product","3":"status-publish","4":"has-post-thumbnail","6":"product_cat-konjac-rice-series","8":"first","9":"instock","10":"shipping-taxable","11":"product-type-simple"},"_links":{"self":[{"href":"https:\/\/scmlkj.com\/de\/wp-json\/wp\/v2\/product\/3281","targetHints":{"allow":["GET"]}}],"collection":[{"href":"https:\/\/scmlkj.com\/de\/wp-json\/wp\/v2\/product"}],"about":[{"href":"https:\/\/scmlkj.com\/de\/wp-json\/wp\/v2\/types\/product"}],"replies":[{"embeddable":true,"href":"https:\/\/scmlkj.com\/de\/wp-json\/wp\/v2\/comments?post=3281"}],"wp:featuredmedia":[{"embeddable":true,"href":"https:\/\/scmlkj.com\/de\/wp-json\/wp\/v2\/media\/3282"}],"wp:attachment":[{"href":"https:\/\/scmlkj.com\/de\/wp-json\/wp\/v2\/media?parent=3281"}],"wp:term":[{"taxonomy":"product_brand","embeddable":true,"href":"https:\/\/scmlkj.com\/de\/wp-json\/wp\/v2\/product_brand?post=3281"},{"taxonomy":"product_cat","embeddable":true,"href":"https:\/\/scmlkj.com\/de\/wp-json\/wp\/v2\/product_cat?post=3281"},{"taxonomy":"product_tag","embeddable":true,"href":"https:\/\/scmlkj.com\/de\/wp-json\/wp\/v2\/product_tag?post=3281"}],"curies":[{"name":"wp","href":"https:\/\/api.w.org\/{rel}","templated":true}]}}