{"id":3552,"date":"2026-04-21T07:23:59","date_gmt":"2026-04-21T07:23:59","guid":{"rendered":"https:\/\/scmlkj.com\/?post_type=product&#038;p=3552"},"modified":"2026-04-21T07:49:48","modified_gmt":"2026-04-21T07:49:48","slug":"bio-konjakmehl-lose","status":"publish","type":"product","link":"https:\/\/scmlkj.com\/de\/produkte\/bio-konjakmehl-lose\/","title":{"rendered":"Bio-Konjakmehl lose (Glucomannan-Pulver)"},"content":{"rendered":"<h2 class=\"wp-block-heading\">Technische Spezifikationen<\/h2>\n\n\n\n<figure class=\"wp-block-table\"><table class=\"has-fixed-layout\"><thead><tr><th>Parameter<\/th><th>Spezifikation<\/th><\/tr><\/thead><tbody><tr><td>Konjak-Glucomannan (KGM)<\/td><td>\u2265 90%<\/td><\/tr><tr><td>Partikelgr\u00f6\u00dfe<\/td><td>95% Durchgang 120 Maschen<\/td><\/tr><tr><td>Viskosit\u00e4t (1%, 25\u00b0C)<\/td><td>25.000 - 36.000 mPa.s<\/td><\/tr><tr><td>pH-Wert (1%ige L\u00f6sung)<\/td><td>5,0 \u2013 7,0<\/td><\/tr><tr><td>Feuchtigkeit<\/td><td>\u2264 10%<\/td><\/tr><tr><td>Esche<\/td><td>\u2264 3.0%<\/td><\/tr><tr><td>Eiwei\u00df<\/td><td>\u2264 3%<\/td><\/tr><tr><td>St\u00e4rke<\/td><td>\u2264 3%<\/td><\/tr><tr><td>SO\u2082<\/td><td>\u2264 0,2 g\/kg<\/td><\/tr><tr><td>Schwermetalle<\/td><td>Pb \u2264 2 mg\/kg \/ As \u2264 3 mg\/kg<\/td><\/tr><tr><td>Mikrobiologie<\/td><td>TPC \u2264 1000 KBE\/g<\/td><\/tr><tr><td>Salmonellen<\/td><td>Negativ<\/td><\/tr><tr><td>E. coli<\/td><td>Negativ<\/td><\/tr><\/tbody><\/table><\/figure>\n\n\n\n<h2 class=\"wp-block-heading\">Wichtige Anwendungen<\/h2>\n\n\n\n<h3 class=\"wp-block-heading\">Lebensmittelindustrie<\/h3>\n\n\n\n<ul class=\"wp-block-list\">\n<li>Konjac-Nudeln &amp; Reis<\/li>\n\n\n\n<li>Vegane Fleischprodukte<\/li>\n\n\n\n<li>Kalorienarme Lebensmittel<\/li>\n\n\n\n<li>Gelee &amp; Desserts<\/li>\n<\/ul>\n\n\n\n<h3 class=\"wp-block-heading\">Nahrungserg\u00e4nzungsmittel<\/h3>\n\n\n\n<ul class=\"wp-block-list\">\n<li>Ballaststoff-Pulver<\/li>\n\n\n\n<li>Produkte zur Gewichtskontrolle<\/li>\n\n\n\n<li>Formeln zur Entgiftung und Verdauungsgesundheit<\/li>\n<\/ul>\n\n\n\n<h3 class=\"wp-block-heading\">Funktionelle Getr\u00e4nke<\/h3>\n\n\n\n<ul class=\"wp-block-list\">\n<li>Glucomannan-Getr\u00e4nke<\/li>\n\n\n\n<li>Mahlzeitenersatz-Shakes<\/li>\n<\/ul>\n\n\n\n<h3 class=\"wp-block-heading\">Industrie und Lebensmittelverarbeitung<\/h3>\n\n\n\n<ul class=\"wp-block-list\">\n<li>Verdickungsmittel und Stabilisator<\/li>\n\n\n\n<li>Textur-Modifikator<\/li>\n<\/ul>\n\n\n\n<h2 class=\"wp-block-heading\">Verpackung &amp; Sch\u00fcttgutversorgung<\/h2>\n\n\n\n<figure class=\"wp-block-image size-large\"><img fetchpriority=\"high\" decoding=\"async\" width=\"1024\" height=\"576\" src=\"https:\/\/scmlkj.com\/wp-content\/uploads\/2026\/04\/Konjac-flour-package-1024x576.jpg\" alt=\"\" class=\"wp-image-3557\" srcset=\"https:\/\/scmlkj.com\/wp-content\/uploads\/2026\/04\/Konjac-flour-package-1024x576.jpg 1024w, https:\/\/scmlkj.com\/wp-content\/uploads\/2026\/04\/Konjac-flour-package-300x169.jpg 300w, https:\/\/scmlkj.com\/wp-content\/uploads\/2026\/04\/Konjac-flour-package-768x432.jpg 768w, https:\/\/scmlkj.com\/wp-content\/uploads\/2026\/04\/Konjac-flour-package-1536x864.jpg 1536w, https:\/\/scmlkj.com\/wp-content\/uploads\/2026\/04\/Konjac-flour-package-18x10.jpg 18w, https:\/\/scmlkj.com\/wp-content\/uploads\/2026\/04\/Konjac-flour-package-600x338.jpg 600w, https:\/\/scmlkj.com\/wp-content\/uploads\/2026\/04\/Konjac-flour-package.jpg 1600w\" sizes=\"(max-width: 1024px) 100vw, 1024px\" \/><\/figure>\n\n\n\n<h2 class=\"wp-block-heading\">OEM &amp; Private Label L\u00f6sungen<\/h2>\n\n\n\n<p>Eastern Morning bietet vollst\u00e4ndige <strong>OEM \/ ODM-Unterst\u00fctzung<\/strong>:<\/p>\n\n\n\n<h3 class=\"wp-block-heading\">Anpassungsoptionen<\/h3>\n\n\n\n<ul class=\"wp-block-list\">\n<li>Ma\u00dfgeschneiderte KGM-Ebenen<\/li>\n\n\n\n<li>Kundenspezifischer Viskosit\u00e4tsbereich<\/li>\n\n\n\n<li>Geschmacks- und Funktionsmischungen<\/li>\n\n\n\n<li>Entwicklung von Einzelhandelsverpackungen<\/li>\n\n\n\n<li>Erg\u00e4nzungsf\u00e4hige Formulierungen<\/li>\n<\/ul>\n\n\n\n<h3 class=\"wp-block-heading\">Unsere Dienstleistungen<\/h3>\n\n\n\n<ul class=\"wp-block-list\">\n<li>Kostenlose Proben<\/li>\n\n\n\n<li>Entwicklung kundenspezifischer Formeln<\/li>\n\n\n\n<li>Unterst\u00fctzung beim Verpackungsdesign<\/li>\n\n\n\n<li>Lieferkettenl\u00f6sung aus einer Hand<\/li>\n\n\n\n<li>Niedriges MOQ f\u00fcr neue Marken<\/li>\n<\/ul>\n\n\n\n<p><\/p>\n\n\n\n<h2 class=\"wp-block-heading\">Starten Sie Ihr Projekt zur Versorgung mit Konjakmehl<\/h2>\n\n\n\n<p>Ob Sie nun produzieren <strong>funktionelle Lebensmittel, Nahrungserg\u00e4nzungsmittel oder Produkte auf pflanzlicher Basis<\/strong>Eastern Morning bietet zuverl\u00e4ssige Gro\u00dflieferungen und OEM-L\u00f6sungen.<\/p>\n\n\n\n<p>\u2714 Hochreines Konjakmehl<br>\u2714 Stabile Versorgung &amp; schnelle Probenahme<br>\u2714 OEM &amp; Private Label Unterst\u00fctzung<\/p>\n\n\n\n<p>\ud83d\udc49 <a href=\"https:\/\/scmlkj.com\/de\/kontakt\/\">Heute ein Angebot anfordern<\/a><\/p>\n\n\n\n<p><\/p>","protected":false},"excerpt":{"rendered":"<p>Hochreine Ballaststoffe f\u00fcr Lebensmittel, Nahrungserg\u00e4nzungsmittel und funktionelle Produkte<\/p>\n<p data-start=\"325\" data-end=\"514\">Eastern Morning's Organic Konjac Flour Bulk ist ein hochreines Glucomannan-Pulver, das aus hochwertigen Konjakwurzeln gewonnen wird, die in Sichuan, China, dem wichtigsten Konjakanbaugebiet der Welt, angebaut werden.<\/p>\n<p data-start=\"516\" data-end=\"701\">Mit KGM \u226590%, ausgezeichneter Wasseraufnahme und hoher Viskosit\u00e4t findet dieses Produkt breite Anwendung in der Lebensmittelherstellung, bei Nahrungserg\u00e4nzungsmitteln, funktionellen Getr\u00e4nken und Gesundheitsprodukten.<\/p>\n<p data-start=\"703\" data-end=\"863\">Unser Konjakmehl wurde f\u00fcr die Lieferung in gro\u00dfen Mengen sowie f\u00fcr OEM- und Eigenmarkenanwendungen entwickelt und zeichnet sich durch stabile Leistung, gleichbleibende Qualit\u00e4t und vollst\u00e4ndige Exportkonformit\u00e4t aus.<\/p>\n<p data-section-id=\"17oieei\" data-start=\"2253\" data-end=\"2286\"><span role=\"text\"><strong data-start=\"2256\" data-end=\"2286\">Unterst\u00fctzt das Gewichtsmanagement<\/strong><\/span><\/p>\n<p data-start=\"2287\" data-end=\"2364\">Glucomannan dehnt sich in Wasser aus, erh\u00f6ht das S\u00e4ttigungsgef\u00fchl und reduziert die Kalorienaufnahme.<\/p>\n<p data-section-id=\"1pimw78\" data-start=\"2366\" data-end=\"2397\"><span role=\"text\"><strong data-start=\"2369\" data-end=\"2397\">Unterst\u00fctzung der Verdauungsgesundheit<\/strong><\/span><\/p>\n<p data-start=\"2398\" data-end=\"2452\">Wirkt als l\u00f6slicher Ballaststoff zur Unterst\u00fctzung der Darmgesundheit.<\/p>\n<p data-section-id=\"17qmaax\" data-start=\"2454\" data-end=\"2494\"><span role=\"text\"><strong data-start=\"2457\" data-end=\"2494\">Kalorienarmer funktioneller Inhaltsstoff<\/strong><\/span><\/p>\n<p data-start=\"2495\" data-end=\"2556\">Ideal f\u00fcr kohlenhydratarme, ketogene und diabetikerfreundliche Rezepturen.<\/p>","protected":false},"featured_media":3556,"comment_status":"open","ping_status":"closed","template":"","meta":[],"product_brand":[],"product_cat":[50],"product_tag":[],"class_list":{"0":"post-3552","1":"product","2":"type-product","3":"status-publish","4":"has-post-thumbnail","6":"product_cat-konjac-flour","8":"first","9":"instock","10":"shipping-taxable","11":"product-type-simple"},"_links":{"self":[{"href":"https:\/\/scmlkj.com\/de\/wp-json\/wp\/v2\/product\/3552","targetHints":{"allow":["GET"]}}],"collection":[{"href":"https:\/\/scmlkj.com\/de\/wp-json\/wp\/v2\/product"}],"about":[{"href":"https:\/\/scmlkj.com\/de\/wp-json\/wp\/v2\/types\/product"}],"replies":[{"embeddable":true,"href":"https:\/\/scmlkj.com\/de\/wp-json\/wp\/v2\/comments?post=3552"}],"wp:featuredmedia":[{"embeddable":true,"href":"https:\/\/scmlkj.com\/de\/wp-json\/wp\/v2\/media\/3556"}],"wp:attachment":[{"href":"https:\/\/scmlkj.com\/de\/wp-json\/wp\/v2\/media?parent=3552"}],"wp:term":[{"taxonomy":"product_brand","embeddable":true,"href":"https:\/\/scmlkj.com\/de\/wp-json\/wp\/v2\/product_brand?post=3552"},{"taxonomy":"product_cat","embeddable":true,"href":"https:\/\/scmlkj.com\/de\/wp-json\/wp\/v2\/product_cat?post=3552"},{"taxonomy":"product_tag","embeddable":true,"href":"https:\/\/scmlkj.com\/de\/wp-json\/wp\/v2\/product_tag?post=3552"}],"curies":[{"name":"wp","href":"https:\/\/api.w.org\/{rel}","templated":true}]}}