{"id":3688,"date":"2026-04-23T03:05:28","date_gmt":"2026-04-23T03:05:28","guid":{"rendered":"https:\/\/scmlkj.com\/?post_type=product&#038;p=3688"},"modified":"2026-04-23T06:28:28","modified_gmt":"2026-04-23T06:28:28","slug":"vegane-konjak-kuttelseide","status":"publish","type":"product","link":"https:\/\/scmlkj.com\/de\/produkte\/vegane-konjak-kuttelseide\/","title":{"rendered":"Kohlenhydratarme, ballaststoffreiche, pflanzliche Konjac-Kutteln Seide"},"content":{"rendered":"<h2 class=\"wp-block-heading\">Produktspezifikationen<\/h2>\n\n\n\n<figure class=\"wp-block-table\"><table class=\"has-fixed-layout\"><thead><tr><th>Artikel<\/th><th>Spezifikation<\/th><\/tr><\/thead><tbody><tr><td>Produktname<\/td><td>Konjac-Kutteln Seide<\/td><\/tr><tr><td>Produkttyp<\/td><td>Fertiggerichte<\/td><\/tr><tr><td>Stil<\/td><td>Sofort<\/td><\/tr><tr><td>Hauptbestandteile<\/td><td>Pflanzliche Inhaltsstoffe auf Konjac-Basis<\/td><\/tr><tr><td>Haltbarkeitsdauer<\/td><td>9 Monate<\/td><\/tr><tr><td>Lagerung<\/td><td>An einem k\u00fchlen, trockenen Ort aufbewahren<\/td><\/tr><tr><td>Verpackung<\/td><td>Tasche<\/td><\/tr><tr><td>Verwendung<\/td><td>Catering \/ Lebensmittelservice<\/td><\/tr><\/tbody><\/table><\/figure>\n\n\n\n<h2 class=\"wp-block-heading\">Anwendungsszenarien<\/h2>\n\n\n\n<h3 class=\"wp-block-heading\">Hot Pot &amp; Asiatische K\u00fcche<\/h3>\n\n\n\n<p>Perfekt f\u00fcr scharfe Eint\u00f6pfe, Sichuan-Gerichte und koreanische Rezepte.<\/p>\n\n\n\n<h3 class=\"wp-block-heading\">Entwicklung pflanzenbasierter Men\u00fcs<\/h3>\n\n\n\n<p>Ideal f\u00fcr vegane Restaurants und Men\u00fcs mit Fleischalternativen.<\/p>\n\n\n\n<h3 class=\"wp-block-heading\">Fertiggerichte und vorgekochte Gerichte<\/h3>\n\n\n\n<p>Geeignet f\u00fcr Tiefk\u00fchlgerichte, Mahlzeiten-Sets und Fertiggerichte.<\/p>\n\n\n\n<h3 class=\"wp-block-heading\">Catering &amp; Lebensmittelservice<\/h3>\n\n\n\n<p>Konzipiert f\u00fcr den hocheffizienten Einsatz in der K\u00fcche.<\/p>\n\n\n\n<h2 class=\"wp-block-heading\">Erweitern Sie Ihre pflanzenbasierte Produktlinie<\/h2>\n\n\n\n<p>Ob Sie nun entwickeln <strong>vegane Men\u00fcs, Fertiggerichte oder innovative Lebensmittelprodukte<\/strong>Eastern Morning bietet zuverl\u00e4ssige L\u00f6sungen auf der Basis von Konjak an.<\/p>\n\n\n\n<p>\u2714 Pflanzenbasierte Innovation<br>\u2714 OEM &amp; Eigenmarke<br>\u2714 Stabile Versorgung<\/p>\n\n\n\n<p>\ud83d\udc49 <strong><a href=\"https:\/\/scmlkj.com\/de\/kontakt\/\">Heute ein Angebot anfordern<\/a><\/strong><\/p>\n\n\n\n<p><\/p>","protected":false},"excerpt":{"rendered":"<p data-start=\"346\" data-end=\"536\">Eastern Morning's Konjac Tripe Silk ist eine pflanzliche Alternative zu herk\u00f6mmlichen Kutteln, die aus Konjac-Zutaten hergestellt wird, um die Textur und das Mundgef\u00fchl von tierischen Kutteln nachzuahmen.<\/p>\n<p data-start=\"538\" data-end=\"723\">Dieses Produkt bietet eine kalorienarme, ballaststoffreiche und veganfreundliche L\u00f6sung f\u00fcr moderne Lebensmittelanwendungen, insbesondere f\u00fcr Hot Pot, pikante Gerichte, Fertiggerichte und pflanzliche Men\u00fcs.<\/p>\n<p data-start=\"725\" data-end=\"911\">Die f\u00fcr Catering, Foodservice und OEM-Projekte konzipierte Konjak-Kuttelseide bietet einen neutralen Geschmack und eine hervorragende Saucenaufnahme, was sie zu einer vielseitigen Zutat f\u00fcr die globale K\u00fcche macht.<\/p>\n<ul>\n<li data-start=\"725\" data-end=\"911\">Kutteln auf pflanzlicher Basis als Alternative<\/li>\n<li data-start=\"725\" data-end=\"911\">Kohlenhydratarm und ballaststoffreich<\/li>\n<li data-start=\"725\" data-end=\"911\">Neutraler Geschmack &amp; hohe Absorption<\/li>\n<li data-start=\"725\" data-end=\"911\">Gebrauchsfertige Bequemlichkeit<\/li>\n<\/ul>","protected":false},"featured_media":3689,"comment_status":"open","ping_status":"closed","template":"","meta":[],"product_brand":[],"product_cat":[91],"product_tag":[],"class_list":{"0":"post-3688","1":"product","2":"type-product","3":"status-publish","4":"has-post-thumbnail","6":"product_cat-konjac-vegan-food","8":"first","9":"instock","10":"shipping-taxable","11":"product-type-simple"},"_links":{"self":[{"href":"https:\/\/scmlkj.com\/de\/wp-json\/wp\/v2\/product\/3688","targetHints":{"allow":["GET"]}}],"collection":[{"href":"https:\/\/scmlkj.com\/de\/wp-json\/wp\/v2\/product"}],"about":[{"href":"https:\/\/scmlkj.com\/de\/wp-json\/wp\/v2\/types\/product"}],"replies":[{"embeddable":true,"href":"https:\/\/scmlkj.com\/de\/wp-json\/wp\/v2\/comments?post=3688"}],"wp:featuredmedia":[{"embeddable":true,"href":"https:\/\/scmlkj.com\/de\/wp-json\/wp\/v2\/media\/3689"}],"wp:attachment":[{"href":"https:\/\/scmlkj.com\/de\/wp-json\/wp\/v2\/media?parent=3688"}],"wp:term":[{"taxonomy":"product_brand","embeddable":true,"href":"https:\/\/scmlkj.com\/de\/wp-json\/wp\/v2\/product_brand?post=3688"},{"taxonomy":"product_cat","embeddable":true,"href":"https:\/\/scmlkj.com\/de\/wp-json\/wp\/v2\/product_cat?post=3688"},{"taxonomy":"product_tag","embeddable":true,"href":"https:\/\/scmlkj.com\/de\/wp-json\/wp\/v2\/product_tag?post=3688"}],"curies":[{"name":"wp","href":"https:\/\/api.w.org\/{rel}","templated":true}]}}