{"id":581,"date":"2025-11-14T04:24:19","date_gmt":"2025-11-14T04:24:19","guid":{"rendered":"https:\/\/scmlkj.com\/?post_type=product&#038;p=581"},"modified":"2026-04-12T07:21:26","modified_gmt":"2026-04-12T07:21:26","slug":"feuchter-konjakreis","status":"publish","type":"product","link":"https:\/\/scmlkj.com\/de\/produkte\/feuchter-konjakreis\/","title":{"rendered":"Kalorienarmer Shirataki-Konjak-Reis"},"content":{"rendered":"<h2 class=\"wp-block-heading\">Grundlegende Informationen<\/h2>\n\n\n\n<p>Konjakreis wird aus <strong>Konjakpulver (Glucomannan)<\/strong> und Wasser mittels kontrollierter Verarbeitungstechnologie hergestellt.<br>Es handelt sich um eine <strong>kalorienarme Reisalternative<\/strong> reich an l\u00f6slichen Ballaststoffen und weit verbreitet in Schlankheits- und Functional-Food-M\u00e4rkten.<\/p>\n\n\n\n<p>Diese Feuchtversion bietet:<\/p>\n\n\n\n<ul class=\"wp-block-list\">\n<li>Kein Einweichen erforderlich<\/li>\n\n\n\n<li>Schnellere Zubereitung<\/li>\n\n\n\n<li>Weichere, nat\u00fcrlichere Reis-Textur<\/li>\n\n\n\n<li>Einfache Annahme f\u00fcr Erstverbraucher<\/li>\n<\/ul>\n\n\n\n<h2 class=\"wp-block-heading\">N\u00e4hrwertbezogene Informationen<\/h2>\n\n\n\n<figure class=\"wp-block-table\"><table class=\"has-fixed-layout\"><tbody><tr><td><strong>Artikel<\/strong><\/td><td><strong>Pro 100g<\/strong><\/td><td><strong>NRV%<\/strong><\/td><\/tr><tr><td>Energie<\/td><td>25 kJ<\/td><td>0%<\/td><\/tr><tr><td>Eiwei\u00df<\/td><td>0 g<\/td><td>0%<\/td><\/tr><tr><td>Fett<\/td><td>0 g<\/td><td>0%<\/td><\/tr><tr><td>Kohlenhydrate<\/td><td>0 g<\/td><td>0%<\/td><\/tr><tr><td>Ballaststoffe<\/td><td>3,1 g<\/td><td>0%<\/td><\/tr><tr><td>Natrium<\/td><td>0 g<\/td><td>0%<\/td><\/tr><\/tbody><\/table><\/figure>\n\n\n\n<h2 class=\"wp-block-heading\">Produktspezifikationen<\/h2>\n\n\n\n<figure class=\"wp-block-table\"><table class=\"has-fixed-layout\"><tbody><tr><td><strong>Artikel<\/strong><\/td><td><strong>Einzelheiten<\/strong><\/td><\/tr><tr><td>Produktname<\/td><td>Kalorienarmer Shirataki-Konjak-Reis<\/td><\/tr><tr><td>Produkttyp<\/td><td>Konjac-Reis nass<\/td><\/tr><tr><td>Stil<\/td><td>Verzehrfertig<\/td><\/tr><tr><td>Nettoinhalt<\/td><td><strong>270 g<\/strong> (fest \u2265 200g)<\/td><\/tr><tr><td>Merkmal<\/td><td>Null Fett \u00b7 Kalorienarm<\/td><\/tr><tr><td>Hauptbestandteile<\/td><td>Reines Wasser, Konjakpulver<\/td><\/tr><tr><td>Fett<\/td><td><strong>Null<\/strong><\/td><\/tr><tr><td>Zucker<\/td><td><strong>Null<\/strong><\/td><\/tr><tr><td>Glutenfrei<\/td><td>Ja<\/td><\/tr><tr><td>Ballaststoffe<\/td><td><strong><strong>3,1g \/ 100g<\/strong><\/strong><\/td><\/tr><tr><td>Haltbarkeitsdauer<\/td><td>12 Monate<\/td><\/tr><tr><td>Verpackung<\/td><td>Tasche <\/td><\/tr><tr><td>Zertifizierungen<\/td><td>BRC \u00b7 IFS \u00b7 HACCP \u00b7 HALAL \u00b7 KOSHER \u00b7 NOP \u00b7 EU-BIO<\/td><\/tr><tr><td>Marke<\/td><td>OEM akzeptiert<\/td><\/tr><tr><td>Herkunftsort<\/td><td>Sichuan, China<\/td><\/tr><\/tbody><\/table><\/figure>\n\n\n\n<h2 class=\"wp-block-heading\">Zutaten<\/h2>\n\n\n\n<p>Reines Wasser<\/p>\n\n\n\n<p>Konjakpulver<\/p>\n\n\n\n<p>\u2714 Kein Reis \u00b7 kein Weizen \u00b7 kein Getreide \u00b7 kein Fett \u00b7 kein Zucker<\/p>\n\n\n\n<h2 class=\"wp-block-heading\">Gesundheits- &amp; Schlankheitsvorteile<\/h2>\n\n\n\n<p><strong>Fettfreier Mahlzeitenersatz<\/strong><\/p>\n\n\n\n<p>Mit <strong>0 Fett, 0 Zucker und extrem kalorienarm,<\/strong>hilft dieser Konjakreis, kalorienreiche Grundnahrungsmittel zu ersetzen, ohne auf Mahlzeitenzufriedenheit zu verzichten.<\/p>\n\n\n\n<hr class=\"wp-block-separator has-alpha-channel-opacity\"\/>\n\n\n\n<p><strong>Hochl\u00f6sliche Ballaststoffe<\/strong><\/p>\n\n\n\n<p>Konjak-Glucomannan:<\/p>\n\n\n\n<ul class=\"wp-block-list\">\n<li>nimmt Wasser auf und dehnt sich im Magen aus<\/li>\n\n\n\n<li>erh\u00f6ht die F\u00fclle<\/li>\n\n\n\n<li>hilft, Hunger und Kalorienaufnahme zu reduzieren<\/li>\n<\/ul>\n\n\n\n<p>Unterst\u00fctzt langfristige Gewichtskontrolle.<\/p>\n\n\n\n<hr class=\"wp-block-separator has-alpha-channel-opacity\"\/>\n\n\n\n<p><strong>Blutzuckerfreundlich<\/strong><\/p>\n\n\n\n<p>Geringe glyk\u00e4mische Wirkung macht ihn geeignet f\u00fcr:<\/p>\n\n\n\n<ul class=\"wp-block-list\">\n<li>Diabetiker-Di\u00e4ten<\/li>\n\n\n\n<li>Low-GI-Ern\u00e4hrungspl\u00e4ne<\/li>\n\n\n\n<li>Stoffwechselgesundheits-Management<\/li>\n<\/ul>\n\n\n\n<h2 class=\"wp-block-heading\">Wie man sich vorbereitet<\/h2>\n\n\n\n<ol class=\"wp-block-list\">\n<li>Konjakreis abgie\u00dfen und absp\u00fclen<\/li>\n\n\n\n<li>W\u00e4rme f\u00fcr <strong>2 Minuten<\/strong> (kochen, in der Mikrowelle erhitzen oder unter R\u00fchren braten)<\/li>\n\n\n\n<li>Als direkter Ersatz f\u00fcr normalen Reis verwenden<\/li>\n<\/ol>\n\n\n\n<p>Ideal f\u00fcr:<\/p>\n\n\n\n<ul class=\"wp-block-list\">\n<li>Di\u00e4t-Reisbowls<\/li>\n\n\n\n<li>Currygerichte<\/li>\n\n\n\n<li>Mahlzeitenersatzpl\u00e4ne<\/li>\n\n\n\n<li>Kalorienkontrollierte Mittagessen<\/li>\n<\/ul>\n\n\n\n<p>Weitere Zubereitungsarten finden Sie unter <strong><a href=\"https:\/\/scmlkj.com\/de\/konjak-rezept\/\">Rezeptf\u00fchrer<\/a><\/strong><\/p>\n\n\n\n<h2 class=\"wp-block-heading\">OEM-\/Eigenmarkenoptionen<\/h2>\n\n\n\n<ul class=\"wp-block-list\">\n<li>Individuelle Verpackungsgr\u00f6\u00dfe (100 g\/500 g\/1 kg\/5 kg\/25 kg Gro\u00dfpackung)<\/li>\n\n\n\n<li>Verpackungen f\u00fcr den Einzelhandel oder die Gastronomie<\/li>\n\n\n\n<li>Bio-zertifizierte Versionen<\/li>\n\n\n\n<li>Gemischte Reis-Mischungen (Konjak + Hafer \/ Konjak + K\u00fcrbis)<\/li>\n\n\n\n<li>Unterst\u00fctzung bei der Entwicklung von Eigenmarken und deren Design<\/li>\n<\/ul>\n\n\n\n<p>M\u00f6chten Sie hinzuf\u00fcgen <strong>kalorienarme Reisalternative<\/strong> zu Ihrem Produktportfolio?<br><a href=\"https:\/\/scmlkj.com\/de\/kontakt\/\">Kontakt <strong>\u00d6stlicher Morgen<\/strong><\/a> f\u00fcr <strong><a href=\"https:\/\/scmlkj.com\/de\/groshandel-konjakreis-hersteller\/\">Konjak-Reis OEM<\/a><\/strong>, <a href=\"https:\/\/scmlkj.com\/de\/kostenlose-proben-anfordern\/\">Proben<\/a>und Mengenrabattl\u00f6sungen.<\/p>","protected":false},"excerpt":{"rendered":"<p data-start=\"539\" data-end=\"871\">Eastern Mornings Low-Calorie Wet Shirataki Konjac Rice ist ein verzehrfertiger, fettfreier Reis-Ersatz aus gereinigtem Wasser und Konjakpulver. Mit einer weichen, reis\u00e4hnlichen Textur, neutralem Geschmack und extrem geringem Kaloriengehalt ist er als s\u00e4ttigende Mahlzeitalternative f\u00fcr Gewichtsmanagement, Low-Carb-Ern\u00e4hrung und gesunde t\u00e4gliche Ern\u00e4hrung konzipiert.<\/p>\n<p data-start=\"873\" data-end=\"1028\">In feuchter Form verpackt, um Frische und Convenience zu gew\u00e4hrleisten, erfordert dieses Produkt nur kurzes Erw\u00e4rmen und kann traditionellen Reis in jeder Mahlzeit direkt ersetzen.<\/p>\n<ul>\n<li data-start=\"1500\" data-end=\"1533\">\n<p data-start=\"1502\" data-end=\"1533\"><strong data-start=\"1502\" data-end=\"1531\">Fettfreier Mahlzeitenersatz<\/strong><\/p>\n<\/li>\n<li data-start=\"1534\" data-end=\"1590\">\n<p data-start=\"1536\" data-end=\"1590\"><strong data-start=\"1536\" data-end=\"1561\">Extrem kalorienarm<\/strong> \u2013 Ideal f\u00fcr Schlankheitskuren<\/p>\n<\/li>\n<li data-start=\"1591\" data-end=\"1639\">\n<p data-start=\"1593\" data-end=\"1639\"><strong data-start=\"1593\" data-end=\"1618\">Reich an Ballaststoffen<\/strong> \u2013 F\u00f6rdert das S\u00e4ttigungsgef\u00fchl<\/p>\n<\/li>\n<li data-start=\"1640\" data-end=\"1699\">\n<p data-start=\"1642\" data-end=\"1699\"><strong data-start=\"1642\" data-end=\"1669\">Verzehrfertiges Feuchtprodukt<\/strong> \u2013 Praktisch &amp; weiche Textur<\/p>\n<\/li>\n<li data-start=\"1700\" data-end=\"1749\">\n<p data-start=\"1702\" data-end=\"1749\"><strong data-start=\"1702\" data-end=\"1730\">Geruchsneutral &amp; neutraler Geschmack<\/strong> \u2013 Kein Konjak-Geruch<\/p>\n<\/li>\n<li data-start=\"1750\" data-end=\"1782\">\n<p data-start=\"1752\" data-end=\"1782\"><strong data-start=\"1752\" data-end=\"1780\">Glutenfrei \u00b7 Getreidefrei<\/strong><\/p>\n<\/li>\n<li data-start=\"1783\" data-end=\"1812\">\n<p data-start=\"1785\" data-end=\"1812\"><strong data-start=\"1785\" data-end=\"1810\">Low Carb \u00b7 Zuckerfrei<\/strong><\/p>\n<\/li>\n<li data-start=\"1813\" data-end=\"1848\">\n<p data-start=\"1815\" data-end=\"1848\"><strong data-start=\"1815\" data-end=\"1848\">OEM \/ Eigenmarke verf\u00fcgbar<\/strong><\/p>\n<\/li>\n<\/ul>","protected":false},"featured_media":2765,"comment_status":"open","ping_status":"closed","template":"","meta":[],"product_brand":[],"product_cat":[29],"product_tag":[],"class_list":{"0":"post-581","1":"product","2":"type-product","3":"status-publish","4":"has-post-thumbnail","6":"product_cat-konjac-rice-series","8":"first","9":"instock","10":"shipping-taxable","11":"product-type-simple"},"_links":{"self":[{"href":"https:\/\/scmlkj.com\/de\/wp-json\/wp\/v2\/product\/581","targetHints":{"allow":["GET"]}}],"collection":[{"href":"https:\/\/scmlkj.com\/de\/wp-json\/wp\/v2\/product"}],"about":[{"href":"https:\/\/scmlkj.com\/de\/wp-json\/wp\/v2\/types\/product"}],"replies":[{"embeddable":true,"href":"https:\/\/scmlkj.com\/de\/wp-json\/wp\/v2\/comments?post=581"}],"wp:featuredmedia":[{"embeddable":true,"href":"https:\/\/scmlkj.com\/de\/wp-json\/wp\/v2\/media\/2765"}],"wp:attachment":[{"href":"https:\/\/scmlkj.com\/de\/wp-json\/wp\/v2\/media?parent=581"}],"wp:term":[{"taxonomy":"product_brand","embeddable":true,"href":"https:\/\/scmlkj.com\/de\/wp-json\/wp\/v2\/product_brand?post=581"},{"taxonomy":"product_cat","embeddable":true,"href":"https:\/\/scmlkj.com\/de\/wp-json\/wp\/v2\/product_cat?post=581"},{"taxonomy":"product_tag","embeddable":true,"href":"https:\/\/scmlkj.com\/de\/wp-json\/wp\/v2\/product_tag?post=581"}],"curies":[{"name":"wp","href":"https:\/\/api.w.org\/{rel}","templated":true}]}}