{"id":2624,"date":"2025-12-16T14:39:17","date_gmt":"2025-12-16T14:39:17","guid":{"rendered":"https:\/\/scmlkj.com\/?page_id=2624"},"modified":"2025-12-16T14:57:10","modified_gmt":"2025-12-16T14:57:10","slug":"gracias","status":"publish","type":"page","link":"https:\/\/scmlkj.com\/es\/gracias\/","title":{"rendered":"Gracias"},"content":{"rendered":"<div data-elementor-type=\"wp-page\" data-elementor-id=\"2624\" class=\"elementor elementor-2624\" data-elementor-settings=\"{&quot;ha_cmc_init_switcher&quot;:&quot;no&quot;}\" data-elementor-post-type=\"page\">\n\t\t\t\t\t\t<section class=\"elementor-section elementor-top-section elementor-element elementor-element-118391bc elementor-section-height-min-height elementor-section-content-middle custom-ele-section-css elementor-section-boxed elementor-section-height-default elementor-section-items-middle\" data-id=\"118391bc\" data-element_type=\"section\" data-settings=\"{&quot;background_background&quot;:&quot;classic&quot;,&quot;_ha_eqh_enable&quot;:false,&quot;ekit_has_onepagescroll_dot&quot;:&quot;yes&quot;}\">\n\t\t\t\t\t\t\t<div class=\"elementor-background-overlay\"><\/div>\n\t\t\t\t\t\t\t<div class=\"elementor-container elementor-column-gap-default\">\n\t\t\t\t\t<div class=\"elementor-column elementor-col-100 elementor-top-column elementor-element elementor-element-402723c2\" data-id=\"402723c2\" data-element_type=\"column\">\n\t\t\t<div class=\"elementor-widget-wrap elementor-element-populated\">\n\t\t\t\t\t\t<div class=\"elementor-element elementor-element-45d29c5a ha-card--left ha-card--tablet-top ha-card--mobile-top elementor-widget elementor-widget-ha-card happy-addon ha-card\" data-id=\"45d29c5a\" data-element_type=\"widget\" data-settings=\"{&quot;ekit_we_effect_on&quot;:&quot;none&quot;}\" data-widget_type=\"ha-card.default\">\n\t\t\t\t<div class=\"elementor-widget-container\">\n\t\t\t\t\t\n\t\t\t\t\t<figure class=\"ha-card-figure\">\n\t\t\t\t<img fetchpriority=\"high\" decoding=\"async\" width=\"800\" height=\"800\" src=\"https:\/\/scmlkj.com\/wp-content\/uploads\/2025\/12\/Organic-Konjac-Shirataki-Vermicelli-1024x1024.jpg\" class=\"attachment-large size-large wp-image-2163\" alt=\"fideos shirataki de konjac org\u00e1nico\" srcset=\"https:\/\/scmlkj.com\/wp-content\/uploads\/2025\/12\/Organic-Konjac-Shirataki-Vermicelli-1024x1024.jpg 1024w, https:\/\/scmlkj.com\/wp-content\/uploads\/2025\/12\/Organic-Konjac-Shirataki-Vermicelli-300x300.jpg 300w, https:\/\/scmlkj.com\/wp-content\/uploads\/2025\/12\/Organic-Konjac-Shirataki-Vermicelli-150x150.jpg 150w, https:\/\/scmlkj.com\/wp-content\/uploads\/2025\/12\/Organic-Konjac-Shirataki-Vermicelli-768x768.jpg 768w, https:\/\/scmlkj.com\/wp-content\/uploads\/2025\/12\/Organic-Konjac-Shirataki-Vermicelli-600x600.jpg 600w, https:\/\/scmlkj.com\/wp-content\/uploads\/2025\/12\/Organic-Konjac-Shirataki-Vermicelli-100x100.jpg 100w, https:\/\/scmlkj.com\/wp-content\/uploads\/2025\/12\/Organic-Konjac-Shirataki-Vermicelli.jpg 1537w\" sizes=\"(max-width: 800px) 100vw, 800px\" \/>\t\t\t\t\t\t\t\t\t<div class=\"ha-badge ha-badge--top-right\">Gracias <\/div>\n\t\t\t\t\t\t\t<\/figure>\n\t\t\n\t\t<div class=\"ha-card-body\">\n\n\t\t\t<h2 class=\"ha-card-title\">Gracias <\/h2>\n\t\t\t\t\t\t\t<div class=\"ha-card-text\">\n\t\t\t\t\t<p>Estamos preparando su soluci\u00f3n de konjac personalizada. Nuestros expertos se pondr\u00e1n en contacto con usted por correo electr\u00f3nico en el plazo de 1 d\u00eda laborable.<\/p>\n\t\t\t\t<\/div>\n\t\t\t\n\t\t\t<a class=\"ha-btn\" href=\"http:\/\/scmlkj.com\/es\/\"><span class=\"ha-btn-text\">Volver a la p\u00e1gina de inicio <\/span><\/a>\t\t<\/div>\n\t\t\t\t\t\t<\/div>\n\t\t\t\t<\/div>\n\t\t\t\t\t<\/div>\n\t\t<\/div>\n\t\t\t\t\t<\/div>\n\t\t<\/section>\n\t\t\t\t<\/div>","protected":false},"excerpt":{"rendered":"<p>Thank You Thank you Your custom konjac solution is being prepared. Our experts will contact you via email within 1 business day. Back To HomePage<\/p>","protected":false},"author":1,"featured_media":0,"parent":0,"menu_order":0,"comment_status":"closed","ping_status":"closed","template":"","meta":{"footnotes":""},"class_list":["post-2624","page","type-page","status-publish","hentry"],"_links":{"self":[{"href":"https:\/\/scmlkj.com\/es\/wp-json\/wp\/v2\/pages\/2624","targetHints":{"allow":["GET"]}}],"collection":[{"href":"https:\/\/scmlkj.com\/es\/wp-json\/wp\/v2\/pages"}],"about":[{"href":"https:\/\/scmlkj.com\/es\/wp-json\/wp\/v2\/types\/page"}],"author":[{"embeddable":true,"href":"https:\/\/scmlkj.com\/es\/wp-json\/wp\/v2\/users\/1"}],"replies":[{"embeddable":true,"href":"https:\/\/scmlkj.com\/es\/wp-json\/wp\/v2\/comments?post=2624"}],"version-history":[{"count":1,"href":"https:\/\/scmlkj.com\/es\/wp-json\/wp\/v2\/pages\/2624\/revisions"}],"predecessor-version":[{"id":2627,"href":"https:\/\/scmlkj.com\/es\/wp-json\/wp\/v2\/pages\/2624\/revisions\/2627"}],"wp:attachment":[{"href":"https:\/\/scmlkj.com\/es\/wp-json\/wp\/v2\/media?parent=2624"}],"curies":[{"name":"wp","href":"https:\/\/api.w.org\/{rel}","templated":true}]}}