{"id":1179,"date":"2025-11-19T13:27:58","date_gmt":"2025-11-19T13:27:58","guid":{"rendered":"https:\/\/scmlkj.com\/?post_type=product&#038;p=1179"},"modified":"2026-04-30T15:49:34","modified_gmt":"2026-04-30T15:49:34","slug":"fideos-keto-konjac-bajos-en-carbohidratos","status":"publish","type":"product","link":"https:\/\/scmlkj.com\/es\/productos\/fideos-keto-konjac-bajos-en-carbohidratos\/","title":{"rendered":"Low Carb and Keto Konnyaku Shirataki Pasta Noodle"},"content":{"rendered":"<p>La estabilidad de conservaci\u00f3n se consigue mediante un procesado h\u00famedo controlado y un envasado sellado, sin utilizar conservantes artificiales.<\/p>\n\n\n\n<h2 class=\"wp-block-heading\">Informaci\u00f3n nutricional<\/h2>\n\n\n\n<figure class=\"wp-block-table\"><table class=\"has-fixed-layout\"><tbody><tr><td><strong>Nutriente<\/strong><\/td><td><strong>Unidades<\/strong><\/td><td><strong>Valor por cada 100 g<\/strong><\/td><\/tr><tr><td>Energ\u00eda<\/td><td>kJ \/ kcal<\/td><td>25 kJ \/ 5 kcal<\/td><\/tr><tr><td>Carbohidrato<\/td><td>g<\/td><td>Menos de 0,1<\/td><\/tr><tr><td>Prote\u00edna<\/td><td>g<\/td><td>Menos de 0,1<\/td><\/tr><tr><td>Grasa<\/td><td>g<\/td><td>0<\/td><\/tr><tr><td>Fibra diet\u00e9tica<\/td><td>g<\/td><td>2.7<\/td><\/tr><tr><td>Az\u00facar<\/td><td>g<\/td><td>0<\/td><\/tr><tr><td>Sodio<\/td><td>mg<\/td><td>0<\/td><\/tr><\/tbody><\/table><\/figure>\n\n\n\n<h2 class=\"wp-block-heading\">Informaci\u00f3n b\u00e1sica<\/h2>\n\n\n\n<figure class=\"wp-block-table\"><table class=\"has-fixed-layout\"><tbody><tr><td><strong>Art\u00edculo<\/strong><\/td><td><strong>Detalles<\/strong><\/td><\/tr><tr><td>Nombre del producto<\/td><td>Low Carb and Keto Konnyaku Shirataki Pasta Noodle<\/td><\/tr><tr><td>Tipo de producto<\/td><td>Fideo konjac h\u00famedo<\/td><\/tr><tr><td>Estilo<\/td><td>Instant\u00e1neo \u00b7 Listo para comer<\/td><\/tr><tr><td>Caracter\u00edstica<\/td><td>Bajo en carbohidratos, sin grasas<\/td><\/tr><tr><td>Tipo de procesamiento<\/td><td>Producci\u00f3n controlada por v\u00eda h\u00fameda<\/td><\/tr><tr><td>Sabor<\/td><td>Neutral<\/td><\/tr><tr><td>Olor<\/td><td>Inodoro<\/td><\/tr><tr><td>Apariencia<\/td><td>Hebras de espagueti finas y largas<\/td><\/tr><tr><td>Especificaci\u00f3n<\/td><td>270 g \/ bolsa<\/td><\/tr><tr><td>Ingrediente principal<\/td><td><br>Harina de konjac, agua<\/td><\/tr><tr><td>Contenido<\/td><td>Harina pura de konjac<\/td><\/tr><tr><td>Tiempo de cocci\u00f3n<\/td><td>2 minutos<\/td><\/tr><tr><td>Vida \u00fatil<\/td><td>18 meses<\/td><\/tr><tr><td>Tipo de almacenamiento<\/td><td>Temperatura ambiente<\/td><\/tr><tr><td>Marca comercial<\/td><td>Ma\u00f1ana del Este<\/td><\/tr><\/tbody><\/table><\/figure>\n\n\n\n<p><\/p>\n\n\n\n<h2 class=\"wp-block-heading\"><strong>Embalaje y entrega<\/strong><\/h2>\n\n\n\n<figure class=\"wp-block-table\"><table class=\"has-fixed-layout\"><tbody><tr><td><strong>Art\u00edculo<\/strong><\/td><td><strong>Detalles<\/strong><\/td><\/tr><tr><td>Unidad de venta<\/td><td>Art\u00edculo \u00fanico<\/td><\/tr><tr><td>Tama\u00f1o del paquete<\/td><td>12 \u00d7 10 \u00d7 18 cm<\/td><\/tr><tr><td>Peso bruto<\/td><td>0,280 kg<\/td><\/tr><tr><td>Embalaje<\/td><td>Bolsa<\/td><\/tr><tr><td>Logotipo personalizado<\/td><td>Disponible (cantidad m\u00ednima de pedido: 10 000 bolsas)<\/td><\/tr><\/tbody><\/table><\/figure>\n\n\n\n<p><\/p>\n\n\n\n<h2 class=\"wp-block-heading\">C\u00f3mo cocinar<\/h2>\n\n\n\n<p><strong>Listo en 2 minutos<\/strong><\/p>\n\n\n\n<ol class=\"wp-block-list\">\n<li>Escurrir y enjuagar. <strong>2-3 veces<\/strong>.<\/li>\n\n\n\n<li>Calentar o escaldar para <strong>1 minuto<\/strong>.<\/li>\n<\/ol>\n\n\n\n<h3 class=\"wp-block-heading\">Perfecto para:<\/h3>\n\n\n\n<p>Espaguetis a la italiana<\/p>\n\n\n\n<p>Programas de preparaci\u00f3n de comidas ceto y bajas en carbohidratos<\/p>\n\n\n\n<p>Cuencos de pasta veganos y vegetales<\/p>\n\n\n\n<p>Comidas de fitness centradas en las prote\u00ednas<\/p>\n\n\n\n<p>Soluciones listas para consumir y kits de comida<\/p>\n\n\n\n<p>Alternativas saludables a la pasta al por menor<\/p>\n\n\n\n<p>Su sabor neutro lo hace compatible con cualquier salsa baja en carbohidratos o apta para ceto.<\/p>\n\n\n\n<h2 class=\"wp-block-heading\"><strong>Certificaciones<\/strong><\/h2>\n\n\n\n<p>ISO \u00b7 HACCP \u00b7 HALAL \u00b7 KOSHER \u00b7 BRC \u00b7 IFS \u00b7 ORG\u00c1NICO DE LA UE \u00b7 ORG\u00c1NICO DEL USDA<\/p>","protected":false},"excerpt":{"rendered":"<p data-start=\"495\" data-end=\"783\">Un corte largo cl\u00e1sico <strong data-start=\"514\" data-end=\"534\">Espaguetis de konjac<\/strong> dise\u00f1ado como el sustituto perfecto bajo en carbohidratos y calor\u00edas del espagueti de trigo tradicional. Su textura suave, sabor neutro y excelente absorci\u00f3n de salsas lo hacen ideal para platos de pasta, kits de comidas, marcas minoristas saludables y clientes de marca privada.<\/p>\n<ul>\n<li data-start=\"819\" data-end=\"906\">\n<p data-start=\"821\" data-end=\"906\"><strong data-start=\"821\" data-end=\"852\">Forma tradicional de espagueti<\/strong> \u2013 Hebras largas y finas adecuadas para todo tipo de platos de pasta.<\/p>\n<\/li>\n<li data-start=\"907\" data-end=\"997\">\n<p data-start=\"909\" data-end=\"997\"><strong data-start=\"909\" data-end=\"939\">Ultra bajo en calor\u00edas (5 kcal)<\/strong> \u2013 Ideal para dietas de p\u00e9rdida de peso, cetog\u00e9nicas y aptas para diab\u00e9ticos.<\/p>\n<\/li>\n<li data-start=\"998\" data-end=\"1078\">\n<p data-start=\"1000\" data-end=\"1078\"><strong data-start=\"1000\" data-end=\"1039\">SIN GRASA \u00b7 SIN GLUTEN \u00b7 SIN TRIGO<\/strong> \u2013 Etiqueta limpia y apto para al\u00e9rgenos.<\/p>\n<\/li>\n<li data-start=\"1079\" data-end=\"1158\">\n<p data-start=\"1081\" data-end=\"1158\"><strong data-start=\"1081\" data-end=\"1113\">SIN SABORES ARTIFICIALES A\u00d1ADIDOS<\/strong> \u2013 Sabor neutro que combina con cualquier salsa.<\/p>\n<\/li>\n<li data-start=\"1159\" data-end=\"1229\">\n<p data-start=\"1161\" data-end=\"1229\"><strong data-start=\"1161\" data-end=\"1187\">SIN CONSERVANTES A\u00d1ADIDOS<\/strong> \u2013 Se conserva de forma natural durante 18 meses.<\/p>\n<\/li>\n<li data-start=\"1230\" data-end=\"1288\">\n<p data-start=\"1232\" data-end=\"1288\"><strong data-start=\"1232\" data-end=\"1251\">FUENTE DE FIBRA<\/strong> \u2013 Favorece la digesti\u00f3n y la sensaci\u00f3n de saciedad.<\/p>\n<\/li>\n<li data-start=\"1289\" data-end=\"1370\">\n<p data-start=\"1291\" data-end=\"1370\"><strong data-start=\"1291\" data-end=\"1313\">Listo en 2 minutos<\/strong> \u2013 Pasta de estilo h\u00famedo y f\u00e1cil preparaci\u00f3n para retail y servicio de alimentos.<\/p>\n<\/li>\n<li data-start=\"1371\" data-end=\"1457\">\n<p data-start=\"1373\" data-end=\"1457\"><strong data-start=\"1373\" data-end=\"1396\">OEM \/ Marca Privada<\/strong> \u2013 Envasado personalizado, dise\u00f1o gr\u00e1fico y grosor del espagueti disponibles.<\/p>\n<\/li>\n<\/ul>","protected":false},"featured_media":2762,"comment_status":"open","ping_status":"closed","template":"","meta":[],"product_brand":[],"product_cat":[49],"product_tag":[],"class_list":{"0":"post-1179","1":"product","2":"type-product","3":"status-publish","4":"has-post-thumbnail","6":"product_cat-wet-konjac-noodles","8":"first","9":"instock","10":"shipping-taxable","11":"product-type-simple"},"_links":{"self":[{"href":"https:\/\/scmlkj.com\/es\/wp-json\/wp\/v2\/product\/1179","targetHints":{"allow":["GET"]}}],"collection":[{"href":"https:\/\/scmlkj.com\/es\/wp-json\/wp\/v2\/product"}],"about":[{"href":"https:\/\/scmlkj.com\/es\/wp-json\/wp\/v2\/types\/product"}],"replies":[{"embeddable":true,"href":"https:\/\/scmlkj.com\/es\/wp-json\/wp\/v2\/comments?post=1179"}],"wp:featuredmedia":[{"embeddable":true,"href":"https:\/\/scmlkj.com\/es\/wp-json\/wp\/v2\/media\/2762"}],"wp:attachment":[{"href":"https:\/\/scmlkj.com\/es\/wp-json\/wp\/v2\/media?parent=1179"}],"wp:term":[{"taxonomy":"product_brand","embeddable":true,"href":"https:\/\/scmlkj.com\/es\/wp-json\/wp\/v2\/product_brand?post=1179"},{"taxonomy":"product_cat","embeddable":true,"href":"https:\/\/scmlkj.com\/es\/wp-json\/wp\/v2\/product_cat?post=1179"},{"taxonomy":"product_tag","embeddable":true,"href":"https:\/\/scmlkj.com\/es\/wp-json\/wp\/v2\/product_tag?post=1179"}],"curies":[{"name":"wp","href":"https:\/\/api.w.org\/{rel}","templated":true}]}}