{"id":1182,"date":"2025-11-19T13:28:36","date_gmt":"2025-11-19T13:28:36","guid":{"rendered":"https:\/\/scmlkj.com\/?post_type=product&#038;p=1182"},"modified":"2026-04-12T07:32:52","modified_gmt":"2026-04-12T07:32:52","slug":"fideos-ramen-konjac","status":"publish","type":"product","link":"https:\/\/scmlkj.com\/es\/productos\/fideos-ramen-konjac\/","title":{"rendered":"Fideos Ramen Shirataki Konjac sin gluten"},"content":{"rendered":"<p><\/p>\n\n\n\n<h2 class=\"wp-block-heading\">Informaci\u00f3n nutricional<\/h2>\n\n\n\n<figure class=\"wp-block-table\"><table class=\"has-fixed-layout\"><tbody><tr><td><strong>Nutriente<\/strong><\/td><td><strong>Unidades<\/strong><\/td><td><strong>Valor por cada 100 g<\/strong><\/td><\/tr><tr><td>Energ\u00eda<\/td><td>kJ \/ kcal<\/td><td>25 kJ \/ 5 kcal<\/td><\/tr><tr><td>Carbohidrato<\/td><td>g<\/td><td>Menos de 0,1<\/td><\/tr><tr><td>Prote\u00edna<\/td><td>g<\/td><td>Menos de 0,1<\/td><\/tr><tr><td>Grasa<\/td><td>g<\/td><td>0<\/td><\/tr><tr><td>Fibra diet\u00e9tica<\/td><td>g<\/td><td>2.7<\/td><\/tr><tr><td>Az\u00facar<\/td><td>g<\/td><td>0<\/td><\/tr><tr><td>Sodio<\/td><td>mg<\/td><td>0<\/td><\/tr><\/tbody><\/table><\/figure>\n\n\n\n<h2 class=\"wp-block-heading\">Informaci\u00f3n b\u00e1sica<\/h2>\n\n\n\n<figure class=\"wp-block-table\"><table class=\"has-fixed-layout\"><tbody><tr><td><strong>Art\u00edculo<\/strong><\/td><td><strong>Detalles<\/strong><\/td><\/tr><tr><td>Nombre del producto<\/td><td>Fideos Ramen Shirataki Konjac sin gluten<\/td><\/tr><tr><td>Tipo de producto<\/td><td>Ramen de Konjac H\u00famedo<\/td><\/tr><tr><td>Estilo<\/td><td>Instant\u00e1neo - Listo tras un breve calentamiento<\/td><\/tr><tr><td>Caracter\u00edstica<\/td><td>Bajo en Carbohidratos \u00b7 Sin Gluten \u00b7 Cero Grasa<\/td><\/tr><tr><td>Tipo de procesamiento<\/td><td>Hecho a mano<\/td><\/tr><tr><td>Sabor<\/td><td>Neutral<\/td><\/tr><tr><td>Olor<\/td><td>Sin olor a konjac<\/td><\/tr><tr><td>Apariencia<\/td><td>Redondo, el\u00e1stico estilo ramen <a href=\"https:\/\/scmlkj.com\/es\/product-category\/fideos-konjac-humedos\/\">fideos de konjac<\/a><\/td><\/tr><tr><td>Especificaci\u00f3n<\/td><td>270 g \/ bolsa<\/td><\/tr><tr><td>Ingrediente principal<\/td><td><br>Agua, harina de konjac, hidr\u00f3xido de calcio.<\/td><\/tr><tr><td>Contenido<\/td><td>Harina pura de konjac<\/td><\/tr><tr><td>Tiempo de cocci\u00f3n<\/td><td>2 minutos<\/td><\/tr><tr><td>Vida \u00fatil<\/td><td>18 meses<\/td><\/tr><tr><td>Tipo de almacenamiento<\/td><td>Temperatura ambiente<\/td><\/tr><tr><td>Marca comercial<\/td><td>Ma\u00f1ana del Este<\/td><\/tr><\/tbody><\/table><\/figure>\n\n\n\n<p><\/p>\n\n\n\n<h2 class=\"wp-block-heading\">Embalaje y entrega<\/h2>\n\n\n\n<figure class=\"wp-block-table\"><table class=\"has-fixed-layout\"><tbody><tr><td><strong>Art\u00edculo<\/strong><\/td><td><strong>Detalles<\/strong><\/td><\/tr><tr><td>Unidad de venta<\/td><td>Art\u00edculo \u00fanico<\/td><\/tr><tr><td>Tama\u00f1o del paquete<\/td><td>12 \u00d7 10 \u00d7 18 cm<\/td><\/tr><tr><td>Peso bruto<\/td><td>0,280 kg<\/td><\/tr><tr><td>Embalaje<\/td><td>Bolsa<\/td><\/tr><tr><td>Logotipo personalizado<\/td><td>Disponible (cantidad m\u00ednima de pedido: 10 000 bolsas)<\/td><\/tr><\/tbody><\/table><\/figure>\n\n\n\n<p><\/p>\n\n\n\n<h2 class=\"wp-block-heading\">C\u00f3mo cocinar<\/h2>\n\n\n\n<p><strong>Listo en 2 minutos<\/strong><\/p>\n\n\n\n<ol class=\"wp-block-list\">\n<li>Escurrir y enjuagar. <strong>2-3 veces<\/strong>.<\/li>\n\n\n\n<li>Calentar\/escalfar para <strong>1 minuto<\/strong>.<\/li>\n<\/ol>\n\n\n\n<h3 class=\"wp-block-heading\">Ideal para:<\/h3>\n\n\n\n<p>Los fideos redondos estilo ramen garantizan una excelente sensaci\u00f3n en boca y compatibilidad con el caldo, incluso en sopas calientes y picantes.<\/p>\n\n\n\n<ul class=\"wp-block-list\">\n<li>cuencos de ramen estilo japon\u00e9s<\/li>\n\n\n\n<li>ramen con caldo picante<\/li>\n\n\n\n<li>ramen de miso<\/li>\n\n\n\n<li>cuencos de ramen veganos\/bajos en carbohidratos<\/li>\n\n\n\n<li>platos de ramen salteados<\/li>\n\n\n\n<li>kits de comida y platos preparados<\/li>\n<\/ul>\n\n\n\n<p>Su textura el\u00e1stica y preparaci\u00f3n r\u00e1pida lo hacen ideal para servicio de alimentos y venta al por menor.<\/p>\n\n\n\n<h2 class=\"wp-block-heading\">Certificaciones<\/h2>\n\n\n\n<p>ISO \u00b7 HACCP \u00b7 HALAL \u00b7 KOSHER \u00b7 BRC \u00b7 IFS \u00b7 ORG\u00c1NICO DE LA UE \u00b7 ORG\u00c1NICO DEL USDA<\/p>","protected":false},"excerpt":{"rendered":"<p>Un fideo suave y el\u00e1stico <strong data-start=\"538\" data-end=\"571\">Fideo Ramen de Konjac Shirataki<\/strong> dise\u00f1ado para imitar la textura del ramen tradicional, manteni\u00e9ndose ultra bajo en calor\u00edas, sin gluten, sin trigo y con etiqueta limpia. Perfecto para restaurantes de ramen, supermercados asi\u00e1ticos, kits de comidas saludables y marcas de distribuci\u00f3n dirigidas a mercados bajos en carbohidratos o libres de al\u00e9rgenos.<\/p>\n<ul>\n<li data-start=\"869\" data-end=\"935\">\n<p data-start=\"871\" data-end=\"935\"><strong data-start=\"871\" data-end=\"900\">Fideos Redondos Estilo Ramen<\/strong> \u2013 Textura el\u00e1stica y f\u00e1cil de sorber.<\/p>\n<\/li>\n<li data-start=\"936\" data-end=\"1029\">\n<p data-start=\"938\" data-end=\"1029\"><strong data-start=\"938\" data-end=\"968\">Ultra bajo en calor\u00edas (5 kcal)<\/strong> \u2013 Perfecto para consumidores cetog\u00e9nicos, aptos para diab\u00e9ticos y en dieta.<\/p>\n<\/li>\n<li data-start=\"1030\" data-end=\"1121\">\n<p data-start=\"1032\" data-end=\"1121\"><strong data-start=\"1032\" data-end=\"1060\">SIN GLUTEN \u00b7 SIN TRIGO<\/strong> \u2013 Seguro para clientes con dietas sensibles y conscientes de alergias.<\/p>\n<\/li>\n<li data-start=\"1122\" data-end=\"1191\">\n<p data-start=\"1124\" data-end=\"1191\"><strong data-start=\"1124\" data-end=\"1136\">CERO GRASA<\/strong> \u2013 Ideal para productos de control de peso y de etiqueta limpia.<\/p>\n<\/li>\n<li data-start=\"1192\" data-end=\"1271\">\n<p data-start=\"1194\" data-end=\"1271\"><strong data-start=\"1194\" data-end=\"1226\">SIN SABORES ARTIFICIALES A\u00d1ADIDOS<\/strong> \u2013 Sabor neutro que absorbe el sabor del caldo.<\/p>\n<\/li>\n<li data-start=\"1272\" data-end=\"1342\">\n<p data-start=\"1274\" data-end=\"1342\"><strong data-start=\"1274\" data-end=\"1300\">SIN CONSERVANTES A\u00d1ADIDOS<\/strong> \u2013 Se conserva de forma natural durante 18 meses.<\/p>\n<\/li>\n<li data-start=\"1343\" data-end=\"1401\">\n<p data-start=\"1345\" data-end=\"1401\"><strong data-start=\"1345\" data-end=\"1364\">FUENTE DE FIBRA<\/strong> \u2013 Favorece la digesti\u00f3n y la sensaci\u00f3n de saciedad.<\/p>\n<\/li>\n<li data-start=\"1402\" data-end=\"1490\">\n<p data-start=\"1404\" data-end=\"1490\"><strong data-start=\"1404\" data-end=\"1433\">Preparado para OEM \/ marca blanca<\/strong> \u2013 Disponible: envasado personalizado, dise\u00f1o gr\u00e1fico y grosor del ramen.<\/p>\n<\/li>\n<\/ul>","protected":false},"featured_media":711,"comment_status":"open","ping_status":"closed","template":"","meta":[],"product_brand":[],"product_cat":[49],"product_tag":[],"class_list":{"0":"post-1182","1":"product","2":"type-product","3":"status-publish","4":"has-post-thumbnail","6":"product_cat-wet-konjac-noodles","8":"first","9":"instock","10":"shipping-taxable","11":"product-type-simple"},"_links":{"self":[{"href":"https:\/\/scmlkj.com\/es\/wp-json\/wp\/v2\/product\/1182","targetHints":{"allow":["GET"]}}],"collection":[{"href":"https:\/\/scmlkj.com\/es\/wp-json\/wp\/v2\/product"}],"about":[{"href":"https:\/\/scmlkj.com\/es\/wp-json\/wp\/v2\/types\/product"}],"replies":[{"embeddable":true,"href":"https:\/\/scmlkj.com\/es\/wp-json\/wp\/v2\/comments?post=1182"}],"wp:featuredmedia":[{"embeddable":true,"href":"https:\/\/scmlkj.com\/es\/wp-json\/wp\/v2\/media\/711"}],"wp:attachment":[{"href":"https:\/\/scmlkj.com\/es\/wp-json\/wp\/v2\/media?parent=1182"}],"wp:term":[{"taxonomy":"product_brand","embeddable":true,"href":"https:\/\/scmlkj.com\/es\/wp-json\/wp\/v2\/product_brand?post=1182"},{"taxonomy":"product_cat","embeddable":true,"href":"https:\/\/scmlkj.com\/es\/wp-json\/wp\/v2\/product_cat?post=1182"},{"taxonomy":"product_tag","embeddable":true,"href":"https:\/\/scmlkj.com\/es\/wp-json\/wp\/v2\/product_tag?post=1182"}],"curies":[{"name":"wp","href":"https:\/\/api.w.org\/{rel}","templated":true}]}}