{"id":1197,"date":"2025-11-19T13:35:48","date_gmt":"2025-11-19T13:35:48","guid":{"rendered":"https:\/\/scmlkj.com\/?post_type=product&#038;p=1197"},"modified":"2026-04-30T11:30:35","modified_gmt":"2026-04-30T11:30:35","slug":"fideos-de-konjac-con-espinacas","status":"publish","type":"product","link":"https:\/\/scmlkj.com\/es\/productos\/fideos-de-konjac-con-espinacas\/","title":{"rendered":"Pasta de espinacas y konjac shirataki"},"content":{"rendered":"<p>Las espinacas en polvo se a\u00f1aden principalmente para obtener un color verde natural y una percepci\u00f3n nutricional, manteniendo al mismo tiempo una base de sabor neutro adecuada para una amplia gama de recetas.<\/p>\n\n\n\n<p>Calor\u00edas extremadamente bajas (<strong>solo 5 kcal por 100g<\/strong>)<\/p>\n\n\n\n<p>Casi cero carbohidratos, cero az\u00facar, cero grasa<\/p>\n\n\n\n<p>Alto contenido en fibra diet\u00e9tica (2,7g), favorece la saciedad y la digesti\u00f3n<\/p>\n\n\n\n<p>Apto para <strong>dietas keto, apto para diab\u00e9ticos, veganas y de control de peso<\/strong><\/p>\n\n\n\n<figure class=\"wp-block-image size-large\"><img fetchpriority=\"high\" decoding=\"async\" width=\"1024\" height=\"576\" src=\"https:\/\/scmlkj.com\/wp-content\/uploads\/2026\/04\/Spinach-Konjac-Noodles-Plant-Based-Shirataki-Pasta-1024x576.jpg\" alt=\"Desde espinacas frescas hasta fideos de konjac bajos en carbohidratos: una alternativa saludable a la pasta de origen vegetal.\" class=\"wp-image-3723\" srcset=\"https:\/\/scmlkj.com\/wp-content\/uploads\/2026\/04\/Spinach-Konjac-Noodles-Plant-Based-Shirataki-Pasta-1024x576.jpg 1024w, https:\/\/scmlkj.com\/wp-content\/uploads\/2026\/04\/Spinach-Konjac-Noodles-Plant-Based-Shirataki-Pasta-300x169.jpg 300w, https:\/\/scmlkj.com\/wp-content\/uploads\/2026\/04\/Spinach-Konjac-Noodles-Plant-Based-Shirataki-Pasta-768x432.jpg 768w, https:\/\/scmlkj.com\/wp-content\/uploads\/2026\/04\/Spinach-Konjac-Noodles-Plant-Based-Shirataki-Pasta-1536x864.jpg 1536w, https:\/\/scmlkj.com\/wp-content\/uploads\/2026\/04\/Spinach-Konjac-Noodles-Plant-Based-Shirataki-Pasta-18x10.jpg 18w, https:\/\/scmlkj.com\/wp-content\/uploads\/2026\/04\/Spinach-Konjac-Noodles-Plant-Based-Shirataki-Pasta-600x338.jpg 600w, https:\/\/scmlkj.com\/wp-content\/uploads\/2026\/04\/Spinach-Konjac-Noodles-Plant-Based-Shirataki-Pasta.jpg 1600w\" sizes=\"(max-width: 1024px) 100vw, 1024px\" \/><\/figure>\n\n\n\n<h2 class=\"wp-block-heading\">Informaci\u00f3n nutricional<\/h2>\n\n\n\n<figure class=\"wp-block-table\"><table class=\"has-fixed-layout\"><tbody><tr><td><strong>Nutriente<\/strong><\/td><td><strong>Unidades<\/strong><\/td><td><strong>Valor por cada 100 g<\/strong><\/td><\/tr><tr><td>Energ\u00eda<\/td><td>kJ \/ kcal<\/td><td>25 kJ \/ 5 kcal<\/td><\/tr><tr><td>Carbohidrato<\/td><td>g<\/td><td>Menos de 0,1<\/td><\/tr><tr><td>Prote\u00edna<\/td><td>g<\/td><td>Menos de 0,1<\/td><\/tr><tr><td>Grasa<\/td><td>g<\/td><td>0<\/td><\/tr><tr><td>Fibra diet\u00e9tica<\/td><td>g<\/td><td>2.7<\/td><\/tr><tr><td>Az\u00facar<\/td><td>g<\/td><td>0<\/td><\/tr><tr><td>Sodio<\/td><td>mg<\/td><td>0<\/td><\/tr><\/tbody><\/table><\/figure>\n\n\n\n<h2 class=\"wp-block-heading\">Informaci\u00f3n b\u00e1sica<\/h2>\n\n\n\n<figure class=\"wp-block-table\"><table class=\"has-fixed-layout\"><tbody><tr><td><strong>Art\u00edculo<\/strong><\/td><td><strong>Detalles<\/strong><\/td><\/tr><tr><td>Nombre del producto<\/td><td>Pasta de Konjac con Espinacas<\/td><\/tr><tr><td>Tipo de producto<\/td><td>Fideos instant\u00e1neos de konjac<\/td><\/tr><tr><td>Estilo<\/td><td>H\u00famedo, fresco<\/td><\/tr><tr><td>Caracter\u00edstica<\/td><td>Bajo en carbohidratos, sin grasas<\/td><\/tr><tr><td>Tipo de procesamiento<\/td><td>Producci\u00f3n controlada por v\u00eda h\u00fameda<\/td><\/tr><tr><td>Sabor<\/td><td>Neutral<\/td><\/tr><tr><td>Olor<\/td><td>Inodoro<\/td><\/tr><tr><td>Apariencia<\/td><td>Pasta H\u00fameda Verde<\/td><\/tr><tr><td>Especificaci\u00f3n<\/td><td>270 g \/ bolsa<\/td><\/tr><tr><td>Ingrediente principal<\/td><td><br>Harina de konjac, agua, polvo de espinacas<\/td><\/tr><tr><td>Contenido<\/td><td>Harina pura de konjac<\/td><\/tr><tr><td>Tiempo de cocci\u00f3n<\/td><td>2 minutos<\/td><\/tr><tr><td>Vida \u00fatil<\/td><td>15 meses<\/td><\/tr><tr><td>Tipo de almacenamiento<\/td><td>Temperatura ambiente<\/td><\/tr><tr><td>Marca comercial<\/td><td>Ma\u00f1ana del Este<\/td><\/tr><\/tbody><\/table><\/figure>\n\n\n\n<h2 class=\"wp-block-heading\">Aplicaciones recomendadas<\/h2>\n\n\n\n<p>Platos de pasta ceto y bajos en carbohidratos<\/p>\n\n\n\n<p>Kits de comida vegana y basada en plantas<\/p>\n\n\n\n<p>Alternativas saludables a la pasta al por menor<\/p>\n\n\n\n<p>Ensaladeras y platos de pasta fr\u00eda<\/p>\n\n\n\n<p>Pasta de base neutra para salsas y condimentos<\/p>\n\n\n\n<h2 class=\"wp-block-heading\">Embalaje y entrega<\/h2>\n\n\n\n<figure class=\"wp-block-table\"><table class=\"has-fixed-layout\"><tbody><tr><td><strong>Art\u00edculo<\/strong><\/td><td><strong>Detalles<\/strong><\/td><\/tr><tr><td>Unidad de venta<\/td><td>Art\u00edculo \u00fanico<\/td><\/tr><tr><td>Tama\u00f1o del paquete<\/td><td>12 \u00d7 10 \u00d7 18 cm<\/td><\/tr><tr><td>Peso bruto<\/td><td>0,280 kg<\/td><\/tr><tr><td>Embalaje<\/td><td>Bolsa<\/td><\/tr><tr><td>Logotipo personalizado<\/td><td>Disponible (cantidad m\u00ednima de pedido: 10 000 bolsas)<\/td><\/tr><\/tbody><\/table><\/figure>\n\n\n\n<figure class=\"wp-block-image size-large\"><img decoding=\"async\" width=\"1024\" height=\"576\" src=\"https:\/\/scmlkj.com\/wp-content\/uploads\/2026\/04\/Cooked-Spinach-Konjac-Noodles-Ready-to-Eat-Shirataki-1024x576.jpg\" alt=\"Tallarines shirataki de espinacas konjac cocidos servidos en un bol, comida sana baja en carbohidratos lista para comer\" class=\"wp-image-3724\" srcset=\"https:\/\/scmlkj.com\/wp-content\/uploads\/2026\/04\/Cooked-Spinach-Konjac-Noodles-Ready-to-Eat-Shirataki-1024x576.jpg 1024w, https:\/\/scmlkj.com\/wp-content\/uploads\/2026\/04\/Cooked-Spinach-Konjac-Noodles-Ready-to-Eat-Shirataki-300x169.jpg 300w, https:\/\/scmlkj.com\/wp-content\/uploads\/2026\/04\/Cooked-Spinach-Konjac-Noodles-Ready-to-Eat-Shirataki-768x432.jpg 768w, https:\/\/scmlkj.com\/wp-content\/uploads\/2026\/04\/Cooked-Spinach-Konjac-Noodles-Ready-to-Eat-Shirataki-1536x864.jpg 1536w, https:\/\/scmlkj.com\/wp-content\/uploads\/2026\/04\/Cooked-Spinach-Konjac-Noodles-Ready-to-Eat-Shirataki-18x10.jpg 18w, https:\/\/scmlkj.com\/wp-content\/uploads\/2026\/04\/Cooked-Spinach-Konjac-Noodles-Ready-to-Eat-Shirataki-600x338.jpg 600w, https:\/\/scmlkj.com\/wp-content\/uploads\/2026\/04\/Cooked-Spinach-Konjac-Noodles-Ready-to-Eat-Shirataki.jpg 1600w\" sizes=\"(max-width: 1024px) 100vw, 1024px\" \/><\/figure>\n\n\n\n<h2 class=\"wp-block-heading\">C\u00f3mo cocinar<\/h2>\n\n\n\n<p><strong>Listo en 2 minutos<\/strong><\/p>\n\n\n\n<ol class=\"wp-block-list\">\n<li><strong>Desag\u00fce<\/strong> el l\u00edquido y <strong>Enjuague 2 o 3 veces.<\/strong> con agua limpia.<\/li>\n\n\n\n<li><strong>Blanquear<\/strong> en problemas por <strong>1 minuto<\/strong>.<\/li>\n\n\n\n<li>Disfruta con <strong>sopas, salteados, ensaladas, guisos<\/strong>, o cualquier plato de pasta.<\/li>\n<\/ol>\n\n\n\n<p><\/p>","protected":false},"excerpt":{"rendered":"<p>Un verde natural <strong data-start=\"439\" data-end=\"463\">Pasta de Konjac con Espinacas<\/strong> elaborada con harina de konjac premium y extracto real de espinacas. Baja en carbohidratos, sin grasa, inodora y perfecta para marcas internacionales de comidas saludables. Estilo h\u00famedo, lista en 2 minutos, ideal para categor\u00edas keto, vegana y de control de peso.<\/p>\n<ul>\n<li data-start=\"727\" data-end=\"825\">\n<p data-start=\"729\" data-end=\"825\"><strong data-start=\"729\" data-end=\"768\">Pasta Verde Infundida con Espinacas Naturales<\/strong> \u2013 Color limpio y atractivo con valor nutricional a\u00f1adido.<\/p>\n<\/li>\n<li data-start=\"826\" data-end=\"919\">\n<p data-start=\"828\" data-end=\"919\"><strong data-start=\"828\" data-end=\"854\">Baja en Carbohidratos y Calor\u00edas<\/strong> \u2013 Ideal para mercados keto, apto para diab\u00e9ticos y alimentos saludables.<\/p>\n<\/li>\n<li data-start=\"920\" data-end=\"994\">\n<p data-start=\"922\" data-end=\"994\"><strong data-start=\"922\" data-end=\"944\">Listo en 2 minutos<\/strong> \u2013 Pasta de konjac h\u00fameda instant\u00e1nea para preparaci\u00f3n r\u00e1pida de comidas.<\/p>\n<\/li>\n<li data-start=\"995\" data-end=\"1061\">\n<p data-start=\"997\" data-end=\"1061\"><strong data-start=\"997\" data-end=\"1024\">Sabor Neutro, Sin Olor<\/strong> \u2013 Perfecta para cualquier receta o salsa.<\/p>\n<\/li>\n<li data-start=\"1062\" data-end=\"1137\">\n<p data-start=\"1064\" data-end=\"1137\"><strong data-start=\"1064\" data-end=\"1101\">Sin Grasa, Sin Az\u00facar, Sin Gluten<\/strong> \u2013 100% a base de plantas y etiqueta limpia.<\/p>\n<\/li>\n<li data-start=\"1138\" data-end=\"1232\">\n<p data-start=\"1140\" data-end=\"1232\"><strong data-start=\"1140\" data-end=\"1165\">Certificaciones globales<\/strong> \u2013 ISO, HACCP, HALAL, KOSHER, BRC, IFS, Ecol\u00f3gico UE, Ecol\u00f3gico USDA.<\/p>\n<\/li>\n<li data-start=\"1233\" data-end=\"1307\">\n<p data-start=\"1235\" data-end=\"1307\"><strong data-start=\"1235\" data-end=\"1268\">OEM \/ Marca privada disponible<\/strong> \u2013 Logotipo y envasado personalizados disponibles.<\/p>\n<\/li>\n<\/ul>","protected":false},"featured_media":713,"comment_status":"open","ping_status":"closed","template":"","meta":[],"product_brand":[],"product_cat":[48],"product_tag":[],"class_list":{"0":"post-1197","1":"product","2":"type-product","3":"status-publish","4":"has-post-thumbnail","6":"product_cat-organic-konjac-pasta","8":"first","9":"instock","10":"shipping-taxable","11":"product-type-simple"},"_links":{"self":[{"href":"https:\/\/scmlkj.com\/es\/wp-json\/wp\/v2\/product\/1197","targetHints":{"allow":["GET"]}}],"collection":[{"href":"https:\/\/scmlkj.com\/es\/wp-json\/wp\/v2\/product"}],"about":[{"href":"https:\/\/scmlkj.com\/es\/wp-json\/wp\/v2\/types\/product"}],"replies":[{"embeddable":true,"href":"https:\/\/scmlkj.com\/es\/wp-json\/wp\/v2\/comments?post=1197"}],"wp:featuredmedia":[{"embeddable":true,"href":"https:\/\/scmlkj.com\/es\/wp-json\/wp\/v2\/media\/713"}],"wp:attachment":[{"href":"https:\/\/scmlkj.com\/es\/wp-json\/wp\/v2\/media?parent=1197"}],"wp:term":[{"taxonomy":"product_brand","embeddable":true,"href":"https:\/\/scmlkj.com\/es\/wp-json\/wp\/v2\/product_brand?post=1197"},{"taxonomy":"product_cat","embeddable":true,"href":"https:\/\/scmlkj.com\/es\/wp-json\/wp\/v2\/product_cat?post=1197"},{"taxonomy":"product_tag","embeddable":true,"href":"https:\/\/scmlkj.com\/es\/wp-json\/wp\/v2\/product_tag?post=1197"}],"curies":[{"name":"wp","href":"https:\/\/api.w.org\/{rel}","templated":true}]}}