{"id":1849,"date":"2025-11-29T07:16:45","date_gmt":"2025-11-29T07:16:45","guid":{"rendered":"https:\/\/scmlkj.com\/?post_type=product&#038;p=1849"},"modified":"2026-04-12T07:31:22","modified_gmt":"2026-04-12T07:31:22","slug":"fideos-shirataki-con-tomate-a-granel","status":"publish","type":"product","link":"https:\/\/scmlkj.com\/es\/productos\/fideos-shirataki-con-tomate-a-granel\/","title":{"rendered":"Fideos Shirataki de tomate a granel"},"content":{"rendered":"<p>El extracto de tomate se utiliza principalmente para la infusi\u00f3n de color natural, manteniendo un perfil de sabor neutro adecuado para una amplia gama de recetas.<\/p>\n\n\n\n<h2 class=\"wp-block-heading\">Informaci\u00f3n nutricional<\/h2>\n\n\n\n<figure class=\"wp-block-table\"><table class=\"has-fixed-layout\"><tbody><tr><td><strong>Nutriente<\/strong><\/td><td><strong>Unidades<\/strong><\/td><td><strong>Valor por cada 100 g<\/strong><\/td><\/tr><tr><td>Energ\u00eda<\/td><td>kJ \/ kcal<\/td><td>25 kJ \/ 5 kcal<\/td><\/tr><tr><td>Carbohidrato<\/td><td>g<\/td><td>Menos de 0,1<\/td><\/tr><tr><td>Prote\u00edna<\/td><td>g<\/td><td>Menos de 0,1<\/td><\/tr><tr><td>Grasa<\/td><td>g<\/td><td>0<\/td><\/tr><tr><td>Fibra diet\u00e9tica<\/td><td>g<\/td><td>2.7<\/td><\/tr><tr><td>Az\u00facar<\/td><td>g<\/td><td>0<\/td><\/tr><tr><td>Sodio<\/td><td>mg<\/td><td>0<\/td><\/tr><\/tbody><\/table><\/figure>\n\n\n\n<h2 class=\"wp-block-heading\">Informaci\u00f3n b\u00e1sica<\/h2>\n\n\n\n<figure class=\"wp-block-table\"><table class=\"has-fixed-layout\"><tbody><tr><td><strong>Art\u00edculo<\/strong><\/td><td><strong>Detalles<\/strong><\/td><\/tr><tr><td>Nombre del producto<\/td><td>Fideos Shirataki de Tomate<\/td><\/tr><tr><td>Tipo de producto<\/td><td>Fideos instant\u00e1neos de konjac<\/td><\/tr><tr><td>Estilo<\/td><td>H\u00famedo, fresco<\/td><\/tr><tr><td>Caracter\u00edstica<\/td><td>Bajo en carbohidratos, sin grasas<\/td><\/tr><tr><td>Tipo de procesamiento<\/td><td>Producci\u00f3n controlada por v\u00eda h\u00fameda<\/td><\/tr><tr><td>Sabor<\/td><td>Neutral<\/td><\/tr><tr><td>Olor<\/td><td>Inodoro<\/td><\/tr><tr><td>Apariencia<\/td><td>Color rojo claro \/ fideos infusionados con tomate<\/td><\/tr><tr><td>Especificaci\u00f3n<\/td><td>270 g \/ bolsa<\/td><\/tr><tr><td>Ingrediente principal<\/td><td><br>Harina de konjac, agua, extracto\/polvo de tomate<\/td><\/tr><tr><td>Contenido<\/td><td>Harina pura de konjac<\/td><\/tr><tr><td>Tiempo de cocci\u00f3n<\/td><td>2 minutos<\/td><\/tr><tr><td>Vida \u00fatil<\/td><td>15 meses<\/td><\/tr><tr><td>Tipo de almacenamiento<\/td><td>Temperatura ambiente<\/td><\/tr><tr><td>Marca comercial<\/td><td>Ma\u00f1ana del Este<\/td><\/tr><\/tbody><\/table><\/figure>\n\n\n\n<h2 class=\"wp-block-heading\">Aplicaciones recomendadas<\/h2>\n\n\n\n<p>Producci\u00f3n de kits de comida y alimentos listos para consumir<\/p>\n\n\n\n<p>L\u00edneas privadas de venta de fideos al por menor<\/p>\n\n\n\n<p>Pasta baja en carbohidratos para la restauraci\u00f3n<\/p>\n\n\n\n<p>Fideos de base neutra para salsas de tomate o saladas<\/p>\n\n\n\n<p>Suministro de ingredientes a granel para marcas de alimentos saludables<\/p>\n\n\n\n<h2 class=\"wp-block-heading\">Embalaje y entrega<\/h2>\n\n\n\n<figure class=\"wp-block-table\"><table class=\"has-fixed-layout\"><tbody><tr><td><strong>Art\u00edculo<\/strong><\/td><td><strong>Detalles<\/strong><\/td><\/tr><tr><td>Unidad de venta<\/td><td>Art\u00edculo \u00fanico<\/td><\/tr><tr><td>Tama\u00f1o del paquete<\/td><td>12 \u00d7 10 \u00d7 18 cm<\/td><\/tr><tr><td>Peso bruto<\/td><td>0,280 kg<\/td><\/tr><tr><td>Embalaje<\/td><td>Bolsa<\/td><\/tr><tr><td>Logotipo personalizado<\/td><td>Disponible (cantidad m\u00ednima de pedido: 10 000 bolsas)<\/td><\/tr><\/tbody><\/table><\/figure>\n\n\n\n<p><\/p>\n\n\n\n<h2 class=\"wp-block-heading\">C\u00f3mo cocinar<\/h2>\n\n\n\n<p><strong>Listo en 2 minutos<\/strong><\/p>\n\n\n\n<ol class=\"wp-block-list\">\n<li><strong>Desag\u00fce<\/strong> el l\u00edquido y <strong>Enjuague 2 o 3 veces.<\/strong> con agua limpia.<\/li>\n\n\n\n<li><strong>Blanquear<\/strong> en problemas por <strong>1 minuto<\/strong>.<\/li>\n\n\n\n<li>Disfruta con <strong>sopas, salteados, ensaladas, guisos<\/strong>, o cualquier plato de pasta.<\/li>\n<\/ol>\n\n\n\n<p><\/p>\n\n\n\n<h2 class=\"wp-block-heading\">Certificaciones<\/h2>\n\n\n\n<p>ISO \u00b7 HACCP \u00b7 HALAL \u00b7 KOSHER \u00b7 BRC \u00b7 IFS \u00b7 ORG\u00c1NICO DE LA UE \u00b7 ORG\u00c1NICO DEL USDA<\/p>\n\n\n\n<p><\/p>","protected":false},"excerpt":{"rendered":"<p>Un producto de color natural <strong data-start=\"502\" data-end=\"529\">Fideo Shirataki de Tomate<\/strong> elaborado con harina de konjac y extracto de tomate a\u00f1adido. Etiqueta limpia, bajo en carbohidratos, sin grasa, ideal para marcas de alimentos saludables, kits de comidas y minoristas de marca blanca. Perfecto para suministro a granel, f\u00f3rmulas OEM y distribuci\u00f3n internacional.<\/p>\n<ul>\n<li data-start=\"794\" data-end=\"869\">\n<p data-start=\"796\" data-end=\"869\"><strong data-start=\"796\" data-end=\"823\">Infusi\u00f3n Natural de Tomate<\/strong> \u2013 Color rojo suave con sabor limpio y neutro.<\/p>\n<\/li>\n<li data-start=\"870\" data-end=\"973\">\n<p data-start=\"872\" data-end=\"973\"><strong data-start=\"872\" data-end=\"904\">Ultra Bajo en Calor\u00edas y Carbohidratos<\/strong> \u2013 Solo <strong data-start=\"912\" data-end=\"931\">5 kcal por cada 100 g<\/strong>, ideal para comidas cetog\u00e9nicas y de control de peso.<\/p>\n<\/li>\n<li data-start=\"974\" data-end=\"1040\">\n<p data-start=\"976\" data-end=\"1040\"><strong data-start=\"976\" data-end=\"998\">Listo en 2 minutos<\/strong> \u2013 Fideos instant\u00e1neos h\u00famedos y convenientes.<\/p>\n<\/li>\n<li data-start=\"1041\" data-end=\"1117\">\n<p data-start=\"1043\" data-end=\"1117\"><strong data-start=\"1043\" data-end=\"1074\">Sin Az\u00facar, Sin Grasa, Sin Gluten<\/strong> \u2013 Producto 100% basado en plantas y de etiqueta limpia.<\/p>\n<\/li>\n<li data-start=\"1118\" data-end=\"1215\">\n<p data-start=\"1120\" data-end=\"1215\"><strong data-start=\"1120\" data-end=\"1151\">Perfecto para Suministro B2B a Granel<\/strong> \u2013 Directo de f\u00e1brica, suministro estable, personalizaci\u00f3n OEM disponible.<\/p>\n<\/li>\n<li data-start=\"1216\" data-end=\"1310\">\n<p data-start=\"1218\" data-end=\"1310\"><strong data-start=\"1218\" data-end=\"1252\">Certificaciones de Est\u00e1ndares Globales<\/strong> \u2013 ISO, HACCP, HALAL, KOSHER, BRC, IFS, Org\u00e1nico UE y USDA.<\/p>\n<\/li>\n<\/ul>","protected":false},"featured_media":1852,"comment_status":"open","ping_status":"closed","template":"","meta":[],"product_brand":[],"product_cat":[48],"product_tag":[],"class_list":{"0":"post-1849","1":"product","2":"type-product","3":"status-publish","4":"has-post-thumbnail","6":"product_cat-organic-konjac-pasta","8":"first","9":"instock","10":"shipping-taxable","11":"product-type-simple"},"_links":{"self":[{"href":"https:\/\/scmlkj.com\/es\/wp-json\/wp\/v2\/product\/1849","targetHints":{"allow":["GET"]}}],"collection":[{"href":"https:\/\/scmlkj.com\/es\/wp-json\/wp\/v2\/product"}],"about":[{"href":"https:\/\/scmlkj.com\/es\/wp-json\/wp\/v2\/types\/product"}],"replies":[{"embeddable":true,"href":"https:\/\/scmlkj.com\/es\/wp-json\/wp\/v2\/comments?post=1849"}],"wp:featuredmedia":[{"embeddable":true,"href":"https:\/\/scmlkj.com\/es\/wp-json\/wp\/v2\/media\/1852"}],"wp:attachment":[{"href":"https:\/\/scmlkj.com\/es\/wp-json\/wp\/v2\/media?parent=1849"}],"wp:term":[{"taxonomy":"product_brand","embeddable":true,"href":"https:\/\/scmlkj.com\/es\/wp-json\/wp\/v2\/product_brand?post=1849"},{"taxonomy":"product_cat","embeddable":true,"href":"https:\/\/scmlkj.com\/es\/wp-json\/wp\/v2\/product_cat?post=1849"},{"taxonomy":"product_tag","embeddable":true,"href":"https:\/\/scmlkj.com\/es\/wp-json\/wp\/v2\/product_tag?post=1849"}],"curies":[{"name":"wp","href":"https:\/\/api.w.org\/{rel}","templated":true}]}}