{"id":1853,"date":"2025-11-29T08:22:39","date_gmt":"2025-11-29T08:22:39","guid":{"rendered":"https:\/\/scmlkj.com\/?post_type=product&#038;p=1853"},"modified":"2026-04-30T11:37:22","modified_gmt":"2026-04-30T11:37:22","slug":"pasta-de-moringa-y-konjac-fideos-shirataki","status":"publish","type":"product","link":"https:\/\/scmlkj.com\/es\/productos\/pasta-de-moringa-y-konjac-fideos-shirataki\/","title":{"rendered":"Pasta Moringa Konjac Fideos Shirataki\u00a0"},"content":{"rendered":"<p>El extracto de moringa se utiliza para proporcionar un color verde natural y un posicionamiento funcional de superalimento, manteniendo al mismo tiempo una base de sabor neutro adecuada para diversas cocinas.<\/p>\n\n\n\n<figure class=\"wp-block-image size-large\"><img fetchpriority=\"high\" decoding=\"async\" width=\"1024\" height=\"576\" src=\"https:\/\/scmlkj.com\/wp-content\/uploads\/2025\/11\/spinach-konjac-noodles-shirataki-plant-based-pasta-1024x576.jpg\" alt=\"Fideos shirataki de moringa konjac elaborados con ingredientes de origen vegetal, alternativa saludable y funcional a la pasta baja en carbohidratos\" class=\"wp-image-3720\" srcset=\"https:\/\/scmlkj.com\/wp-content\/uploads\/2025\/11\/spinach-konjac-noodles-shirataki-plant-based-pasta-1024x576.jpg 1024w, https:\/\/scmlkj.com\/wp-content\/uploads\/2025\/11\/spinach-konjac-noodles-shirataki-plant-based-pasta-300x169.jpg 300w, https:\/\/scmlkj.com\/wp-content\/uploads\/2025\/11\/spinach-konjac-noodles-shirataki-plant-based-pasta-768x432.jpg 768w, https:\/\/scmlkj.com\/wp-content\/uploads\/2025\/11\/spinach-konjac-noodles-shirataki-plant-based-pasta-1536x864.jpg 1536w, https:\/\/scmlkj.com\/wp-content\/uploads\/2025\/11\/spinach-konjac-noodles-shirataki-plant-based-pasta-18x10.jpg 18w, https:\/\/scmlkj.com\/wp-content\/uploads\/2025\/11\/spinach-konjac-noodles-shirataki-plant-based-pasta-600x338.jpg 600w, https:\/\/scmlkj.com\/wp-content\/uploads\/2025\/11\/spinach-konjac-noodles-shirataki-plant-based-pasta.jpg 1600w\" sizes=\"(max-width: 1024px) 100vw, 1024px\" \/><\/figure>\n\n\n\n<h2 class=\"wp-block-heading\">Informaci\u00f3n nutricional<\/h2>\n\n\n\n<figure class=\"wp-block-table\"><table class=\"has-fixed-layout\"><tbody><tr><td><strong>Nutriente<\/strong><\/td><td><strong>Unidades<\/strong><\/td><td><strong>Valor por cada 100 g<\/strong><\/td><\/tr><tr><td>Energ\u00eda<\/td><td>kJ \/ kcal<\/td><td>25 kJ \/ 5 kcal<\/td><\/tr><tr><td>Carbohidrato<\/td><td>g<\/td><td>Menos de 0,1<\/td><\/tr><tr><td>Prote\u00edna<\/td><td>g<\/td><td>Menos de 0,1<\/td><\/tr><tr><td>Grasa<\/td><td>g<\/td><td>0<\/td><\/tr><tr><td>Fibra diet\u00e9tica<\/td><td>g<\/td><td>2.7<\/td><\/tr><tr><td>Az\u00facar<\/td><td>g<\/td><td>0<\/td><\/tr><tr><td>Sodio<\/td><td>mg<\/td><td>0<\/td><\/tr><\/tbody><\/table><\/figure>\n\n\n\n<h2 class=\"wp-block-heading\">Informaci\u00f3n b\u00e1sica<\/h2>\n\n\n\n<figure class=\"wp-block-table\"><table class=\"has-fixed-layout\"><tbody><tr><td><strong>Art\u00edculo<\/strong><\/td><td><strong>Detalles<\/strong><\/td><\/tr><tr><td>Nombre del producto<\/td><td>Pasta de moringa y konjac<\/td><\/tr><tr><td>Tipo de producto<\/td><td>Fideos instant\u00e1neos de konjac<\/td><\/tr><tr><td>Estilo<\/td><td>H\u00famedo, fresco<\/td><\/tr><tr><td>Caracter\u00edstica<\/td><td>Bajo en carbohidratos, sin grasas<\/td><\/tr><tr><td>Tipo de procesamiento<\/td><td>Producci\u00f3n controlada por v\u00eda h\u00fameda<\/td><\/tr><tr><td>Sabor<\/td><td>Sabor neutro<\/td><\/tr><tr><td>Olor<\/td><td>Inodoro<\/td><\/tr><tr><td>Apariencia<\/td><td>Fideos naturales con infusi\u00f3n de moringa verde<\/td><\/tr><tr><td>Especificaci\u00f3n<\/td><td>270 g \/ bolsa<\/td><\/tr><tr><td>Ingrediente principal<\/td><td><br>Harina de konjac, agua, extracto\/polvo de moringa.<\/td><\/tr><tr><td>Contenido<\/td><td>Harina pura de konjac<\/td><\/tr><tr><td>Tiempo de cocci\u00f3n<\/td><td>2 minutos<\/td><\/tr><tr><td>Vida \u00fatil<\/td><td>15 meses<\/td><\/tr><tr><td>Tipo de almacenamiento<\/td><td>Temperatura ambiente<\/td><\/tr><tr><td>Marca comercial<\/td><td>Ma\u00f1ana del Este<\/td><\/tr><\/tbody><\/table><\/figure>\n\n\n\n<h2 class=\"wp-block-heading\">Aplicaciones recomendadas<\/h2>\n\n\n\n<p>Kits de comidas funcionales y superalimentos<\/p>\n\n\n\n<p>L\u00edneas de alimentos veganos y vegetales de primera calidad<\/p>\n\n\n\n<p>Pasta baja en carbohidratos y apta para cel\u00edacos<\/p>\n\n\n\n<p>Productos minoristas centrados en el bienestar<\/p>\n\n\n\n<p>Platos de fusi\u00f3n asi\u00e1tica y superalimentos verdes<\/p>\n\n\n\n<h2 class=\"wp-block-heading\">Embalaje y entrega<\/h2>\n\n\n\n<figure class=\"wp-block-table\"><table class=\"has-fixed-layout\"><tbody><tr><td><strong>Art\u00edculo<\/strong><\/td><td><strong>Detalles<\/strong><\/td><\/tr><tr><td>Unidad de venta<\/td><td>Art\u00edculo \u00fanico<\/td><\/tr><tr><td>Tama\u00f1o del paquete<\/td><td>12 \u00d7 10 \u00d7 18 cm<\/td><\/tr><tr><td>Peso bruto<\/td><td>0,280 kg<\/td><\/tr><tr><td>Embalaje<\/td><td>Bolsa<\/td><\/tr><tr><td>Logotipo personalizado<\/td><td>Disponible (cantidad m\u00ednima de pedido: 10 000 bolsas)<\/td><\/tr><\/tbody><\/table><\/figure>\n\n\n\n<figure class=\"wp-block-image size-large\"><img decoding=\"async\" width=\"1024\" height=\"576\" src=\"https:\/\/scmlkj.com\/wp-content\/uploads\/2026\/04\/Cooked-Moringa-Konjac-Noodles-Ready-to-Eat-Shirataki-1024x576.jpg\" alt=\"Tallarines shirataki de moringa konjac cocidos servidos en un bol, comida sana a base de plantas baja en carbohidratos\" class=\"wp-image-3726\" srcset=\"https:\/\/scmlkj.com\/wp-content\/uploads\/2026\/04\/Cooked-Moringa-Konjac-Noodles-Ready-to-Eat-Shirataki-1024x576.jpg 1024w, https:\/\/scmlkj.com\/wp-content\/uploads\/2026\/04\/Cooked-Moringa-Konjac-Noodles-Ready-to-Eat-Shirataki-300x169.jpg 300w, https:\/\/scmlkj.com\/wp-content\/uploads\/2026\/04\/Cooked-Moringa-Konjac-Noodles-Ready-to-Eat-Shirataki-768x432.jpg 768w, https:\/\/scmlkj.com\/wp-content\/uploads\/2026\/04\/Cooked-Moringa-Konjac-Noodles-Ready-to-Eat-Shirataki-1536x864.jpg 1536w, https:\/\/scmlkj.com\/wp-content\/uploads\/2026\/04\/Cooked-Moringa-Konjac-Noodles-Ready-to-Eat-Shirataki-18x10.jpg 18w, https:\/\/scmlkj.com\/wp-content\/uploads\/2026\/04\/Cooked-Moringa-Konjac-Noodles-Ready-to-Eat-Shirataki-600x338.jpg 600w, https:\/\/scmlkj.com\/wp-content\/uploads\/2026\/04\/Cooked-Moringa-Konjac-Noodles-Ready-to-Eat-Shirataki.jpg 1600w\" sizes=\"(max-width: 1024px) 100vw, 1024px\" \/><\/figure>\n\n\n\n<h2 class=\"wp-block-heading\">C\u00f3mo cocinar<\/h2>\n\n\n\n<p><strong>Listo en 2 minutos<\/strong><\/p>\n\n\n\n<ol class=\"wp-block-list\">\n<li>Escurrir el l\u00edquido y enjuagar. <strong>2-3 veces<\/strong>.<\/li>\n\n\n\n<li>Escaldar en agua caliente durante <strong>1 minuto<\/strong>.<\/li>\n\n\n\n<li>Servir con:\n<ul class=\"wp-block-list\">\n<li>ensaladas<\/li>\n\n\n\n<li>platos de pasta bajos en carbohidratos<\/li>\n\n\n\n<li>Boles de fusi\u00f3n asi\u00e1tica<\/li>\n\n\n\n<li>kits de comida vegana<\/li>\n\n\n\n<li>salteados<\/li>\n<\/ul>\n<\/li>\n<\/ol>\n\n\n\n<p>La moringa aporta color natural y valor nutricional, al tiempo que mantiene un sabor ligero.<\/p>\n\n\n\n<h2 class=\"wp-block-heading\">Certificaciones<\/h2>\n\n\n\n<p>ISO \u00b7 HACCP \u00b7 HALAL \u00b7 KOSHER \u00b7 BRC \u00b7 IFS \u00b7 ORG\u00c1NICO DE LA UE \u00b7 ORG\u00c1NICO DEL USDA<\/p>","protected":false},"excerpt":{"rendered":"<p>A <strong data-start=\"496\" data-end=\"536\">Pasta verde Konjac con superalimentos<\/strong> Elaborado con harina de konjac de primera calidad y extracto natural de moringa. Bajo en carbohidratos, sin grasas, sin az\u00facares y perfecto para marcas de alimentos saludables, categor\u00edas veganas y compradores de marcas blancas que buscan ingredientes \u00fanicos y funcionales.<\/p>\n<ul>\n<li data-start=\"784\" data-end=\"883\">\n<p data-start=\"786\" data-end=\"883\"><strong data-start=\"786\" data-end=\"808\">Infusi\u00f3n de superalimentos<\/strong> \u2013 La moringa natural aporta un color verde limpio y un atractivo saludable de primera calidad.<\/p>\n<\/li>\n<li data-start=\"884\" data-end=\"975\">\n<p data-start=\"886\" data-end=\"975\"><strong data-start=\"886\" data-end=\"907\">Ultra bajo en calor\u00edas<\/strong> \u2013 Solo <strong data-start=\"915\" data-end=\"934\">5 kcal por cada 100 g<\/strong>, ideal para los mercados de p\u00e9rdida de peso y cetog\u00e9nicos.<\/p>\n<\/li>\n<li data-start=\"976\" data-end=\"1052\">\n<p data-start=\"978\" data-end=\"1052\"><strong data-start=\"978\" data-end=\"1001\">Comodidad instant\u00e1nea<\/strong> \u2013 Pasta konjac al estilo h\u00famedo lista en <strong data-start=\"1036\" data-end=\"1049\">2 minutos<\/strong>.<\/p>\n<\/li>\n<li data-start=\"1053\" data-end=\"1140\">\n<p data-start=\"1055\" data-end=\"1140\"><strong data-start=\"1055\" data-end=\"1072\">Sabor neutro<\/strong> \u2013 La moringa solo afecta al color; el sabor sigue siendo suave en cualquier tipo de cocina.<\/p>\n<\/li>\n<li data-start=\"1141\" data-end=\"1219\">\n<p data-start=\"1143\" data-end=\"1219\"><strong data-start=\"1143\" data-end=\"1165\">Alto contenido en fibra diet\u00e9tica<\/strong> \u2013 Aporta saciedad; perfecto para kits de comidas saludables.<\/p>\n<\/li>\n<li data-start=\"1220\" data-end=\"1321\">\n<p data-start=\"1222\" data-end=\"1321\"><strong data-start=\"1222\" data-end=\"1254\">Certificaciones de exportaci\u00f3n globales<\/strong> \u2013 ISO, HACCP, HALAL, KOSHER, BRC, IFS, Ecol\u00f3gico UE, Ecol\u00f3gico USDA.<\/p>\n<\/li>\n<li data-start=\"1322\" data-end=\"1402\">\n<p data-start=\"1324\" data-end=\"1402\"><strong data-start=\"1324\" data-end=\"1357\">Ideal para OEM \/ Marca privada<\/strong> \u2013 Envases y formulaciones personalizados disponibles.<\/p>\n<\/li>\n<\/ul>","protected":false},"featured_media":1856,"comment_status":"open","ping_status":"closed","template":"","meta":[],"product_brand":[],"product_cat":[48],"product_tag":[],"class_list":{"0":"post-1853","1":"product","2":"type-product","3":"status-publish","4":"has-post-thumbnail","6":"product_cat-organic-konjac-pasta","8":"first","9":"instock","10":"shipping-taxable","11":"product-type-simple"},"_links":{"self":[{"href":"https:\/\/scmlkj.com\/es\/wp-json\/wp\/v2\/product\/1853","targetHints":{"allow":["GET"]}}],"collection":[{"href":"https:\/\/scmlkj.com\/es\/wp-json\/wp\/v2\/product"}],"about":[{"href":"https:\/\/scmlkj.com\/es\/wp-json\/wp\/v2\/types\/product"}],"replies":[{"embeddable":true,"href":"https:\/\/scmlkj.com\/es\/wp-json\/wp\/v2\/comments?post=1853"}],"wp:featuredmedia":[{"embeddable":true,"href":"https:\/\/scmlkj.com\/es\/wp-json\/wp\/v2\/media\/1856"}],"wp:attachment":[{"href":"https:\/\/scmlkj.com\/es\/wp-json\/wp\/v2\/media?parent=1853"}],"wp:term":[{"taxonomy":"product_brand","embeddable":true,"href":"https:\/\/scmlkj.com\/es\/wp-json\/wp\/v2\/product_brand?post=1853"},{"taxonomy":"product_cat","embeddable":true,"href":"https:\/\/scmlkj.com\/es\/wp-json\/wp\/v2\/product_cat?post=1853"},{"taxonomy":"product_tag","embeddable":true,"href":"https:\/\/scmlkj.com\/es\/wp-json\/wp\/v2\/product_tag?post=1853"}],"curies":[{"name":"wp","href":"https:\/\/api.w.org\/{rel}","templated":true}]}}