{"id":2039,"date":"2025-12-06T08:48:37","date_gmt":"2025-12-06T08:48:37","guid":{"rendered":"https:\/\/scmlkj.com\/?post_type=product&#038;p=2039"},"modified":"2026-04-12T07:29:35","modified_gmt":"2026-04-12T07:29:35","slug":"fideos-instantaneos-tom-yum-konjac","status":"publish","type":"product","link":"https:\/\/scmlkj.com\/es\/productos\/fideos-instantaneos-tom-yum-konjac\/","title":{"rendered":"Tom Yum Konjac Taza de fideos instant\u00e1neos"},"content":{"rendered":"<p><\/p>\n\n\n\n<h2 class=\"wp-block-heading\">Especificaciones del producto<\/h2>\n\n\n\n<figure class=\"wp-block-table\"><table class=\"has-fixed-layout\"><tbody><tr><td><strong>Art\u00edculo<\/strong><\/td><td><strong>Detalles<\/strong><\/td><\/tr><tr><td>Nombre del producto<\/td><td>Tom Yum Konjac Taza de fideos instant\u00e1neos<\/td><\/tr><tr><td>Tipo de producto<\/td><td><a href=\"https:\/\/scmlkj.com\/es\/product-category\/fideos-instantaneos-de-konjac\/\">Fideos instant\u00e1neos Konjac Cup Noodles<\/a><\/td><\/tr><tr><td>Peso<\/td><td>90 g de salsa + 120 g de fideos konjac + 2 g de verduras<\/td><\/tr><tr><td>Sabor<\/td><td>Tom Yum (picante y \u00e1cido)<\/td><\/tr><tr><td>Tipo de dieta<\/td><td>Ceto \u00b7 Bajo en carbohidratos \u00b7 Vegano<\/td><\/tr><tr><td>Vida \u00fatil<\/td><td>14 meses<\/td><\/tr><tr><td>Certificaciones<\/td><td>IFS, BRC, KOSHER, HALAL<\/td><\/tr><tr><td>Estado de los OMG<\/td><td>Sin OGM<\/td><\/tr><tr><td>Preparaci\u00f3n<\/td><td>R\u00e1pido y f\u00e1cil<\/td><\/tr><\/tbody><\/table><\/figure>\n\n\n\n<h2 class=\"wp-block-heading\">Ingredientes<\/h2>\n\n\n\n<p><strong>Salsa (90 g)<\/strong><\/p>\n\n\n\n<p>Agua, Az\u00facar blanco, Aceite vegetal, Sal comestible, Ajo, Coco en polvo, Jengibre, Salsa de tomate, Salsa de soja fermentada, Cebolla, Vinagre fermentado, Extracto de levadura, Pimienta en polvo, Esencia comestible, Vino de arroz, Pimienta dulce roja en polvo, \u00c1cido c\u00edtrico,<br>Especias <em>(jengibre, cebolla, semillas de cilantro, ajo)<\/em>,<br>5'-Nucle\u00f3tido dis\u00f3dico de sabor, Curry en polvo.<\/p>\n\n\n\n<p><strong><a href=\"https:\/\/scmlkj.com\/es\/product-category\/fideos-konjac-humedos\/\">Fideos Konjac <\/a>(120g)<\/strong><\/p>\n\n\n\n<p>Agua, polvo de konjac, \u00e1cido c\u00edtrico.<\/p>\n\n\n\n<p><strong>Verduras (2 g)<\/strong><\/p>\n\n\n\n<p>Cebolla, zanahoria.<\/p>\n\n\n\n<h2 class=\"wp-block-heading\">C\u00f3mo prepararse<\/h2>\n\n\n\n<p>Abra la tapa y retire todos los sobres.<\/p>\n\n\n\n<p>A\u00f1adir los fideos konjac y las verduras secas en la taza.<\/p>\n\n\n\n<p>Vierta la salsa Tom Yum.<\/p>\n\n\n\n<p>A\u00f1adir agua caliente hasta la l\u00ednea indicada (o calentar en el microondas durante 2-3 minutos).<\/p>\n\n\n\n<p>Remover bien y disfrutar de una comida de fideos konjac al estilo tailand\u00e9s, picante y \u00e1cida.<\/p>\n\n\n\n<h2 class=\"wp-block-heading\">Beneficios para la salud y funcionales<\/h2>\n\n\n\n<p><strong>Refrescante perfil picante y \u00e1cido<\/strong><br>El equilibrio caracter\u00edstico de Tom Yum entre el picante del chile, la acidez c\u00edtrica y el aroma herbal proporciona un sabor intenso sin pesadez.<\/p>\n\n\n\n<p><strong>Comida baja en calor\u00edas y carbohidratos<\/strong><br>Ideal para consumidores que buscan comidas instant\u00e1neas sabrosas a la vez que controlan la ingesta de calor\u00edas y carbohidratos.<\/p>\n\n\n\n<p><strong>Apto para diab\u00e9ticos<\/strong><br>Los fideos konjac tienen un \u00edndice gluc\u00e9mico bajo, lo que ayuda a minimizar los picos de az\u00facar en sangre.<\/p>\n\n\n\n<p><strong>Alta Saciedad<\/strong><br>Rico en fibra diet\u00e9tica soluble, el konjac favorece la saciedad y ayuda a reducir los antojos.<\/p>\n\n\n\n<p><\/p>\n\n\n\n<h2 class=\"wp-block-heading\">Opciones de OEM \/ Marca privada<\/h2>\n\n\n\n<p>Esta taza de fideos instant\u00e1neos de konjac Tom Yum se ha desarrollado para programas de fabricantes de equipos originales y marcas blancas dirigidos a los perfiles de sabor tailand\u00e9s y del sudeste asi\u00e1tico.<\/p>\n\n\n\n<p>Sabores personalizados (curry rojo, marinara, pesto, tom yum, kimchi, miso, etc.)<\/p>\n\n\n\n<p>Tama\u00f1o de taza personalizado y dise\u00f1o de embalaje<\/p>\n\n\n\n<p>Proporci\u00f3n de salsa personalizada y nivel de picante<\/p>\n\n\n\n<p>Formulaciones bajas en sodio o sin az\u00facar.<\/p>\n\n\n\n<p>Etiquetado multiling\u00fce y asistencia en materia de cumplimiento normativo<\/p>\n\n\n\n<p>\u00bfQuieres lanzar tu propio <strong>Konjac saludable <strong>Instant\u00e1nea <\/strong>Taza de fideos<\/strong> \u00bfBajo tu marca?<br><a href=\"https:\/\/scmlkj.com\/es\/pongase-en-contacto-con\/\" data-type=\"link\" data-id=\"https:\/\/scmlkj.com\/contact\/\">P\u00f3ngase en contacto con <strong>Ma\u00f1ana del Este<\/strong><\/a> para <a href=\"https:\/\/scmlkj.com\/es\/fideos-instantaneos-de-konjac\/\">Personalizaci\u00f3n OEM<\/a>, <a href=\"https:\/\/scmlkj.com\/es\/solicitud-de-muestra-gratuita\/\">muestras<\/a>y precios al por mayor.<\/p>\n\n\n\n<p><\/p>","protected":false},"excerpt":{"rendered":"<p>Eastern Morning's Tom Yum Konjac Instant Cup Noodles capturan el ic\u00f3nico sabor picante y \u00e1cido tailand\u00e9s con especias arom\u00e1ticas, hierbas y notas de coco, emparejados con fideos konjac suaves y sin olor. Cada taza contiene 120 g de fideos konjac, 90 g de salsa Tom Yum y 2 g de verduras, ofreciendo una comida instant\u00e1nea refrescante, picante y \u00e1cida, y libre de culpa, ideal para estilos de vida ceto, bajos en carbohidratos y basados en plantas.<\/p>\n<ul>\n<li data-start=\"936\" data-end=\"1013\">\n<p data-start=\"938\" data-end=\"1013\"><strong data-start=\"938\" data-end=\"966\">Aut\u00e9ntico sabor Tom Yum<\/strong> - Caldo tailand\u00e9s picante, \u00e1cido y arom\u00e1tico<\/p>\n<\/li>\n<li data-start=\"1014\" data-end=\"1087\">\n<p data-start=\"1016\" data-end=\"1087\"><strong data-start=\"1016\" data-end=\"1042\">Bajo en carbohidratos \u00b7 Bajo en calor\u00edas<\/strong> - Disfrute de un sabor intenso sin calor\u00edas<\/p>\n<\/li>\n<li data-start=\"1088\" data-end=\"1153\">\n<p data-start=\"1090\" data-end=\"1153\"><strong data-start=\"1090\" data-end=\"1107\">Apto para dietas cetog\u00e9nicas<\/strong> - Apoya las dietas cetog\u00e9nicas y de bajo \u00edndice gluc\u00e9mico<\/p>\n<\/li>\n<li data-start=\"1154\" data-end=\"1215\">\n<p data-start=\"1156\" data-end=\"1215\"><strong data-start=\"1156\" data-end=\"1171\">Sin gluten<\/strong> \u2013 Apto para consumidores sensibles al gluten.<\/p>\n<\/li>\n<li data-start=\"1216\" data-end=\"1271\">\n<p data-start=\"1218\" data-end=\"1271\"><strong data-start=\"1218\" data-end=\"1236\">Kosher y Halal<\/strong> \u2013 Preparado para el cumplimiento normativo internacional.<\/p>\n<\/li>\n<li data-start=\"1272\" data-end=\"1342\">\n<p data-start=\"1274\" data-end=\"1342\"><strong data-start=\"1274\" data-end=\"1305\">Sin OGM \u00b7 Vegano a base de plantas<\/strong> \u2013 Ingredientes limpios y de origen vegetal.<\/p>\n<\/li>\n<li data-start=\"1343\" data-end=\"1409\">\n<p data-start=\"1345\" data-end=\"1409\"><strong data-start=\"1345\" data-end=\"1361\">R\u00e1pido y f\u00e1cil<\/strong> - Listo en minutos, ideal para estilos de vida ajetreados<\/p>\n<\/li>\n<li data-start=\"1410\" data-end=\"1472\">\n<p data-start=\"1412\" data-end=\"1472\"><strong data-start=\"1412\" data-end=\"1440\">Fideos Konjac sin olor<\/strong> - Sabor limpio, textura suave<\/p>\n<\/li>\n<\/ul>","protected":false},"featured_media":2047,"comment_status":"open","ping_status":"closed","template":"","meta":[],"product_brand":[],"product_cat":[53],"product_tag":[],"class_list":{"0":"post-2039","1":"product","2":"type-product","3":"status-publish","4":"has-post-thumbnail","6":"product_cat-instant-konjac-noodles","8":"first","9":"instock","10":"shipping-taxable","11":"product-type-simple"},"_links":{"self":[{"href":"https:\/\/scmlkj.com\/es\/wp-json\/wp\/v2\/product\/2039","targetHints":{"allow":["GET"]}}],"collection":[{"href":"https:\/\/scmlkj.com\/es\/wp-json\/wp\/v2\/product"}],"about":[{"href":"https:\/\/scmlkj.com\/es\/wp-json\/wp\/v2\/types\/product"}],"replies":[{"embeddable":true,"href":"https:\/\/scmlkj.com\/es\/wp-json\/wp\/v2\/comments?post=2039"}],"wp:featuredmedia":[{"embeddable":true,"href":"https:\/\/scmlkj.com\/es\/wp-json\/wp\/v2\/media\/2047"}],"wp:attachment":[{"href":"https:\/\/scmlkj.com\/es\/wp-json\/wp\/v2\/media?parent=2039"}],"wp:term":[{"taxonomy":"product_brand","embeddable":true,"href":"https:\/\/scmlkj.com\/es\/wp-json\/wp\/v2\/product_brand?post=2039"},{"taxonomy":"product_cat","embeddable":true,"href":"https:\/\/scmlkj.com\/es\/wp-json\/wp\/v2\/product_cat?post=2039"},{"taxonomy":"product_tag","embeddable":true,"href":"https:\/\/scmlkj.com\/es\/wp-json\/wp\/v2\/product_tag?post=2039"}],"curies":[{"name":"wp","href":"https:\/\/api.w.org\/{rel}","templated":true}]}}