{"id":2051,"date":"2025-12-06T08:51:52","date_gmt":"2025-12-06T08:51:52","guid":{"rendered":"https:\/\/scmlkj.com\/?post_type=product&#038;p=2051"},"modified":"2026-04-12T07:29:00","modified_gmt":"2026-04-12T07:29:00","slug":"fideos-instantaneos-de-miso-y-konjac-en-taza","status":"publish","type":"product","link":"https:\/\/scmlkj.com\/es\/productos\/fideos-instantaneos-de-miso-y-konjac-en-taza\/","title":{"rendered":"Taza de fideos instant\u00e1neos Miso Konjac"},"content":{"rendered":"<p><\/p>\n\n\n\n<h2 class=\"wp-block-heading\">Especificaciones del producto<\/h2>\n\n\n\n<figure class=\"wp-block-table\"><table class=\"has-fixed-layout\"><tbody><tr><td><strong>Art\u00edculo<\/strong><\/td><td><strong>Detalles<\/strong><\/td><\/tr><tr><td>Nombre del producto<\/td><td>Taza de fideos instant\u00e1neos Miso Konjac<\/td><\/tr><tr><td>Tipo de producto<\/td><td><a href=\"https:\/\/scmlkj.com\/es\/product-category\/fideos-instantaneos-de-konjac\/\">Fideos instant\u00e1neos Konjac Cup Noodles<\/a><\/td><\/tr><tr><td>Peso<\/td><td>90 g de salsa + 120 g de fideos konjac + 2 g de verduras<\/td><\/tr><tr><td>Sabor<\/td><td>Miso<\/td><\/tr><tr><td>Tipo de dieta<\/td><td>Ceto \u00b7 Bajo en carbohidratos \u00b7 Vegano<\/td><\/tr><tr><td>Vida \u00fatil<\/td><td>14 meses<\/td><\/tr><tr><td>Certificaciones<\/td><td>IFS, BRC, KOSHER, HALAL<\/td><\/tr><tr><td>Estado de los OMG<\/td><td>Sin OGM<\/td><\/tr><tr><td>Preparaci\u00f3n<\/td><td>R\u00e1pido y f\u00e1cil<\/td><\/tr><\/tbody><\/table><\/figure>\n\n\n\n<h2 class=\"wp-block-heading\">Ingredientes<\/h2>\n\n\n\n<p><strong>Salsa (90 g)<\/strong><\/p>\n\n\n\n<p>Salsa de miso <em>(agua, soja no transg\u00e9nica, arroz, sal comestible, alcohol comestible)<\/em>,<br>Agua, az\u00facar blanco granulado, salsa Kunbu. <em>(agua, algas secas, sal comestible)<\/em>,<br>Prote\u00edna vegetal hidrolizada con \u00e1cido, sal comestible,<br>Potenciador del sabor <em>(5'-ribonucle\u00f3tido dis\u00f3dico)<\/em><\/p>\n\n\n\n<p><strong>Fideos Konjac (120 g)<\/strong><\/p>\n\n\n\n<p>Agua, polvo de konjac, \u00e1cido c\u00edtrico.<\/p>\n\n\n\n<p><strong>Verduras (2 g)<\/strong><\/p>\n\n\n\n<p>Cebolla, zanahoria.<\/p>\n\n\n\n<h2 class=\"wp-block-heading\">C\u00f3mo preparar (Instant Cup)<\/h2>\n\n\n\n<p>Abra la tapa y retire todos los sobres.<\/p>\n\n\n\n<p>A\u00f1adir los fideos konjac y las verduras secas en la taza.<\/p>\n\n\n\n<p>Vierta la salsa de miso.<\/p>\n\n\n\n<p>A\u00f1adir agua caliente hasta la l\u00ednea indicada (o calentar en el microondas durante 2-3 minutos).<\/p>\n\n\n\n<p>Remover bien y disfrutar de una sabrosa comida caliente de fideos de miso konjac.<\/p>\n\n\n\n<h2 class=\"wp-block-heading\">Beneficios para la salud y funcionales<\/h2>\n\n\n\n<p><strong>Reconfortante Umami japon\u00e9s<\/strong><br>El miso y las algas (konbu) aportan un sabor intenso y sabroso, creando un caldo que satisface sin ser pesado, ideal para comidas saludables diarias.<\/p>\n\n\n\n<p><strong>Bajo en calor\u00edas y sin gluten<\/strong><br>Esta taza de fideos konjac proporciona comodidad al estilo japon\u00e9s sin dejar de ser baja en calor\u00edas, baja en carbohidratos y sin gluten.<\/p>\n\n\n\n<p><strong>Apoyo a la gesti\u00f3n del peso<\/strong><br>Los fideos konjac ayudan a reducir la ingesta total de calor\u00edas manteniendo la saciedad y la satisfacci\u00f3n de las comidas.<\/p>\n\n\n\n<p><strong>Apto para diab\u00e9ticos<\/strong><br>Con un \u00edndice gluc\u00e9mico bajo, los fideos de konjac ayudan a minimizar los picos de az\u00facar en sangre, aptos para dietas aptas para diab\u00e9ticos.<\/p>\n\n\n\n<p><strong>Alta Saciedad<\/strong><br>Rico en fibra diet\u00e9tica soluble, el konjac favorece la saciedad y ayuda a reducir los antojos para una alimentaci\u00f3n sana a largo plazo.<\/p>\n\n\n\n<h2 class=\"wp-block-heading\">Opciones de OEM \/ Marca privada<\/h2>\n\n\n\n<p>Esta taza de fideos instant\u00e1neos de konjac con sabor a miso se ha desarrollado para programas OEM y de marca blanca, y ofrece soluciones flexibles de formulaci\u00f3n, equilibrio de sabores y envasado.<\/p>\n\n\n\n<p>Sabores personalizados (curry rojo, marinara, pesto, tom yum, kimchi, miso, etc.)<\/p>\n\n\n\n<p>Tama\u00f1o de taza personalizado y dise\u00f1o de embalaje<\/p>\n\n\n\n<p>Proporci\u00f3n de salsa personalizada y nivel de picante<\/p>\n\n\n\n<p>Formulaciones bajas en sodio o sin az\u00facar.<\/p>\n\n\n\n<p>Etiquetado multiling\u00fce y asistencia en materia de cumplimiento normativo<\/p>\n\n\n\n<p>\u00bfQuieres lanzar tu propio <strong>Fideos instant\u00e1neos saludables Konjac Cup Noodles<\/strong> \u00bfBajo tu marca?<br><a href=\"https:\/\/scmlkj.com\/es\/pongase-en-contacto-con\/\" data-type=\"link\" data-id=\"https:\/\/scmlkj.com\/contact\/\">P\u00f3ngase en contacto con <strong>Ma\u00f1ana del Este<\/strong><\/a> para <a href=\"https:\/\/scmlkj.com\/es\/fideos-instantaneos-de-konjac\/\">Personalizaci\u00f3n OEM<\/a>, <a href=\"https:\/\/scmlkj.com\/es\/solicitud-de-muestra-gratuita\/\">muestras<\/a>y precios al por mayor.<\/p>\n\n\n\n<p><\/p>","protected":false},"excerpt":{"rendered":"<p>Los fideos instant\u00e1neos Miso Konjac de Eastern Morning ofrecen un reconfortante caldo de miso rico en umami combinado con fideos konjac suaves y satisfactorios. Cada taza incluye 120 g de fideos konjac, 90 g de aut\u00e9ntica salsa de miso y 2 g de verduras, lo que ofrece una comida limpia y sin remordimientos que se adapta a los estilos de vida cetog\u00e9nicos, bajos en carbohidratos y veganos.<\/p>\n<ul>\n<li data-start=\"828\" data-end=\"905\">\n<p data-start=\"830\" data-end=\"905\"><strong data-start=\"830\" data-end=\"855\">Aut\u00e9ntico sabor a miso<\/strong> \u2013 Perfil umami tradicional de miso y algas (kunbu).<\/p>\n<\/li>\n<li data-start=\"906\" data-end=\"980\">\n<p data-start=\"908\" data-end=\"980\"><strong data-start=\"908\" data-end=\"934\">Bajo en carbohidratos \u00b7 Bajo en calor\u00edas<\/strong> \u2013 Disfruta de una comida caliente sin exceso de calor\u00edas.<\/p>\n<\/li>\n<li data-start=\"981\" data-end=\"1048\">\n<p data-start=\"983\" data-end=\"1048\"><strong data-start=\"983\" data-end=\"1000\">Apto para dietas cetog\u00e9nicas<\/strong> \u2013 Apto para dietas cetog\u00e9nicas y de bajo \u00edndice gluc\u00e9mico.<\/p>\n<\/li>\n<li data-start=\"1049\" data-end=\"1107\">\n<p data-start=\"1051\" data-end=\"1107\"><strong data-start=\"1051\" data-end=\"1066\">Sin gluten<\/strong> \u2013 Ideal para consumidores sensibles al gluten.<\/p>\n<\/li>\n<li data-start=\"1108\" data-end=\"1163\">\n<p data-start=\"1110\" data-end=\"1163\"><strong data-start=\"1110\" data-end=\"1128\">Kosher y Halal<\/strong> \u2013 Amplio cumplimiento internacional<\/p>\n<\/li>\n<li data-start=\"1164\" data-end=\"1234\">\n<p data-start=\"1166\" data-end=\"1234\"><strong data-start=\"1166\" data-end=\"1197\">Sin OGM \u00b7 Vegano a base de plantas<\/strong> \u2013 Ingredientes limpios y de origen vegetal.<\/p>\n<\/li>\n<li data-start=\"1235\" data-end=\"1297\">\n<p data-start=\"1237\" data-end=\"1297\"><strong data-start=\"1237\" data-end=\"1253\">R\u00e1pido y f\u00e1cil<\/strong> \u2013 Listo en minutos, perfecto para d\u00edas ajetreados.<\/p>\n<\/li>\n<li data-start=\"1298\" data-end=\"1359\">\n<p data-start=\"1300\" data-end=\"1359\"><strong data-start=\"1300\" data-end=\"1328\">Fideos Konjac sin olor<\/strong> \u2013 Sabor limpio, sin olor a konjac.<\/p>\n<\/li>\n<\/ul>","protected":false},"featured_media":2044,"comment_status":"open","ping_status":"closed","template":"","meta":[],"product_brand":[],"product_cat":[53],"product_tag":[],"class_list":{"0":"post-2051","1":"product","2":"type-product","3":"status-publish","4":"has-post-thumbnail","6":"product_cat-instant-konjac-noodles","8":"first","9":"instock","10":"shipping-taxable","11":"product-type-simple"},"_links":{"self":[{"href":"https:\/\/scmlkj.com\/es\/wp-json\/wp\/v2\/product\/2051","targetHints":{"allow":["GET"]}}],"collection":[{"href":"https:\/\/scmlkj.com\/es\/wp-json\/wp\/v2\/product"}],"about":[{"href":"https:\/\/scmlkj.com\/es\/wp-json\/wp\/v2\/types\/product"}],"replies":[{"embeddable":true,"href":"https:\/\/scmlkj.com\/es\/wp-json\/wp\/v2\/comments?post=2051"}],"wp:featuredmedia":[{"embeddable":true,"href":"https:\/\/scmlkj.com\/es\/wp-json\/wp\/v2\/media\/2044"}],"wp:attachment":[{"href":"https:\/\/scmlkj.com\/es\/wp-json\/wp\/v2\/media?parent=2051"}],"wp:term":[{"taxonomy":"product_brand","embeddable":true,"href":"https:\/\/scmlkj.com\/es\/wp-json\/wp\/v2\/product_brand?post=2051"},{"taxonomy":"product_cat","embeddable":true,"href":"https:\/\/scmlkj.com\/es\/wp-json\/wp\/v2\/product_cat?post=2051"},{"taxonomy":"product_tag","embeddable":true,"href":"https:\/\/scmlkj.com\/es\/wp-json\/wp\/v2\/product_tag?post=2051"}],"curies":[{"name":"wp","href":"https:\/\/api.w.org\/{rel}","templated":true}]}}