{"id":2060,"date":"2025-12-06T08:57:36","date_gmt":"2025-12-06T08:57:36","guid":{"rendered":"https:\/\/scmlkj.com\/?post_type=product&#038;p=2060"},"modified":"2026-04-12T07:27:41","modified_gmt":"2026-04-12T07:27:41","slug":"fideos-instantaneos-pesto-konjac","status":"publish","type":"product","link":"https:\/\/scmlkj.com\/es\/productos\/fideos-instantaneos-pesto-konjac\/","title":{"rendered":"Pesto Konjac Taza de fideos instant\u00e1neos"},"content":{"rendered":"<p><\/p>\n\n\n\n<h2 class=\"wp-block-heading\">Especificaciones del producto<\/h2>\n\n\n\n<figure class=\"wp-block-table\"><table class=\"has-fixed-layout\"><tbody><tr><td><strong>Art\u00edculo<\/strong><\/td><td><strong>Detalles<\/strong><\/td><\/tr><tr><td>Nombre del producto<\/td><td>Pesto Konjac Taza de fideos instant\u00e1neos<\/td><\/tr><tr><td>Tipo de producto<\/td><td>Fideos instant\u00e1neos Konjac Cup Noodles<\/td><\/tr><tr><td>Peso<\/td><td>90 g de salsa + 120 g de fideos konjac + 2 g de verduras<\/td><\/tr><tr><td>Sabor<\/td><td>Pesto de albahaca<\/td><\/tr><tr><td>Tipo de dieta<\/td><td>Ceto \u00b7 Bajo en carbohidratos \u00b7 Vegano<\/td><\/tr><tr><td>Vida \u00fatil<\/td><td>14 meses<\/td><\/tr><tr><td>Certificaciones<\/td><td>IFS, BRC, KOSHER, HALAL<\/td><\/tr><tr><td>Estado de los OMG<\/td><td>Sin OGM<\/td><\/tr><tr><td>Preparaci\u00f3n<\/td><td>R\u00e1pido y f\u00e1cil<\/td><\/tr><\/tbody><\/table><\/figure>\n\n\n\n<h2 class=\"wp-block-heading\">Ingredientes<\/h2>\n\n\n\n<p><strong>Salsa (90 g)<\/strong><\/p>\n\n\n\n<p>Agua, aceite vegetal, pur\u00e9\/polvo de albahaca, ajo, sal comestible, az\u00facar blanco granulado, extracto de levadura, cebolla en polvo, aroma de pi\u00f1ones (o alternativa sin frutos secos), \u00e1cido c\u00edtrico,<br>Potenciador del sabor <em>(5'-disodio nucle\u00f3tido)<\/em>, Esencia comestible.<\/p>\n\n\n\n<p><strong>Fideos Konjac (120 g)<\/strong><\/p>\n\n\n\n<p>Agua, polvo de konjac, \u00e1cido c\u00edtrico.<\/p>\n\n\n\n<p><strong>Verduras (2 g)<\/strong><\/p>\n\n\n\n<p>Cebolla, zanahoria.<\/p>\n\n\n\n<h2 class=\"wp-block-heading\">C\u00f3mo preparar (Instant Cup)<\/h2>\n\n\n\n<p>Abra la tapa y retire todos los sobres.<\/p>\n\n\n\n<p>A\u00f1adir los fideos konjac y las verduras secas en la taza.<\/p>\n\n\n\n<p>Vierta la salsa pesto.<\/p>\n\n\n\n<p>A\u00f1adir agua caliente hasta la l\u00ednea indicada (o calentar en el microondas durante 2-3 minutos).<\/p>\n\n\n\n<p>Remueve bien y disfruta de una arom\u00e1tica comida de fideos konjac al pesto de albahaca.<\/p>\n\n\n\n<h2 class=\"wp-block-heading\">Beneficios para la salud y funcionales<\/h2>\n\n\n\n<p><strong>Confort ligero al estilo mediterr\u00e1neo<\/strong><br>El pesto de albahaca ofrece un perfil de sabor fresco y arom\u00e1tico sin nata ni grasas pesadas, lo que lo convierte en un plato instant\u00e1neo m\u00e1s ligero al estilo occidental.<\/p>\n\n\n\n<p><strong>Apto para el control del peso<\/strong><br>Su f\u00f3rmula baja en calor\u00edas y carbohidratos favorece el control diario de las calor\u00edas manteniendo la satisfacci\u00f3n de las comidas.<\/p>\n\n\n\n<p><strong>Apto para diab\u00e9ticos<\/strong><br>Los fideos konjac tienen un \u00edndice gluc\u00e9mico bajo, lo que ayuda a minimizar los picos de az\u00facar en sangre en dietas aptas para diab\u00e9ticos.<\/p>\n\n\n\n<p><strong>Alta Saciedad<\/strong><br>Rico en fibra diet\u00e9tica soluble, el konjac favorece la saciedad, ayuda a reducir los antojos y favorece unos h\u00e1bitos alimentarios saludables a largo plazo.<\/p>\n\n\n\n<p><\/p>\n\n\n\n<h2 class=\"wp-block-heading\">Opciones de OEM \/ Marca privada<\/h2>\n\n\n\n<p>Esta taza de fideos instant\u00e1neos de konjac con sabor a pesto se ha desarrollado espec\u00edficamente para programas OEM y de marca blanca, ofreciendo una formulaci\u00f3n flexible, intensidad de salsa y opciones de envasado para diferentes mercados.<\/p>\n\n\n\n<p>Sabores personalizados (curry rojo, marinara, pesto, tom yum, kimchi, miso, etc.)<\/p>\n\n\n\n<p>Tama\u00f1o de taza personalizado y dise\u00f1o de embalaje<\/p>\n\n\n\n<p>Proporci\u00f3n de salsa personalizada y nivel de picante<\/p>\n\n\n\n<p>Formulaciones bajas en sodio o sin az\u00facar.<\/p>\n\n\n\n<p>Etiquetado multiling\u00fce y asistencia en materia de cumplimiento normativo<\/p>\n\n\n\n<p>\u00bfQuieres lanzar tu propio <strong>Fideos instant\u00e1neos saludables Konjac Cup Noodles<\/strong> \u00bfBajo tu marca?<br><a href=\"https:\/\/scmlkj.com\/es\/pongase-en-contacto-con\/\" data-type=\"link\" data-id=\"https:\/\/scmlkj.com\/contact\/\">P\u00f3ngase en contacto con <strong>Ma\u00f1ana del Este<\/strong><\/a> para personalizaci\u00f3n OEM, <a href=\"https:\/\/scmlkj.com\/es\/solicitud-de-muestra-gratuita\/\">muestras<\/a>y precios al por mayor.<\/p>\n\n\n\n<p><\/p>","protected":false},"excerpt":{"rendered":"<p>La taza de fideos instant\u00e1neos Pesto Konjac de Eastern Morning combina el sabor fresco y arom\u00e1tico del pesto de albahaca con fideos konjac suaves y sin olor. Cada taza ofrece un satisfactorio perfil de sabor de estilo occidental, sin dejar de ser baja en carbohidratos, baja en calor\u00edas y basada en plantas, perfecta para los consumidores que buscan una comida instant\u00e1nea saludable pero indulgente.<\/p>\n<ul>\n<li data-start=\"882\" data-end=\"965\">\n<p data-start=\"884\" data-end=\"965\"><strong data-start=\"884\" data-end=\"914\">Sabor cl\u00e1sico a pesto de albahaca<\/strong> - Sabor mediterr\u00e1neo fresco, herb\u00e1ceo y arom\u00e1tico<\/p>\n<\/li>\n<li data-start=\"966\" data-end=\"1039\">\n<p data-start=\"968\" data-end=\"1039\"><strong data-start=\"968\" data-end=\"994\">Bajo en carbohidratos \u00b7 Bajo en calor\u00edas<\/strong> - Disfrute de un rico sabor sin muchas calor\u00edas<\/p>\n<\/li>\n<li data-start=\"1040\" data-end=\"1104\">\n<p data-start=\"1042\" data-end=\"1104\"><strong data-start=\"1042\" data-end=\"1059\">Apto para dietas cetog\u00e9nicas<\/strong> - Ideal para dietas cetog\u00e9nicas y de bajo \u00edndice gluc\u00e9mico<\/p>\n<\/li>\n<li data-start=\"1105\" data-end=\"1166\">\n<p data-start=\"1107\" data-end=\"1166\"><strong data-start=\"1107\" data-end=\"1122\">Sin gluten<\/strong> \u2013 Apto para consumidores sensibles al gluten.<\/p>\n<\/li>\n<li data-start=\"1167\" data-end=\"1222\">\n<p data-start=\"1169\" data-end=\"1222\"><strong data-start=\"1169\" data-end=\"1187\">Kosher y Halal<\/strong> \u2013 Preparado para el cumplimiento normativo internacional.<\/p>\n<\/li>\n<li data-start=\"1223\" data-end=\"1291\">\n<p data-start=\"1225\" data-end=\"1291\"><strong data-start=\"1225\" data-end=\"1256\">Sin OGM \u00b7 Vegano a base de plantas<\/strong> - Ingredientes limpios y vegetales<\/p>\n<\/li>\n<li data-start=\"1292\" data-end=\"1351\">\n<p data-start=\"1294\" data-end=\"1351\"><strong data-start=\"1294\" data-end=\"1310\">R\u00e1pido y f\u00e1cil<\/strong> - Listo en minutos para un estilo de vida ajetreado<\/p>\n<\/li>\n<li data-start=\"1352\" data-end=\"1421\">\n<p data-start=\"1354\" data-end=\"1421\"><strong data-start=\"1354\" data-end=\"1382\">Fideos Konjac sin olor<\/strong> \u2013 Sabor limpio, textura suave de los fideos.<\/p>\n<\/li>\n<\/ul>","protected":false},"featured_media":2045,"comment_status":"open","ping_status":"closed","template":"","meta":[],"product_brand":[],"product_cat":[53],"product_tag":[],"class_list":{"0":"post-2060","1":"product","2":"type-product","3":"status-publish","4":"has-post-thumbnail","6":"product_cat-instant-konjac-noodles","8":"first","9":"instock","10":"shipping-taxable","11":"product-type-simple"},"_links":{"self":[{"href":"https:\/\/scmlkj.com\/es\/wp-json\/wp\/v2\/product\/2060","targetHints":{"allow":["GET"]}}],"collection":[{"href":"https:\/\/scmlkj.com\/es\/wp-json\/wp\/v2\/product"}],"about":[{"href":"https:\/\/scmlkj.com\/es\/wp-json\/wp\/v2\/types\/product"}],"replies":[{"embeddable":true,"href":"https:\/\/scmlkj.com\/es\/wp-json\/wp\/v2\/comments?post=2060"}],"wp:featuredmedia":[{"embeddable":true,"href":"https:\/\/scmlkj.com\/es\/wp-json\/wp\/v2\/media\/2045"}],"wp:attachment":[{"href":"https:\/\/scmlkj.com\/es\/wp-json\/wp\/v2\/media?parent=2060"}],"wp:term":[{"taxonomy":"product_brand","embeddable":true,"href":"https:\/\/scmlkj.com\/es\/wp-json\/wp\/v2\/product_brand?post=2060"},{"taxonomy":"product_cat","embeddable":true,"href":"https:\/\/scmlkj.com\/es\/wp-json\/wp\/v2\/product_cat?post=2060"},{"taxonomy":"product_tag","embeddable":true,"href":"https:\/\/scmlkj.com\/es\/wp-json\/wp\/v2\/product_tag?post=2060"}],"curies":[{"name":"wp","href":"https:\/\/api.w.org\/{rel}","templated":true}]}}