{"id":2063,"date":"2025-12-06T08:59:41","date_gmt":"2025-12-06T08:59:41","guid":{"rendered":"https:\/\/scmlkj.com\/?post_type=product&#038;p=2063"},"modified":"2026-04-12T07:27:01","modified_gmt":"2026-04-12T07:27:01","slug":"fideos-instantaneos-marinara-konjac-en-taza","status":"publish","type":"product","link":"https:\/\/scmlkj.com\/es\/productos\/fideos-instantaneos-marinara-konjac-en-taza\/","title":{"rendered":"Tallarines instant\u00e1neos Marinara Konjac"},"content":{"rendered":"<p><\/p>\n\n\n\n<h2 class=\"wp-block-heading\">Especificaciones del producto<\/h2>\n\n\n\n<figure class=\"wp-block-table\"><table class=\"has-fixed-layout\"><tbody><tr><td><strong>Art\u00edculo<\/strong><\/td><td><strong>Detalles<\/strong><\/td><\/tr><tr><td>Nombre del producto<\/td><td>Tallarines instant\u00e1neos Marinara Konjac<\/td><\/tr><tr><td>Tipo de producto<\/td><td>Fideos instant\u00e1neos Konjac Cup Noodles<\/td><\/tr><tr><td>Peso<\/td><td>90 g de salsa + 120 g de fideos konjac + 2 g de verduras<\/td><\/tr><tr><td>Sabor<\/td><td>Marinara (tomate)<\/td><\/tr><tr><td>Tipo de dieta<\/td><td>Ceto \u00b7 Bajo en carbohidratos \u00b7 Vegano<\/td><\/tr><tr><td>Vida \u00fatil<\/td><td>14 meses<\/td><\/tr><tr><td>Certificaciones<\/td><td>IFS, BRC, KOSHER, HALAL<\/td><\/tr><tr><td>Estado de los OMG<\/td><td>Sin OGM<\/td><\/tr><tr><td>Preparaci\u00f3n<\/td><td>R\u00e1pido y f\u00e1cil<\/td><\/tr><\/tbody><\/table><\/figure>\n\n\n\n<h2 class=\"wp-block-heading\">Ingredientes<\/h2>\n\n\n\n<p><strong>Salsa (90 g)<\/strong><\/p>\n\n\n\n<p>Agua, pasta de tomate\/salsa de tomate, aceite vegetal, cebolla, ajo, sal comestible, az\u00facar blanco granulado, extracto de levadura, hierbas arom\u00e1ticas. <em>(albahaca, or\u00e9gano)<\/em>, Pimienta negra,<br>\u00c1cido c\u00edtrico, potenciador del sabor <em>(5'-disodio nucle\u00f3tido)<\/em>, Esencia comestible.<\/p>\n\n\n\n<p><strong>Fideos Konjac (120 g)<\/strong><\/p>\n\n\n\n<p>Agua, polvo de konjac, \u00e1cido c\u00edtrico.<\/p>\n\n\n\n<p><strong>Verduras (2 g)<\/strong><\/p>\n\n\n\n<p>Cebolla, zanahoria.<\/p>\n\n\n\n<h2 class=\"wp-block-heading\">C\u00f3mo preparar (Instant Cup)<\/h2>\n\n\n\n<p>Abra la tapa y retire todos los sobres.<\/p>\n\n\n\n<p>A\u00f1adir los fideos konjac y las verduras secas en la taza.<\/p>\n\n\n\n<p>Vierta la salsa marinara.<\/p>\n\n\n\n<p>A\u00f1adir agua caliente hasta la l\u00ednea indicada (o calentar en el microondas durante 2-3 minutos).<\/p>\n\n\n\n<p>Remueve bien y disfruta de tus fideos konjac a la italiana.<\/p>\n\n\n\n<h2 class=\"wp-block-heading\">Beneficios para la salud y funcionales<\/h2>\n\n\n\n<p><strong>Confort italiano ligero<\/strong><br>La salsa marinara a base de tomate proporciona un rico sabor sin nata espesa ni queso, creando una comida instant\u00e1nea m\u00e1s ligera y equilibrada.<\/p>\n\n\n\n<p><strong>Bajo en calor\u00edas y sin gluten<\/strong><br>Dise\u00f1ada para dietas modernas, esta taza de fideos de konjac ofrece comodidad al estilo italiano sin dejar de ser baja en calor\u00edas, baja en carbohidratos y sin gluten.<\/p>\n\n\n\n<p><strong>Apoyo a la gesti\u00f3n del peso<\/strong><br>Los fideos konjac ayudan a reducir la ingesta total de calor\u00edas sin dejar de proporcionar una comida saciante y satisfactoria.<\/p>\n\n\n\n<p><strong>Apto para diab\u00e9ticos<\/strong><br>Con un \u00edndice gluc\u00e9mico bajo, los fideos de konjac ayudan a minimizar los picos de az\u00facar en sangre, aptos para dietas aptas para diab\u00e9ticos.<\/p>\n\n\n\n<p><strong>Alta Saciedad<\/strong><br>Rico en fibra diet\u00e9tica soluble, el konjac favorece la sensaci\u00f3n de saciedad y ayuda a reducir los antojos, favoreciendo unos h\u00e1bitos alimentarios saludables a largo plazo.<\/p>\n\n\n\n<p><\/p>\n\n\n\n<h2 class=\"wp-block-heading\">Opciones de OEM \/ Marca privada<\/h2>\n\n\n\n<p>Esta taza de fideos instant\u00e1neos de konjac con sabor a marinera se ha desarrollado para programas OEM y de marca blanca, y ofrece opciones flexibles de formulaci\u00f3n, intensidad de sabor y envasado.<\/p>\n\n\n\n<p>Sabores personalizados (curry rojo, marinara, pesto, tom yum, kimchi, miso, etc.)<\/p>\n\n\n\n<p>Tama\u00f1o de taza personalizado y dise\u00f1o de embalaje<\/p>\n\n\n\n<p>Proporci\u00f3n de salsa personalizada y nivel de picante<\/p>\n\n\n\n<p>Formulaciones bajas en sodio o sin az\u00facar.<\/p>\n\n\n\n<p>Etiquetado multiling\u00fce y asistencia en materia de cumplimiento normativo<\/p>\n\n\n\n<p>\u00bfQuieres lanzar tu propio <strong>Fideos instant\u00e1neos saludables Konjac Cup Noodles<\/strong> \u00bfBajo tu marca?<br><a href=\"https:\/\/scmlkj.com\/es\/pongase-en-contacto-con\/\" data-type=\"link\" data-id=\"https:\/\/scmlkj.com\/contact\/\">P\u00f3ngase en contacto con <strong>Ma\u00f1ana del Este<\/strong><\/a> para personalizaci\u00f3n OEM, <a href=\"https:\/\/scmlkj.com\/es\/solicitud-de-muestra-gratuita\/\">muestras<\/a>y precios al por mayor.<\/p>\n\n\n\n<p><\/p>","protected":false},"excerpt":{"rendered":"<p>Los fideos instant\u00e1neos Marinara Konjac de Eastern Morning combinan una cl\u00e1sica salsa marinara italiana con fideos konjac suaves y sin olor. Con un intenso sabor a tomate, pero ligeros y refrescantes, estos fideos instant\u00e1neos ofrecen una satisfactoria comida de estilo occidental, a la vez que son bajos en carbohidratos, bajos en calor\u00edas y de origen vegetal, perfectos para un estilo de vida saludable y los mercados globales.<\/p>\n<ul>\n<li data-start=\"940\" data-end=\"1015\">\n<p data-start=\"942\" data-end=\"1015\"><strong data-start=\"942\" data-end=\"969\">Sabor cl\u00e1sico a marinara<\/strong> \u2013 Con sabor a tomate, sabroso y bien equilibrado.<\/p>\n<\/li>\n<li data-start=\"1016\" data-end=\"1089\">\n<p data-start=\"1018\" data-end=\"1089\"><strong data-start=\"1018\" data-end=\"1044\">Bajo en carbohidratos \u00b7 Bajo en calor\u00edas<\/strong> \u2013 Disfruta de la reconfortante comida italiana sin remordimientos.<\/p>\n<\/li>\n<li data-start=\"1090\" data-end=\"1157\">\n<p data-start=\"1092\" data-end=\"1157\"><strong data-start=\"1092\" data-end=\"1109\">Apto para dietas cetog\u00e9nicas<\/strong> \u2013 Apto para dietas cetog\u00e9nicas y de bajo \u00edndice gluc\u00e9mico.<\/p>\n<\/li>\n<li data-start=\"1158\" data-end=\"1216\">\n<p data-start=\"1160\" data-end=\"1216\"><strong data-start=\"1160\" data-end=\"1175\">Sin gluten<\/strong> \u2013 Ideal para consumidores sensibles al gluten.<\/p>\n<\/li>\n<li data-start=\"1217\" data-end=\"1272\">\n<p data-start=\"1219\" data-end=\"1272\"><strong data-start=\"1219\" data-end=\"1237\">Kosher y Halal<\/strong> \u2013 Preparado para el cumplimiento normativo internacional.<\/p>\n<\/li>\n<li data-start=\"1273\" data-end=\"1341\">\n<p data-start=\"1275\" data-end=\"1341\"><strong data-start=\"1275\" data-end=\"1306\">Sin OGM \u00b7 Vegano a base de plantas<\/strong> \u2013 F\u00f3rmula limpia, a base de plantas.<\/p>\n<\/li>\n<li data-start=\"1342\" data-end=\"1400\">\n<p data-start=\"1344\" data-end=\"1400\"><strong data-start=\"1344\" data-end=\"1360\">R\u00e1pido y f\u00e1cil<\/strong> \u2013 Listo en minutos para agendas apretadas.<\/p>\n<\/li>\n<li data-start=\"1401\" data-end=\"1470\">\n<p data-start=\"1403\" data-end=\"1470\"><strong data-start=\"1403\" data-end=\"1431\">Fideos Konjac sin olor<\/strong> \u2013 Sabor limpio, textura suave de los fideos.<\/p>\n<\/li>\n<\/ul>","protected":false},"featured_media":2043,"comment_status":"open","ping_status":"closed","template":"","meta":[],"product_brand":[],"product_cat":[53],"product_tag":[],"class_list":{"0":"post-2063","1":"product","2":"type-product","3":"status-publish","4":"has-post-thumbnail","6":"product_cat-instant-konjac-noodles","8":"first","9":"instock","10":"shipping-taxable","11":"product-type-simple"},"_links":{"self":[{"href":"https:\/\/scmlkj.com\/es\/wp-json\/wp\/v2\/product\/2063","targetHints":{"allow":["GET"]}}],"collection":[{"href":"https:\/\/scmlkj.com\/es\/wp-json\/wp\/v2\/product"}],"about":[{"href":"https:\/\/scmlkj.com\/es\/wp-json\/wp\/v2\/types\/product"}],"replies":[{"embeddable":true,"href":"https:\/\/scmlkj.com\/es\/wp-json\/wp\/v2\/comments?post=2063"}],"wp:featuredmedia":[{"embeddable":true,"href":"https:\/\/scmlkj.com\/es\/wp-json\/wp\/v2\/media\/2043"}],"wp:attachment":[{"href":"https:\/\/scmlkj.com\/es\/wp-json\/wp\/v2\/media?parent=2063"}],"wp:term":[{"taxonomy":"product_brand","embeddable":true,"href":"https:\/\/scmlkj.com\/es\/wp-json\/wp\/v2\/product_brand?post=2063"},{"taxonomy":"product_cat","embeddable":true,"href":"https:\/\/scmlkj.com\/es\/wp-json\/wp\/v2\/product_cat?post=2063"},{"taxonomy":"product_tag","embeddable":true,"href":"https:\/\/scmlkj.com\/es\/wp-json\/wp\/v2\/product_tag?post=2063"}],"curies":[{"name":"wp","href":"https:\/\/api.w.org\/{rel}","templated":true}]}}